{"id":438,"date":"2024-03-29T16:07:02","date_gmt":"2024-03-29T15:07:02","guid":{"rendered":"http:\/\/www.centro-cee.com\/fitness\/?post_type=product&#038;p=438"},"modified":"2024-05-29T15:59:03","modified_gmt":"2024-05-29T13:59:03","slug":"monitor-a-de-culturismo","status":"publish","type":"product","link":"https:\/\/www.centro-cee.com\/fitness\/producto\/monitor-a-de-culturismo\/","title":{"rendered":"Monitor\/a de Culturismo"},"content":{"rendered":"<hr \/>\n<h4 class=\"tituloTema\">1. ANATOM\u00cdA DEL CUERPO HUMANO<\/h4>\n<ol>\n<li>Introducci\u00f3n a la anatom\u00eda<\/li>\n<li>Sistema \u00f3seo: aparato locomotor y el movimiento<\/li>\n<li>&#8211; Los huesos<\/li>\n<li>&#8211; Cr\u00e1neo y la cara<\/li>\n<li>&#8211; Columna vertebral<\/li>\n<li>&#8211; Tronco<\/li>\n<li>&#8211; Extremidades<\/li>\n<li>&#8211; Esqueleto apendicular<\/li>\n<li>&#8211; Cart\u00edlagos<\/li>\n<li>&#8211; Articulaciones y movimiento<\/li>\n<li>&#8211; Los ligamentos<\/li>\n<li>El sistema muscular<\/li>\n<li>&#8211; Tejido muscular<\/li>\n<li>&#8211; Caracter\u00edsticas del tejido muscular<\/li>\n<li>&#8211; Clasificaci\u00f3n muscular<\/li>\n<li>&#8211; Principales grupos musculares, localizaci\u00f3n y funci\u00f3n<\/li>\n<li>&#8211; Acciones musculares<\/li>\n<li>El M\u00fasculo Esquel\u00e9tico<\/li>\n<li>&#8211; Vascularizaci\u00f3n del m\u00fasculo esquel\u00e9tico<\/li>\n<li>&#8211; Inervaci\u00f3n del m\u00fasculo esquel\u00e9tico<\/li>\n<li>&#8211; Funciones del m\u00fasculo esquel\u00e9tico<\/li>\n<li>Uniones musculares<\/li>\n<\/ol>\n<h4 class=\"tituloTema\">2. FISIOLOG\u00cdA, SISTEMAS ENERG\u00c9TICOS Y METABOLISMO<\/h4>\n<ol>\n<li>Fisiolog\u00eda muscular y sistemas energ\u00e9ticos<\/li>\n<li>&#8211; Sistema energ\u00e9tico: ATP<\/li>\n<li>Tipos de fuentes energ\u00e9ticas<\/li>\n<li>&#8211; Sistema anaer\u00f3bico al\u00e1ctico o sistema de fosf\u00e1geno<\/li>\n<li>&#8211; Sistema anaer\u00f3bico l\u00e1ctico o gluc\u00f3lisis anaer\u00f3bica<\/li>\n<li>&#8211; Sistema aer\u00f3bico<\/li>\n<li>Sistemas y aparatos del cuerpo humano<\/li>\n<li>&#8211; Sistema respiratorio<\/li>\n<li>&#8211; Sistema cardiovascular<\/li>\n<li>&#8211; Sistema digestivo<\/li>\n<li>&#8211; Aparato renal<\/li>\n<li>&#8211; Sistema endocrino<\/li>\n<li>&#8211; Sistema nervioso<\/li>\n<li>La contracci\u00f3n muscular<\/li>\n<li>&#8211; Caracter\u00edsticas de la unidad motora<\/li>\n<li>&#8211; Mecanismo de transmisi\u00f3n neuromuscular del impulso nervioso<\/li>\n<li>&#8211; Mecanismo de contracci\u00f3n muscular<\/li>\n<li>&#8211; Relajaci\u00f3n muscular<\/li>\n<li>&#8211; Desarrollo gradual de la fuerza de contracci\u00f3n<\/li>\n<li>Metabolismo energ\u00e9tico durante el ejercicio. La fatiga<\/li>\n<li>&#8211; Fuerza, potencia, rendimiento y recuperaci\u00f3n del gluc\u00f3geno muscular<\/li>\n<li>&#8211; La fatiga<\/li>\n<\/ol>\n<h4 class=\"tituloTema\">3. PSICOLOG\u00cdA EN EL DEPORTE Y SU ENTRENAMIENTO<\/h4>\n<ol>\n<li>Necesidades psicol\u00f3gicas en el deporte<\/li>\n<li>La finalidad de la intervenci\u00f3n psicol\u00f3gica<\/li>\n<li>Variables, habilidades y t\u00e9cnicas psicol\u00f3gicas<\/li>\n<li>Entrenamiento de habilidades psicol\u00f3gicas<\/li>\n<li>Tipos de intervenci\u00f3n psicol\u00f3gica<\/li>\n<li>El papel de la Psicolog\u00eda<\/li>\n<li>Participaci\u00f3n de los deportistas en la preparaci\u00f3n psicol\u00f3gica<\/li>\n<li>Componentes generales de un programa de preparaci\u00f3n psicol\u00f3gica<\/li>\n<li>Principios significativos para la planificaci\u00f3n del entrenamiento psicol\u00f3gico<\/li>\n<li>Planificaci\u00f3n del entrenamiento psicol\u00f3gico<\/li>\n<li>Dise\u00f1o de programas de entrenamiento psicol\u00f3gico<\/li>\n<\/ol>\n<h4 class=\"tituloTema\">4. DIET\u00c9TICA Y NUTRICI\u00d3N APLICADA AL CULTURISMO<\/h4>\n<ol>\n<li>Nutrici\u00f3n deportiva<\/li>\n<li>Hidratos de carbono<\/li>\n<li>&#8211; Monosac\u00e1ridos<\/li>\n<li>&#8211; Oligosac\u00e1ridos<\/li>\n<li>&#8211; Polisac\u00e1ridos<\/li>\n<li>L\u00edpidos o grasas<\/li>\n<li>Prote\u00ednas<\/li>\n<li>&#8211; Clasificaci\u00f3n de las prote\u00ednas<\/li>\n<li>&#8211; Funciones de las prote\u00ednas<\/li>\n<li>&#8211; Amino\u00e1cidos<\/li>\n<li>Hidrataci\u00f3n<\/li>\n<li>&#8211; Deshidrataci\u00f3n<\/li>\n<li>Minerales<\/li>\n<li>Vitaminas<\/li>\n<li>&#8211; Vitaminas hidrosolubles<\/li>\n<li>&#8211; Vitaminas liposolubles<\/li>\n<li>Suplementos deportivos<\/li>\n<li>&#8211; Suplementos de prote\u00ednas<\/li>\n<li>&#8211; Amino\u00e1cidos ramificados: leucina, isoleucina, valina<\/li>\n<li>&#8211; Glutamina<\/li>\n<li>&#8211; Arginina<\/li>\n<li>&#8211; Carnitina<\/li>\n<li>&#8211; HMB: \u00df-hidroxi-\u00df-metilbutirato<\/li>\n<li>&#8211; Creatina<\/li>\n<li>&#8211; Otros<\/li>\n<li>Consideraciones generales de las dietas hiperproteicas<\/li>\n<li>Nutrici\u00f3n pre y post entrenamiento<\/li>\n<li>&#8211; Nutrici\u00f3n pre entrenamiento<\/li>\n<li>&#8211; Nutrici\u00f3n post entrenamiento<\/li>\n<li>Ejemplos de dietas para culturistas<\/li>\n<li>&#8211; Ejemplo de una dieta para volumen<\/li>\n<li>&#8211; Ejemplo de una dieta para definici\u00f3n<\/li>\n<\/ol>\n<h4 class=\"tituloTema\">5. EL DOPAJE EN EL DEPORTE<\/h4>\n<ol>\n<li>Dopaje<\/li>\n<li>&#8211; Definici\u00f3n<\/li>\n<li>&#8211; Sustancias prohibidas por el Comit\u00e9 Ol\u00edmpico Internacional<\/li>\n<li>&#8211; Motivos de la lucha antidopaje<\/li>\n<li>&#8211; Historia del dopaje y la relaci\u00f3n del mismo con las drogodependencias<\/li>\n<li>Sustancias y m\u00e9todos de dopaje<\/li>\n<li>&#8211; Las sustancias dopantes. Sus metabolitos. Sus precursores<\/li>\n<li>&#8211; Los m\u00e9todos de dopaje<\/li>\n<li>Organizaci\u00f3n de los controles de dopaje<\/li>\n<li>Recogida y extracci\u00f3n de muestras<\/li>\n<li>&#8211; Derechos y deberes de los agentes de control de dopaje: Notificaci\u00f3n a los deportistas<\/li>\n<li>&#8211; Preparaci\u00f3n y realizaci\u00f3n de los procesos de toma de muestras<\/li>\n<li>&#8211; Directrices para realizar el proceso de recogida de muestras de orina en un control del dopaje<\/li>\n<li>&#8211; Directrices para realizar el proceso de recogida de muestras de sangre en un control del dopaje<\/li>\n<li>&#8211; Responsabilidades de los escoltas durante los procesos de control y seguridad y procesos tras la toma de muestras<\/li>\n<li>Laboratorio de control de dopaje del CSD<\/li>\n<li>Procedimientos disciplinarios<\/li>\n<li>&#8211; Sanciones<\/li>\n<li>Normativa antidopaje internacional<\/li>\n<li>&#8211; La Agencia Mundial Antidopaje<\/li>\n<li>&#8211; El Comit\u00e9 Ol\u00edmpico Internacional<\/li>\n<li>&#8211; Las federaciones deportivas internacionales<\/li>\n<li>&#8211; El c\u00f3digo mundial antidopaje<\/li>\n<li>M\u00d3DULO 2. BASES DEL ENTRENAMIENTO<\/li>\n<\/ol>\n<h4 class=\"tituloTema\">6. TEOR\u00cdA DEL ENTRENAMIENTO DEPORTIVO<\/h4>\n<ol>\n<li>Introducci\u00f3n al entrenamiento deportivo<\/li>\n<li>Objetivos del entrenamiento deportivo<\/li>\n<li>Mecanismos de adaptaci\u00f3n al entrenamiento<\/li>\n<li>&#8211; Ley de Schultz-Arnodt<\/li>\n<li>&#8211; Principio de la supercompensaci\u00f3n<\/li>\n<li>&#8211; Teor\u00eda del estr\u00e9s de Selye<\/li>\n<li>Carga de entrenamiento y sus variables<\/li>\n<li>&#8211; Magnitud de la carga<\/li>\n<li>&#8211; Tendencia de la carga<\/li>\n<li>&#8211; Naturaleza de la carga<\/li>\n<li>&#8211; Complejidad de la carga<\/li>\n<li>&#8211; Organizaci\u00f3n de la carga<\/li>\n<li>Fundamentos generales referidos a los principios del entrenamiento deportivo<\/li>\n<li>&#8211; Principios de la carga para producir efectos de adaptaci\u00f3n<\/li>\n<li>&#8211; Principios de la organizaci\u00f3n c\u00edclica para garantizar la adaptaci\u00f3n<\/li>\n<li>&#8211; Principios de especializaci\u00f3n para hacer espec\u00edfico el entrenamiento<\/li>\n<li>&#8211; Principios de proporcionalizaci\u00f3n<\/li>\n<li>Capacidades f\u00edsicas b\u00e1sicas<\/li>\n<li>&#8211; Resistencia: aer\u00f3bica &#8211; anaer\u00f3bica<\/li>\n<li>&#8211; Fuerza: fuerza m\u00e1xima &#8211; fuerza explosiva &#8211; potencia &#8211; fuerza resistencia<\/li>\n<li>&#8211; Flexibilidad: movilidad articular &#8211; elasticidad muscular &#8211; amplitud de movimiento<\/li>\n<li>&#8211; Velocidad: velocidad de desplazamiento &#8211; velocidad explosiva, rapidez segmentaria<\/li>\n<li>Efecto del entrenamiento<\/li>\n<li>Efecto residual de entrenamiento<\/li>\n<li>El desentrenamiento<\/li>\n<\/ol>\n<h4 class=\"tituloTema\">UNIDAD DID\u00c1CTICA 7. LA FUERZA<\/h4>\n<ol>\n<li>Introducci\u00f3n a la fuerza<\/li>\n<li>&#8211; Concepto de fuerza<\/li>\n<li>Manifestaciones de la fuerza<\/li>\n<li>&#8211; Manifestaci\u00f3n activa<\/li>\n<li>&#8211; Manifestaci\u00f3n reactiva<\/li>\n<li>&#8211; Resistencia a la fuerza<\/li>\n<li>Tipos de contracci\u00f3n muscular<\/li>\n<li>Factores determinantes de la fuerza muscular<\/li>\n<\/ol>\n<h4 class=\"tituloTema\">8. ACONDICIONAMIENTO Y EJERCICIOS PARA EL CULTURISTA<\/h4>\n<ol>\n<li>Gimnasia de musculaci\u00f3n. Equipo b\u00e1sico<\/li>\n<li>&#8211; Barras<\/li>\n<li>&#8211; Mancuernas<\/li>\n<li>&#8211; Soportes y jaulas<\/li>\n<li>&#8211; M\u00e1quinas<\/li>\n<li>&#8211; Bancos<\/li>\n<li>Terminolog\u00eda de la musculaci\u00f3n<\/li>\n<li>&#8211; Horario \u00f3ptimo<\/li>\n<li>&#8211; La importancia de la respiraci\u00f3n<\/li>\n<li>Ejercicios de musculaci\u00f3n<\/li>\n<li>&#8211; Pectorales<\/li>\n<li>&#8211; Dorsales<\/li>\n<li>&#8211; Oblicuos<\/li>\n<li>&#8211; Hombros<\/li>\n<li>&#8211; B\u00edceps<\/li>\n<li>&#8211; Tr\u00edceps<\/li>\n<li>&#8211; Abdominales<\/li>\n<li>&#8211; Antebrazos<\/li>\n<li>&#8211; Piernas<\/li>\n<\/ol>\n<h4 class=\"tituloTema\">9. METODOLOG\u00cdA Y T\u00c9CNICAS B\u00c1SICAS DE ENTRENAMIENTO<\/h4>\n<ol>\n<li>Ejercicios de musculaci\u00f3n<\/li>\n<li>T\u00e9cnicas y m\u00e9todos de entrenamiento en culturismo<\/li>\n<li>&#8211; T\u00e9cnicas b\u00e1sicas de entrenamiento<\/li>\n<li>&#8211; M\u00e9todos de entrenamiento en culturismo<\/li>\n<li>&#8211; Adaptaciones al entrenamiento con cargas<\/li>\n<li>Programaci\u00f3n del entrenamiento<\/li>\n<li>Kinesiolog\u00eda<\/li>\n<li>Intensidad. Conceptos culturistas<\/li>\n<li>&#8211; Principios del entrenamiento de intensidad<\/li>\n<li>Entrenamiento para mujeres<\/li>\n<\/ol>\n<h4 class=\"tituloTema\">10. LESIONES DEPORTIVAS: RECUPERACI\u00d3N Y PREVENCI\u00d3N<\/h4>\n<ol>\n<li>Concepto de lesi\u00f3n deportiva y su relevancia<\/li>\n<li>Lesiones deportivas m\u00e1s frecuentes<\/li>\n<li>&#8211; Lesiones musculares<\/li>\n<li>&#8211; Lesiones en los tendones<\/li>\n<li>&#8211; Lesiones articulares<\/li>\n<li>&#8211; Lesiones \u00f3seas<\/li>\n<li>Causas de las lesiones deportivas<\/li>\n<li>Fases de la lesi\u00f3n deportiva<\/li>\n<li>Factores que influyen en la lesi\u00f3n y curaci\u00f3n<\/li>\n<li>&#8211; Factores predisponentes para sufrir una lesi\u00f3n deportiva<\/li>\n<li>&#8211; Factores que intervienen en el proceso de curaci\u00f3n<\/li>\n<li>Prevenci\u00f3n de la lesi\u00f3n deportiva<\/li>\n<li>Reconocimiento m\u00e9dico previo<\/li>\n<li>Psicolog\u00eda de la lesi\u00f3n deportiva<\/li>\n<li>Tratamiento de las lesiones en la pr\u00e1ctica deportiva<\/li>\n<li>&#8211; Fases de tratamiento de recuperaci\u00f3n de la lesi\u00f3n<\/li>\n<li>&#8211; Fases de la Reeducaci\u00f3n Funcional del Deportista<\/li>\n<li>T\u00e9cnicas utilizadas en la prevenci\u00f3n y tratamiento de lesiones<\/li>\n<\/ol>\n<h4 class=\"tituloTema\">11. PRIMEROS AUXILIOS<\/h4>\n<ol>\n<li>Introducci\u00f3n a los primeros auxilios<\/li>\n<li>&#8211; Principios b\u00e1sicos de actuaci\u00f3n en primeros auxilios<\/li>\n<li>&#8211; La respiraci\u00f3n<\/li>\n<li>&#8211; El pulso<\/li>\n<li>Actuaciones en primeros auxilios<\/li>\n<li>&#8211; Ahogamiento<\/li>\n<li>&#8211; Las p\u00e9rdidas de consciencia<\/li>\n<li>&#8211; Las crisis card\u00edacas<\/li>\n<li>&#8211; Hemorragias<\/li>\n<li>&#8211; Las heridas<\/li>\n<li>&#8211; Las fracturas y luxaciones<\/li>\n<li>&#8211; Las quemaduras<\/li>\n<li>Normas generales para la realizaci\u00f3n de vendajes<\/li>\n<li>Maniobras de resucitaci\u00f3n cardiopulmonar<\/li>\n<li>&#8211; Ventilaci\u00f3n manual<\/li>\n<li>&#8211; Masaje card\u00edaco externo<\/li>\n<\/ol>\n","protected":false},"excerpt":{"rendered":"<p>Se estudia una amplia gama de temas relacionados con la musculaci\u00f3n y el desarrollo f\u00edsico. Esto incluye el estudio de la anatom\u00eda muscular y los principios del entrenamiento de fuerza, as\u00ed como la biomec\u00e1nica aplicada a la ejecuci\u00f3n de ejercicios espec\u00edficos. Se analizan diferentes m\u00e9todos de entrenamiento, como la hipertrofia muscular, la fuerza m\u00e1xima y la resistencia, y c\u00f3mo aplicarlos de manera efectiva en la pr\u00e1ctica.<\/p>\n<p>Los participantes aprenden sobre nutrici\u00f3n deportiva y suplementaci\u00f3n para optimizar el crecimiento muscular y mejorar el rendimiento. Se exploran estrategias de planificaci\u00f3n de entrenamiento, incluyendo la periodizaci\u00f3n y la elaboraci\u00f3n de programas personalizados para diferentes objetivos y niveles de experiencia. Adem\u00e1s, se abordan aspectos relacionados con la seguridad en el gimnasio y la prevenci\u00f3n de lesiones durante la pr\u00e1ctica de culturismo.<\/p>\n","protected":false},"featured_media":439,"comment_status":"closed","ping_status":"closed","template":"","meta":[],"product_brand":[],"product_cat":[15],"product_tag":[],"class_list":{"0":"post-438","1":"product","2":"type-product","3":"status-publish","4":"has-post-thumbnail","6":"product_cat-musculacion","8":"first","9":"instock","10":"sale","11":"virtual","12":"purchasable","13":"product-type-simple"},"yoast_head":"<!-- This site is optimized with the Yoast SEO plugin v27.3 - https:\/\/yoast.com\/product\/yoast-seo-wordpress\/ -->\n<title>Monitor\/a de Culturismo - Fitness CEE<\/title>\n<meta name=\"robots\" content=\"index, follow, max-snippet:-1, max-image-preview:large, max-video-preview:-1\" \/>\n<link rel=\"canonical\" href=\"https:\/\/www.centro-cee.com\/fitness\/producto\/monitor-a-de-culturismo\/\" \/>\n<meta property=\"og:locale\" content=\"es_ES\" \/>\n<meta property=\"og:type\" content=\"article\" \/>\n<meta property=\"og:title\" content=\"Monitor\/a de Culturismo - Fitness CEE\" \/>\n<meta property=\"og:description\" content=\"Se estudia una amplia gama de temas relacionados con la musculaci\u00f3n y el desarrollo f\u00edsico. Esto incluye el estudio de la anatom\u00eda muscular y los principios del entrenamiento de fuerza, as\u00ed como la biomec\u00e1nica aplicada a la ejecuci\u00f3n de ejercicios espec\u00edficos. Se analizan diferentes m\u00e9todos de entrenamiento, como la hipertrofia muscular, la fuerza m\u00e1xima y la resistencia, y c\u00f3mo aplicarlos de manera efectiva en la pr\u00e1ctica.  Los participantes aprenden sobre nutrici\u00f3n deportiva y suplementaci\u00f3n para optimizar el crecimiento muscular y mejorar el rendimiento. Se exploran estrategias de planificaci\u00f3n de entrenamiento, incluyendo la periodizaci\u00f3n y la elaboraci\u00f3n de programas personalizados para diferentes objetivos y niveles de experiencia. Adem\u00e1s, se abordan aspectos relacionados con la seguridad en el gimnasio y la prevenci\u00f3n de lesiones durante la pr\u00e1ctica de culturismo.\" \/>\n<meta property=\"og:url\" content=\"https:\/\/www.centro-cee.com\/fitness\/producto\/monitor-a-de-culturismo\/\" \/>\n<meta property=\"og:site_name\" content=\"Fitness CEE\" \/>\n<meta property=\"article:modified_time\" content=\"2024-05-29T13:59:03+00:00\" \/>\n<meta property=\"og:image\" content=\"https:\/\/www.centro-cee.com\/fitness\/wp-content\/uploads\/2024\/03\/cee087b-e1711724760181.jpg\" \/>\n\t<meta property=\"og:image:width\" content=\"800\" \/>\n\t<meta property=\"og:image:height\" content=\"533\" \/>\n\t<meta property=\"og:image:type\" content=\"image\/jpeg\" \/>\n<meta name=\"twitter:card\" content=\"summary_large_image\" \/>\n<meta name=\"twitter:label1\" content=\"Tiempo de lectura\" \/>\n\t<meta name=\"twitter:data1\" content=\"5 minutos\" \/>\n<script type=\"application\/ld+json\" class=\"yoast-schema-graph\">{\"@context\":\"https:\\\/\\\/schema.org\",\"@graph\":[{\"@type\":\"WebPage\",\"@id\":\"https:\\\/\\\/www.centro-cee.com\\\/fitness\\\/producto\\\/monitor-a-de-culturismo\\\/\",\"url\":\"https:\\\/\\\/www.centro-cee.com\\\/fitness\\\/producto\\\/monitor-a-de-culturismo\\\/\",\"name\":\"Monitor\\\/a de Culturismo - Fitness CEE\",\"isPartOf\":{\"@id\":\"https:\\\/\\\/www.centro-cee.com\\\/fitness\\\/#website\"},\"primaryImageOfPage\":{\"@id\":\"https:\\\/\\\/www.centro-cee.com\\\/fitness\\\/producto\\\/monitor-a-de-culturismo\\\/#primaryimage\"},\"image\":{\"@id\":\"https:\\\/\\\/www.centro-cee.com\\\/fitness\\\/producto\\\/monitor-a-de-culturismo\\\/#primaryimage\"},\"thumbnailUrl\":\"https:\\\/\\\/www.centro-cee.com\\\/fitness\\\/wp-content\\\/uploads\\\/2024\\\/03\\\/cee087b-e1711724760181.jpg\",\"datePublished\":\"2024-03-29T15:07:02+00:00\",\"dateModified\":\"2024-05-29T13:59:03+00:00\",\"breadcrumb\":{\"@id\":\"https:\\\/\\\/www.centro-cee.com\\\/fitness\\\/producto\\\/monitor-a-de-culturismo\\\/#breadcrumb\"},\"inLanguage\":\"es\",\"potentialAction\":[{\"@type\":\"ReadAction\",\"target\":[\"https:\\\/\\\/www.centro-cee.com\\\/fitness\\\/producto\\\/monitor-a-de-culturismo\\\/\"]}]},{\"@type\":\"ImageObject\",\"inLanguage\":\"es\",\"@id\":\"https:\\\/\\\/www.centro-cee.com\\\/fitness\\\/producto\\\/monitor-a-de-culturismo\\\/#primaryimage\",\"url\":\"https:\\\/\\\/www.centro-cee.com\\\/fitness\\\/wp-content\\\/uploads\\\/2024\\\/03\\\/cee087b-e1711724760181.jpg\",\"contentUrl\":\"https:\\\/\\\/www.centro-cee.com\\\/fitness\\\/wp-content\\\/uploads\\\/2024\\\/03\\\/cee087b-e1711724760181.jpg\",\"width\":800,\"height\":533},{\"@type\":\"BreadcrumbList\",\"@id\":\"https:\\\/\\\/www.centro-cee.com\\\/fitness\\\/producto\\\/monitor-a-de-culturismo\\\/#breadcrumb\",\"itemListElement\":[{\"@type\":\"ListItem\",\"position\":1,\"name\":\"Portada\",\"item\":\"https:\\\/\\\/www.centro-cee.com\\\/fitness\\\/\"},{\"@type\":\"ListItem\",\"position\":2,\"name\":\"Monitor\\\/a de Culturismo\"}]},{\"@type\":\"WebSite\",\"@id\":\"https:\\\/\\\/www.centro-cee.com\\\/fitness\\\/#website\",\"url\":\"https:\\\/\\\/www.centro-cee.com\\\/fitness\\\/\",\"name\":\"Fitness CEE\",\"description\":\"\",\"publisher\":{\"@id\":\"https:\\\/\\\/www.centro-cee.com\\\/fitness\\\/#organization\"},\"potentialAction\":[{\"@type\":\"SearchAction\",\"target\":{\"@type\":\"EntryPoint\",\"urlTemplate\":\"https:\\\/\\\/www.centro-cee.com\\\/fitness\\\/?s={search_term_string}\"},\"query-input\":{\"@type\":\"PropertyValueSpecification\",\"valueRequired\":true,\"valueName\":\"search_term_string\"}}],\"inLanguage\":\"es\"},{\"@type\":\"Organization\",\"@id\":\"https:\\\/\\\/www.centro-cee.com\\\/fitness\\\/#organization\",\"name\":\"Fitness CEE\",\"url\":\"https:\\\/\\\/www.centro-cee.com\\\/fitness\\\/\",\"logo\":{\"@type\":\"ImageObject\",\"inLanguage\":\"es\",\"@id\":\"https:\\\/\\\/www.centro-cee.com\\\/fitness\\\/#\\\/schema\\\/logo\\\/image\\\/\",\"url\":\"https:\\\/\\\/www.centro-cee.com\\\/fitness\\\/wp-content\\\/uploads\\\/2024\\\/03\\\/l1.png\",\"contentUrl\":\"https:\\\/\\\/www.centro-cee.com\\\/fitness\\\/wp-content\\\/uploads\\\/2024\\\/03\\\/l1.png\",\"width\":786,\"height\":614,\"caption\":\"Fitness CEE\"},\"image\":{\"@id\":\"https:\\\/\\\/www.centro-cee.com\\\/fitness\\\/#\\\/schema\\\/logo\\\/image\\\/\"}}]}<\/script>\n<!-- \/ Yoast SEO plugin. -->","yoast_head_json":{"title":"Monitor\/a de Culturismo - Fitness CEE","robots":{"index":"index","follow":"follow","max-snippet":"max-snippet:-1","max-image-preview":"max-image-preview:large","max-video-preview":"max-video-preview:-1"},"canonical":"https:\/\/www.centro-cee.com\/fitness\/producto\/monitor-a-de-culturismo\/","og_locale":"es_ES","og_type":"article","og_title":"Monitor\/a de Culturismo - Fitness CEE","og_description":"Se estudia una amplia gama de temas relacionados con la musculaci\u00f3n y el desarrollo f\u00edsico. Esto incluye el estudio de la anatom\u00eda muscular y los principios del entrenamiento de fuerza, as\u00ed como la biomec\u00e1nica aplicada a la ejecuci\u00f3n de ejercicios espec\u00edficos. Se analizan diferentes m\u00e9todos de entrenamiento, como la hipertrofia muscular, la fuerza m\u00e1xima y la resistencia, y c\u00f3mo aplicarlos de manera efectiva en la pr\u00e1ctica.  Los participantes aprenden sobre nutrici\u00f3n deportiva y suplementaci\u00f3n para optimizar el crecimiento muscular y mejorar el rendimiento. Se exploran estrategias de planificaci\u00f3n de entrenamiento, incluyendo la periodizaci\u00f3n y la elaboraci\u00f3n de programas personalizados para diferentes objetivos y niveles de experiencia. Adem\u00e1s, se abordan aspectos relacionados con la seguridad en el gimnasio y la prevenci\u00f3n de lesiones durante la pr\u00e1ctica de culturismo.","og_url":"https:\/\/www.centro-cee.com\/fitness\/producto\/monitor-a-de-culturismo\/","og_site_name":"Fitness CEE","article_modified_time":"2024-05-29T13:59:03+00:00","og_image":[{"width":800,"height":533,"url":"https:\/\/www.centro-cee.com\/fitness\/wp-content\/uploads\/2024\/03\/cee087b-e1711724760181.jpg","type":"image\/jpeg"}],"twitter_card":"summary_large_image","twitter_misc":{"Tiempo de lectura":"5 minutos"},"schema":{"@context":"https:\/\/schema.org","@graph":[{"@type":"WebPage","@id":"https:\/\/www.centro-cee.com\/fitness\/producto\/monitor-a-de-culturismo\/","url":"https:\/\/www.centro-cee.com\/fitness\/producto\/monitor-a-de-culturismo\/","name":"Monitor\/a de Culturismo - Fitness CEE","isPartOf":{"@id":"https:\/\/www.centro-cee.com\/fitness\/#website"},"primaryImageOfPage":{"@id":"https:\/\/www.centro-cee.com\/fitness\/producto\/monitor-a-de-culturismo\/#primaryimage"},"image":{"@id":"https:\/\/www.centro-cee.com\/fitness\/producto\/monitor-a-de-culturismo\/#primaryimage"},"thumbnailUrl":"https:\/\/www.centro-cee.com\/fitness\/wp-content\/uploads\/2024\/03\/cee087b-e1711724760181.jpg","datePublished":"2024-03-29T15:07:02+00:00","dateModified":"2024-05-29T13:59:03+00:00","breadcrumb":{"@id":"https:\/\/www.centro-cee.com\/fitness\/producto\/monitor-a-de-culturismo\/#breadcrumb"},"inLanguage":"es","potentialAction":[{"@type":"ReadAction","target":["https:\/\/www.centro-cee.com\/fitness\/producto\/monitor-a-de-culturismo\/"]}]},{"@type":"ImageObject","inLanguage":"es","@id":"https:\/\/www.centro-cee.com\/fitness\/producto\/monitor-a-de-culturismo\/#primaryimage","url":"https:\/\/www.centro-cee.com\/fitness\/wp-content\/uploads\/2024\/03\/cee087b-e1711724760181.jpg","contentUrl":"https:\/\/www.centro-cee.com\/fitness\/wp-content\/uploads\/2024\/03\/cee087b-e1711724760181.jpg","width":800,"height":533},{"@type":"BreadcrumbList","@id":"https:\/\/www.centro-cee.com\/fitness\/producto\/monitor-a-de-culturismo\/#breadcrumb","itemListElement":[{"@type":"ListItem","position":1,"name":"Portada","item":"https:\/\/www.centro-cee.com\/fitness\/"},{"@type":"ListItem","position":2,"name":"Monitor\/a de Culturismo"}]},{"@type":"WebSite","@id":"https:\/\/www.centro-cee.com\/fitness\/#website","url":"https:\/\/www.centro-cee.com\/fitness\/","name":"Fitness CEE","description":"","publisher":{"@id":"https:\/\/www.centro-cee.com\/fitness\/#organization"},"potentialAction":[{"@type":"SearchAction","target":{"@type":"EntryPoint","urlTemplate":"https:\/\/www.centro-cee.com\/fitness\/?s={search_term_string}"},"query-input":{"@type":"PropertyValueSpecification","valueRequired":true,"valueName":"search_term_string"}}],"inLanguage":"es"},{"@type":"Organization","@id":"https:\/\/www.centro-cee.com\/fitness\/#organization","name":"Fitness CEE","url":"https:\/\/www.centro-cee.com\/fitness\/","logo":{"@type":"ImageObject","inLanguage":"es","@id":"https:\/\/www.centro-cee.com\/fitness\/#\/schema\/logo\/image\/","url":"https:\/\/www.centro-cee.com\/fitness\/wp-content\/uploads\/2024\/03\/l1.png","contentUrl":"https:\/\/www.centro-cee.com\/fitness\/wp-content\/uploads\/2024\/03\/l1.png","width":786,"height":614,"caption":"Fitness CEE"},"image":{"@id":"https:\/\/www.centro-cee.com\/fitness\/#\/schema\/logo\/image\/"}}]}},"jetpack_sharing_enabled":true,"_links":{"self":[{"href":"https:\/\/www.centro-cee.com\/fitness\/wp-json\/wp\/v2\/product\/438","targetHints":{"allow":["GET"]}}],"collection":[{"href":"https:\/\/www.centro-cee.com\/fitness\/wp-json\/wp\/v2\/product"}],"about":[{"href":"https:\/\/www.centro-cee.com\/fitness\/wp-json\/wp\/v2\/types\/product"}],"replies":[{"embeddable":true,"href":"https:\/\/www.centro-cee.com\/fitness\/wp-json\/wp\/v2\/comments?post=438"}],"wp:featuredmedia":[{"embeddable":true,"href":"https:\/\/www.centro-cee.com\/fitness\/wp-json\/wp\/v2\/media\/439"}],"wp:attachment":[{"href":"https:\/\/www.centro-cee.com\/fitness\/wp-json\/wp\/v2\/media?parent=438"}],"wp:term":[{"taxonomy":"product_brand","embeddable":true,"href":"https:\/\/www.centro-cee.com\/fitness\/wp-json\/wp\/v2\/product_brand?post=438"},{"taxonomy":"product_cat","embeddable":true,"href":"https:\/\/www.centro-cee.com\/fitness\/wp-json\/wp\/v2\/product_cat?post=438"},{"taxonomy":"product_tag","embeddable":true,"href":"https:\/\/www.centro-cee.com\/fitness\/wp-json\/wp\/v2\/product_tag?post=438"}],"curies":[{"name":"wp","href":"https:\/\/api.w.org\/{rel}","templated":true}]}}