{"id":436,"date":"2024-03-29T15:58:28","date_gmt":"2024-03-29T14:58:28","guid":{"rendered":"http:\/\/www.centro-cee.com\/fitness\/?post_type=product&#038;p=436"},"modified":"2024-10-03T11:34:00","modified_gmt":"2024-10-03T09:34:00","slug":"monitor-a-cardio-box","status":"publish","type":"product","link":"https:\/\/www.centro-cee.com\/fitness\/producto\/monitor-a-cardio-box\/","title":{"rendered":"Monitor\/a Cardio Box"},"content":{"rendered":"<hr \/>\n<div id=\"idTab1\" class=\"rte\">\n<div>\n<h4 class=\"tituloTema\">1. BASES ANAT\u00d3MICAS Y FISIOL\u00d3GICAS DEL MOVIMIENTO<\/h4>\n<ol>\n<li>Introducci\u00f3n.<\/li>\n<li>&#8211; Mec\u00e1nica del movimiento.<\/li>\n<li>Fundamentos anat\u00f3micos del movimiento.<\/li>\n<li>&#8211; Planos, ejes y articulaciones.<\/li>\n<li>&#8211; Fisiolog\u00eda del movimiento.<\/li>\n<li>&#8211; Preparaci\u00f3n y gasto de energ\u00eda.<\/li>\n<\/ol>\n<h4 class=\"tituloTema\">2. SISTEMA \u00d3SEO<\/h4>\n<ol>\n<li>Morfolog\u00eda.<\/li>\n<li>Fisiolog\u00eda.<\/li>\n<li>Divisi\u00f3n del esqueleto.<\/li>\n<li>Desarrollo \u00f3seo.<\/li>\n<li>Sistema \u00f3seo.<\/li>\n<li>&#8211; Columna vertebral.<\/li>\n<li>&#8211; Tronco.<\/li>\n<li>&#8211; Extremidades.<\/li>\n<li>&#8211; Cart\u00edlagos.<\/li>\n<li>&#8211; Esqueleto apendicular.<\/li>\n<li>Articulaciones y movimiento.<\/li>\n<li>&#8211; Articulaci\u00f3n Tibio-Tarsiana o Tibio-Peroneo Astragalina.<\/li>\n<li>&#8211; Articulaci\u00f3n de la rodilla<\/li>\n<li>&#8211; Articulaci\u00f3n coxo-femoral.<\/li>\n<li>&#8211; Articulaci\u00f3n escapulo humeral.<\/li>\n<\/ol>\n<h4 class=\"tituloTema\">3. FISIOLOG\u00cdA MUSCULAR<\/h4>\n<ol>\n<li>Introducci\u00f3n<\/li>\n<li>Tejido muscular<\/li>\n<li>Clasificaci\u00f3n muscular<\/li>\n<li>Acciones musculares<\/li>\n<li>Ligamentos<\/li>\n<li>Musculatura dorsal<\/li>\n<li>Tendones<\/li>\n<\/ol>\n<h4 class=\"tituloTema\">4. SISTEMAS ENERG\u00c9TICOS<\/h4>\n<ol>\n<li>Sistema energ\u00e9tico.<\/li>\n<li>ATP (Adenosina Trifosfato).<\/li>\n<li>Tipos de fuentes energ\u00e9ticas.<\/li>\n<li>Sistemas anaer\u00f3bico al\u00e1ctico o sistema fosf\u00e1geno.<\/li>\n<li>Sistema anaer\u00f3bico l\u00e1ctico o gluc\u00f3lisis anaer\u00f3bica.<\/li>\n<li>Sistema aer\u00f3bico u oxidativo.<\/li>\n<\/ol>\n<h4 class=\"tituloTema\">5. METABOLISMO EN FISIOLOG\u00cdA DEL EJERCICIO<\/h4>\n<ol>\n<li>El ejercicio f\u00edsico.<\/li>\n<li>&#8211; Clasificaci\u00f3n.<\/li>\n<li>&#8211; Efectos fisiol\u00f3gicos del ejercicio f\u00edsico.<\/li>\n<li>&#8211; Efectos fisiol\u00f3gicos en ni\u00f1os y adolescentes.<\/li>\n<li>&#8211; Fases del ejercicio.<\/li>\n<li>Adaptaciones org\u00e1nicas en el ejercicio.<\/li>\n<li>&#8211; Adaptaciones metab\u00f3licas.<\/li>\n<li>&#8211; Adaptaciones circulatorias.<\/li>\n<li>&#8211; Adaptaciones card\u00edacas.<\/li>\n<li>&#8211; Adaptaciones respiratorias.<\/li>\n<li>&#8211; Adaptaciones de la sangre.<\/li>\n<li>&#8211; Adaptaciones del medio interno.<\/li>\n<li>Metabolismo energ\u00e9tico durante el ejercicio. La fatiga.<\/li>\n<li>&#8211; Fuerza, potencia, rendimiento y recuperaci\u00f3n del gluc\u00f3geno muscular.<\/li>\n<li>&#8211; La fatiga.<\/li>\n<\/ol>\n<h4 class=\"tituloTema\">6. TEOR\u00cdA DEL ENTRENAMIENTO<\/h4>\n<ol>\n<li>Introducci\u00f3n al entrenamiento.<\/li>\n<li>Teor\u00edas que explican los fen\u00f3menos de adaptaci\u00f3n del organismo a los esfuerzos.<\/li>\n<li>&#8211; S\u00edndrome general de adaptaci\u00f3n del organismo a los esfuerzos.<\/li>\n<li>&#8211; Ley del umbral (Ley de Shultz-Arnodt).<\/li>\n<li>&#8211; Principio de supercompensaci\u00f3n.<\/li>\n<li>&#8211; Principios del entrenamiento de la condici\u00f3n f\u00edsica.<\/li>\n<li>Factores que intervienen en el entrenamiento f\u00edsico.<\/li>\n<li>Medici\u00f3n y evaluaci\u00f3n de la condici\u00f3n f\u00edsica.<\/li>\n<li>Calentamiento y enfriamiento.<\/li>\n<li>T\u00e9cnicas de relajaci\u00f3n y respiraci\u00f3n.<\/li>\n<li>&#8211; Respiraci\u00f3n.<\/li>\n<li>&#8211; Relajaci\u00f3n.<\/li>\n<li>Entrenamiento de la flexibilidad.<\/li>\n<li>Entrenamiento cardiovascular o aer\u00f3bico.<\/li>\n<li>Entrenamiento muscular.<\/li>\n<li>Entrenamiento de la fuerza.<\/li>\n<li>El desentrenamiento.<\/li>\n<li>Conducta de higiene en el entrenamiento.<\/li>\n<\/ol>\n<h4 class=\"tituloTema\">7. T\u00c9CNICA DE BRAZOS Y PIERNAS<\/h4>\n<ol>\n<li>Introducci\u00f3n.<\/li>\n<li>Imagen del instructor.<\/li>\n<li>Brazos.<\/li>\n<li>&#8211; Guardias.<\/li>\n<li>&#8211; Golpeos.<\/li>\n<li>Piernas.<\/li>\n<li>Pr\u00e1ctica.<\/li>\n<\/ol>\n<h4 class=\"tituloTema\">8. T\u00c9CNICA PURA Y APLICACI\u00d3N<\/h4>\n<ol>\n<li>Boxeo.<\/li>\n<li>K\u00e1rate.<\/li>\n<li>Taekwondo.<\/li>\n<li>Capoeira.<\/li>\n<li>Coreograf\u00eda marcial.<\/li>\n<\/ol>\n<h4 class=\"tituloTema\">9. LESIONES DEPORTIVAS. PREVENCI\u00d3N Y TRATAMIENTO<\/h4>\n<ol>\n<li>Introducci\u00f3n a las lesiones deportivas.<\/li>\n<li>Definici\u00f3n.<\/li>\n<li>La prevenci\u00f3n.<\/li>\n<li>Tratamiento.<\/li>\n<li>Lesiones deportivas frecuentes.<\/li>\n<li>&#8211; Introducci\u00f3n.<\/li>\n<li>&#8211; Lesiones deportivas m\u00e1s frecuentes.<\/li>\n<li>\u00bfQu\u00e9 debes hacer si te lesionas durante la realizaci\u00f3n del ejercicio f\u00edsico?<\/li>\n<li>\u00bfQu\u00e9 puedes hacer si te lesionas?<\/li>\n<li>T\u00e9cnicas utilizadas en la prevenci\u00f3n y tratamiento de lesiones.<\/li>\n<\/ol>\n<h4 class=\"tituloTema\">10. PRIMEROS AUXILIOS<\/h4>\n<ol>\n<li>Introducci\u00f3n a los primeros auxilios<\/li>\n<li>&#8211; Principios b\u00e1sicos de actuaci\u00f3n en primeros auxilios.<\/li>\n<li>&#8211; La respiraci\u00f3n.<\/li>\n<li>&#8211; El pulso.<\/li>\n<li>Actuaciones en primeros auxilios.<\/li>\n<li>&#8211; Ahogamiento.<\/li>\n<li>&#8211; Las p\u00e9rdidas de consciencia.<\/li>\n<li>&#8211; Las crisis card\u00edacas.<\/li>\n<li>&#8211; Hemorragias.<\/li>\n<li>&#8211; Las heridas.<\/li>\n<li>&#8211; Las fracturas y luxaciones.<\/li>\n<li>&#8211; Las quemaduras.<\/li>\n<li>Normas generales para la realizaci\u00f3n de vendajes.<\/li>\n<li>Maniobras de resucitaci\u00f3n cardiopulmonar.<\/li>\n<li>&#8211; Ventilaci\u00f3n manual.<\/li>\n<li>&#8211; Masaje card\u00edaco externo.<\/li>\n<\/ol>\n<\/div>\n<\/div>\n","protected":false},"excerpt":{"rendered":"<p>Se ense\u00f1an fundamentos b\u00e1sicos de boxeo, como golpes de pu\u00f1o y patadas, as\u00ed como movimientos de defensa, combinados con movimientos aer\u00f3bicos de alta intensidad. Adem\u00e1s, se exploran diferentes estilos de boxeo, como el boxeo tradicional, el kickboxing y el boxeo tailand\u00e9s, adaptados para sesiones de entrenamiento cardiovascular.<\/p>\n<p>Los estudiantes aprenden a estructurar sesiones de Cardio Box, incluyendo la selecci\u00f3n y secuencia de ejercicios para maximizar la quema de calor\u00edas y mejorar la resistencia cardiovascular. Se abordan aspectos de seguridad y t\u00e9cnica para garantizar una pr\u00e1ctica efectiva y sin lesiones. Adem\u00e1s, se fomenta un ambiente motivador y en\u00e9rgico mediante la incorporaci\u00f3n de m\u00fasica y la variaci\u00f3n de los ejercicios.<\/p>\n","protected":false},"featured_media":469,"comment_status":"closed","ping_status":"closed","template":"","meta":[],"product_brand":[],"product_cat":[19],"product_tag":[],"class_list":{"0":"post-436","1":"product","2":"type-product","3":"status-publish","4":"has-post-thumbnail","6":"product_cat-training","8":"first","9":"instock","10":"sale","11":"virtual","12":"purchasable","13":"product-type-simple"},"yoast_head":"<!-- This site is optimized with the Yoast SEO plugin v27.3 - https:\/\/yoast.com\/product\/yoast-seo-wordpress\/ -->\n<title>Monitor\/a Cardio Box - Fitness CEE<\/title>\n<meta name=\"description\" content=\"\u00a1Potencia tu condici\u00f3n f\u00edsica y quema calor\u00edas con nuestra formaci\u00f3n de Cardio Box! Entrena, suda y alcanza tus objetivos de fitness\" \/>\n<meta name=\"robots\" content=\"index, follow, max-snippet:-1, max-image-preview:large, max-video-preview:-1\" \/>\n<link rel=\"canonical\" href=\"https:\/\/www.centro-cee.com\/fitness\/producto\/monitor-a-cardio-box\/\" \/>\n<meta property=\"og:locale\" content=\"es_ES\" \/>\n<meta property=\"og:type\" content=\"article\" \/>\n<meta property=\"og:title\" content=\"Monitor\/a Cardio Box - Fitness CEE\" \/>\n<meta property=\"og:description\" content=\"\u00a1Potencia tu condici\u00f3n f\u00edsica y quema calor\u00edas con nuestra formaci\u00f3n de Cardio Box! Entrena, suda y alcanza tus objetivos de fitness\" \/>\n<meta property=\"og:url\" content=\"https:\/\/www.centro-cee.com\/fitness\/producto\/monitor-a-cardio-box\/\" \/>\n<meta property=\"og:site_name\" content=\"Fitness CEE\" \/>\n<meta property=\"article:modified_time\" content=\"2024-10-03T09:34:00+00:00\" \/>\n<meta property=\"og:image\" content=\"https:\/\/www.centro-cee.com\/fitness\/wp-content\/uploads\/2024\/03\/cardiobox.png\" \/>\n\t<meta property=\"og:image:width\" content=\"700\" \/>\n\t<meta property=\"og:image:height\" content=\"450\" \/>\n\t<meta property=\"og:image:type\" content=\"image\/png\" \/>\n<meta name=\"twitter:card\" content=\"summary_large_image\" \/>\n<meta name=\"twitter:label1\" content=\"Tiempo de lectura\" \/>\n\t<meta name=\"twitter:data1\" content=\"2 minutos\" \/>\n<script type=\"application\/ld+json\" class=\"yoast-schema-graph\">{\"@context\":\"https:\\\/\\\/schema.org\",\"@graph\":[{\"@type\":\"WebPage\",\"@id\":\"https:\\\/\\\/www.centro-cee.com\\\/fitness\\\/producto\\\/monitor-a-cardio-box\\\/\",\"url\":\"https:\\\/\\\/www.centro-cee.com\\\/fitness\\\/producto\\\/monitor-a-cardio-box\\\/\",\"name\":\"Monitor\\\/a Cardio Box - Fitness CEE\",\"isPartOf\":{\"@id\":\"https:\\\/\\\/www.centro-cee.com\\\/fitness\\\/#website\"},\"primaryImageOfPage\":{\"@id\":\"https:\\\/\\\/www.centro-cee.com\\\/fitness\\\/producto\\\/monitor-a-cardio-box\\\/#primaryimage\"},\"image\":{\"@id\":\"https:\\\/\\\/www.centro-cee.com\\\/fitness\\\/producto\\\/monitor-a-cardio-box\\\/#primaryimage\"},\"thumbnailUrl\":\"https:\\\/\\\/www.centro-cee.com\\\/fitness\\\/wp-content\\\/uploads\\\/2024\\\/03\\\/cardiobox.png\",\"datePublished\":\"2024-03-29T14:58:28+00:00\",\"dateModified\":\"2024-10-03T09:34:00+00:00\",\"description\":\"\u00a1Potencia tu condici\u00f3n f\u00edsica y quema calor\u00edas con nuestra formaci\u00f3n de Cardio Box! Entrena, suda y alcanza tus objetivos de fitness\",\"breadcrumb\":{\"@id\":\"https:\\\/\\\/www.centro-cee.com\\\/fitness\\\/producto\\\/monitor-a-cardio-box\\\/#breadcrumb\"},\"inLanguage\":\"es\",\"potentialAction\":[{\"@type\":\"ReadAction\",\"target\":[\"https:\\\/\\\/www.centro-cee.com\\\/fitness\\\/producto\\\/monitor-a-cardio-box\\\/\"]}]},{\"@type\":\"ImageObject\",\"inLanguage\":\"es\",\"@id\":\"https:\\\/\\\/www.centro-cee.com\\\/fitness\\\/producto\\\/monitor-a-cardio-box\\\/#primaryimage\",\"url\":\"https:\\\/\\\/www.centro-cee.com\\\/fitness\\\/wp-content\\\/uploads\\\/2024\\\/03\\\/cardiobox.png\",\"contentUrl\":\"https:\\\/\\\/www.centro-cee.com\\\/fitness\\\/wp-content\\\/uploads\\\/2024\\\/03\\\/cardiobox.png\",\"width\":700,\"height\":450},{\"@type\":\"BreadcrumbList\",\"@id\":\"https:\\\/\\\/www.centro-cee.com\\\/fitness\\\/producto\\\/monitor-a-cardio-box\\\/#breadcrumb\",\"itemListElement\":[{\"@type\":\"ListItem\",\"position\":1,\"name\":\"Portada\",\"item\":\"https:\\\/\\\/www.centro-cee.com\\\/fitness\\\/\"},{\"@type\":\"ListItem\",\"position\":2,\"name\":\"Monitor\\\/a Cardio Box\"}]},{\"@type\":\"WebSite\",\"@id\":\"https:\\\/\\\/www.centro-cee.com\\\/fitness\\\/#website\",\"url\":\"https:\\\/\\\/www.centro-cee.com\\\/fitness\\\/\",\"name\":\"Fitness CEE\",\"description\":\"\",\"publisher\":{\"@id\":\"https:\\\/\\\/www.centro-cee.com\\\/fitness\\\/#organization\"},\"potentialAction\":[{\"@type\":\"SearchAction\",\"target\":{\"@type\":\"EntryPoint\",\"urlTemplate\":\"https:\\\/\\\/www.centro-cee.com\\\/fitness\\\/?s={search_term_string}\"},\"query-input\":{\"@type\":\"PropertyValueSpecification\",\"valueRequired\":true,\"valueName\":\"search_term_string\"}}],\"inLanguage\":\"es\"},{\"@type\":\"Organization\",\"@id\":\"https:\\\/\\\/www.centro-cee.com\\\/fitness\\\/#organization\",\"name\":\"Fitness CEE\",\"url\":\"https:\\\/\\\/www.centro-cee.com\\\/fitness\\\/\",\"logo\":{\"@type\":\"ImageObject\",\"inLanguage\":\"es\",\"@id\":\"https:\\\/\\\/www.centro-cee.com\\\/fitness\\\/#\\\/schema\\\/logo\\\/image\\\/\",\"url\":\"https:\\\/\\\/www.centro-cee.com\\\/fitness\\\/wp-content\\\/uploads\\\/2024\\\/03\\\/l1.png\",\"contentUrl\":\"https:\\\/\\\/www.centro-cee.com\\\/fitness\\\/wp-content\\\/uploads\\\/2024\\\/03\\\/l1.png\",\"width\":786,\"height\":614,\"caption\":\"Fitness CEE\"},\"image\":{\"@id\":\"https:\\\/\\\/www.centro-cee.com\\\/fitness\\\/#\\\/schema\\\/logo\\\/image\\\/\"}}]}<\/script>\n<!-- \/ Yoast SEO plugin. -->","yoast_head_json":{"title":"Monitor\/a Cardio Box - Fitness CEE","description":"\u00a1Potencia tu condici\u00f3n f\u00edsica y quema calor\u00edas con nuestra formaci\u00f3n de Cardio Box! Entrena, suda y alcanza tus objetivos de fitness","robots":{"index":"index","follow":"follow","max-snippet":"max-snippet:-1","max-image-preview":"max-image-preview:large","max-video-preview":"max-video-preview:-1"},"canonical":"https:\/\/www.centro-cee.com\/fitness\/producto\/monitor-a-cardio-box\/","og_locale":"es_ES","og_type":"article","og_title":"Monitor\/a Cardio Box - Fitness CEE","og_description":"\u00a1Potencia tu condici\u00f3n f\u00edsica y quema calor\u00edas con nuestra formaci\u00f3n de Cardio Box! Entrena, suda y alcanza tus objetivos de fitness","og_url":"https:\/\/www.centro-cee.com\/fitness\/producto\/monitor-a-cardio-box\/","og_site_name":"Fitness CEE","article_modified_time":"2024-10-03T09:34:00+00:00","og_image":[{"width":700,"height":450,"url":"https:\/\/www.centro-cee.com\/fitness\/wp-content\/uploads\/2024\/03\/cardiobox.png","type":"image\/png"}],"twitter_card":"summary_large_image","twitter_misc":{"Tiempo de lectura":"2 minutos"},"schema":{"@context":"https:\/\/schema.org","@graph":[{"@type":"WebPage","@id":"https:\/\/www.centro-cee.com\/fitness\/producto\/monitor-a-cardio-box\/","url":"https:\/\/www.centro-cee.com\/fitness\/producto\/monitor-a-cardio-box\/","name":"Monitor\/a Cardio Box - Fitness CEE","isPartOf":{"@id":"https:\/\/www.centro-cee.com\/fitness\/#website"},"primaryImageOfPage":{"@id":"https:\/\/www.centro-cee.com\/fitness\/producto\/monitor-a-cardio-box\/#primaryimage"},"image":{"@id":"https:\/\/www.centro-cee.com\/fitness\/producto\/monitor-a-cardio-box\/#primaryimage"},"thumbnailUrl":"https:\/\/www.centro-cee.com\/fitness\/wp-content\/uploads\/2024\/03\/cardiobox.png","datePublished":"2024-03-29T14:58:28+00:00","dateModified":"2024-10-03T09:34:00+00:00","description":"\u00a1Potencia tu condici\u00f3n f\u00edsica y quema calor\u00edas con nuestra formaci\u00f3n de Cardio Box! Entrena, suda y alcanza tus objetivos de fitness","breadcrumb":{"@id":"https:\/\/www.centro-cee.com\/fitness\/producto\/monitor-a-cardio-box\/#breadcrumb"},"inLanguage":"es","potentialAction":[{"@type":"ReadAction","target":["https:\/\/www.centro-cee.com\/fitness\/producto\/monitor-a-cardio-box\/"]}]},{"@type":"ImageObject","inLanguage":"es","@id":"https:\/\/www.centro-cee.com\/fitness\/producto\/monitor-a-cardio-box\/#primaryimage","url":"https:\/\/www.centro-cee.com\/fitness\/wp-content\/uploads\/2024\/03\/cardiobox.png","contentUrl":"https:\/\/www.centro-cee.com\/fitness\/wp-content\/uploads\/2024\/03\/cardiobox.png","width":700,"height":450},{"@type":"BreadcrumbList","@id":"https:\/\/www.centro-cee.com\/fitness\/producto\/monitor-a-cardio-box\/#breadcrumb","itemListElement":[{"@type":"ListItem","position":1,"name":"Portada","item":"https:\/\/www.centro-cee.com\/fitness\/"},{"@type":"ListItem","position":2,"name":"Monitor\/a Cardio Box"}]},{"@type":"WebSite","@id":"https:\/\/www.centro-cee.com\/fitness\/#website","url":"https:\/\/www.centro-cee.com\/fitness\/","name":"Fitness CEE","description":"","publisher":{"@id":"https:\/\/www.centro-cee.com\/fitness\/#organization"},"potentialAction":[{"@type":"SearchAction","target":{"@type":"EntryPoint","urlTemplate":"https:\/\/www.centro-cee.com\/fitness\/?s={search_term_string}"},"query-input":{"@type":"PropertyValueSpecification","valueRequired":true,"valueName":"search_term_string"}}],"inLanguage":"es"},{"@type":"Organization","@id":"https:\/\/www.centro-cee.com\/fitness\/#organization","name":"Fitness CEE","url":"https:\/\/www.centro-cee.com\/fitness\/","logo":{"@type":"ImageObject","inLanguage":"es","@id":"https:\/\/www.centro-cee.com\/fitness\/#\/schema\/logo\/image\/","url":"https:\/\/www.centro-cee.com\/fitness\/wp-content\/uploads\/2024\/03\/l1.png","contentUrl":"https:\/\/www.centro-cee.com\/fitness\/wp-content\/uploads\/2024\/03\/l1.png","width":786,"height":614,"caption":"Fitness CEE"},"image":{"@id":"https:\/\/www.centro-cee.com\/fitness\/#\/schema\/logo\/image\/"}}]}},"jetpack_sharing_enabled":true,"_links":{"self":[{"href":"https:\/\/www.centro-cee.com\/fitness\/wp-json\/wp\/v2\/product\/436","targetHints":{"allow":["GET"]}}],"collection":[{"href":"https:\/\/www.centro-cee.com\/fitness\/wp-json\/wp\/v2\/product"}],"about":[{"href":"https:\/\/www.centro-cee.com\/fitness\/wp-json\/wp\/v2\/types\/product"}],"replies":[{"embeddable":true,"href":"https:\/\/www.centro-cee.com\/fitness\/wp-json\/wp\/v2\/comments?post=436"}],"wp:featuredmedia":[{"embeddable":true,"href":"https:\/\/www.centro-cee.com\/fitness\/wp-json\/wp\/v2\/media\/469"}],"wp:attachment":[{"href":"https:\/\/www.centro-cee.com\/fitness\/wp-json\/wp\/v2\/media?parent=436"}],"wp:term":[{"taxonomy":"product_brand","embeddable":true,"href":"https:\/\/www.centro-cee.com\/fitness\/wp-json\/wp\/v2\/product_brand?post=436"},{"taxonomy":"product_cat","embeddable":true,"href":"https:\/\/www.centro-cee.com\/fitness\/wp-json\/wp\/v2\/product_cat?post=436"},{"taxonomy":"product_tag","embeddable":true,"href":"https:\/\/www.centro-cee.com\/fitness\/wp-json\/wp\/v2\/product_tag?post=436"}],"curies":[{"name":"wp","href":"https:\/\/api.w.org\/{rel}","templated":true}]}}