{"id":430,"date":"2024-03-28T19:29:26","date_gmt":"2024-03-28T18:29:26","guid":{"rendered":"http:\/\/www.centro-cee.com\/fitness\/?post_type=product&#038;p=430"},"modified":"2024-05-29T15:59:17","modified_gmt":"2024-05-29T13:59:17","slug":"monitor-a-de-acuagym","status":"publish","type":"product","link":"https:\/\/www.centro-cee.com\/fitness\/producto\/monitor-a-de-acuagym\/","title":{"rendered":"Monitor\/a de Acuagym"},"content":{"rendered":"<div id=\"idTab1\" class=\"rte\">\n<div>\n<hr \/>\n<h4 class=\"tituloTema\">1. HISTORIA DE LA NATACI\u00d3N<\/h4>\n<ol>\n<li>Introducci\u00f3n<\/li>\n<li>Resumen hist\u00f3rico de la nataci\u00f3n<\/li>\n<\/ol>\n<h4 class=\"tituloTema\">2. METODOLOG\u00cdA DE LA ENSE\u00d1ANZA DE LA NATACI\u00d3N<\/h4>\n<ol>\n<li>Introducci\u00f3n<\/li>\n<li>Los aprendizajes en nataci\u00f3n<\/li>\n<li>M\u00e9todos de ense\u00f1anza<\/li>\n<li>Estilos de ense\u00f1anza en actividades acu\u00e1ticas<\/li>\n<\/ol>\n<h4 class=\"tituloTema\">3. ENFOQUES Y APLICACIONES DE LAS ACTIVIDADES ACU\u00c1TICAS<\/h4>\n<ol>\n<li>Introducci\u00f3n<\/li>\n<li>Variables y condicionantes que inciden en un programa de actividades acu\u00e1ticas<\/li>\n<li>Variables y condicionantes did\u00e1cticos<\/li>\n<li>Material auxiliar<\/li>\n<\/ol>\n<h4 class=\"tituloTema\">4. ALGUNAS CONSIDERACIONES PEDAG\u00d3GICAS PARA MONITORES DE NATACI\u00d3N<\/h4>\n<ol>\n<li>Planteamientos pedag\u00f3gicos de la ense\u00f1anza<\/li>\n<li>El juego:un aprendizaje diferente<\/li>\n<li>Aplicaci\u00f3n a las actividades acu\u00e1ticas<\/li>\n<\/ol>\n<h4 class=\"tituloTema\">5. T\u00c9CNICAS B\u00c1SICAS DE LOS ESTILOS DE NATACI\u00d3N (CROL Y BRAZA)<\/h4>\n<ol>\n<li>El crol en la nataci\u00f3n<\/li>\n<li>La braza en la nataci\u00f3n<\/li>\n<\/ol>\n<h4 class=\"tituloTema\">6. T\u00c9CNICAS B\u00c1SICAS DE LOS ESTILOS (ESPALDA Y MARIPOSA)<\/h4>\n<ol>\n<li>La t\u00e9cnica del estilo espalda<\/li>\n<li>T\u00e9cnica del estilo mariposa<\/li>\n<\/ol>\n<h4 class=\"tituloTema\">7. DEFECTOS M\u00c1S COMUNES EN LOS CUATRO ESTILOS<\/h4>\n<ol>\n<li>Introducci\u00f3n<\/li>\n<li>Observaci\u00f3n<\/li>\n<li>C\u00f3mo mejorar la t\u00e9cnica<\/li>\n<\/ol>\n<h4 class=\"tituloTema\">8. FITNESS EN EL MEDIO ACU\u00c1TICO<\/h4>\n<ol>\n<li>Introducci\u00f3n<\/li>\n<li>Fitness en el medio acu\u00e1tico<\/li>\n<li>M\u00e9todos y actividades seg\u00fan el concepto de fitness en el medio acu\u00e1tico de ense\u00f1anza<\/li>\n<\/ol>\n<h4 class=\"tituloTema\">9. FITNESS EN EL MEDIO ACU\u00c1TICO(II)<\/h4>\n<ol>\n<li>Introducci\u00f3n<\/li>\n<li>Estiramientos pasivos o est\u00e1ticos<\/li>\n<li>Variables y condicionantes did\u00e1cticos<\/li>\n<li>Material auxiliar<\/li>\n<\/ol>\n<h4 class=\"tituloTema\">10. M\u00c9TODOS DE RESCATE. SALVAMENTO ACU\u00c1TICO<\/h4>\n<ol>\n<li>Introducci\u00f3n<\/li>\n<li>T\u00e9cnicas espec\u00edficas de salvamento acu\u00e1tico<\/li>\n<li>El salvamento acu\u00e1tico en piscinas<\/li>\n<\/ol>\n<h4 class=\"tituloTema\">ANEXO I. GU\u00cdA PR\u00c1CTICA PARA LA PROGRAMACI\u00d3N DE CLASES DE NATACI\u00d3N DE NIVEL I Y II<\/h4>\n<ol>\n<li>Curso de Nataci\u00f3n Nivel I. Primer ciclo<\/li>\n<li>Curso de Nataci\u00f3n Nivel II. Primer ciclo<\/li>\n<\/ol>\n<h4 class=\"tituloTema\">ANEXO II. GU\u00cdA PR\u00c1CTICA PARA LA PROGRAMACI\u00d3N DE UN CURSO INTENSIVO DE VERANO EN NATACI\u00d3N<\/h4>\n<ol>\n<li>Consejos para monitores de nataci\u00f3n del nivel cero<\/li>\n<li>Consejos para monitores de nataci\u00f3n del nivel uno<\/li>\n<li>Consejos para monitores de nataci\u00f3n del nivel dos<\/li>\n<li>Actividades a realizar<\/li>\n<\/ol>\n<h4 class=\"tituloTema\">ANEXO III: JUEGOS Y ACTIVIDADES ACU\u00c1TICAS<\/h4>\n<ol>\n<li>Juegos y actividades para ense\u00f1ar destrezas b\u00e1sicas<\/li>\n<li>Ejemplo del Formulario para un Plan de Sesi\u00f3n de Entrenamiento<\/li>\n<\/ol>\n<\/div>\n<\/div>\n","protected":false},"excerpt":{"rendered":"<p>un curso de monitor de Aquagym, los participantes adquieren habilidades para dirigir clases de ejercicio acu\u00e1tico de forma efectiva y segura. Aprenden a dise\u00f1ar rutinas de ejercicios adaptadas al medio acu\u00e1tico, aprovechando la resistencia del agua para fortalecer m\u00fasculos, mejorar la resistencia cardiovascular y promover la flexibilidad. Se exploran t\u00e9cnicas de aer\u00f3bicos, fortalecimiento muscular y estiramientos espec\u00edficamente dise\u00f1adas para el agua.<\/p>\n<p>Adem\u00e1s, se ense\u00f1a c\u00f3mo utilizar equipo especializado, como flotadores y pesas acu\u00e1ticas, para diversificar y enriquecer las sesiones de entrenamiento. Los estudiantes tambi\u00e9n reciben formaci\u00f3n en aspectos de seguridad acu\u00e1tica y protocolos de emergencia para garantizar un entorno de ejercicio seguro para los participantes.<\/p>\n","protected":false},"featured_media":432,"comment_status":"closed","ping_status":"closed","template":"","meta":[],"product_brand":[],"product_cat":[19],"product_tag":[],"class_list":{"0":"post-430","1":"product","2":"type-product","3":"status-publish","4":"has-post-thumbnail","6":"product_cat-training","8":"first","9":"instock","10":"sale","11":"virtual","12":"purchasable","13":"product-type-simple"},"yoast_head":"<!-- This site is optimized with the Yoast SEO plugin v27.3 - https:\/\/yoast.com\/product\/yoast-seo-wordpress\/ -->\n<title>Monitor\/a de Acuagym - Fitness CEE<\/title>\n<meta name=\"description\" content=\"Sum\u00e9rgete en el mundo del fitness acu\u00e1tico con nuestro curso de Monitor de Aquagym. Aprende a liderar sesiones din\u00e1micas y efectivas en el agua.\" \/>\n<meta name=\"robots\" content=\"index, follow, max-snippet:-1, max-image-preview:large, max-video-preview:-1\" \/>\n<link rel=\"canonical\" href=\"https:\/\/www.centro-cee.com\/fitness\/producto\/monitor-a-de-acuagym\/\" \/>\n<meta property=\"og:locale\" content=\"es_ES\" \/>\n<meta property=\"og:type\" content=\"article\" \/>\n<meta property=\"og:title\" content=\"Monitor\/a de Acuagym - Fitness CEE\" \/>\n<meta property=\"og:description\" content=\"Sum\u00e9rgete en el mundo del fitness acu\u00e1tico con nuestro curso de Monitor de Aquagym. Aprende a liderar sesiones din\u00e1micas y efectivas en el agua.\" \/>\n<meta property=\"og:url\" content=\"https:\/\/www.centro-cee.com\/fitness\/producto\/monitor-a-de-acuagym\/\" \/>\n<meta property=\"og:site_name\" content=\"Fitness CEE\" \/>\n<meta property=\"article:modified_time\" content=\"2024-05-29T13:59:17+00:00\" \/>\n<meta property=\"og:image\" content=\"https:\/\/www.centro-cee.com\/fitness\/wp-content\/uploads\/2024\/03\/cee147.jpg\" \/>\n\t<meta property=\"og:image:width\" content=\"650\" \/>\n\t<meta property=\"og:image:height\" content=\"366\" \/>\n\t<meta property=\"og:image:type\" content=\"image\/jpeg\" \/>\n<meta name=\"twitter:card\" content=\"summary_large_image\" \/>\n<meta name=\"twitter:label1\" content=\"Tiempo de lectura\" \/>\n\t<meta name=\"twitter:data1\" content=\"2 minutos\" \/>\n<script type=\"application\/ld+json\" class=\"yoast-schema-graph\">{\"@context\":\"https:\\\/\\\/schema.org\",\"@graph\":[{\"@type\":\"WebPage\",\"@id\":\"https:\\\/\\\/www.centro-cee.com\\\/fitness\\\/producto\\\/monitor-a-de-acuagym\\\/\",\"url\":\"https:\\\/\\\/www.centro-cee.com\\\/fitness\\\/producto\\\/monitor-a-de-acuagym\\\/\",\"name\":\"Monitor\\\/a de Acuagym - Fitness CEE\",\"isPartOf\":{\"@id\":\"https:\\\/\\\/www.centro-cee.com\\\/fitness\\\/#website\"},\"primaryImageOfPage\":{\"@id\":\"https:\\\/\\\/www.centro-cee.com\\\/fitness\\\/producto\\\/monitor-a-de-acuagym\\\/#primaryimage\"},\"image\":{\"@id\":\"https:\\\/\\\/www.centro-cee.com\\\/fitness\\\/producto\\\/monitor-a-de-acuagym\\\/#primaryimage\"},\"thumbnailUrl\":\"https:\\\/\\\/www.centro-cee.com\\\/fitness\\\/wp-content\\\/uploads\\\/2024\\\/03\\\/cee147.jpg\",\"datePublished\":\"2024-03-28T18:29:26+00:00\",\"dateModified\":\"2024-05-29T13:59:17+00:00\",\"description\":\"Sum\u00e9rgete en el mundo del fitness acu\u00e1tico con nuestro curso de Monitor de Aquagym. Aprende a liderar sesiones din\u00e1micas y efectivas en el agua.\",\"breadcrumb\":{\"@id\":\"https:\\\/\\\/www.centro-cee.com\\\/fitness\\\/producto\\\/monitor-a-de-acuagym\\\/#breadcrumb\"},\"inLanguage\":\"es\",\"potentialAction\":[{\"@type\":\"ReadAction\",\"target\":[\"https:\\\/\\\/www.centro-cee.com\\\/fitness\\\/producto\\\/monitor-a-de-acuagym\\\/\"]}]},{\"@type\":\"ImageObject\",\"inLanguage\":\"es\",\"@id\":\"https:\\\/\\\/www.centro-cee.com\\\/fitness\\\/producto\\\/monitor-a-de-acuagym\\\/#primaryimage\",\"url\":\"https:\\\/\\\/www.centro-cee.com\\\/fitness\\\/wp-content\\\/uploads\\\/2024\\\/03\\\/cee147.jpg\",\"contentUrl\":\"https:\\\/\\\/www.centro-cee.com\\\/fitness\\\/wp-content\\\/uploads\\\/2024\\\/03\\\/cee147.jpg\",\"width\":650,\"height\":366},{\"@type\":\"BreadcrumbList\",\"@id\":\"https:\\\/\\\/www.centro-cee.com\\\/fitness\\\/producto\\\/monitor-a-de-acuagym\\\/#breadcrumb\",\"itemListElement\":[{\"@type\":\"ListItem\",\"position\":1,\"name\":\"Portada\",\"item\":\"https:\\\/\\\/www.centro-cee.com\\\/fitness\\\/\"},{\"@type\":\"ListItem\",\"position\":2,\"name\":\"Monitor\\\/a de Acuagym\"}]},{\"@type\":\"WebSite\",\"@id\":\"https:\\\/\\\/www.centro-cee.com\\\/fitness\\\/#website\",\"url\":\"https:\\\/\\\/www.centro-cee.com\\\/fitness\\\/\",\"name\":\"Fitness CEE\",\"description\":\"\",\"publisher\":{\"@id\":\"https:\\\/\\\/www.centro-cee.com\\\/fitness\\\/#organization\"},\"potentialAction\":[{\"@type\":\"SearchAction\",\"target\":{\"@type\":\"EntryPoint\",\"urlTemplate\":\"https:\\\/\\\/www.centro-cee.com\\\/fitness\\\/?s={search_term_string}\"},\"query-input\":{\"@type\":\"PropertyValueSpecification\",\"valueRequired\":true,\"valueName\":\"search_term_string\"}}],\"inLanguage\":\"es\"},{\"@type\":\"Organization\",\"@id\":\"https:\\\/\\\/www.centro-cee.com\\\/fitness\\\/#organization\",\"name\":\"Fitness CEE\",\"url\":\"https:\\\/\\\/www.centro-cee.com\\\/fitness\\\/\",\"logo\":{\"@type\":\"ImageObject\",\"inLanguage\":\"es\",\"@id\":\"https:\\\/\\\/www.centro-cee.com\\\/fitness\\\/#\\\/schema\\\/logo\\\/image\\\/\",\"url\":\"https:\\\/\\\/www.centro-cee.com\\\/fitness\\\/wp-content\\\/uploads\\\/2024\\\/03\\\/l1.png\",\"contentUrl\":\"https:\\\/\\\/www.centro-cee.com\\\/fitness\\\/wp-content\\\/uploads\\\/2024\\\/03\\\/l1.png\",\"width\":786,\"height\":614,\"caption\":\"Fitness CEE\"},\"image\":{\"@id\":\"https:\\\/\\\/www.centro-cee.com\\\/fitness\\\/#\\\/schema\\\/logo\\\/image\\\/\"}}]}<\/script>\n<!-- \/ Yoast SEO plugin. -->","yoast_head_json":{"title":"Monitor\/a de Acuagym - Fitness CEE","description":"Sum\u00e9rgete en el mundo del fitness acu\u00e1tico con nuestro curso de Monitor de Aquagym. Aprende a liderar sesiones din\u00e1micas y efectivas en el agua.","robots":{"index":"index","follow":"follow","max-snippet":"max-snippet:-1","max-image-preview":"max-image-preview:large","max-video-preview":"max-video-preview:-1"},"canonical":"https:\/\/www.centro-cee.com\/fitness\/producto\/monitor-a-de-acuagym\/","og_locale":"es_ES","og_type":"article","og_title":"Monitor\/a de Acuagym - Fitness CEE","og_description":"Sum\u00e9rgete en el mundo del fitness acu\u00e1tico con nuestro curso de Monitor de Aquagym. Aprende a liderar sesiones din\u00e1micas y efectivas en el agua.","og_url":"https:\/\/www.centro-cee.com\/fitness\/producto\/monitor-a-de-acuagym\/","og_site_name":"Fitness CEE","article_modified_time":"2024-05-29T13:59:17+00:00","og_image":[{"width":650,"height":366,"url":"https:\/\/www.centro-cee.com\/fitness\/wp-content\/uploads\/2024\/03\/cee147.jpg","type":"image\/jpeg"}],"twitter_card":"summary_large_image","twitter_misc":{"Tiempo de lectura":"2 minutos"},"schema":{"@context":"https:\/\/schema.org","@graph":[{"@type":"WebPage","@id":"https:\/\/www.centro-cee.com\/fitness\/producto\/monitor-a-de-acuagym\/","url":"https:\/\/www.centro-cee.com\/fitness\/producto\/monitor-a-de-acuagym\/","name":"Monitor\/a de Acuagym - Fitness CEE","isPartOf":{"@id":"https:\/\/www.centro-cee.com\/fitness\/#website"},"primaryImageOfPage":{"@id":"https:\/\/www.centro-cee.com\/fitness\/producto\/monitor-a-de-acuagym\/#primaryimage"},"image":{"@id":"https:\/\/www.centro-cee.com\/fitness\/producto\/monitor-a-de-acuagym\/#primaryimage"},"thumbnailUrl":"https:\/\/www.centro-cee.com\/fitness\/wp-content\/uploads\/2024\/03\/cee147.jpg","datePublished":"2024-03-28T18:29:26+00:00","dateModified":"2024-05-29T13:59:17+00:00","description":"Sum\u00e9rgete en el mundo del fitness acu\u00e1tico con nuestro curso de Monitor de Aquagym. Aprende a liderar sesiones din\u00e1micas y efectivas en el agua.","breadcrumb":{"@id":"https:\/\/www.centro-cee.com\/fitness\/producto\/monitor-a-de-acuagym\/#breadcrumb"},"inLanguage":"es","potentialAction":[{"@type":"ReadAction","target":["https:\/\/www.centro-cee.com\/fitness\/producto\/monitor-a-de-acuagym\/"]}]},{"@type":"ImageObject","inLanguage":"es","@id":"https:\/\/www.centro-cee.com\/fitness\/producto\/monitor-a-de-acuagym\/#primaryimage","url":"https:\/\/www.centro-cee.com\/fitness\/wp-content\/uploads\/2024\/03\/cee147.jpg","contentUrl":"https:\/\/www.centro-cee.com\/fitness\/wp-content\/uploads\/2024\/03\/cee147.jpg","width":650,"height":366},{"@type":"BreadcrumbList","@id":"https:\/\/www.centro-cee.com\/fitness\/producto\/monitor-a-de-acuagym\/#breadcrumb","itemListElement":[{"@type":"ListItem","position":1,"name":"Portada","item":"https:\/\/www.centro-cee.com\/fitness\/"},{"@type":"ListItem","position":2,"name":"Monitor\/a de Acuagym"}]},{"@type":"WebSite","@id":"https:\/\/www.centro-cee.com\/fitness\/#website","url":"https:\/\/www.centro-cee.com\/fitness\/","name":"Fitness CEE","description":"","publisher":{"@id":"https:\/\/www.centro-cee.com\/fitness\/#organization"},"potentialAction":[{"@type":"SearchAction","target":{"@type":"EntryPoint","urlTemplate":"https:\/\/www.centro-cee.com\/fitness\/?s={search_term_string}"},"query-input":{"@type":"PropertyValueSpecification","valueRequired":true,"valueName":"search_term_string"}}],"inLanguage":"es"},{"@type":"Organization","@id":"https:\/\/www.centro-cee.com\/fitness\/#organization","name":"Fitness CEE","url":"https:\/\/www.centro-cee.com\/fitness\/","logo":{"@type":"ImageObject","inLanguage":"es","@id":"https:\/\/www.centro-cee.com\/fitness\/#\/schema\/logo\/image\/","url":"https:\/\/www.centro-cee.com\/fitness\/wp-content\/uploads\/2024\/03\/l1.png","contentUrl":"https:\/\/www.centro-cee.com\/fitness\/wp-content\/uploads\/2024\/03\/l1.png","width":786,"height":614,"caption":"Fitness CEE"},"image":{"@id":"https:\/\/www.centro-cee.com\/fitness\/#\/schema\/logo\/image\/"}}]}},"jetpack_sharing_enabled":true,"_links":{"self":[{"href":"https:\/\/www.centro-cee.com\/fitness\/wp-json\/wp\/v2\/product\/430","targetHints":{"allow":["GET"]}}],"collection":[{"href":"https:\/\/www.centro-cee.com\/fitness\/wp-json\/wp\/v2\/product"}],"about":[{"href":"https:\/\/www.centro-cee.com\/fitness\/wp-json\/wp\/v2\/types\/product"}],"replies":[{"embeddable":true,"href":"https:\/\/www.centro-cee.com\/fitness\/wp-json\/wp\/v2\/comments?post=430"}],"wp:featuredmedia":[{"embeddable":true,"href":"https:\/\/www.centro-cee.com\/fitness\/wp-json\/wp\/v2\/media\/432"}],"wp:attachment":[{"href":"https:\/\/www.centro-cee.com\/fitness\/wp-json\/wp\/v2\/media?parent=430"}],"wp:term":[{"taxonomy":"product_brand","embeddable":true,"href":"https:\/\/www.centro-cee.com\/fitness\/wp-json\/wp\/v2\/product_brand?post=430"},{"taxonomy":"product_cat","embeddable":true,"href":"https:\/\/www.centro-cee.com\/fitness\/wp-json\/wp\/v2\/product_cat?post=430"},{"taxonomy":"product_tag","embeddable":true,"href":"https:\/\/www.centro-cee.com\/fitness\/wp-json\/wp\/v2\/product_tag?post=430"}],"curies":[{"name":"wp","href":"https:\/\/api.w.org\/{rel}","templated":true}]}}