{"id":426,"date":"2024-03-28T19:14:44","date_gmt":"2024-03-28T18:14:44","guid":{"rendered":"http:\/\/www.centro-cee.com\/fitness\/?post_type=product&#038;p=426"},"modified":"2024-05-29T15:59:32","modified_gmt":"2024-05-29T13:59:32","slug":"instructor-a-de-ciclo-indoor","status":"publish","type":"product","link":"https:\/\/www.centro-cee.com\/fitness\/producto\/instructor-a-de-ciclo-indoor\/","title":{"rendered":"Instructor\/a de Ciclo Indoor"},"content":{"rendered":"<hr \/>\n<p><strong>1. BASES ANAT\u00d3MICAS<\/strong><\/p>\n<ol>\n<li>Huesos<\/li>\n<li>Generalidades<\/li>\n<\/ol>\n<p><strong>2. LAS ARTICULACIONES DEL CUERPO HUMANO<\/strong><\/p>\n<ol>\n<li>Articulaci\u00f3n Tibio-Tarsiana o Tibio-peroneo Astragalina<\/li>\n<li>Articulaci\u00f3n de la rodilla<\/li>\n<li>Articulaci\u00f3n coxo-femoral<\/li>\n<li>Articulaci\u00f3n espacio humeral<\/li>\n<\/ol>\n<p><strong>3. ELEMENTOS DEL APARATO LOCOMOTOR<\/strong><\/p>\n<ol>\n<li>Teor\u00eda psicocin\u00e9tica<\/li>\n<li>El movimiento<\/li>\n<li>Las articulaciones<\/li>\n<li>El esqueleto humano<\/li>\n<li>Los m\u00fasculos<\/li>\n<li>Las acciones musculares m\u00e1s usuales<\/li>\n<\/ol>\n<p><strong>4. FUNCIONAMIENTO DEL METABOLISMO<\/strong><\/p>\n<ol>\n<li>Introducci\u00f3n al metabolismo y al sistema aer\u00f3bico y anaer\u00f3bico de aporte de Energ\u00eda<\/li>\n<li>Historia<\/li>\n<li>Investigaci\u00f3n y manipulaci\u00f3n<\/li>\n<li>Biomol\u00e9culas principales<\/li>\n<li>Catabolismo<\/li>\n<li>Anabolismo<\/li>\n<li>Xenobi\u00f3ticos y metabolismo reductor<\/li>\n<li>Homeostasis: regulaci\u00f3n y control<\/li>\n<li>Termodin\u00e1mica de los organismos vivos<\/li>\n<\/ol>\n<p><strong>5. INTRODUCCI\u00d3N AL CICLO-INDOOR. (SPINNING)<\/strong><\/p>\n<ol>\n<li>Consideraciones generales<\/li>\n<li>El instructor<\/li>\n<li>La bicicleta<\/li>\n<li>La sala donde realizar Ciclo-Indoor<\/li>\n<li>Ventajas y desventajas de la pr\u00e1ctica del Ciclo-Indoor<\/li>\n<\/ol>\n<p><strong>6. LAS SESIONES DE CICLO-INDOOR<\/strong><\/p>\n<ol>\n<li>\u00bfC\u00f3mo realizar una sesi\u00f3n de Ciclo-Indoor?<\/li>\n<\/ol>\n<p><strong>7. REACCI\u00d3N DEL CUERPO ANTE EL EJERCICIO F\u00cdSICO<\/strong><\/p>\n<ol>\n<li>Utilizaci\u00f3n de sustratos metab\u00f3licos durante el ejercicio f\u00edsico<\/li>\n<li>Hidratos de carbono<\/li>\n<li>L\u00edpidos<\/li>\n<li>Prote\u00ednas<\/li>\n<li>Adaptaciones org\u00e1nicas en el ejercicio<\/li>\n<\/ol>\n<p><strong>UNIDAD DID\u00c1CTICA 8. CONOCIMIENTO B\u00c1SICO PARA UN CORRECTO ENTRENAMIENTO<\/strong><\/p>\n<ol>\n<li>Introducci\u00f3n al entrenamiento<\/li>\n<li>Teor\u00edas que explican los fen\u00f3menos de adaptaci\u00f3n del organismo a los esfuerzos<\/li>\n<li>Factores que intervienen en el entrenamiento de la condici\u00f3n f\u00edsica<\/li>\n<li>Recomendaciones para iniciar un entrenamiento de actividad f\u00edsica dirigido a la mejora de la salud<\/li>\n<\/ol>\n<p><strong>9. LA IMPORTANCIA DE UNA BUENA ALIMENTACI\u00d3N<\/strong><\/p>\n<ol>\n<li>Conceptos generales<\/li>\n<li>Necesidad de nutrientes<\/li>\n<li>Coste energ\u00e9tico<\/li>\n<li>La mujer y el deporte<\/li>\n<li>Deshidrataci\u00f3n y rendimiento f\u00edsico<\/li>\n<li>Bebidas para deportistas<\/li>\n<li>La cocina y el deporte<\/li>\n<\/ol>\n<p><strong>10. LESIONES Y PREVENCI\u00d3N EN EL CICLO-INDOOR<\/strong><\/p>\n<ol>\n<li>Introducci\u00f3n a las lesiones deportivas<\/li>\n<li>Definici\u00f3n<\/li>\n<li>La prevenci\u00f3n<\/li>\n<li>Tratamiento<\/li>\n<li>Lesiones deportivas m\u00e1s frecuentes<\/li>\n<li>\u00bfQu\u00e9 puedes hacer si te lesionas?<\/li>\n<li>Aspectos a considerar para una pr\u00e1ctica segura en Ciclo-Indoor<\/li>\n<\/ol>\n<p><strong>11. PRIMEROS AUXILIOS EN LA ACTIVIDAD DEPORTIVA<\/strong><\/p>\n<ol>\n<li>Introducci\u00f3n a los primeros auxilios<\/li>\n<li>Paro cardiorrespiratorio<\/li>\n<li>Hemorragias<\/li>\n<li>Heridas<\/li>\n<li>Quemaduras<\/li>\n<li>Cuerpos Extra\u00f1os<\/li>\n<li>Intoxicaciones<\/li>\n<\/ol>\n<p><strong>II. FORMACI\u00d3N PR\u00c1CTICA: CICLO INDOOR (VIDEOS INTERACTIVOS)<\/strong><\/p>\n<ol>\n<li>Introducci\u00f3n<\/li>\n<li>La bicicleta<\/li>\n<li>El instructor<\/li>\n<li>An\u00e1lisis motor<\/li>\n<li>Estructura de la clase.<\/li>\n<\/ol>\n<p>&nbsp;<\/p>\n","protected":false},"excerpt":{"rendered":"<p>Incluye la biomec\u00e1nica y la fisiolog\u00eda del ciclismo indoor, as\u00ed como la correcta configuraci\u00f3n y ajuste de las bicicletas est\u00e1ticas para garantizar una posici\u00f3n c\u00f3moda y segura durante el entrenamiento. Adem\u00e1s, se estudian t\u00e9cnicas de pedaleo eficientes y diferentes posiciones en el manillar y el sill\u00edn para optimizar el rendimiento y prevenir lesiones.<\/p>\n<p>Los estudiantes tambi\u00e9n aprenden a dise\u00f1ar y estructurar sesiones de entrenamiento de ciclo indoor, incluyendo la selecci\u00f3n y secuencia de la m\u00fasica para crear un ambiente motivador y energizante. Se abordan aspectos relacionados con la intensidad del ejercicio y la aplicaci\u00f3n de resistencia, as\u00ed como estrategias para la variaci\u00f3n y progresi\u00f3n de las rutinas de entrenamiento. Adem\u00e1s, se suelen explorar consideraciones sobre la seguridad y la prevenci\u00f3n de lesiones durante la pr\u00e1ctica de ciclo indoor.<\/p>\n","protected":false},"featured_media":427,"comment_status":"closed","ping_status":"closed","template":"","meta":[],"product_brand":[],"product_cat":[19],"product_tag":[],"class_list":{"0":"post-426","1":"product","2":"type-product","3":"status-publish","4":"has-post-thumbnail","6":"product_cat-training","8":"first","9":"instock","10":"sale","11":"virtual","12":"purchasable","13":"product-type-simple"},"yoast_head":"<!-- This site is optimized with the Yoast SEO plugin v27.3 - https:\/\/yoast.com\/product\/yoast-seo-wordpress\/ -->\n<title>Instructor\/a de Ciclo Indoor - Fitness CEE<\/title>\n<meta name=\"description\" content=\"Convi\u00e9rtete en un experto del ciclismo indoor con nuestro curso. Aprende a liderar sesiones de entrenamiento din\u00e1micas y efectivas.\" \/>\n<meta name=\"robots\" content=\"index, follow, max-snippet:-1, max-image-preview:large, max-video-preview:-1\" \/>\n<link rel=\"canonical\" href=\"https:\/\/www.centro-cee.com\/fitness\/producto\/instructor-a-de-ciclo-indoor\/\" \/>\n<meta property=\"og:locale\" content=\"es_ES\" \/>\n<meta property=\"og:type\" content=\"article\" \/>\n<meta property=\"og:title\" content=\"Instructor\/a de Ciclo Indoor - Fitness CEE\" \/>\n<meta property=\"og:description\" content=\"Convi\u00e9rtete en un experto del ciclismo indoor con nuestro curso. Aprende a liderar sesiones de entrenamiento din\u00e1micas y efectivas.\" \/>\n<meta property=\"og:url\" content=\"https:\/\/www.centro-cee.com\/fitness\/producto\/instructor-a-de-ciclo-indoor\/\" \/>\n<meta property=\"og:site_name\" content=\"Fitness CEE\" \/>\n<meta property=\"article:modified_time\" content=\"2024-05-29T13:59:32+00:00\" \/>\n<meta property=\"og:image\" content=\"https:\/\/www.centro-cee.com\/fitness\/wp-content\/uploads\/2024\/03\/fit0024.jpg\" \/>\n\t<meta property=\"og:image:width\" content=\"750\" \/>\n\t<meta property=\"og:image:height\" content=\"421\" \/>\n\t<meta property=\"og:image:type\" content=\"image\/jpeg\" \/>\n<meta name=\"twitter:card\" content=\"summary_large_image\" \/>\n<meta name=\"twitter:label1\" content=\"Tiempo de lectura\" \/>\n\t<meta name=\"twitter:data1\" content=\"2 minutos\" \/>\n<script type=\"application\/ld+json\" class=\"yoast-schema-graph\">{\"@context\":\"https:\\\/\\\/schema.org\",\"@graph\":[{\"@type\":\"WebPage\",\"@id\":\"https:\\\/\\\/www.centro-cee.com\\\/fitness\\\/producto\\\/instructor-a-de-ciclo-indoor\\\/\",\"url\":\"https:\\\/\\\/www.centro-cee.com\\\/fitness\\\/producto\\\/instructor-a-de-ciclo-indoor\\\/\",\"name\":\"Instructor\\\/a de Ciclo Indoor - Fitness CEE\",\"isPartOf\":{\"@id\":\"https:\\\/\\\/www.centro-cee.com\\\/fitness\\\/#website\"},\"primaryImageOfPage\":{\"@id\":\"https:\\\/\\\/www.centro-cee.com\\\/fitness\\\/producto\\\/instructor-a-de-ciclo-indoor\\\/#primaryimage\"},\"image\":{\"@id\":\"https:\\\/\\\/www.centro-cee.com\\\/fitness\\\/producto\\\/instructor-a-de-ciclo-indoor\\\/#primaryimage\"},\"thumbnailUrl\":\"https:\\\/\\\/www.centro-cee.com\\\/fitness\\\/wp-content\\\/uploads\\\/2024\\\/03\\\/fit0024.jpg\",\"datePublished\":\"2024-03-28T18:14:44+00:00\",\"dateModified\":\"2024-05-29T13:59:32+00:00\",\"description\":\"Convi\u00e9rtete en un experto del ciclismo indoor con nuestro curso. Aprende a liderar sesiones de entrenamiento din\u00e1micas y efectivas.\",\"breadcrumb\":{\"@id\":\"https:\\\/\\\/www.centro-cee.com\\\/fitness\\\/producto\\\/instructor-a-de-ciclo-indoor\\\/#breadcrumb\"},\"inLanguage\":\"es\",\"potentialAction\":[{\"@type\":\"ReadAction\",\"target\":[\"https:\\\/\\\/www.centro-cee.com\\\/fitness\\\/producto\\\/instructor-a-de-ciclo-indoor\\\/\"]}]},{\"@type\":\"ImageObject\",\"inLanguage\":\"es\",\"@id\":\"https:\\\/\\\/www.centro-cee.com\\\/fitness\\\/producto\\\/instructor-a-de-ciclo-indoor\\\/#primaryimage\",\"url\":\"https:\\\/\\\/www.centro-cee.com\\\/fitness\\\/wp-content\\\/uploads\\\/2024\\\/03\\\/fit0024.jpg\",\"contentUrl\":\"https:\\\/\\\/www.centro-cee.com\\\/fitness\\\/wp-content\\\/uploads\\\/2024\\\/03\\\/fit0024.jpg\",\"width\":750,\"height\":421},{\"@type\":\"BreadcrumbList\",\"@id\":\"https:\\\/\\\/www.centro-cee.com\\\/fitness\\\/producto\\\/instructor-a-de-ciclo-indoor\\\/#breadcrumb\",\"itemListElement\":[{\"@type\":\"ListItem\",\"position\":1,\"name\":\"Portada\",\"item\":\"https:\\\/\\\/www.centro-cee.com\\\/fitness\\\/\"},{\"@type\":\"ListItem\",\"position\":2,\"name\":\"Instructor\\\/a de Ciclo Indoor\"}]},{\"@type\":\"WebSite\",\"@id\":\"https:\\\/\\\/www.centro-cee.com\\\/fitness\\\/#website\",\"url\":\"https:\\\/\\\/www.centro-cee.com\\\/fitness\\\/\",\"name\":\"Fitness CEE\",\"description\":\"\",\"publisher\":{\"@id\":\"https:\\\/\\\/www.centro-cee.com\\\/fitness\\\/#organization\"},\"potentialAction\":[{\"@type\":\"SearchAction\",\"target\":{\"@type\":\"EntryPoint\",\"urlTemplate\":\"https:\\\/\\\/www.centro-cee.com\\\/fitness\\\/?s={search_term_string}\"},\"query-input\":{\"@type\":\"PropertyValueSpecification\",\"valueRequired\":true,\"valueName\":\"search_term_string\"}}],\"inLanguage\":\"es\"},{\"@type\":\"Organization\",\"@id\":\"https:\\\/\\\/www.centro-cee.com\\\/fitness\\\/#organization\",\"name\":\"Fitness CEE\",\"url\":\"https:\\\/\\\/www.centro-cee.com\\\/fitness\\\/\",\"logo\":{\"@type\":\"ImageObject\",\"inLanguage\":\"es\",\"@id\":\"https:\\\/\\\/www.centro-cee.com\\\/fitness\\\/#\\\/schema\\\/logo\\\/image\\\/\",\"url\":\"https:\\\/\\\/www.centro-cee.com\\\/fitness\\\/wp-content\\\/uploads\\\/2024\\\/03\\\/l1.png\",\"contentUrl\":\"https:\\\/\\\/www.centro-cee.com\\\/fitness\\\/wp-content\\\/uploads\\\/2024\\\/03\\\/l1.png\",\"width\":786,\"height\":614,\"caption\":\"Fitness CEE\"},\"image\":{\"@id\":\"https:\\\/\\\/www.centro-cee.com\\\/fitness\\\/#\\\/schema\\\/logo\\\/image\\\/\"}}]}<\/script>\n<!-- \/ Yoast SEO plugin. -->","yoast_head_json":{"title":"Instructor\/a de Ciclo Indoor - Fitness CEE","description":"Convi\u00e9rtete en un experto del ciclismo indoor con nuestro curso. Aprende a liderar sesiones de entrenamiento din\u00e1micas y efectivas.","robots":{"index":"index","follow":"follow","max-snippet":"max-snippet:-1","max-image-preview":"max-image-preview:large","max-video-preview":"max-video-preview:-1"},"canonical":"https:\/\/www.centro-cee.com\/fitness\/producto\/instructor-a-de-ciclo-indoor\/","og_locale":"es_ES","og_type":"article","og_title":"Instructor\/a de Ciclo Indoor - Fitness CEE","og_description":"Convi\u00e9rtete en un experto del ciclismo indoor con nuestro curso. Aprende a liderar sesiones de entrenamiento din\u00e1micas y efectivas.","og_url":"https:\/\/www.centro-cee.com\/fitness\/producto\/instructor-a-de-ciclo-indoor\/","og_site_name":"Fitness CEE","article_modified_time":"2024-05-29T13:59:32+00:00","og_image":[{"width":750,"height":421,"url":"https:\/\/www.centro-cee.com\/fitness\/wp-content\/uploads\/2024\/03\/fit0024.jpg","type":"image\/jpeg"}],"twitter_card":"summary_large_image","twitter_misc":{"Tiempo de lectura":"2 minutos"},"schema":{"@context":"https:\/\/schema.org","@graph":[{"@type":"WebPage","@id":"https:\/\/www.centro-cee.com\/fitness\/producto\/instructor-a-de-ciclo-indoor\/","url":"https:\/\/www.centro-cee.com\/fitness\/producto\/instructor-a-de-ciclo-indoor\/","name":"Instructor\/a de Ciclo Indoor - Fitness CEE","isPartOf":{"@id":"https:\/\/www.centro-cee.com\/fitness\/#website"},"primaryImageOfPage":{"@id":"https:\/\/www.centro-cee.com\/fitness\/producto\/instructor-a-de-ciclo-indoor\/#primaryimage"},"image":{"@id":"https:\/\/www.centro-cee.com\/fitness\/producto\/instructor-a-de-ciclo-indoor\/#primaryimage"},"thumbnailUrl":"https:\/\/www.centro-cee.com\/fitness\/wp-content\/uploads\/2024\/03\/fit0024.jpg","datePublished":"2024-03-28T18:14:44+00:00","dateModified":"2024-05-29T13:59:32+00:00","description":"Convi\u00e9rtete en un experto del ciclismo indoor con nuestro curso. Aprende a liderar sesiones de entrenamiento din\u00e1micas y efectivas.","breadcrumb":{"@id":"https:\/\/www.centro-cee.com\/fitness\/producto\/instructor-a-de-ciclo-indoor\/#breadcrumb"},"inLanguage":"es","potentialAction":[{"@type":"ReadAction","target":["https:\/\/www.centro-cee.com\/fitness\/producto\/instructor-a-de-ciclo-indoor\/"]}]},{"@type":"ImageObject","inLanguage":"es","@id":"https:\/\/www.centro-cee.com\/fitness\/producto\/instructor-a-de-ciclo-indoor\/#primaryimage","url":"https:\/\/www.centro-cee.com\/fitness\/wp-content\/uploads\/2024\/03\/fit0024.jpg","contentUrl":"https:\/\/www.centro-cee.com\/fitness\/wp-content\/uploads\/2024\/03\/fit0024.jpg","width":750,"height":421},{"@type":"BreadcrumbList","@id":"https:\/\/www.centro-cee.com\/fitness\/producto\/instructor-a-de-ciclo-indoor\/#breadcrumb","itemListElement":[{"@type":"ListItem","position":1,"name":"Portada","item":"https:\/\/www.centro-cee.com\/fitness\/"},{"@type":"ListItem","position":2,"name":"Instructor\/a de Ciclo Indoor"}]},{"@type":"WebSite","@id":"https:\/\/www.centro-cee.com\/fitness\/#website","url":"https:\/\/www.centro-cee.com\/fitness\/","name":"Fitness CEE","description":"","publisher":{"@id":"https:\/\/www.centro-cee.com\/fitness\/#organization"},"potentialAction":[{"@type":"SearchAction","target":{"@type":"EntryPoint","urlTemplate":"https:\/\/www.centro-cee.com\/fitness\/?s={search_term_string}"},"query-input":{"@type":"PropertyValueSpecification","valueRequired":true,"valueName":"search_term_string"}}],"inLanguage":"es"},{"@type":"Organization","@id":"https:\/\/www.centro-cee.com\/fitness\/#organization","name":"Fitness CEE","url":"https:\/\/www.centro-cee.com\/fitness\/","logo":{"@type":"ImageObject","inLanguage":"es","@id":"https:\/\/www.centro-cee.com\/fitness\/#\/schema\/logo\/image\/","url":"https:\/\/www.centro-cee.com\/fitness\/wp-content\/uploads\/2024\/03\/l1.png","contentUrl":"https:\/\/www.centro-cee.com\/fitness\/wp-content\/uploads\/2024\/03\/l1.png","width":786,"height":614,"caption":"Fitness CEE"},"image":{"@id":"https:\/\/www.centro-cee.com\/fitness\/#\/schema\/logo\/image\/"}}]}},"jetpack_sharing_enabled":true,"_links":{"self":[{"href":"https:\/\/www.centro-cee.com\/fitness\/wp-json\/wp\/v2\/product\/426","targetHints":{"allow":["GET"]}}],"collection":[{"href":"https:\/\/www.centro-cee.com\/fitness\/wp-json\/wp\/v2\/product"}],"about":[{"href":"https:\/\/www.centro-cee.com\/fitness\/wp-json\/wp\/v2\/types\/product"}],"replies":[{"embeddable":true,"href":"https:\/\/www.centro-cee.com\/fitness\/wp-json\/wp\/v2\/comments?post=426"}],"wp:featuredmedia":[{"embeddable":true,"href":"https:\/\/www.centro-cee.com\/fitness\/wp-json\/wp\/v2\/media\/427"}],"wp:attachment":[{"href":"https:\/\/www.centro-cee.com\/fitness\/wp-json\/wp\/v2\/media?parent=426"}],"wp:term":[{"taxonomy":"product_brand","embeddable":true,"href":"https:\/\/www.centro-cee.com\/fitness\/wp-json\/wp\/v2\/product_brand?post=426"},{"taxonomy":"product_cat","embeddable":true,"href":"https:\/\/www.centro-cee.com\/fitness\/wp-json\/wp\/v2\/product_cat?post=426"},{"taxonomy":"product_tag","embeddable":true,"href":"https:\/\/www.centro-cee.com\/fitness\/wp-json\/wp\/v2\/product_tag?post=426"}],"curies":[{"name":"wp","href":"https:\/\/api.w.org\/{rel}","templated":true}]}}