{"id":424,"date":"2024-03-28T19:08:26","date_gmt":"2024-03-28T18:08:26","guid":{"rendered":"http:\/\/www.centro-cee.com\/fitness\/?post_type=product&#038;p=424"},"modified":"2024-05-29T15:59:41","modified_gmt":"2024-05-29T13:59:41","slug":"fisioterapia","status":"publish","type":"product","link":"https:\/\/www.centro-cee.com\/fitness\/producto\/fisioterapia\/","title":{"rendered":"Fisioterapia"},"content":{"rendered":"<hr \/>\n<p><strong>\u00a01. TIPOS DE CENTROS SANITARIOS EN EL SISTEMA SANITARIO ESPA\u00d1OL<\/strong><\/p>\n<ol>\n<li>Introducci\u00f3n<\/li>\n<li>Niveles de intervenci\u00f3n en el Sistema Nacional de Salud<\/li>\n<\/ol>\n<p><strong>2. ORGANIZACI\u00d3N FUNCIONAL Y ORG\u00c1NICA DE LOS CENTROS SANITARIOS<\/strong><\/p>\n<ol>\n<li>Introducci\u00f3n<\/li>\n<li>\u00d3rganos de direcci\u00f3n de un hospital<\/li>\n<li>\u00d3rganos de direcci\u00f3n de un centro de salud<\/li>\n<\/ol>\n<p><strong>3. TIPOS DE DOCUMENTOS EN EL \u00c1MBITO SANITARIO<\/strong><\/p>\n<ol>\n<li>Introducci\u00f3n<\/li>\n<li>Documentaci\u00f3n sanitaria. La historia cl\u00ednica<\/li>\n<li>Documentaci\u00f3n administrativa<\/li>\n<\/ol>\n<p><strong>4. V\u00cdAS DE ATENCI\u00d3N SANITARIA AL PACIENTE<\/strong><\/p>\n<ol>\n<li>Introducci\u00f3n<\/li>\n<li>La petici\u00f3n de citas<\/li>\n<li>Consulta sin cita previa<\/li>\n<li>Visita domiciliaria<\/li>\n<li>Servicio de urgencias<\/li>\n<li>\u00d3rdenes de prioridad en la atenci\u00f3n<\/li>\n<li>M\u00d3DULO II. INTRODUCCI\u00d3N A LA FISIOTERAPIA<\/li>\n<\/ol>\n<p><strong>5. CONCEPTOS B\u00c1SICOS: SALUD Y ATENCI\u00d3N SANITARIA<\/strong><\/p>\n<ol>\n<li>Concepto de salud<\/li>\n<li>Medicina comunitaria, Sistema Sanitario y atenci\u00f3n sanitaria<\/li>\n<\/ol>\n<p><strong>6. LA FISIOTERAPIA COMO PROCESO<\/strong><\/p>\n<ol>\n<li>Primer acercamiento a la fisioterapia<\/li>\n<li>El proceso fisioterap\u00e9utico<\/li>\n<\/ol>\n<p><strong>7. FUNDAMENTOS F\u00cdSICOS Y ANAT\u00d3MICOS DE LA FISIOTERAPIA<\/strong><\/p>\n<ol>\n<li>Fundamentos f\u00edsicos del movimiento<\/li>\n<li>Fundamentos anat\u00f3micos del movimiento<\/li>\n<li>M\u00d3DULO III. ANATOM\u00cdA Y FISIOLOG\u00cdA HUMANA<\/li>\n<\/ol>\n<p><strong>8. EL SISTEMA \u00d3SEO<\/strong><\/p>\n<ol>\n<li>Morfolog\u00eda y fisiolog\u00eda \u00f3sea<\/li>\n<li>Desarrollo \u00f3seo<\/li>\n<li>Cabeza<\/li>\n<li>Columna vertebral<\/li>\n<li>Tronco<\/li>\n<li>Extremidades<\/li>\n<li>Cart\u00edlagos<\/li>\n<li>Esqueleto apendicular<\/li>\n<li>Articulaciones y movimientos<\/li>\n<\/ol>\n<p><strong>9. EL SISTEMA MUSCULAR<\/strong><\/p>\n<ol>\n<li>Fisiolog\u00eda muscular<\/li>\n<li>Ligamentos<\/li>\n<li>Musculatura dorsal<\/li>\n<\/ol>\n<p><strong>10. ANATOM\u00cdA REGIONAL (I)<\/strong><\/p>\n<ol>\n<li>Extremidades superiores<\/li>\n<li>Extremidades inferiores<\/li>\n<\/ol>\n<p><strong>11. ANATOM\u00cdA REGIONAL (II)<\/strong><\/p>\n<ol>\n<li>El abdomen<\/li>\n<li>T\u00f3rax<\/li>\n<li>Cabeza y cuello<\/li>\n<\/ol>\n<p><strong>12. EL SISTEMA NERVIOSO<\/strong><\/p>\n<ol>\n<li>El sistema nervioso<\/li>\n<li>Sistema nervioso central<\/li>\n<li>Sistema nervioso perif\u00e9rico<\/li>\n<li>Sistema nervioso aut\u00f3nomo o vegetativo<\/li>\n<\/ol>\n<p><strong>13. EL SISTEMA RESPIRATORIO<\/strong><\/p>\n<ol>\n<li>Introducci\u00f3n<\/li>\n<li>El aparato respiratorio<\/li>\n<li>El proceso respiratorio<\/li>\n<\/ol>\n<p><strong>14. EL SISTEMA DIGESTIVO<\/strong><\/p>\n<ol>\n<li>Introducci\u00f3n al sistema digestivo<\/li>\n<li>La boca<\/li>\n<li>La degluci\u00f3n<\/li>\n<li>El est\u00f3mago<\/li>\n<li>El intestino<\/li>\n<li>El p\u00e1ncreas<\/li>\n<li>El h\u00edgado y la bilis<\/li>\n<li>Movimientos del tracto digestivo<\/li>\n<\/ol>\n<p><strong>15. EL SISTEMA CIRCULATORIO<\/strong><\/p>\n<ol>\n<li>El aparato cardiovascular<\/li>\n<li>Vasos sangu\u00edneos<\/li>\n<li>M\u00d3DULO IV. LA ATENCI\u00d3N AL PACIENTE<\/li>\n<\/ol>\n<p><strong>16. LA COMUNICACI\u00d3N CON EL PACIENTE<\/strong><\/p>\n<ol>\n<li>La comunicaci\u00f3n como punto clave en la relaci\u00f3n con el paciente en fisioterapia<\/li>\n<li>Tipos de comunicaci\u00f3n<\/li>\n<li>Habilidades conversacionales<\/li>\n<li>Dificultades y obst\u00e1culos de la comunicaci\u00f3n<\/li>\n<li>La comunicaci\u00f3n a pacientes<\/li>\n<\/ol>\n<p><strong>17. HABILIDADES SOCIALES<\/strong><\/p>\n<ol>\n<li>Habilidades sociales<\/li>\n<li>El trato al paciente<\/li>\n<\/ol>\n","protected":false},"excerpt":{"rendered":"<div class=\"flex flex-grow flex-col max-w-full\">\n<div class=\"min-h-[20px] text-message flex flex-col items-start gap-3 whitespace-pre-wrap break-words [.text-message+&amp;]:mt-5 overflow-x-auto\" data-message-author-role=\"assistant\" data-message-id=\"13d93d27-713d-49f9-b62d-b0bae2994bac\">\n<div class=\"markdown prose w-full break-words dark:prose-invert light\">\n<p>Obtendr\u00e1s conocimientos detallados sobre anatom\u00eda, biomec\u00e1nica y fisiolog\u00eda aplicadas al contexto deportivo. Se les ense\u00f1a a realizar evaluaciones musculoesquel\u00e9ticas exhaustivas y a utilizar t\u00e9cnicas de tratamiento espec\u00edficas para lesiones deportivas comunes.<\/p>\n<p>Adem\u00e1s, estudian m\u00e9todos de rehabilitaci\u00f3n dise\u00f1ados para acelerar la recuperaci\u00f3n y prevenir la recurrencia de lesiones.<\/p>\n<p>Los estudiantes exploran estrategias de prevenci\u00f3n de lesiones, incluyendo ejercicios de fortalecimiento y estiramiento, as\u00ed como la aplicaci\u00f3n de vendajes funcionales y otras modalidades terap\u00e9uticas.<\/p>\n<p>Tambi\u00e9n adquieren habilidades en la gesti\u00f3n del dolor y la inflamaci\u00f3n, utilizando terapias manuales y t\u00e9cnicas de electroterapia.<\/p>\n<\/div>\n<\/div>\n<\/div>\n","protected":false},"featured_media":425,"comment_status":"closed","ping_status":"closed","template":"","meta":[],"product_brand":[],"product_cat":[19],"product_tag":[],"class_list":{"0":"post-424","1":"product","2":"type-product","3":"status-publish","4":"has-post-thumbnail","6":"product_cat-training","8":"first","9":"instock","10":"sale","11":"virtual","12":"purchasable","13":"product-type-simple"},"yoast_head":"<!-- This site is optimized with the Yoast SEO plugin v27.3 - https:\/\/yoast.com\/product\/yoast-seo-wordpress\/ -->\n<title>Fisioterapia - Fitness CEE<\/title>\n<meta name=\"description\" content=\"Explora el mundo de la fisioterapia con nuestro curso. Aprende t\u00e9cnicas y habilidades para promover la recuperaci\u00f3n y el bienestar f\u00edsico. \u00a1Inscr\u00edbete hoy!\" \/>\n<meta name=\"robots\" content=\"index, follow, max-snippet:-1, max-image-preview:large, max-video-preview:-1\" \/>\n<link rel=\"canonical\" href=\"https:\/\/www.centro-cee.com\/fitness\/producto\/fisioterapia\/\" \/>\n<meta property=\"og:locale\" content=\"es_ES\" \/>\n<meta property=\"og:type\" content=\"article\" \/>\n<meta property=\"og:title\" content=\"Fisioterapia - Fitness CEE\" \/>\n<meta property=\"og:description\" content=\"Explora el mundo de la fisioterapia con nuestro curso. Aprende t\u00e9cnicas y habilidades para promover la recuperaci\u00f3n y el bienestar f\u00edsico. \u00a1Inscr\u00edbete hoy!\" \/>\n<meta property=\"og:url\" content=\"https:\/\/www.centro-cee.com\/fitness\/producto\/fisioterapia\/\" \/>\n<meta property=\"og:site_name\" content=\"Fitness CEE\" \/>\n<meta property=\"article:modified_time\" content=\"2024-05-29T13:59:41+00:00\" \/>\n<meta property=\"og:image\" content=\"https:\/\/www.centro-cee.com\/fitness\/wp-content\/uploads\/2024\/03\/fisio-e1711651693446.jpg\" \/>\n\t<meta property=\"og:image:width\" content=\"320\" \/>\n\t<meta property=\"og:image:height\" content=\"296\" \/>\n\t<meta property=\"og:image:type\" content=\"image\/jpeg\" \/>\n<meta name=\"twitter:card\" content=\"summary_large_image\" \/>\n<meta name=\"twitter:label1\" content=\"Tiempo de lectura\" \/>\n\t<meta name=\"twitter:data1\" content=\"2 minutos\" \/>\n<script type=\"application\/ld+json\" class=\"yoast-schema-graph\">{\"@context\":\"https:\\\/\\\/schema.org\",\"@graph\":[{\"@type\":\"WebPage\",\"@id\":\"https:\\\/\\\/www.centro-cee.com\\\/fitness\\\/producto\\\/fisioterapia\\\/\",\"url\":\"https:\\\/\\\/www.centro-cee.com\\\/fitness\\\/producto\\\/fisioterapia\\\/\",\"name\":\"Fisioterapia - Fitness CEE\",\"isPartOf\":{\"@id\":\"https:\\\/\\\/www.centro-cee.com\\\/fitness\\\/#website\"},\"primaryImageOfPage\":{\"@id\":\"https:\\\/\\\/www.centro-cee.com\\\/fitness\\\/producto\\\/fisioterapia\\\/#primaryimage\"},\"image\":{\"@id\":\"https:\\\/\\\/www.centro-cee.com\\\/fitness\\\/producto\\\/fisioterapia\\\/#primaryimage\"},\"thumbnailUrl\":\"https:\\\/\\\/www.centro-cee.com\\\/fitness\\\/wp-content\\\/uploads\\\/2024\\\/03\\\/fisio-e1711651693446.jpg\",\"datePublished\":\"2024-03-28T18:08:26+00:00\",\"dateModified\":\"2024-05-29T13:59:41+00:00\",\"description\":\"Explora el mundo de la fisioterapia con nuestro curso. Aprende t\u00e9cnicas y habilidades para promover la recuperaci\u00f3n y el bienestar f\u00edsico. \u00a1Inscr\u00edbete hoy!\",\"breadcrumb\":{\"@id\":\"https:\\\/\\\/www.centro-cee.com\\\/fitness\\\/producto\\\/fisioterapia\\\/#breadcrumb\"},\"inLanguage\":\"es\",\"potentialAction\":[{\"@type\":\"ReadAction\",\"target\":[\"https:\\\/\\\/www.centro-cee.com\\\/fitness\\\/producto\\\/fisioterapia\\\/\"]}]},{\"@type\":\"ImageObject\",\"inLanguage\":\"es\",\"@id\":\"https:\\\/\\\/www.centro-cee.com\\\/fitness\\\/producto\\\/fisioterapia\\\/#primaryimage\",\"url\":\"https:\\\/\\\/www.centro-cee.com\\\/fitness\\\/wp-content\\\/uploads\\\/2024\\\/03\\\/fisio-e1711651693446.jpg\",\"contentUrl\":\"https:\\\/\\\/www.centro-cee.com\\\/fitness\\\/wp-content\\\/uploads\\\/2024\\\/03\\\/fisio-e1711651693446.jpg\",\"width\":320,\"height\":296},{\"@type\":\"BreadcrumbList\",\"@id\":\"https:\\\/\\\/www.centro-cee.com\\\/fitness\\\/producto\\\/fisioterapia\\\/#breadcrumb\",\"itemListElement\":[{\"@type\":\"ListItem\",\"position\":1,\"name\":\"Portada\",\"item\":\"https:\\\/\\\/www.centro-cee.com\\\/fitness\\\/\"},{\"@type\":\"ListItem\",\"position\":2,\"name\":\"Fisioterapia\"}]},{\"@type\":\"WebSite\",\"@id\":\"https:\\\/\\\/www.centro-cee.com\\\/fitness\\\/#website\",\"url\":\"https:\\\/\\\/www.centro-cee.com\\\/fitness\\\/\",\"name\":\"Fitness CEE\",\"description\":\"\",\"publisher\":{\"@id\":\"https:\\\/\\\/www.centro-cee.com\\\/fitness\\\/#organization\"},\"potentialAction\":[{\"@type\":\"SearchAction\",\"target\":{\"@type\":\"EntryPoint\",\"urlTemplate\":\"https:\\\/\\\/www.centro-cee.com\\\/fitness\\\/?s={search_term_string}\"},\"query-input\":{\"@type\":\"PropertyValueSpecification\",\"valueRequired\":true,\"valueName\":\"search_term_string\"}}],\"inLanguage\":\"es\"},{\"@type\":\"Organization\",\"@id\":\"https:\\\/\\\/www.centro-cee.com\\\/fitness\\\/#organization\",\"name\":\"Fitness CEE\",\"url\":\"https:\\\/\\\/www.centro-cee.com\\\/fitness\\\/\",\"logo\":{\"@type\":\"ImageObject\",\"inLanguage\":\"es\",\"@id\":\"https:\\\/\\\/www.centro-cee.com\\\/fitness\\\/#\\\/schema\\\/logo\\\/image\\\/\",\"url\":\"https:\\\/\\\/www.centro-cee.com\\\/fitness\\\/wp-content\\\/uploads\\\/2024\\\/03\\\/l1.png\",\"contentUrl\":\"https:\\\/\\\/www.centro-cee.com\\\/fitness\\\/wp-content\\\/uploads\\\/2024\\\/03\\\/l1.png\",\"width\":786,\"height\":614,\"caption\":\"Fitness CEE\"},\"image\":{\"@id\":\"https:\\\/\\\/www.centro-cee.com\\\/fitness\\\/#\\\/schema\\\/logo\\\/image\\\/\"}}]}<\/script>\n<!-- \/ Yoast SEO plugin. -->","yoast_head_json":{"title":"Fisioterapia - Fitness CEE","description":"Explora el mundo de la fisioterapia con nuestro curso. Aprende t\u00e9cnicas y habilidades para promover la recuperaci\u00f3n y el bienestar f\u00edsico. \u00a1Inscr\u00edbete hoy!","robots":{"index":"index","follow":"follow","max-snippet":"max-snippet:-1","max-image-preview":"max-image-preview:large","max-video-preview":"max-video-preview:-1"},"canonical":"https:\/\/www.centro-cee.com\/fitness\/producto\/fisioterapia\/","og_locale":"es_ES","og_type":"article","og_title":"Fisioterapia - Fitness CEE","og_description":"Explora el mundo de la fisioterapia con nuestro curso. Aprende t\u00e9cnicas y habilidades para promover la recuperaci\u00f3n y el bienestar f\u00edsico. \u00a1Inscr\u00edbete hoy!","og_url":"https:\/\/www.centro-cee.com\/fitness\/producto\/fisioterapia\/","og_site_name":"Fitness CEE","article_modified_time":"2024-05-29T13:59:41+00:00","og_image":[{"width":320,"height":296,"url":"https:\/\/www.centro-cee.com\/fitness\/wp-content\/uploads\/2024\/03\/fisio-e1711651693446.jpg","type":"image\/jpeg"}],"twitter_card":"summary_large_image","twitter_misc":{"Tiempo de lectura":"2 minutos"},"schema":{"@context":"https:\/\/schema.org","@graph":[{"@type":"WebPage","@id":"https:\/\/www.centro-cee.com\/fitness\/producto\/fisioterapia\/","url":"https:\/\/www.centro-cee.com\/fitness\/producto\/fisioterapia\/","name":"Fisioterapia - Fitness CEE","isPartOf":{"@id":"https:\/\/www.centro-cee.com\/fitness\/#website"},"primaryImageOfPage":{"@id":"https:\/\/www.centro-cee.com\/fitness\/producto\/fisioterapia\/#primaryimage"},"image":{"@id":"https:\/\/www.centro-cee.com\/fitness\/producto\/fisioterapia\/#primaryimage"},"thumbnailUrl":"https:\/\/www.centro-cee.com\/fitness\/wp-content\/uploads\/2024\/03\/fisio-e1711651693446.jpg","datePublished":"2024-03-28T18:08:26+00:00","dateModified":"2024-05-29T13:59:41+00:00","description":"Explora el mundo de la fisioterapia con nuestro curso. Aprende t\u00e9cnicas y habilidades para promover la recuperaci\u00f3n y el bienestar f\u00edsico. \u00a1Inscr\u00edbete hoy!","breadcrumb":{"@id":"https:\/\/www.centro-cee.com\/fitness\/producto\/fisioterapia\/#breadcrumb"},"inLanguage":"es","potentialAction":[{"@type":"ReadAction","target":["https:\/\/www.centro-cee.com\/fitness\/producto\/fisioterapia\/"]}]},{"@type":"ImageObject","inLanguage":"es","@id":"https:\/\/www.centro-cee.com\/fitness\/producto\/fisioterapia\/#primaryimage","url":"https:\/\/www.centro-cee.com\/fitness\/wp-content\/uploads\/2024\/03\/fisio-e1711651693446.jpg","contentUrl":"https:\/\/www.centro-cee.com\/fitness\/wp-content\/uploads\/2024\/03\/fisio-e1711651693446.jpg","width":320,"height":296},{"@type":"BreadcrumbList","@id":"https:\/\/www.centro-cee.com\/fitness\/producto\/fisioterapia\/#breadcrumb","itemListElement":[{"@type":"ListItem","position":1,"name":"Portada","item":"https:\/\/www.centro-cee.com\/fitness\/"},{"@type":"ListItem","position":2,"name":"Fisioterapia"}]},{"@type":"WebSite","@id":"https:\/\/www.centro-cee.com\/fitness\/#website","url":"https:\/\/www.centro-cee.com\/fitness\/","name":"Fitness CEE","description":"","publisher":{"@id":"https:\/\/www.centro-cee.com\/fitness\/#organization"},"potentialAction":[{"@type":"SearchAction","target":{"@type":"EntryPoint","urlTemplate":"https:\/\/www.centro-cee.com\/fitness\/?s={search_term_string}"},"query-input":{"@type":"PropertyValueSpecification","valueRequired":true,"valueName":"search_term_string"}}],"inLanguage":"es"},{"@type":"Organization","@id":"https:\/\/www.centro-cee.com\/fitness\/#organization","name":"Fitness CEE","url":"https:\/\/www.centro-cee.com\/fitness\/","logo":{"@type":"ImageObject","inLanguage":"es","@id":"https:\/\/www.centro-cee.com\/fitness\/#\/schema\/logo\/image\/","url":"https:\/\/www.centro-cee.com\/fitness\/wp-content\/uploads\/2024\/03\/l1.png","contentUrl":"https:\/\/www.centro-cee.com\/fitness\/wp-content\/uploads\/2024\/03\/l1.png","width":786,"height":614,"caption":"Fitness CEE"},"image":{"@id":"https:\/\/www.centro-cee.com\/fitness\/#\/schema\/logo\/image\/"}}]}},"jetpack_sharing_enabled":true,"_links":{"self":[{"href":"https:\/\/www.centro-cee.com\/fitness\/wp-json\/wp\/v2\/product\/424","targetHints":{"allow":["GET"]}}],"collection":[{"href":"https:\/\/www.centro-cee.com\/fitness\/wp-json\/wp\/v2\/product"}],"about":[{"href":"https:\/\/www.centro-cee.com\/fitness\/wp-json\/wp\/v2\/types\/product"}],"replies":[{"embeddable":true,"href":"https:\/\/www.centro-cee.com\/fitness\/wp-json\/wp\/v2\/comments?post=424"}],"wp:featuredmedia":[{"embeddable":true,"href":"https:\/\/www.centro-cee.com\/fitness\/wp-json\/wp\/v2\/media\/425"}],"wp:attachment":[{"href":"https:\/\/www.centro-cee.com\/fitness\/wp-json\/wp\/v2\/media?parent=424"}],"wp:term":[{"taxonomy":"product_brand","embeddable":true,"href":"https:\/\/www.centro-cee.com\/fitness\/wp-json\/wp\/v2\/product_brand?post=424"},{"taxonomy":"product_cat","embeddable":true,"href":"https:\/\/www.centro-cee.com\/fitness\/wp-json\/wp\/v2\/product_cat?post=424"},{"taxonomy":"product_tag","embeddable":true,"href":"https:\/\/www.centro-cee.com\/fitness\/wp-json\/wp\/v2\/product_tag?post=424"}],"curies":[{"name":"wp","href":"https:\/\/api.w.org\/{rel}","templated":true}]}}