{"id":313,"date":"2024-03-26T21:09:25","date_gmt":"2024-03-26T20:09:25","guid":{"rendered":"http:\/\/www.centro-cee.com\/fitness\/?post_type=product&#038;p=313"},"modified":"2024-04-01T19:57:03","modified_gmt":"2024-04-01T17:57:03","slug":"monitor-a-de-pilates","status":"publish","type":"product","link":"https:\/\/www.centro-cee.com\/fitness\/producto\/monitor-a-de-pilates\/","title":{"rendered":"Monitor\/a de Pilates"},"content":{"rendered":"<hr \/>\n<p><strong>1. APROXIMACI\u00d3N Y BREVE HISTORIA DEL PILATES<\/strong><br \/>\n1. Inicio y Aproximaci\u00f3n Hist\u00f3rica del M\u00e9todo Pilates<br \/>\n2. Pilates : Principios B\u00e1sicos y Fundamentales<br \/>\n3. Los Aspectos Beneficiosos del M\u00e9todo Pilates<br \/>\n4. \u2026<\/p>\n<p><strong>2. PILATES : ANATOM\u00cdA Y FISIOLOG\u00cdA DEL MOVIMIENTO<\/strong><br \/>\n1. Conceptos b\u00e1sicos en fisioterapia<br \/>\n2. El movimiento: los principios fundamentales anat\u00f3micos<\/p>\n<p><strong>3. APARATO LOCOMOTOR: SISTEMA \u00d3SEO<\/strong><br \/>\n1. La morfolog\u00eda y fisiolog\u00eda \u00f3sea<br \/>\n2. Composici\u00f3n del esqueleto<br \/>\n3. \u2026<\/p>\n<p><strong>4. APARATO LOCOMOTOR: SISTEMA MUSCULAR<\/strong><br \/>\n1. Fisiolog\u00eda muscular<br \/>\n2. Tejido muscular<br \/>\n3. Clasificaci\u00f3n muscular<br \/>\n4. Ligamentos<br \/>\n5. \u2026<\/p>\n<p><strong>5. APARATO RESPIRATORIO<\/strong><br \/>\n1. El sistema respiratorio<br \/>\n2. Fisiolog\u00eda de la respiraci\u00f3n<\/p>\n<p><strong>6. INSTALACI\u00d3N, RECURSOS Y MATERIALES PARA LA INSTRUCCI\u00d3N EN PILATES<\/strong><br \/>\n1. Tipos y caracter\u00edsticas de las instalaciones o sala para la pr\u00e1ctica del Pilates<br \/>\n2. Normativa de construcci\u00f3n y mantenimiento de las instalaciones deportivas habituales para la impartici\u00f3n del Pilates<br \/>\n3. La accesibilidad en las instalaciones deportivas habituales para la impartici\u00f3n del Pilates: barreras arquitect\u00f3nicas y medidas de adaptaci\u00f3n de instalaciones<br \/>\n4. Plan de mantenimiento de las instalaciones deportivas habituales para la impartici\u00f3n del Pilates, sus equipamientos, equipos y materiales<br \/>\n5. \u2026<\/p>\n<p><strong>7. METODOLOG\u00cdA DE INSTRUCCI\u00d3N APLICADA A LAS ACTIVIDADES DE PILATES<\/strong><br \/>\n1. Teor\u00eda y bases fundamentales del aprendizaje y desarrollo motor aplicados al Pilates<br \/>\n2. Metodolog\u00eda did\u00e1ctica y estilos de ense\u00f1anza: adaptaci\u00f3n a la instrucci\u00f3n en Pilates para los diferentes tipos de practicantes<br \/>\n5. Dise\u00f1o y desarrollo de la sesi\u00f3n de Pilates, para su adecuaci\u00f3n a las necesidades \u2026<\/p>\n<p><strong>8. EJERCICIOS EN PILATES<\/strong><br \/>\n1. Sesiones de Pilates<br \/>\n2. Modalidades del M\u00e9todo Pilates<br \/>\n3. \u2026<\/p>\n<p><strong>9. CASOS ESPECIALES EN PILATES<\/strong><br \/>\n1. Embarazadas<br \/>\n2. Artrosis<br \/>\n3. Osteoporosis<br \/>\n4. \u2026<\/p>\n<p><strong>10. NORMALIZACI\u00d3N E INTEGRACI\u00d3N DE LAS PERSONAS CON DISCAPACIDAD EN LAS ACTIVIDADES DE PILATES<\/strong><br \/>\n1. Identificaci\u00f3n de los diferentes tipos de discapacidad<br \/>\n2. Adaptaciones generales de las personas con discapacidad a las actividades de Pilates<br \/>\n3. Adaptaci\u00f3n de las habilidades b\u00e1sicas y espec\u00edficas de las actividades de Pilates a las diferentes capacidades<br \/>\n4. Criterios para la organizaci\u00f3n de las actividades de Pilates adaptadas a las diferentes discapacidades<br \/>\n5. \u2026<\/p>\n<p><strong>11. ALIMENTACI\u00d3N Y NUTRICI\u00d3N EN PILATES<\/strong><br \/>\n1. Conceptos: Salud, enfermedad, alimentaci\u00f3n y nutrici\u00f3n<br \/>\n2. Conceptos asociados<br \/>\n3. Clasificaci\u00f3n de los alimentos<br \/>\n4. Clasificaci\u00f3n de los nutrientes<br \/>\n5. Necesidades de nutrientes: Pir\u00e1mide nutricional<\/p>\n<p><strong>12. LESIONES Y PREVENCI\u00d3N EN PILATES<\/strong><br \/>\n1. Introducci\u00f3n a las lesiones deportivas<br \/>\n2. Definici\u00f3n<br \/>\n3. La prevenci\u00f3n<br \/>\n4. Tratamiento<br \/>\n5. Lesiones deportivas frecuentes<br \/>\n6. \u2026<\/p>\n<p><strong>13. PRIMEROS AUXILIOS<\/strong><br \/>\n1. Introducci\u00f3n a los primeros auxilios<br \/>\n2. Actuaciones en primeros auxilios<br \/>\n3. \u2026<\/p>\n<p><strong>14. PERFIL DEL MONITOR DE PILATES Y SU TRATO CON EL CLIENTE<\/strong><br \/>\n1. El monitor de Pilates<br \/>\n2. Capacidades del monitor de Pilates<br \/>\n3. Comunicaci\u00f3n entre el monitor y el cliente<br \/>\n4. Claves para el \u00e9xito del monitor de Pilates<\/p>\n<p><strong>PILATES MULTIMEDIA<\/strong><\/p>\n<p><strong>1. INTRODUCCI\u00d3N AL M\u00c9TODO PILATES.<\/strong><br \/>\n<strong>2. PALABRAS CLAVE.<\/strong><br \/>\n1. Palabras Clave. Parte I.<br \/>\n2. Palabras Clave. Parte II.<\/p>\n<p><strong>3. EJERCICIOS DE CONCIENCIACI\u00d3N CORPORAL<\/strong><br \/>\n1. La respiraci\u00f3n<br \/>\n2. Control p\u00e9lvico<br \/>\n3. Control escapular<br \/>\n4. Elongaci\u00f3n axial<\/p>\n<p><strong>4. EJERCICIOS B\u00c1SICOS PARA PRINCIPIANTES.<\/strong><br \/>\n1. Hundred (El cien)<br \/>\n2. Half Roll Down (Rodar hasta la mitad)<br \/>\n3. Single Leg Strech (Extensi\u00f3n individual de pierna)<br \/>\n4. Double Leg Strech (Estiramiento doble de piernas)<br \/>\n5. Scissors (Tijeras)<br \/>\n6. Lower Lift (Elevaciones de piernas)<br \/>\n7. \u2026<\/p>\n<p><strong>3. CURSO MULTIMEDIA PILATES AVANZADO<\/strong><br \/>\n<strong>1. INTRODUCCI\u00d3N AL NIVEL AVANZADO.<\/strong><br \/>\n<strong>2. CALENTAMIENTO.<\/strong><br \/>\n1. Movilidad articular<br \/>\n2. Brazos y hombros.<br \/>\n3. Mitad inferior.<\/p>\n<p><strong>3. EJERCICIOS AVANZADOS<\/strong><br \/>\n1. Hundred<br \/>\n2. Half Roll Down<br \/>\n3. One Leg Circle<br \/>\n4. Single Leg Stretch<br \/>\n5. Double Leg Stretch<br \/>\n6. Scissors<br \/>\n7. Lower Lift<br \/>\n8. \u2026<\/p>\n","protected":false},"excerpt":{"rendered":"<p>Los participantes aprenden un enfoque de ejercicio f\u00edsico centrado en fortalecer el cuerpo de manera equilibrada, mejorar la flexibilidad y la postura, y aumentar la conciencia corporal. Se ense\u00f1an una variedad de ejercicios que se realizan en colchonetas o utilizando equipos dise\u00f1ados espec\u00edficamente, como reformadores, cadillac, y barriles.<\/p>\n<p>Los estudiantes aprenden a realizar los movimientos con precisi\u00f3n y control, centr\u00e1ndose en la respiraci\u00f3n adecuada y la alineaci\u00f3n corporal correcta. Adem\u00e1s, se exploran los principios fundamentales del m\u00e9todo Pilates, como la concentraci\u00f3n, la fluidez de movimiento, el centro de energ\u00eda y la precisi\u00f3n. A lo largo del curso, se enfatiza la importancia de la calidad sobre la cantidad de repeticiones, promoviendo as\u00ed un enfoque consciente y seguro para el ejercicio f\u00edsico.<\/p>\n<p>Los participantes tambi\u00e9n pueden aprender a adaptar los ejercicios para satisfacer las necesidades individuales y trabajar con una variedad de poblaciones, desde principiantes hasta atletas de alto rendimiento o personas con condiciones m\u00e9dicas espec\u00edficas.<\/p>\n","protected":false},"featured_media":314,"comment_status":"closed","ping_status":"closed","template":"","meta":[],"product_brand":[],"product_cat":[19],"product_tag":[],"class_list":{"0":"post-313","1":"product","2":"type-product","3":"status-publish","4":"has-post-thumbnail","6":"product_cat-training","8":"first","9":"instock","10":"sale","11":"virtual","12":"purchasable","13":"product-type-simple"},"yoast_head":"<!-- This site is optimized with the Yoast SEO plugin v27.3 - https:\/\/yoast.com\/product\/yoast-seo-wordpress\/ -->\n<title>Monitor\/a de Pilates - Fitness CEE<\/title>\n<meta name=\"robots\" content=\"index, follow, max-snippet:-1, max-image-preview:large, max-video-preview:-1\" \/>\n<link rel=\"canonical\" href=\"https:\/\/www.centro-cee.com\/fitness\/producto\/monitor-a-de-pilates\/\" \/>\n<meta property=\"og:locale\" content=\"es_ES\" \/>\n<meta property=\"og:type\" content=\"article\" \/>\n<meta property=\"og:title\" content=\"Monitor\/a de Pilates - Fitness CEE\" \/>\n<meta property=\"og:description\" content=\"Los participantes aprenden un enfoque de ejercicio f\u00edsico centrado en fortalecer el cuerpo de manera equilibrada, mejorar la flexibilidad y la postura, y aumentar la conciencia corporal. Se ense\u00f1an una variedad de ejercicios que se realizan en colchonetas o utilizando equipos dise\u00f1ados espec\u00edficamente, como reformadores, cadillac, y barriles.  Los estudiantes aprenden a realizar los movimientos con precisi\u00f3n y control, centr\u00e1ndose en la respiraci\u00f3n adecuada y la alineaci\u00f3n corporal correcta. Adem\u00e1s, se exploran los principios fundamentales del m\u00e9todo Pilates, como la concentraci\u00f3n, la fluidez de movimiento, el centro de energ\u00eda y la precisi\u00f3n. A lo largo del curso, se enfatiza la importancia de la calidad sobre la cantidad de repeticiones, promoviendo as\u00ed un enfoque consciente y seguro para el ejercicio f\u00edsico.  Los participantes tambi\u00e9n pueden aprender a adaptar los ejercicios para satisfacer las necesidades individuales y trabajar con una variedad de poblaciones, desde principiantes hasta atletas de alto rendimiento o personas con condiciones m\u00e9dicas espec\u00edficas.\" \/>\n<meta property=\"og:url\" content=\"https:\/\/www.centro-cee.com\/fitness\/producto\/monitor-a-de-pilates\/\" \/>\n<meta property=\"og:site_name\" content=\"Fitness CEE\" \/>\n<meta property=\"article:modified_time\" content=\"2024-04-01T17:57:03+00:00\" \/>\n<meta property=\"og:image\" content=\"https:\/\/www.centro-cee.com\/fitness\/wp-content\/uploads\/2024\/03\/pila-e1711565644344.jpg\" \/>\n\t<meta property=\"og:image:width\" content=\"800\" \/>\n\t<meta property=\"og:image:height\" content=\"516\" \/>\n\t<meta property=\"og:image:type\" content=\"image\/jpeg\" \/>\n<meta name=\"twitter:card\" content=\"summary_large_image\" \/>\n<meta name=\"twitter:label1\" content=\"Tiempo de lectura\" \/>\n\t<meta name=\"twitter:data1\" content=\"3 minutos\" \/>\n<script type=\"application\/ld+json\" class=\"yoast-schema-graph\">{\"@context\":\"https:\\\/\\\/schema.org\",\"@graph\":[{\"@type\":\"WebPage\",\"@id\":\"https:\\\/\\\/www.centro-cee.com\\\/fitness\\\/producto\\\/monitor-a-de-pilates\\\/\",\"url\":\"https:\\\/\\\/www.centro-cee.com\\\/fitness\\\/producto\\\/monitor-a-de-pilates\\\/\",\"name\":\"Monitor\\\/a de Pilates - Fitness CEE\",\"isPartOf\":{\"@id\":\"https:\\\/\\\/www.centro-cee.com\\\/fitness\\\/#website\"},\"primaryImageOfPage\":{\"@id\":\"https:\\\/\\\/www.centro-cee.com\\\/fitness\\\/producto\\\/monitor-a-de-pilates\\\/#primaryimage\"},\"image\":{\"@id\":\"https:\\\/\\\/www.centro-cee.com\\\/fitness\\\/producto\\\/monitor-a-de-pilates\\\/#primaryimage\"},\"thumbnailUrl\":\"https:\\\/\\\/www.centro-cee.com\\\/fitness\\\/wp-content\\\/uploads\\\/2024\\\/03\\\/pila-e1711565644344.jpg\",\"datePublished\":\"2024-03-26T20:09:25+00:00\",\"dateModified\":\"2024-04-01T17:57:03+00:00\",\"breadcrumb\":{\"@id\":\"https:\\\/\\\/www.centro-cee.com\\\/fitness\\\/producto\\\/monitor-a-de-pilates\\\/#breadcrumb\"},\"inLanguage\":\"es\",\"potentialAction\":[{\"@type\":\"ReadAction\",\"target\":[\"https:\\\/\\\/www.centro-cee.com\\\/fitness\\\/producto\\\/monitor-a-de-pilates\\\/\"]}]},{\"@type\":\"ImageObject\",\"inLanguage\":\"es\",\"@id\":\"https:\\\/\\\/www.centro-cee.com\\\/fitness\\\/producto\\\/monitor-a-de-pilates\\\/#primaryimage\",\"url\":\"https:\\\/\\\/www.centro-cee.com\\\/fitness\\\/wp-content\\\/uploads\\\/2024\\\/03\\\/pila-e1711565644344.jpg\",\"contentUrl\":\"https:\\\/\\\/www.centro-cee.com\\\/fitness\\\/wp-content\\\/uploads\\\/2024\\\/03\\\/pila-e1711565644344.jpg\",\"width\":800,\"height\":516},{\"@type\":\"BreadcrumbList\",\"@id\":\"https:\\\/\\\/www.centro-cee.com\\\/fitness\\\/producto\\\/monitor-a-de-pilates\\\/#breadcrumb\",\"itemListElement\":[{\"@type\":\"ListItem\",\"position\":1,\"name\":\"Portada\",\"item\":\"https:\\\/\\\/www.centro-cee.com\\\/fitness\\\/\"},{\"@type\":\"ListItem\",\"position\":2,\"name\":\"Monitor\\\/a de Pilates\"}]},{\"@type\":\"WebSite\",\"@id\":\"https:\\\/\\\/www.centro-cee.com\\\/fitness\\\/#website\",\"url\":\"https:\\\/\\\/www.centro-cee.com\\\/fitness\\\/\",\"name\":\"Fitness CEE\",\"description\":\"\",\"publisher\":{\"@id\":\"https:\\\/\\\/www.centro-cee.com\\\/fitness\\\/#organization\"},\"potentialAction\":[{\"@type\":\"SearchAction\",\"target\":{\"@type\":\"EntryPoint\",\"urlTemplate\":\"https:\\\/\\\/www.centro-cee.com\\\/fitness\\\/?s={search_term_string}\"},\"query-input\":{\"@type\":\"PropertyValueSpecification\",\"valueRequired\":true,\"valueName\":\"search_term_string\"}}],\"inLanguage\":\"es\"},{\"@type\":\"Organization\",\"@id\":\"https:\\\/\\\/www.centro-cee.com\\\/fitness\\\/#organization\",\"name\":\"Fitness CEE\",\"url\":\"https:\\\/\\\/www.centro-cee.com\\\/fitness\\\/\",\"logo\":{\"@type\":\"ImageObject\",\"inLanguage\":\"es\",\"@id\":\"https:\\\/\\\/www.centro-cee.com\\\/fitness\\\/#\\\/schema\\\/logo\\\/image\\\/\",\"url\":\"https:\\\/\\\/www.centro-cee.com\\\/fitness\\\/wp-content\\\/uploads\\\/2024\\\/03\\\/l1.png\",\"contentUrl\":\"https:\\\/\\\/www.centro-cee.com\\\/fitness\\\/wp-content\\\/uploads\\\/2024\\\/03\\\/l1.png\",\"width\":786,\"height\":614,\"caption\":\"Fitness CEE\"},\"image\":{\"@id\":\"https:\\\/\\\/www.centro-cee.com\\\/fitness\\\/#\\\/schema\\\/logo\\\/image\\\/\"}}]}<\/script>\n<!-- \/ Yoast SEO plugin. -->","yoast_head_json":{"title":"Monitor\/a de Pilates - Fitness CEE","robots":{"index":"index","follow":"follow","max-snippet":"max-snippet:-1","max-image-preview":"max-image-preview:large","max-video-preview":"max-video-preview:-1"},"canonical":"https:\/\/www.centro-cee.com\/fitness\/producto\/monitor-a-de-pilates\/","og_locale":"es_ES","og_type":"article","og_title":"Monitor\/a de Pilates - Fitness CEE","og_description":"Los participantes aprenden un enfoque de ejercicio f\u00edsico centrado en fortalecer el cuerpo de manera equilibrada, mejorar la flexibilidad y la postura, y aumentar la conciencia corporal. Se ense\u00f1an una variedad de ejercicios que se realizan en colchonetas o utilizando equipos dise\u00f1ados espec\u00edficamente, como reformadores, cadillac, y barriles.  Los estudiantes aprenden a realizar los movimientos con precisi\u00f3n y control, centr\u00e1ndose en la respiraci\u00f3n adecuada y la alineaci\u00f3n corporal correcta. Adem\u00e1s, se exploran los principios fundamentales del m\u00e9todo Pilates, como la concentraci\u00f3n, la fluidez de movimiento, el centro de energ\u00eda y la precisi\u00f3n. A lo largo del curso, se enfatiza la importancia de la calidad sobre la cantidad de repeticiones, promoviendo as\u00ed un enfoque consciente y seguro para el ejercicio f\u00edsico.  Los participantes tambi\u00e9n pueden aprender a adaptar los ejercicios para satisfacer las necesidades individuales y trabajar con una variedad de poblaciones, desde principiantes hasta atletas de alto rendimiento o personas con condiciones m\u00e9dicas espec\u00edficas.","og_url":"https:\/\/www.centro-cee.com\/fitness\/producto\/monitor-a-de-pilates\/","og_site_name":"Fitness CEE","article_modified_time":"2024-04-01T17:57:03+00:00","og_image":[{"width":800,"height":516,"url":"https:\/\/www.centro-cee.com\/fitness\/wp-content\/uploads\/2024\/03\/pila-e1711565644344.jpg","type":"image\/jpeg"}],"twitter_card":"summary_large_image","twitter_misc":{"Tiempo de lectura":"3 minutos"},"schema":{"@context":"https:\/\/schema.org","@graph":[{"@type":"WebPage","@id":"https:\/\/www.centro-cee.com\/fitness\/producto\/monitor-a-de-pilates\/","url":"https:\/\/www.centro-cee.com\/fitness\/producto\/monitor-a-de-pilates\/","name":"Monitor\/a de Pilates - Fitness CEE","isPartOf":{"@id":"https:\/\/www.centro-cee.com\/fitness\/#website"},"primaryImageOfPage":{"@id":"https:\/\/www.centro-cee.com\/fitness\/producto\/monitor-a-de-pilates\/#primaryimage"},"image":{"@id":"https:\/\/www.centro-cee.com\/fitness\/producto\/monitor-a-de-pilates\/#primaryimage"},"thumbnailUrl":"https:\/\/www.centro-cee.com\/fitness\/wp-content\/uploads\/2024\/03\/pila-e1711565644344.jpg","datePublished":"2024-03-26T20:09:25+00:00","dateModified":"2024-04-01T17:57:03+00:00","breadcrumb":{"@id":"https:\/\/www.centro-cee.com\/fitness\/producto\/monitor-a-de-pilates\/#breadcrumb"},"inLanguage":"es","potentialAction":[{"@type":"ReadAction","target":["https:\/\/www.centro-cee.com\/fitness\/producto\/monitor-a-de-pilates\/"]}]},{"@type":"ImageObject","inLanguage":"es","@id":"https:\/\/www.centro-cee.com\/fitness\/producto\/monitor-a-de-pilates\/#primaryimage","url":"https:\/\/www.centro-cee.com\/fitness\/wp-content\/uploads\/2024\/03\/pila-e1711565644344.jpg","contentUrl":"https:\/\/www.centro-cee.com\/fitness\/wp-content\/uploads\/2024\/03\/pila-e1711565644344.jpg","width":800,"height":516},{"@type":"BreadcrumbList","@id":"https:\/\/www.centro-cee.com\/fitness\/producto\/monitor-a-de-pilates\/#breadcrumb","itemListElement":[{"@type":"ListItem","position":1,"name":"Portada","item":"https:\/\/www.centro-cee.com\/fitness\/"},{"@type":"ListItem","position":2,"name":"Monitor\/a de Pilates"}]},{"@type":"WebSite","@id":"https:\/\/www.centro-cee.com\/fitness\/#website","url":"https:\/\/www.centro-cee.com\/fitness\/","name":"Fitness CEE","description":"","publisher":{"@id":"https:\/\/www.centro-cee.com\/fitness\/#organization"},"potentialAction":[{"@type":"SearchAction","target":{"@type":"EntryPoint","urlTemplate":"https:\/\/www.centro-cee.com\/fitness\/?s={search_term_string}"},"query-input":{"@type":"PropertyValueSpecification","valueRequired":true,"valueName":"search_term_string"}}],"inLanguage":"es"},{"@type":"Organization","@id":"https:\/\/www.centro-cee.com\/fitness\/#organization","name":"Fitness CEE","url":"https:\/\/www.centro-cee.com\/fitness\/","logo":{"@type":"ImageObject","inLanguage":"es","@id":"https:\/\/www.centro-cee.com\/fitness\/#\/schema\/logo\/image\/","url":"https:\/\/www.centro-cee.com\/fitness\/wp-content\/uploads\/2024\/03\/l1.png","contentUrl":"https:\/\/www.centro-cee.com\/fitness\/wp-content\/uploads\/2024\/03\/l1.png","width":786,"height":614,"caption":"Fitness CEE"},"image":{"@id":"https:\/\/www.centro-cee.com\/fitness\/#\/schema\/logo\/image\/"}}]}},"jetpack_sharing_enabled":true,"_links":{"self":[{"href":"https:\/\/www.centro-cee.com\/fitness\/wp-json\/wp\/v2\/product\/313","targetHints":{"allow":["GET"]}}],"collection":[{"href":"https:\/\/www.centro-cee.com\/fitness\/wp-json\/wp\/v2\/product"}],"about":[{"href":"https:\/\/www.centro-cee.com\/fitness\/wp-json\/wp\/v2\/types\/product"}],"replies":[{"embeddable":true,"href":"https:\/\/www.centro-cee.com\/fitness\/wp-json\/wp\/v2\/comments?post=313"}],"wp:featuredmedia":[{"embeddable":true,"href":"https:\/\/www.centro-cee.com\/fitness\/wp-json\/wp\/v2\/media\/314"}],"wp:attachment":[{"href":"https:\/\/www.centro-cee.com\/fitness\/wp-json\/wp\/v2\/media?parent=313"}],"wp:term":[{"taxonomy":"product_brand","embeddable":true,"href":"https:\/\/www.centro-cee.com\/fitness\/wp-json\/wp\/v2\/product_brand?post=313"},{"taxonomy":"product_cat","embeddable":true,"href":"https:\/\/www.centro-cee.com\/fitness\/wp-json\/wp\/v2\/product_cat?post=313"},{"taxonomy":"product_tag","embeddable":true,"href":"https:\/\/www.centro-cee.com\/fitness\/wp-json\/wp\/v2\/product_tag?post=313"}],"curies":[{"name":"wp","href":"https:\/\/api.w.org\/{rel}","templated":true}]}}