{"id":311,"date":"2024-03-26T21:00:46","date_gmt":"2024-03-26T20:00:46","guid":{"rendered":"http:\/\/www.centro-cee.com\/fitness\/?post_type=product&#038;p=311"},"modified":"2024-04-01T20:00:56","modified_gmt":"2024-04-01T18:00:56","slug":"monitor-a-de-trx-crosstraining","status":"publish","type":"product","link":"https:\/\/www.centro-cee.com\/fitness\/producto\/monitor-a-de-trx-crosstraining\/","title":{"rendered":"Monitor\/a de TRX-Crosstraining"},"content":{"rendered":"<hr \/>\n<p>1. BASES ANAT\u00d3MICAS Y FISIOL\u00d3GICAS DEL MOVIMIENTO<br \/>\n1. Introducci\u00f3n.<br \/>\n2. &#8211; Mec\u00e1nica del movimiento.<br \/>\n3. Fundamentos anat\u00f3micos del movimiento.<br \/>\n4. \u2026<br \/>\n2. SISTEMA \u00d3SEO<br \/>\n1. Morfolog\u00eda.<br \/>\n2. Fisiolog\u00eda.<br \/>\n3. Divisi\u00f3n del esqueleto.<br \/>\n4. Desarrollo \u00f3seo.<br \/>\n5. Sistema \u00f3seo.<br \/>\n6. &#8211; Columna vertebral.<br \/>\n7. &#8211; Tronco.<br \/>\n8. &#8211; \u2026<br \/>\n3. FISIOLOG\u00cdA MUSCULAR<br \/>\n1. Introducci\u00f3n<br \/>\n2. Tejido muscular<br \/>\n3. Clasificaci\u00f3n muscular<br \/>\n4. \u2026<br \/>\n4. SISTEMAS ENERG\u00c9TICOS<br \/>\n1. Sistema energ\u00e9tico.<br \/>\n2. ATP (Adenosina Trifosfato).<br \/>\n3. Tipos de fuentes energ\u00e9ticas.<br \/>\n4. &#8230;<br \/>\n5. METABOLISMO EN FISIOLOG\u00cdA DEL EJERCICIO<br \/>\n1. El ejercicio f\u00edsico.<br \/>\n2. &#8211; Clasificaci\u00f3n.<br \/>\n3. &#8211; Efectos fisiol\u00f3gicos del ejercicio f\u00edsico.<br \/>\n4. &#8211; Efectos fisiol\u00f3gicos en ni\u00f1os y adolescentes.<br \/>\n5. &#8211; Fases del ejercicio.<br \/>\n6. \u2026.<br \/>\n6. EL TRX COMO EJERCICIO<br \/>\n1. Concepto y origen del TRX<br \/>\n2. Instalaci\u00f3n y uso del material de TRX<br \/>\n3. &#8211; Descripci\u00f3n del equipo<br \/>\n4. \u2026<br \/>\n7. TEOR\u00cdA DEL ENTRENAMIENTO<br \/>\n1. Introducci\u00f3n al entrenamiento<br \/>\n2. Teor\u00edas que explican los fen\u00f3menos de adaptaci\u00f3n del organismo a los esfuerzos<br \/>\n3. &#8211; S\u00edndrome general de adaptaci\u00f3n del organismo a los esfuerzos<br \/>\n4. &#8211; Ley del umbral (Ley de Shultz-Arnodt)<br \/>\n5. &#8211; Principio de la supercompensaci\u00f3n<br \/>\n6. &#8211; Principios del entrenamiento de la condici\u00f3n f\u00edsica<br \/>\n7. \u2026<br \/>\n8. EL ENTRENAMIENTO EN TRX<br \/>\n1. Agarre, posiciones y \u00e1ngulos de trabajo<br \/>\n2. &#8211; Agarre<br \/>\n3. &#8211; Posiciones<br \/>\n4. &#8211; \u00c1ngulos de trabajo<br \/>\n5. Ejercicios b\u00e1sicos. T\u00e9cnicas de ejecuci\u00f3n<br \/>\n6. &#8211; Sentadillas<br \/>\n7. \u2026<br \/>\n9. EL ENTRENAMIENTO EN CROSSTRAINING<br \/>\n1. Concepto y origen del Crosstraining<br \/>\n2. Instalaci\u00f3n y uso del material de Crosstraining<br \/>\n3. &#8211; Material usado en un box<br \/>\n4. Sesi\u00f3n de entrenamiento de Crosstraining<br \/>\n5. &#8211; Duraci\u00f3n de la sesi\u00f3n<br \/>\n6. \u2026<br \/>\n10. PERFIL DEL MONITOR DE TRX-CROSSTRAINING<br \/>\n1. El monitor de TRX-Crosstraining<br \/>\n2. &#8211; Habilidades y caracter\u00edsticas personales<br \/>\n3. Imagen del instructor<br \/>\n4. &#8211; Comunicaci\u00f3n y motivaci\u00f3n<br \/>\n5. \u2026<br \/>\n11. LESIONES DEPORTIVAS. PREVENCI\u00d3N Y TRATAMIENTO<br \/>\n1. Introducci\u00f3n a las lesiones deportivas.<br \/>\n2. Definici\u00f3n.<br \/>\n3. La prevenci\u00f3n.<br \/>\n4. Tratamiento.<br \/>\n5. Lesiones deportivas frecuentes.<br \/>\n6. \u2026<br \/>\n12. PRIMEROS AUXILIOS<br \/>\n1. Introducci\u00f3n a los primeros auxilios<br \/>\n2. &#8211; Principios b\u00e1sicos de actuaci\u00f3n en primeros auxilios.<br \/>\n3. &#8211; La respiraci\u00f3n.<br \/>\n4. &#8211; El pulso.<br \/>\n5. Actuaciones en primeros auxilios.<br \/>\n6. &#8211; Ahogamiento.<br \/>\n7. \u2026<\/p>\n","protected":false},"excerpt":{"rendered":"<p>Se ense\u00f1an t\u00e9cnicas de entrenamiento funcional que se centran en mejorar la fuerza, la estabilidad, la flexibilidad y la resistencia muscular.<\/p>\n<p>Los estudiantes aprenden a adaptar los ejercicios a diferentes niveles de habilidad y a trabajar con grupos musculares espec\u00edficos utilizando su propio peso corporal como resistencia. Adem\u00e1s, se exploran diferentes modalidades de ejercicio, como el entrenamiento en circuito y el entrenamiento de intervalos de alta intensidad (HIIT), para mejorar la capacidad cardiovascular y quemar calor\u00edas de manera eficiente.<\/p>\n<p>En resumen, el curso de TRX-Crosstraining proporciona a los participantes las habilidades necesarias para llevar a cabo un entrenamiento completo y efectivo utilizando el TRX y otras t\u00e9cnicas de entrenamiento funcional.<\/p>\n","protected":false},"featured_media":312,"comment_status":"closed","ping_status":"closed","template":"","meta":[],"product_brand":[],"product_cat":[15],"product_tag":[],"class_list":{"0":"post-311","1":"product","2":"type-product","3":"status-publish","4":"has-post-thumbnail","6":"product_cat-musculacion","8":"first","9":"instock","10":"sale","11":"virtual","12":"purchasable","13":"product-type-simple"},"yoast_head":"<!-- This site is optimized with the Yoast SEO plugin v27.3 - https:\/\/yoast.com\/product\/yoast-seo-wordpress\/ -->\n<title>Monitor\/a de TRX-Crosstraining - Fitness CEE<\/title>\n<meta name=\"robots\" content=\"index, follow, max-snippet:-1, max-image-preview:large, max-video-preview:-1\" \/>\n<link rel=\"canonical\" href=\"https:\/\/www.centro-cee.com\/fitness\/producto\/monitor-a-de-trx-crosstraining\/\" \/>\n<meta property=\"og:locale\" content=\"es_ES\" \/>\n<meta property=\"og:type\" content=\"article\" \/>\n<meta property=\"og:title\" content=\"Monitor\/a de TRX-Crosstraining - Fitness CEE\" \/>\n<meta property=\"og:description\" content=\"Se ense\u00f1an t\u00e9cnicas de entrenamiento funcional que se centran en mejorar la fuerza, la estabilidad, la flexibilidad y la resistencia muscular.  Los estudiantes aprenden a adaptar los ejercicios a diferentes niveles de habilidad y a trabajar con grupos musculares espec\u00edficos utilizando su propio peso corporal como resistencia. Adem\u00e1s, se exploran diferentes modalidades de ejercicio, como el entrenamiento en circuito y el entrenamiento de intervalos de alta intensidad (HIIT), para mejorar la capacidad cardiovascular y quemar calor\u00edas de manera eficiente.  En resumen, el curso de TRX-Crosstraining proporciona a los participantes las habilidades necesarias para llevar a cabo un entrenamiento completo y efectivo utilizando el TRX y otras t\u00e9cnicas de entrenamiento funcional.\" \/>\n<meta property=\"og:url\" content=\"https:\/\/www.centro-cee.com\/fitness\/producto\/monitor-a-de-trx-crosstraining\/\" \/>\n<meta property=\"og:site_name\" content=\"Fitness CEE\" \/>\n<meta property=\"article:modified_time\" content=\"2024-04-01T18:00:56+00:00\" \/>\n<meta property=\"og:image\" content=\"https:\/\/www.centro-cee.com\/fitness\/wp-content\/uploads\/2024\/03\/cee056-1-e1711566759426.jpg\" \/>\n\t<meta property=\"og:image:width\" content=\"800\" \/>\n\t<meta property=\"og:image:height\" content=\"734\" \/>\n\t<meta property=\"og:image:type\" content=\"image\/jpeg\" \/>\n<meta name=\"twitter:card\" content=\"summary_large_image\" \/>\n<meta name=\"twitter:label1\" content=\"Tiempo de lectura\" \/>\n\t<meta name=\"twitter:data1\" content=\"2 minutos\" \/>\n<script type=\"application\/ld+json\" class=\"yoast-schema-graph\">{\"@context\":\"https:\\\/\\\/schema.org\",\"@graph\":[{\"@type\":\"WebPage\",\"@id\":\"https:\\\/\\\/www.centro-cee.com\\\/fitness\\\/producto\\\/monitor-a-de-trx-crosstraining\\\/\",\"url\":\"https:\\\/\\\/www.centro-cee.com\\\/fitness\\\/producto\\\/monitor-a-de-trx-crosstraining\\\/\",\"name\":\"Monitor\\\/a de TRX-Crosstraining - Fitness CEE\",\"isPartOf\":{\"@id\":\"https:\\\/\\\/www.centro-cee.com\\\/fitness\\\/#website\"},\"primaryImageOfPage\":{\"@id\":\"https:\\\/\\\/www.centro-cee.com\\\/fitness\\\/producto\\\/monitor-a-de-trx-crosstraining\\\/#primaryimage\"},\"image\":{\"@id\":\"https:\\\/\\\/www.centro-cee.com\\\/fitness\\\/producto\\\/monitor-a-de-trx-crosstraining\\\/#primaryimage\"},\"thumbnailUrl\":\"https:\\\/\\\/www.centro-cee.com\\\/fitness\\\/wp-content\\\/uploads\\\/2024\\\/03\\\/cee056-1-e1711566759426.jpg\",\"datePublished\":\"2024-03-26T20:00:46+00:00\",\"dateModified\":\"2024-04-01T18:00:56+00:00\",\"breadcrumb\":{\"@id\":\"https:\\\/\\\/www.centro-cee.com\\\/fitness\\\/producto\\\/monitor-a-de-trx-crosstraining\\\/#breadcrumb\"},\"inLanguage\":\"es\",\"potentialAction\":[{\"@type\":\"ReadAction\",\"target\":[\"https:\\\/\\\/www.centro-cee.com\\\/fitness\\\/producto\\\/monitor-a-de-trx-crosstraining\\\/\"]}]},{\"@type\":\"ImageObject\",\"inLanguage\":\"es\",\"@id\":\"https:\\\/\\\/www.centro-cee.com\\\/fitness\\\/producto\\\/monitor-a-de-trx-crosstraining\\\/#primaryimage\",\"url\":\"https:\\\/\\\/www.centro-cee.com\\\/fitness\\\/wp-content\\\/uploads\\\/2024\\\/03\\\/cee056-1-e1711566759426.jpg\",\"contentUrl\":\"https:\\\/\\\/www.centro-cee.com\\\/fitness\\\/wp-content\\\/uploads\\\/2024\\\/03\\\/cee056-1-e1711566759426.jpg\",\"width\":800,\"height\":734},{\"@type\":\"BreadcrumbList\",\"@id\":\"https:\\\/\\\/www.centro-cee.com\\\/fitness\\\/producto\\\/monitor-a-de-trx-crosstraining\\\/#breadcrumb\",\"itemListElement\":[{\"@type\":\"ListItem\",\"position\":1,\"name\":\"Portada\",\"item\":\"https:\\\/\\\/www.centro-cee.com\\\/fitness\\\/\"},{\"@type\":\"ListItem\",\"position\":2,\"name\":\"Monitor\\\/a de TRX-Crosstraining\"}]},{\"@type\":\"WebSite\",\"@id\":\"https:\\\/\\\/www.centro-cee.com\\\/fitness\\\/#website\",\"url\":\"https:\\\/\\\/www.centro-cee.com\\\/fitness\\\/\",\"name\":\"Fitness CEE\",\"description\":\"\",\"publisher\":{\"@id\":\"https:\\\/\\\/www.centro-cee.com\\\/fitness\\\/#organization\"},\"potentialAction\":[{\"@type\":\"SearchAction\",\"target\":{\"@type\":\"EntryPoint\",\"urlTemplate\":\"https:\\\/\\\/www.centro-cee.com\\\/fitness\\\/?s={search_term_string}\"},\"query-input\":{\"@type\":\"PropertyValueSpecification\",\"valueRequired\":true,\"valueName\":\"search_term_string\"}}],\"inLanguage\":\"es\"},{\"@type\":\"Organization\",\"@id\":\"https:\\\/\\\/www.centro-cee.com\\\/fitness\\\/#organization\",\"name\":\"Fitness CEE\",\"url\":\"https:\\\/\\\/www.centro-cee.com\\\/fitness\\\/\",\"logo\":{\"@type\":\"ImageObject\",\"inLanguage\":\"es\",\"@id\":\"https:\\\/\\\/www.centro-cee.com\\\/fitness\\\/#\\\/schema\\\/logo\\\/image\\\/\",\"url\":\"https:\\\/\\\/www.centro-cee.com\\\/fitness\\\/wp-content\\\/uploads\\\/2024\\\/03\\\/l1.png\",\"contentUrl\":\"https:\\\/\\\/www.centro-cee.com\\\/fitness\\\/wp-content\\\/uploads\\\/2024\\\/03\\\/l1.png\",\"width\":786,\"height\":614,\"caption\":\"Fitness CEE\"},\"image\":{\"@id\":\"https:\\\/\\\/www.centro-cee.com\\\/fitness\\\/#\\\/schema\\\/logo\\\/image\\\/\"}}]}<\/script>\n<!-- \/ Yoast SEO plugin. -->","yoast_head_json":{"title":"Monitor\/a de TRX-Crosstraining - Fitness CEE","robots":{"index":"index","follow":"follow","max-snippet":"max-snippet:-1","max-image-preview":"max-image-preview:large","max-video-preview":"max-video-preview:-1"},"canonical":"https:\/\/www.centro-cee.com\/fitness\/producto\/monitor-a-de-trx-crosstraining\/","og_locale":"es_ES","og_type":"article","og_title":"Monitor\/a de TRX-Crosstraining - Fitness CEE","og_description":"Se ense\u00f1an t\u00e9cnicas de entrenamiento funcional que se centran en mejorar la fuerza, la estabilidad, la flexibilidad y la resistencia muscular.  Los estudiantes aprenden a adaptar los ejercicios a diferentes niveles de habilidad y a trabajar con grupos musculares espec\u00edficos utilizando su propio peso corporal como resistencia. Adem\u00e1s, se exploran diferentes modalidades de ejercicio, como el entrenamiento en circuito y el entrenamiento de intervalos de alta intensidad (HIIT), para mejorar la capacidad cardiovascular y quemar calor\u00edas de manera eficiente.  En resumen, el curso de TRX-Crosstraining proporciona a los participantes las habilidades necesarias para llevar a cabo un entrenamiento completo y efectivo utilizando el TRX y otras t\u00e9cnicas de entrenamiento funcional.","og_url":"https:\/\/www.centro-cee.com\/fitness\/producto\/monitor-a-de-trx-crosstraining\/","og_site_name":"Fitness CEE","article_modified_time":"2024-04-01T18:00:56+00:00","og_image":[{"width":800,"height":734,"url":"https:\/\/www.centro-cee.com\/fitness\/wp-content\/uploads\/2024\/03\/cee056-1-e1711566759426.jpg","type":"image\/jpeg"}],"twitter_card":"summary_large_image","twitter_misc":{"Tiempo de lectura":"2 minutos"},"schema":{"@context":"https:\/\/schema.org","@graph":[{"@type":"WebPage","@id":"https:\/\/www.centro-cee.com\/fitness\/producto\/monitor-a-de-trx-crosstraining\/","url":"https:\/\/www.centro-cee.com\/fitness\/producto\/monitor-a-de-trx-crosstraining\/","name":"Monitor\/a de TRX-Crosstraining - Fitness CEE","isPartOf":{"@id":"https:\/\/www.centro-cee.com\/fitness\/#website"},"primaryImageOfPage":{"@id":"https:\/\/www.centro-cee.com\/fitness\/producto\/monitor-a-de-trx-crosstraining\/#primaryimage"},"image":{"@id":"https:\/\/www.centro-cee.com\/fitness\/producto\/monitor-a-de-trx-crosstraining\/#primaryimage"},"thumbnailUrl":"https:\/\/www.centro-cee.com\/fitness\/wp-content\/uploads\/2024\/03\/cee056-1-e1711566759426.jpg","datePublished":"2024-03-26T20:00:46+00:00","dateModified":"2024-04-01T18:00:56+00:00","breadcrumb":{"@id":"https:\/\/www.centro-cee.com\/fitness\/producto\/monitor-a-de-trx-crosstraining\/#breadcrumb"},"inLanguage":"es","potentialAction":[{"@type":"ReadAction","target":["https:\/\/www.centro-cee.com\/fitness\/producto\/monitor-a-de-trx-crosstraining\/"]}]},{"@type":"ImageObject","inLanguage":"es","@id":"https:\/\/www.centro-cee.com\/fitness\/producto\/monitor-a-de-trx-crosstraining\/#primaryimage","url":"https:\/\/www.centro-cee.com\/fitness\/wp-content\/uploads\/2024\/03\/cee056-1-e1711566759426.jpg","contentUrl":"https:\/\/www.centro-cee.com\/fitness\/wp-content\/uploads\/2024\/03\/cee056-1-e1711566759426.jpg","width":800,"height":734},{"@type":"BreadcrumbList","@id":"https:\/\/www.centro-cee.com\/fitness\/producto\/monitor-a-de-trx-crosstraining\/#breadcrumb","itemListElement":[{"@type":"ListItem","position":1,"name":"Portada","item":"https:\/\/www.centro-cee.com\/fitness\/"},{"@type":"ListItem","position":2,"name":"Monitor\/a de TRX-Crosstraining"}]},{"@type":"WebSite","@id":"https:\/\/www.centro-cee.com\/fitness\/#website","url":"https:\/\/www.centro-cee.com\/fitness\/","name":"Fitness CEE","description":"","publisher":{"@id":"https:\/\/www.centro-cee.com\/fitness\/#organization"},"potentialAction":[{"@type":"SearchAction","target":{"@type":"EntryPoint","urlTemplate":"https:\/\/www.centro-cee.com\/fitness\/?s={search_term_string}"},"query-input":{"@type":"PropertyValueSpecification","valueRequired":true,"valueName":"search_term_string"}}],"inLanguage":"es"},{"@type":"Organization","@id":"https:\/\/www.centro-cee.com\/fitness\/#organization","name":"Fitness CEE","url":"https:\/\/www.centro-cee.com\/fitness\/","logo":{"@type":"ImageObject","inLanguage":"es","@id":"https:\/\/www.centro-cee.com\/fitness\/#\/schema\/logo\/image\/","url":"https:\/\/www.centro-cee.com\/fitness\/wp-content\/uploads\/2024\/03\/l1.png","contentUrl":"https:\/\/www.centro-cee.com\/fitness\/wp-content\/uploads\/2024\/03\/l1.png","width":786,"height":614,"caption":"Fitness CEE"},"image":{"@id":"https:\/\/www.centro-cee.com\/fitness\/#\/schema\/logo\/image\/"}}]}},"jetpack_sharing_enabled":true,"_links":{"self":[{"href":"https:\/\/www.centro-cee.com\/fitness\/wp-json\/wp\/v2\/product\/311","targetHints":{"allow":["GET"]}}],"collection":[{"href":"https:\/\/www.centro-cee.com\/fitness\/wp-json\/wp\/v2\/product"}],"about":[{"href":"https:\/\/www.centro-cee.com\/fitness\/wp-json\/wp\/v2\/types\/product"}],"replies":[{"embeddable":true,"href":"https:\/\/www.centro-cee.com\/fitness\/wp-json\/wp\/v2\/comments?post=311"}],"wp:featuredmedia":[{"embeddable":true,"href":"https:\/\/www.centro-cee.com\/fitness\/wp-json\/wp\/v2\/media\/312"}],"wp:attachment":[{"href":"https:\/\/www.centro-cee.com\/fitness\/wp-json\/wp\/v2\/media?parent=311"}],"wp:term":[{"taxonomy":"product_brand","embeddable":true,"href":"https:\/\/www.centro-cee.com\/fitness\/wp-json\/wp\/v2\/product_brand?post=311"},{"taxonomy":"product_cat","embeddable":true,"href":"https:\/\/www.centro-cee.com\/fitness\/wp-json\/wp\/v2\/product_cat?post=311"},{"taxonomy":"product_tag","embeddable":true,"href":"https:\/\/www.centro-cee.com\/fitness\/wp-json\/wp\/v2\/product_tag?post=311"}],"curies":[{"name":"wp","href":"https:\/\/api.w.org\/{rel}","templated":true}]}}