{"id":307,"date":"2024-03-26T20:49:12","date_gmt":"2024-03-26T19:49:12","guid":{"rendered":"http:\/\/www.centro-cee.com\/fitness\/?post_type=product&#038;p=307"},"modified":"2024-05-09T17:03:41","modified_gmt":"2024-05-09T15:03:41","slug":"monitor-a-de-fit-box","status":"publish","type":"product","link":"https:\/\/www.centro-cee.com\/fitness\/producto\/monitor-a-de-fit-box\/","title":{"rendered":"Monitor\/a de Fit-Box"},"content":{"rendered":"<hr \/>\n<p><strong>1. BASES ANAT\u00d3MICAS Y FISIOL\u00d3GICAS DEL MOVIMIENTO<\/strong><\/p>\n<ol>\n<li>Introducci\u00f3n.<\/li>\n<li>&#8211; Mec\u00e1nica del movimiento.<\/li>\n<li>Fundamentos anat\u00f3micos del movimiento.<\/li>\n<li>&#8211; Planos, ejes y articulaciones<\/li>\n<li>&#8230;<\/li>\n<\/ol>\n<p><strong>2. SISTEMA \u00d3SEO<\/strong><\/p>\n<ol>\n<li>Morfolog\u00eda.<\/li>\n<li>Fisiolog\u00eda.<\/li>\n<li>Divisi\u00f3n del esqueleto.<\/li>\n<li>Desarrollo \u00f3seo.<\/li>\n<li>Sistema \u00f3seo.<\/li>\n<li>&#8211; Columna vertebral.<\/li>\n<li>&#8211; Tronco.<\/li>\n<li>&#8211; &#8230;<\/li>\n<\/ol>\n<p><strong>3. FISIOLOG\u00cdA MUSCULAR<\/strong><\/p>\n<ol>\n<li>Introducci\u00f3n<\/li>\n<li>Tejido muscular<\/li>\n<li>Clasificaci\u00f3n muscular<\/li>\n<li>Acciones musculares<\/li>\n<li>Ligamentos<\/li>\n<li>Musculatura dorsal<\/li>\n<li>Tendones<\/li>\n<\/ol>\n<p><strong>4. SISTEMAS ENERG\u00c9TICOS<\/strong><\/p>\n<ol>\n<li>Sistema energ\u00e9tico.<\/li>\n<li>ATP (Adenosina Trifosfato).<\/li>\n<li>Tipos de fuentes energ\u00e9ticas.<\/li>\n<li>Sistemas anaer\u00f3bico al\u00e1ctico o sistema fosf\u00e1geno<\/li>\n<li>&#8230;.<\/li>\n<\/ol>\n<p><strong>5. METABOLISMO EN FISIOLOG\u00cdA DEL EJERCICIO<\/strong><\/p>\n<ol>\n<li>El ejercicio f\u00edsico.<\/li>\n<li>&#8211; Clasificaci\u00f3n.<\/li>\n<li>&#8211; Efectos fisiol\u00f3gicos del ejercicio f\u00edsico.<\/li>\n<li>&#8211; Efectos fisiol\u00f3gicos en ni\u00f1os y adolescentes.<\/li>\n<li>&#8211; Fases del ejercicio.<\/li>\n<li>Adaptaciones org\u00e1nicas en el ejercicio.<\/li>\n<li>&#8211; Adaptaciones metab\u00f3licas.<\/li>\n<li>&#8211; &#8230;<\/li>\n<\/ol>\n<p><strong>6. TEOR\u00cdA DEL ENTRENAMIENTO<\/strong><\/p>\n<ol>\n<li>Introducci\u00f3n al entrenamiento<\/li>\n<li>Teor\u00edas que explican los fen\u00f3menos de adaptaci\u00f3n del organismo a los esfuerzos<\/li>\n<li>&#8211; S\u00edndrome general de adaptaci\u00f3n del organismo a los esfuerzos<\/li>\n<li>&#8211; Ley del umbral (Ley de Shultz-Arnodt)<\/li>\n<li>&#8211; Principio de la supercompensaci\u00f3n<\/li>\n<li>&#8211; Principios del entrenamiento de la condici\u00f3n f\u00edsica<\/li>\n<li>Factores que intervienen en el entrenamiento f\u00edsico<\/li>\n<li>Medici\u00f3n y evaluaci\u00f3n de la condici\u00f3n f\u00edsica<\/li>\n<li>Calentamiento y enfriamiento<\/li>\n<li>T\u00e9cnicas de relajaci\u00f3n y respiraci\u00f3n<\/li>\n<li>&#8211; Respiraci\u00f3n<\/li>\n<li>&#8211; &#8230;.<\/li>\n<\/ol>\n<p><strong>7. PROGRAMA DE ENTRENAMIENTO F\u00cdSICO DE FIT-BOX<\/strong><\/p>\n<ol>\n<li>Concepto y origen del Fit-Box<\/li>\n<li>&#8211; Caracter\u00edsticas principales del Fit-box<\/li>\n<li>&#8211; Materiales empleados en Fit-Box<\/li>\n<li>Sesi\u00f3n de Fit-Box<\/li>\n<li>&#8211; Duraci\u00f3n de la sesi\u00f3n<\/li>\n<li>&#8230;<\/li>\n<\/ol>\n<p><strong>8. PERFIL DEL MONITOR DE FIT-BOX<\/strong><\/p>\n<ol>\n<li>El monitor de Fit-Box<\/li>\n<li>&#8211; Habilidades y caracter\u00edsticas personales<\/li>\n<li>Imagen del instructor<\/li>\n<li>&#8211; Comunicaci\u00f3n y motivaci\u00f3n<\/li>\n<li>Capacidades del monitor de Fit-Box<\/li>\n<li>&#8211; Capacidades funcionales<\/li>\n<li>&#8211; Capacidades personales<\/li>\n<li>Claves para el \u00e9xito del monitor de Fit-Box<\/li>\n<li>&#8211; Motivaci\u00f3n<\/li>\n<li>&#8211; Autoestima<\/li>\n<li>&#8211; Autoconfianza<\/li>\n<li>&#8211; Actitud positiva<\/li>\n<\/ol>\n<p><strong>9. T\u00c9CNICA PURA Y APLICACI\u00d3N<\/strong><\/p>\n<ol>\n<li>Boxeo<\/li>\n<li>K\u00e1rate<\/li>\n<li>Taekwondo<\/li>\n<li>&#8230;.<\/li>\n<\/ol>\n<p><strong>10. LESIONES DEPORTIVAS. PREVENCI\u00d3N Y TRATAMIENTO<\/strong><\/p>\n<ol>\n<li>Introducci\u00f3n a las lesiones deportivas.<\/li>\n<li>Definici\u00f3n.<\/li>\n<li>La prevenci\u00f3n.<\/li>\n<li>Tratamiento.<\/li>\n<li>Lesiones deportivas frecuentes.<\/li>\n<li>&#8211; Introducci\u00f3n.<\/li>\n<li>&#8211; Lesiones deportivas m\u00e1s frecuentes.<\/li>\n<li>\u00bfQu\u00e9 debes hacer si te lesionas durante la realizaci\u00f3n del ejercicio f\u00edsico?<\/li>\n<li>\u00bfQu\u00e9 puedes hacer si te lesionas?<\/li>\n<li>T\u00e9cnicas utilizadas en la prevenci\u00f3n y tratamiento de lesiones.<\/li>\n<\/ol>\n<p><strong>11. PRIMEROS AUXILIOS<\/strong><\/p>\n<ol>\n<li>Introducci\u00f3n a los primeros auxilios<\/li>\n<li>&#8211; Principios b\u00e1sicos de actuaci\u00f3n en primeros auxilios.<\/li>\n<li>&#8211; La respiraci\u00f3n.<\/li>\n<li>&#8211; El pulso.<\/li>\n<li>Actuaciones en primeros auxilios.<\/li>\n<li>&#8211; Ahogamiento.<\/li>\n<li>&#8211; Las p\u00e9rdidas de consciencia.<\/li>\n<li>&#8211; Las crisis card\u00edacas.<\/li>\n<li>&#8211; &#8230;<\/li>\n<\/ol>\n","protected":false},"excerpt":{"rendered":"<p>En el curso de Fit-Box, los participantes aprenden una combinaci\u00f3n de t\u00e9cnicas de fitness y boxeo.<\/p>\n<p>Se ense\u00f1an movimientos de boxeo, como golpes de pu\u00f1o y patadas, integrados con ejercicios de cardio y fuerza. Los estudiantes aprenden a mejorar la resistencia cardiovascular, la coordinaci\u00f3n y la fuerza muscular, mientras desarrollan habilidades de defensa personal b\u00e1sicas.<\/p>\n<p>El curso se centra en entrenamientos de alta intensidad que ofrecen una experiencia din\u00e1mica y desafiante, adecuada para personas de diferentes niveles de condici\u00f3n f\u00edsica.<\/p>\n<p>El Fit-Box proporciona una forma divertida y efectiva de mantenerse en forma, al tiempo que ofrece beneficios f\u00edsicos y mentales a trav\u00e9s del entrenamiento de boxeo y fitness combinados.<\/p>\n","protected":false},"featured_media":308,"comment_status":"closed","ping_status":"closed","template":"","meta":[],"product_brand":[],"product_cat":[15],"product_tag":[],"class_list":{"0":"post-307","1":"product","2":"type-product","3":"status-publish","4":"has-post-thumbnail","6":"product_cat-musculacion","8":"first","9":"instock","10":"sale","11":"virtual","12":"purchasable","13":"product-type-simple"},"yoast_head":"<!-- This site is optimized with the Yoast SEO plugin v27.3 - https:\/\/yoast.com\/product\/yoast-seo-wordpress\/ -->\n<title>Monitor\/a de Fit-Box - Fitness CEE<\/title>\n<meta name=\"robots\" content=\"index, follow, max-snippet:-1, max-image-preview:large, max-video-preview:-1\" \/>\n<link rel=\"canonical\" href=\"https:\/\/www.centro-cee.com\/fitness\/producto\/monitor-a-de-fit-box\/\" \/>\n<meta property=\"og:locale\" content=\"es_ES\" \/>\n<meta property=\"og:type\" content=\"article\" \/>\n<meta property=\"og:title\" content=\"Monitor\/a de Fit-Box - Fitness CEE\" \/>\n<meta property=\"og:description\" content=\"En el curso de Fit-Box, los participantes aprenden una combinaci\u00f3n de t\u00e9cnicas de fitness y boxeo.  Se ense\u00f1an movimientos de boxeo, como golpes de pu\u00f1o y patadas, integrados con ejercicios de cardio y fuerza. Los estudiantes aprenden a mejorar la resistencia cardiovascular, la coordinaci\u00f3n y la fuerza muscular, mientras desarrollan habilidades de defensa personal b\u00e1sicas.  El curso se centra en entrenamientos de alta intensidad que ofrecen una experiencia din\u00e1mica y desafiante, adecuada para personas de diferentes niveles de condici\u00f3n f\u00edsica.  El Fit-Box proporciona una forma divertida y efectiva de mantenerse en forma, al tiempo que ofrece beneficios f\u00edsicos y mentales a trav\u00e9s del entrenamiento de boxeo y fitness combinados.\" \/>\n<meta property=\"og:url\" content=\"https:\/\/www.centro-cee.com\/fitness\/producto\/monitor-a-de-fit-box\/\" \/>\n<meta property=\"og:site_name\" content=\"Fitness CEE\" \/>\n<meta property=\"article:modified_time\" content=\"2024-05-09T15:03:41+00:00\" \/>\n<meta property=\"og:image\" content=\"https:\/\/www.centro-cee.com\/fitness\/wp-content\/uploads\/2024\/03\/fit2-e1711567106183.jpg\" \/>\n\t<meta property=\"og:image:width\" content=\"800\" \/>\n\t<meta property=\"og:image:height\" content=\"534\" \/>\n\t<meta property=\"og:image:type\" content=\"image\/jpeg\" \/>\n<meta name=\"twitter:card\" content=\"summary_large_image\" \/>\n<meta name=\"twitter:label1\" content=\"Tiempo de lectura\" \/>\n\t<meta name=\"twitter:data1\" content=\"2 minutos\" \/>\n<script type=\"application\/ld+json\" class=\"yoast-schema-graph\">{\"@context\":\"https:\\\/\\\/schema.org\",\"@graph\":[{\"@type\":\"WebPage\",\"@id\":\"https:\\\/\\\/www.centro-cee.com\\\/fitness\\\/producto\\\/monitor-a-de-fit-box\\\/\",\"url\":\"https:\\\/\\\/www.centro-cee.com\\\/fitness\\\/producto\\\/monitor-a-de-fit-box\\\/\",\"name\":\"Monitor\\\/a de Fit-Box - Fitness CEE\",\"isPartOf\":{\"@id\":\"https:\\\/\\\/www.centro-cee.com\\\/fitness\\\/#website\"},\"primaryImageOfPage\":{\"@id\":\"https:\\\/\\\/www.centro-cee.com\\\/fitness\\\/producto\\\/monitor-a-de-fit-box\\\/#primaryimage\"},\"image\":{\"@id\":\"https:\\\/\\\/www.centro-cee.com\\\/fitness\\\/producto\\\/monitor-a-de-fit-box\\\/#primaryimage\"},\"thumbnailUrl\":\"https:\\\/\\\/www.centro-cee.com\\\/fitness\\\/wp-content\\\/uploads\\\/2024\\\/03\\\/fit2-e1711567106183.jpg\",\"datePublished\":\"2024-03-26T19:49:12+00:00\",\"dateModified\":\"2024-05-09T15:03:41+00:00\",\"breadcrumb\":{\"@id\":\"https:\\\/\\\/www.centro-cee.com\\\/fitness\\\/producto\\\/monitor-a-de-fit-box\\\/#breadcrumb\"},\"inLanguage\":\"es\",\"potentialAction\":[{\"@type\":\"ReadAction\",\"target\":[\"https:\\\/\\\/www.centro-cee.com\\\/fitness\\\/producto\\\/monitor-a-de-fit-box\\\/\"]}]},{\"@type\":\"ImageObject\",\"inLanguage\":\"es\",\"@id\":\"https:\\\/\\\/www.centro-cee.com\\\/fitness\\\/producto\\\/monitor-a-de-fit-box\\\/#primaryimage\",\"url\":\"https:\\\/\\\/www.centro-cee.com\\\/fitness\\\/wp-content\\\/uploads\\\/2024\\\/03\\\/fit2-e1711567106183.jpg\",\"contentUrl\":\"https:\\\/\\\/www.centro-cee.com\\\/fitness\\\/wp-content\\\/uploads\\\/2024\\\/03\\\/fit2-e1711567106183.jpg\",\"width\":800,\"height\":534},{\"@type\":\"BreadcrumbList\",\"@id\":\"https:\\\/\\\/www.centro-cee.com\\\/fitness\\\/producto\\\/monitor-a-de-fit-box\\\/#breadcrumb\",\"itemListElement\":[{\"@type\":\"ListItem\",\"position\":1,\"name\":\"Portada\",\"item\":\"https:\\\/\\\/www.centro-cee.com\\\/fitness\\\/\"},{\"@type\":\"ListItem\",\"position\":2,\"name\":\"Monitor\\\/a de Fit-Box\"}]},{\"@type\":\"WebSite\",\"@id\":\"https:\\\/\\\/www.centro-cee.com\\\/fitness\\\/#website\",\"url\":\"https:\\\/\\\/www.centro-cee.com\\\/fitness\\\/\",\"name\":\"Fitness CEE\",\"description\":\"\",\"publisher\":{\"@id\":\"https:\\\/\\\/www.centro-cee.com\\\/fitness\\\/#organization\"},\"potentialAction\":[{\"@type\":\"SearchAction\",\"target\":{\"@type\":\"EntryPoint\",\"urlTemplate\":\"https:\\\/\\\/www.centro-cee.com\\\/fitness\\\/?s={search_term_string}\"},\"query-input\":{\"@type\":\"PropertyValueSpecification\",\"valueRequired\":true,\"valueName\":\"search_term_string\"}}],\"inLanguage\":\"es\"},{\"@type\":\"Organization\",\"@id\":\"https:\\\/\\\/www.centro-cee.com\\\/fitness\\\/#organization\",\"name\":\"Fitness CEE\",\"url\":\"https:\\\/\\\/www.centro-cee.com\\\/fitness\\\/\",\"logo\":{\"@type\":\"ImageObject\",\"inLanguage\":\"es\",\"@id\":\"https:\\\/\\\/www.centro-cee.com\\\/fitness\\\/#\\\/schema\\\/logo\\\/image\\\/\",\"url\":\"https:\\\/\\\/www.centro-cee.com\\\/fitness\\\/wp-content\\\/uploads\\\/2024\\\/03\\\/l1.png\",\"contentUrl\":\"https:\\\/\\\/www.centro-cee.com\\\/fitness\\\/wp-content\\\/uploads\\\/2024\\\/03\\\/l1.png\",\"width\":786,\"height\":614,\"caption\":\"Fitness CEE\"},\"image\":{\"@id\":\"https:\\\/\\\/www.centro-cee.com\\\/fitness\\\/#\\\/schema\\\/logo\\\/image\\\/\"}}]}<\/script>\n<!-- \/ Yoast SEO plugin. -->","yoast_head_json":{"title":"Monitor\/a de Fit-Box - Fitness CEE","robots":{"index":"index","follow":"follow","max-snippet":"max-snippet:-1","max-image-preview":"max-image-preview:large","max-video-preview":"max-video-preview:-1"},"canonical":"https:\/\/www.centro-cee.com\/fitness\/producto\/monitor-a-de-fit-box\/","og_locale":"es_ES","og_type":"article","og_title":"Monitor\/a de Fit-Box - Fitness CEE","og_description":"En el curso de Fit-Box, los participantes aprenden una combinaci\u00f3n de t\u00e9cnicas de fitness y boxeo.  Se ense\u00f1an movimientos de boxeo, como golpes de pu\u00f1o y patadas, integrados con ejercicios de cardio y fuerza. Los estudiantes aprenden a mejorar la resistencia cardiovascular, la coordinaci\u00f3n y la fuerza muscular, mientras desarrollan habilidades de defensa personal b\u00e1sicas.  El curso se centra en entrenamientos de alta intensidad que ofrecen una experiencia din\u00e1mica y desafiante, adecuada para personas de diferentes niveles de condici\u00f3n f\u00edsica.  El Fit-Box proporciona una forma divertida y efectiva de mantenerse en forma, al tiempo que ofrece beneficios f\u00edsicos y mentales a trav\u00e9s del entrenamiento de boxeo y fitness combinados.","og_url":"https:\/\/www.centro-cee.com\/fitness\/producto\/monitor-a-de-fit-box\/","og_site_name":"Fitness CEE","article_modified_time":"2024-05-09T15:03:41+00:00","og_image":[{"width":800,"height":534,"url":"https:\/\/www.centro-cee.com\/fitness\/wp-content\/uploads\/2024\/03\/fit2-e1711567106183.jpg","type":"image\/jpeg"}],"twitter_card":"summary_large_image","twitter_misc":{"Tiempo de lectura":"2 minutos"},"schema":{"@context":"https:\/\/schema.org","@graph":[{"@type":"WebPage","@id":"https:\/\/www.centro-cee.com\/fitness\/producto\/monitor-a-de-fit-box\/","url":"https:\/\/www.centro-cee.com\/fitness\/producto\/monitor-a-de-fit-box\/","name":"Monitor\/a de Fit-Box - Fitness CEE","isPartOf":{"@id":"https:\/\/www.centro-cee.com\/fitness\/#website"},"primaryImageOfPage":{"@id":"https:\/\/www.centro-cee.com\/fitness\/producto\/monitor-a-de-fit-box\/#primaryimage"},"image":{"@id":"https:\/\/www.centro-cee.com\/fitness\/producto\/monitor-a-de-fit-box\/#primaryimage"},"thumbnailUrl":"https:\/\/www.centro-cee.com\/fitness\/wp-content\/uploads\/2024\/03\/fit2-e1711567106183.jpg","datePublished":"2024-03-26T19:49:12+00:00","dateModified":"2024-05-09T15:03:41+00:00","breadcrumb":{"@id":"https:\/\/www.centro-cee.com\/fitness\/producto\/monitor-a-de-fit-box\/#breadcrumb"},"inLanguage":"es","potentialAction":[{"@type":"ReadAction","target":["https:\/\/www.centro-cee.com\/fitness\/producto\/monitor-a-de-fit-box\/"]}]},{"@type":"ImageObject","inLanguage":"es","@id":"https:\/\/www.centro-cee.com\/fitness\/producto\/monitor-a-de-fit-box\/#primaryimage","url":"https:\/\/www.centro-cee.com\/fitness\/wp-content\/uploads\/2024\/03\/fit2-e1711567106183.jpg","contentUrl":"https:\/\/www.centro-cee.com\/fitness\/wp-content\/uploads\/2024\/03\/fit2-e1711567106183.jpg","width":800,"height":534},{"@type":"BreadcrumbList","@id":"https:\/\/www.centro-cee.com\/fitness\/producto\/monitor-a-de-fit-box\/#breadcrumb","itemListElement":[{"@type":"ListItem","position":1,"name":"Portada","item":"https:\/\/www.centro-cee.com\/fitness\/"},{"@type":"ListItem","position":2,"name":"Monitor\/a de Fit-Box"}]},{"@type":"WebSite","@id":"https:\/\/www.centro-cee.com\/fitness\/#website","url":"https:\/\/www.centro-cee.com\/fitness\/","name":"Fitness CEE","description":"","publisher":{"@id":"https:\/\/www.centro-cee.com\/fitness\/#organization"},"potentialAction":[{"@type":"SearchAction","target":{"@type":"EntryPoint","urlTemplate":"https:\/\/www.centro-cee.com\/fitness\/?s={search_term_string}"},"query-input":{"@type":"PropertyValueSpecification","valueRequired":true,"valueName":"search_term_string"}}],"inLanguage":"es"},{"@type":"Organization","@id":"https:\/\/www.centro-cee.com\/fitness\/#organization","name":"Fitness CEE","url":"https:\/\/www.centro-cee.com\/fitness\/","logo":{"@type":"ImageObject","inLanguage":"es","@id":"https:\/\/www.centro-cee.com\/fitness\/#\/schema\/logo\/image\/","url":"https:\/\/www.centro-cee.com\/fitness\/wp-content\/uploads\/2024\/03\/l1.png","contentUrl":"https:\/\/www.centro-cee.com\/fitness\/wp-content\/uploads\/2024\/03\/l1.png","width":786,"height":614,"caption":"Fitness CEE"},"image":{"@id":"https:\/\/www.centro-cee.com\/fitness\/#\/schema\/logo\/image\/"}}]}},"jetpack_sharing_enabled":true,"_links":{"self":[{"href":"https:\/\/www.centro-cee.com\/fitness\/wp-json\/wp\/v2\/product\/307","targetHints":{"allow":["GET"]}}],"collection":[{"href":"https:\/\/www.centro-cee.com\/fitness\/wp-json\/wp\/v2\/product"}],"about":[{"href":"https:\/\/www.centro-cee.com\/fitness\/wp-json\/wp\/v2\/types\/product"}],"replies":[{"embeddable":true,"href":"https:\/\/www.centro-cee.com\/fitness\/wp-json\/wp\/v2\/comments?post=307"}],"wp:featuredmedia":[{"embeddable":true,"href":"https:\/\/www.centro-cee.com\/fitness\/wp-json\/wp\/v2\/media\/308"}],"wp:attachment":[{"href":"https:\/\/www.centro-cee.com\/fitness\/wp-json\/wp\/v2\/media?parent=307"}],"wp:term":[{"taxonomy":"product_brand","embeddable":true,"href":"https:\/\/www.centro-cee.com\/fitness\/wp-json\/wp\/v2\/product_brand?post=307"},{"taxonomy":"product_cat","embeddable":true,"href":"https:\/\/www.centro-cee.com\/fitness\/wp-json\/wp\/v2\/product_cat?post=307"},{"taxonomy":"product_tag","embeddable":true,"href":"https:\/\/www.centro-cee.com\/fitness\/wp-json\/wp\/v2\/product_tag?post=307"}],"curies":[{"name":"wp","href":"https:\/\/api.w.org\/{rel}","templated":true}]}}