{"id":298,"date":"2024-03-26T20:31:37","date_gmt":"2024-03-26T19:31:37","guid":{"rendered":"http:\/\/www.centro-cee.com\/fitness\/?post_type=product&#038;p=298"},"modified":"2024-04-01T20:16:26","modified_gmt":"2024-04-01T18:16:26","slug":"entrenador-a-de-fisicoculturismo","status":"publish","type":"product","link":"https:\/\/www.centro-cee.com\/fitness\/producto\/entrenador-a-de-fisicoculturismo\/","title":{"rendered":"Entrenador\/a de F\u00edsicoculturismo"},"content":{"rendered":"<hr \/>\n<p>UNIDAD DID\u00c1CTICA 1. FISIOLOG\u00cdA Y ANATOM\u00cdA DEL SER HUMANO<br \/>\n1. Sistema \u00f3seo<br \/>\n2. &#8211; Huesos de la cabeza<br \/>\n3. &#8211; Huesos del t\u00f3rax<br \/>\n4. &#8211; Huesos vertebrales<br \/>\n5. &#8211; Huesos de las extremidades superiores<br \/>\n6. &#8211; Huesos de las extremidades inferiores<br \/>\n7. Deformaciones de la columna vertebral<br \/>\n8. El m\u00fasculo<br \/>\n9. &#8211; Contracci\u00f3n<br \/>\n10. -..<br \/>\nUNIDAD DID\u00c1CTICA 2. MIOLOG\u00cdA APLICADA<br \/>\n1. Introducci\u00f3n a la Miolog\u00eda<br \/>\n2. Tipos de Tejido Muscular<br \/>\n3. &#8211; Tejido muscular liso<br \/>\n4. &#8211; Tejido muscular esquel\u00e9tico o estriado<br \/>\n5. &#8211; Tejido muscular cardiaco<br \/>\n6. Caracter\u00edsticas del tejido muscular<br \/>\n7. &#8211; Regeneraci\u00f3n del tejido muscular<br \/>\n8. El M\u00fasculo Esquel\u00e9tico<br \/>\n9. ..<br \/>\nUNIDAD DID\u00c1CTICA 3. FISIOLOG\u00cdA DEL EJERCICIO F\u00cdSICO<br \/>\n1. Introducci\u00f3n a la fisiolog\u00eda del ejercicio<br \/>\n2. &#8211; Conceptos<br \/>\n3. &#8211; Actividad f\u00edsica y salud cardiovascular<br \/>\n4. Ejercicio f\u00edsico<br \/>\n5. &#8211; Clasificaci\u00f3n<br \/>\n6. &#8211; Factores que influyen en el desgaste f\u00edsico<br \/>\n7. &#8211; Efectos fisiol\u00f3gicos producidos mediante el ejercicio f\u00edsico<br \/>\n8. &#8211; Fases del ejercicio f\u00edsico<br \/>\n9. Adaptaciones org\u00e1nicas en el ejercicio<br \/>\n10. &#8211; Adaptaciones metab\u00f3licas<br \/>\n11. \u2026<br \/>\nUNIDAD DID\u00c1CTICA 4. EJERCICIO Y ACONDICIONAMIENTO FISICOCULTURISTA<br \/>\n1. Gimnasia de musculaci\u00f3n. Equipo b\u00e1sico<br \/>\n2. &#8211; Barras<br \/>\n3. &#8211; Mancuernas<br \/>\n4. &#8211; Soportes y jaulas<br \/>\n5. &#8211; M\u00e1quinas<br \/>\n6. &#8211; Bancos<br \/>\n7. Terminolog\u00eda de la musculaci\u00f3n<br \/>\n8. &#8211; Horario \u00f3ptimo<br \/>\n9. &#8211; La importancia de la respiraci\u00f3n<br \/>\n10. Ejercicios de musculaci\u00f3n<br \/>\n11. &#8211; Pectorales<br \/>\n12. &#8211; Dorsales<br \/>\n13. &#8211; Oblicuos<br \/>\n14. &#8211; Hombros<br \/>\n15. &#8211; ..<br \/>\nUNIDAD DID\u00c1CTICA 5. SUPLEMENTACI\u00d3N DEPORTIVA<br \/>\n1. Concepto de Suplementaci\u00f3n Deportiva y biotipos<br \/>\n2. Suplementos deportivos<br \/>\n3. &#8211; Prote\u00ednas<br \/>\n4. &#8211; Carbohidratos<br \/>\n5. &#8211; Amino\u00e1cidos<br \/>\n6. ..<br \/>\nUNIDAD DID\u00c1CTICA 6. AYUDAS ERGOG\u00c9NICAS<br \/>\n1. Ayuda ergog\u00e9nica<br \/>\n2. &#8211; Principales caracter\u00edsticas<br \/>\n3. &#8211; Estudios e investigaciones<br \/>\n4. Ayudas ergog\u00e9nicas de tipo lip\u00eddico y sustancias relacionadas<br \/>\n5. Ayudas ergog\u00e9nicas de tipo proteico, amino\u00e1cidos y otras sustancias \u2026<br \/>\nUNIDAD DID\u00c1CTICA 7. T\u00c9CNICAS DE ENTRENAMIENTO<br \/>\n1. Ejercicios de musculaci\u00f3n<br \/>\n2. T\u00e9cnicas b\u00e1sicas de entrenamiento culturista<br \/>\n3. ..<br \/>\nUNIDAD DID\u00c1CTICA 8. DOPAJE<br \/>\n1. Dopaje<br \/>\n2. &#8211; Definici\u00f3n<br \/>\n3. &#8211; Sustancias prohibidas por el Comit\u00e9 Ol\u00edmpico Internacional<br \/>\n4. &#8211; Motivos de la lucha antidopaje<br \/>\n5. &#8211; Historia del dopaje y la relaci\u00f3n del mismo con las drogodependencias<br \/>\n6. Sustancias y m\u00e9todos de dopaje<br \/>\n7. &#8211; Las sustancias dopantes. Sus metabolitos. Sus precursores<br \/>\n8. &#8211; Los m\u00e9todos de dopaje<br \/>\n9. Organizaci\u00f3n de los controles de dopaje<br \/>\n10. Recogida y extracci\u00f3n de muestras<br \/>\n11. &#8211; Derechos y deberes de los agentes de control de dopaje Notificaci\u00f3n a los deportistas<br \/>\n12. &#8211; Preparaci\u00f3n y realizaci\u00f3n de los procesos de toma de muestras<br \/>\n13. &#8211; Directrices para realizar el proceso de recogida de muestras de orina en un control del dopaje<br \/>\n14. &#8211; Directrices para realizar el proceso de recogida de muestras de sangre en un control del dopaje<br \/>\n15. &#8211; \u2026.<br \/>\nUNIDAD DID\u00c1CTICA 9. LESIONES DEPORTIVAS. PREVENCI\u00d3N Y TRATAMIENTO<br \/>\n1. Introducci\u00f3n a las lesiones deportivas<br \/>\n2. Definici\u00f3n<br \/>\n3. La prevenci\u00f3n<br \/>\n4. Tratamiento<br \/>\n5. Lesiones deportivas frecuentes<br \/>\n6. &#8211; ..<br \/>\nUNIDAD DID\u00c1CTICA 10. PRIMEROS AUXILIOS<br \/>\n1. Introducci\u00f3n a los Primeros Auxilios<br \/>\n2. &#8211; Principios b\u00e1sicos de actuaci\u00f3n en primeros auxilios<br \/>\n3. &#8211; La respiraci\u00f3n<br \/>\n4. &#8211; El pulso<br \/>\n5. Actuaciones en primeros auxilios<br \/>\n6. &#8211; Ahogamiento<br \/>\n7. &#8211; Las p\u00e9rdidas de consciencia<br \/>\n8. &#8211; Las crisis cardiacas<br \/>\n9. &#8211; Hemorragias<br \/>\n10. ..<\/p>\n","protected":false},"excerpt":{"rendered":"<p>Se ense\u00f1an los principios fundamentales del entrenamiento de fuerza y la construcci\u00f3n muscular. Las t\u00e9cnicas de levantamiento de pesas, incluyendo ejercicios espec\u00edficos para diferentes grupos musculares y c\u00f3mo realizarlos con la forma adecuada para maximizar los resultados y prevenir lesiones.<\/p>\n<p>Adem\u00e1s, se cubren aspectos de la nutrici\u00f3n deportiva, enfocados en la dieta y la suplementaci\u00f3n para apoyar el crecimiento muscular y la recuperaci\u00f3n.<\/p>\n<p>Los participantes tambi\u00e9n aprenden sobre la importancia del descanso y la recuperaci\u00f3n en el proceso de desarrollo muscular, as\u00ed como estrategias para la planificaci\u00f3n de rutinas de entrenamiento a largo plazo. Se abordan temas como la motivaci\u00f3n y la mentalidad necesaria para alcanzar metas de fisicoculturismo, as\u00ed como consideraciones \u00e9ticas y de seguridad en la pr\u00e1ctica de este deporte.<\/p>\n<p>En resumen, el curso de F\u00edsicoculturismo proporciona a los estudiantes las herramientas y el conocimiento necesarios para desarrollar y mantener un f\u00edsico musculoso y definido de manera efectiva y saludable.<\/p>\n","protected":false},"featured_media":299,"comment_status":"closed","ping_status":"closed","template":"","meta":[],"product_brand":[],"product_cat":[15],"product_tag":[],"class_list":{"0":"post-298","1":"product","2":"type-product","3":"status-publish","4":"has-post-thumbnail","6":"product_cat-musculacion","8":"first","9":"instock","10":"sale","11":"virtual","12":"purchasable","13":"product-type-simple"},"yoast_head":"<!-- This site is optimized with the Yoast SEO plugin v27.3 - https:\/\/yoast.com\/product\/yoast-seo-wordpress\/ -->\n<title>Entrenador\/a de F\u00edsicoculturismo - Fitness CEE<\/title>\n<meta name=\"description\" content=\"Formaci\u00f3n integral en entrenamiento y nutrici\u00f3n para convertirte en un experto\/a en f\u00edsicoculturismo y alcanzar tus metas de desarrollo muscular\" \/>\n<meta name=\"robots\" content=\"index, follow, max-snippet:-1, max-image-preview:large, max-video-preview:-1\" \/>\n<link rel=\"canonical\" href=\"https:\/\/www.centro-cee.com\/fitness\/producto\/entrenador-a-de-fisicoculturismo\/\" \/>\n<meta property=\"og:locale\" content=\"es_ES\" \/>\n<meta property=\"og:type\" content=\"article\" \/>\n<meta property=\"og:title\" content=\"Entrenador\/a de F\u00edsicoculturismo - Fitness CEE\" \/>\n<meta property=\"og:description\" content=\"Formaci\u00f3n integral en entrenamiento y nutrici\u00f3n para convertirte en un experto\/a en f\u00edsicoculturismo y alcanzar tus metas de desarrollo muscular\" \/>\n<meta property=\"og:url\" content=\"https:\/\/www.centro-cee.com\/fitness\/producto\/entrenador-a-de-fisicoculturismo\/\" \/>\n<meta property=\"og:site_name\" content=\"Fitness CEE\" \/>\n<meta property=\"article:modified_time\" content=\"2024-04-01T18:16:26+00:00\" \/>\n<meta property=\"og:image\" content=\"https:\/\/www.centro-cee.com\/fitness\/wp-content\/uploads\/2024\/03\/fisicoculturismo.png\" \/>\n\t<meta property=\"og:image:width\" content=\"698\" \/>\n\t<meta property=\"og:image:height\" content=\"466\" \/>\n\t<meta property=\"og:image:type\" content=\"image\/png\" \/>\n<meta name=\"twitter:card\" content=\"summary_large_image\" \/>\n<meta name=\"twitter:label1\" content=\"Tiempo de lectura\" \/>\n\t<meta name=\"twitter:data1\" content=\"3 minutos\" \/>\n<script type=\"application\/ld+json\" class=\"yoast-schema-graph\">{\"@context\":\"https:\\\/\\\/schema.org\",\"@graph\":[{\"@type\":\"WebPage\",\"@id\":\"https:\\\/\\\/www.centro-cee.com\\\/fitness\\\/producto\\\/entrenador-a-de-fisicoculturismo\\\/\",\"url\":\"https:\\\/\\\/www.centro-cee.com\\\/fitness\\\/producto\\\/entrenador-a-de-fisicoculturismo\\\/\",\"name\":\"Entrenador\\\/a de F\u00edsicoculturismo - Fitness CEE\",\"isPartOf\":{\"@id\":\"https:\\\/\\\/www.centro-cee.com\\\/fitness\\\/#website\"},\"primaryImageOfPage\":{\"@id\":\"https:\\\/\\\/www.centro-cee.com\\\/fitness\\\/producto\\\/entrenador-a-de-fisicoculturismo\\\/#primaryimage\"},\"image\":{\"@id\":\"https:\\\/\\\/www.centro-cee.com\\\/fitness\\\/producto\\\/entrenador-a-de-fisicoculturismo\\\/#primaryimage\"},\"thumbnailUrl\":\"https:\\\/\\\/www.centro-cee.com\\\/fitness\\\/wp-content\\\/uploads\\\/2024\\\/03\\\/fisicoculturismo.png\",\"datePublished\":\"2024-03-26T19:31:37+00:00\",\"dateModified\":\"2024-04-01T18:16:26+00:00\",\"description\":\"Formaci\u00f3n integral en entrenamiento y nutrici\u00f3n para convertirte en un experto\\\/a en f\u00edsicoculturismo y alcanzar tus metas de desarrollo muscular\",\"breadcrumb\":{\"@id\":\"https:\\\/\\\/www.centro-cee.com\\\/fitness\\\/producto\\\/entrenador-a-de-fisicoculturismo\\\/#breadcrumb\"},\"inLanguage\":\"es\",\"potentialAction\":[{\"@type\":\"ReadAction\",\"target\":[\"https:\\\/\\\/www.centro-cee.com\\\/fitness\\\/producto\\\/entrenador-a-de-fisicoculturismo\\\/\"]}]},{\"@type\":\"ImageObject\",\"inLanguage\":\"es\",\"@id\":\"https:\\\/\\\/www.centro-cee.com\\\/fitness\\\/producto\\\/entrenador-a-de-fisicoculturismo\\\/#primaryimage\",\"url\":\"https:\\\/\\\/www.centro-cee.com\\\/fitness\\\/wp-content\\\/uploads\\\/2024\\\/03\\\/fisicoculturismo.png\",\"contentUrl\":\"https:\\\/\\\/www.centro-cee.com\\\/fitness\\\/wp-content\\\/uploads\\\/2024\\\/03\\\/fisicoculturismo.png\",\"width\":698,\"height\":466},{\"@type\":\"BreadcrumbList\",\"@id\":\"https:\\\/\\\/www.centro-cee.com\\\/fitness\\\/producto\\\/entrenador-a-de-fisicoculturismo\\\/#breadcrumb\",\"itemListElement\":[{\"@type\":\"ListItem\",\"position\":1,\"name\":\"Portada\",\"item\":\"https:\\\/\\\/www.centro-cee.com\\\/fitness\\\/\"},{\"@type\":\"ListItem\",\"position\":2,\"name\":\"Entrenador\\\/a de F\u00edsicoculturismo\"}]},{\"@type\":\"WebSite\",\"@id\":\"https:\\\/\\\/www.centro-cee.com\\\/fitness\\\/#website\",\"url\":\"https:\\\/\\\/www.centro-cee.com\\\/fitness\\\/\",\"name\":\"Fitness CEE\",\"description\":\"\",\"publisher\":{\"@id\":\"https:\\\/\\\/www.centro-cee.com\\\/fitness\\\/#organization\"},\"potentialAction\":[{\"@type\":\"SearchAction\",\"target\":{\"@type\":\"EntryPoint\",\"urlTemplate\":\"https:\\\/\\\/www.centro-cee.com\\\/fitness\\\/?s={search_term_string}\"},\"query-input\":{\"@type\":\"PropertyValueSpecification\",\"valueRequired\":true,\"valueName\":\"search_term_string\"}}],\"inLanguage\":\"es\"},{\"@type\":\"Organization\",\"@id\":\"https:\\\/\\\/www.centro-cee.com\\\/fitness\\\/#organization\",\"name\":\"Fitness CEE\",\"url\":\"https:\\\/\\\/www.centro-cee.com\\\/fitness\\\/\",\"logo\":{\"@type\":\"ImageObject\",\"inLanguage\":\"es\",\"@id\":\"https:\\\/\\\/www.centro-cee.com\\\/fitness\\\/#\\\/schema\\\/logo\\\/image\\\/\",\"url\":\"https:\\\/\\\/www.centro-cee.com\\\/fitness\\\/wp-content\\\/uploads\\\/2024\\\/03\\\/l1.png\",\"contentUrl\":\"https:\\\/\\\/www.centro-cee.com\\\/fitness\\\/wp-content\\\/uploads\\\/2024\\\/03\\\/l1.png\",\"width\":786,\"height\":614,\"caption\":\"Fitness CEE\"},\"image\":{\"@id\":\"https:\\\/\\\/www.centro-cee.com\\\/fitness\\\/#\\\/schema\\\/logo\\\/image\\\/\"}}]}<\/script>\n<!-- \/ Yoast SEO plugin. -->","yoast_head_json":{"title":"Entrenador\/a de F\u00edsicoculturismo - Fitness CEE","description":"Formaci\u00f3n integral en entrenamiento y nutrici\u00f3n para convertirte en un experto\/a en f\u00edsicoculturismo y alcanzar tus metas de desarrollo muscular","robots":{"index":"index","follow":"follow","max-snippet":"max-snippet:-1","max-image-preview":"max-image-preview:large","max-video-preview":"max-video-preview:-1"},"canonical":"https:\/\/www.centro-cee.com\/fitness\/producto\/entrenador-a-de-fisicoculturismo\/","og_locale":"es_ES","og_type":"article","og_title":"Entrenador\/a de F\u00edsicoculturismo - Fitness CEE","og_description":"Formaci\u00f3n integral en entrenamiento y nutrici\u00f3n para convertirte en un experto\/a en f\u00edsicoculturismo y alcanzar tus metas de desarrollo muscular","og_url":"https:\/\/www.centro-cee.com\/fitness\/producto\/entrenador-a-de-fisicoculturismo\/","og_site_name":"Fitness CEE","article_modified_time":"2024-04-01T18:16:26+00:00","og_image":[{"width":698,"height":466,"url":"https:\/\/www.centro-cee.com\/fitness\/wp-content\/uploads\/2024\/03\/fisicoculturismo.png","type":"image\/png"}],"twitter_card":"summary_large_image","twitter_misc":{"Tiempo de lectura":"3 minutos"},"schema":{"@context":"https:\/\/schema.org","@graph":[{"@type":"WebPage","@id":"https:\/\/www.centro-cee.com\/fitness\/producto\/entrenador-a-de-fisicoculturismo\/","url":"https:\/\/www.centro-cee.com\/fitness\/producto\/entrenador-a-de-fisicoculturismo\/","name":"Entrenador\/a de F\u00edsicoculturismo - Fitness CEE","isPartOf":{"@id":"https:\/\/www.centro-cee.com\/fitness\/#website"},"primaryImageOfPage":{"@id":"https:\/\/www.centro-cee.com\/fitness\/producto\/entrenador-a-de-fisicoculturismo\/#primaryimage"},"image":{"@id":"https:\/\/www.centro-cee.com\/fitness\/producto\/entrenador-a-de-fisicoculturismo\/#primaryimage"},"thumbnailUrl":"https:\/\/www.centro-cee.com\/fitness\/wp-content\/uploads\/2024\/03\/fisicoculturismo.png","datePublished":"2024-03-26T19:31:37+00:00","dateModified":"2024-04-01T18:16:26+00:00","description":"Formaci\u00f3n integral en entrenamiento y nutrici\u00f3n para convertirte en un experto\/a en f\u00edsicoculturismo y alcanzar tus metas de desarrollo muscular","breadcrumb":{"@id":"https:\/\/www.centro-cee.com\/fitness\/producto\/entrenador-a-de-fisicoculturismo\/#breadcrumb"},"inLanguage":"es","potentialAction":[{"@type":"ReadAction","target":["https:\/\/www.centro-cee.com\/fitness\/producto\/entrenador-a-de-fisicoculturismo\/"]}]},{"@type":"ImageObject","inLanguage":"es","@id":"https:\/\/www.centro-cee.com\/fitness\/producto\/entrenador-a-de-fisicoculturismo\/#primaryimage","url":"https:\/\/www.centro-cee.com\/fitness\/wp-content\/uploads\/2024\/03\/fisicoculturismo.png","contentUrl":"https:\/\/www.centro-cee.com\/fitness\/wp-content\/uploads\/2024\/03\/fisicoculturismo.png","width":698,"height":466},{"@type":"BreadcrumbList","@id":"https:\/\/www.centro-cee.com\/fitness\/producto\/entrenador-a-de-fisicoculturismo\/#breadcrumb","itemListElement":[{"@type":"ListItem","position":1,"name":"Portada","item":"https:\/\/www.centro-cee.com\/fitness\/"},{"@type":"ListItem","position":2,"name":"Entrenador\/a de F\u00edsicoculturismo"}]},{"@type":"WebSite","@id":"https:\/\/www.centro-cee.com\/fitness\/#website","url":"https:\/\/www.centro-cee.com\/fitness\/","name":"Fitness CEE","description":"","publisher":{"@id":"https:\/\/www.centro-cee.com\/fitness\/#organization"},"potentialAction":[{"@type":"SearchAction","target":{"@type":"EntryPoint","urlTemplate":"https:\/\/www.centro-cee.com\/fitness\/?s={search_term_string}"},"query-input":{"@type":"PropertyValueSpecification","valueRequired":true,"valueName":"search_term_string"}}],"inLanguage":"es"},{"@type":"Organization","@id":"https:\/\/www.centro-cee.com\/fitness\/#organization","name":"Fitness CEE","url":"https:\/\/www.centro-cee.com\/fitness\/","logo":{"@type":"ImageObject","inLanguage":"es","@id":"https:\/\/www.centro-cee.com\/fitness\/#\/schema\/logo\/image\/","url":"https:\/\/www.centro-cee.com\/fitness\/wp-content\/uploads\/2024\/03\/l1.png","contentUrl":"https:\/\/www.centro-cee.com\/fitness\/wp-content\/uploads\/2024\/03\/l1.png","width":786,"height":614,"caption":"Fitness CEE"},"image":{"@id":"https:\/\/www.centro-cee.com\/fitness\/#\/schema\/logo\/image\/"}}]}},"jetpack_sharing_enabled":true,"_links":{"self":[{"href":"https:\/\/www.centro-cee.com\/fitness\/wp-json\/wp\/v2\/product\/298","targetHints":{"allow":["GET"]}}],"collection":[{"href":"https:\/\/www.centro-cee.com\/fitness\/wp-json\/wp\/v2\/product"}],"about":[{"href":"https:\/\/www.centro-cee.com\/fitness\/wp-json\/wp\/v2\/types\/product"}],"replies":[{"embeddable":true,"href":"https:\/\/www.centro-cee.com\/fitness\/wp-json\/wp\/v2\/comments?post=298"}],"wp:featuredmedia":[{"embeddable":true,"href":"https:\/\/www.centro-cee.com\/fitness\/wp-json\/wp\/v2\/media\/299"}],"wp:attachment":[{"href":"https:\/\/www.centro-cee.com\/fitness\/wp-json\/wp\/v2\/media?parent=298"}],"wp:term":[{"taxonomy":"product_brand","embeddable":true,"href":"https:\/\/www.centro-cee.com\/fitness\/wp-json\/wp\/v2\/product_brand?post=298"},{"taxonomy":"product_cat","embeddable":true,"href":"https:\/\/www.centro-cee.com\/fitness\/wp-json\/wp\/v2\/product_cat?post=298"},{"taxonomy":"product_tag","embeddable":true,"href":"https:\/\/www.centro-cee.com\/fitness\/wp-json\/wp\/v2\/product_tag?post=298"}],"curies":[{"name":"wp","href":"https:\/\/api.w.org\/{rel}","templated":true}]}}