{"id":8,"date":"2024-03-22T14:30:35","date_gmt":"2024-03-22T13:30:35","guid":{"rendered":"http:\/\/www.centro-cee.com\/fitness\/tienda\/"},"modified":"2024-03-29T18:09:49","modified_gmt":"2024-03-29T17:09:49","slug":"tienda","status":"publish","type":"page","link":"https:\/\/www.centro-cee.com\/fitness\/tienda\/","title":{"rendered":"Tienda"},"content":{"rendered":"\n<div class=\"wp-block-columns is-layout-flex wp-container-core-columns-is-layout-9d6595d7 wp-block-columns-is-layout-flex\">\n<div class=\"wp-block-column is-layout-flow wp-block-column-is-layout-flow\" style=\"flex-basis:25%\"><\/div>\n\n\n\n<div class=\"wp-block-column is-layout-flow wp-block-column-is-layout-flow\" style=\"flex-basis:50%\">\n<h5 class=\"wp-block-heading\"><strong>\u00a1Bienvenido a nuestra tienda virtual!<\/strong><\/h5>\n\n\n\n<h5 class=\"wp-block-heading\">Est\u00e1s en el lugar indicado para descubrir las diversas formaciones disponibles en nuestro campus online.&nbsp;<\/h5>\n\n\n\n<h5 class=\"wp-block-heading\">Desde formaciones federadas en diversas disciplinas deportivas hasta programas de capacitaci\u00f3n en entrenamiento personal y musculaci\u00f3n, nuestro cat\u00e1logo te ofrece oportunidades para desarrollar tus habilidades y alcanzar tus objetivos profesionales.<\/h5>\n\n\n\n<h5 class=\"wp-block-heading\">Explora nuestras opciones, elige la formaci\u00f3n que mejor se adapte a tus intereses y comienza tu camino hacia el \u00e9xito hoy mismo.<\/h5>\n\n\n\n<h5 class=\"wp-block-heading has-text-align-center\"><strong>\u00a1Estamos emocionados de acompa\u00f1arte en esta aventura de aprendizaje!<\/strong><\/h5>\n<\/div>\n\n\n\n<div class=\"wp-block-column is-layout-flow wp-block-column-is-layout-flow\" style=\"flex-basis:25%\"><\/div>\n<\/div>\n\n\n\n<div class=\"wp-block-cover is-light\" style=\"min-height:50px;aspect-ratio:unset;\"><span aria-hidden=\"true\" class=\"wp-block-cover__background has-luminous-vivid-amber-background-color has-background-dim-100 has-background-dim\"><\/span><div class=\"wp-block-cover__inner-container is-layout-constrained wp-block-cover-is-layout-constrained\">\n<p class=\"has-text-align-center has-large-font-size\"><strong>CAT\u00c1LOGO FORMATIVO<\/strong><\/p>\n<\/div><\/div>\n\n\n\n<h6 class=\"wp-block-heading has-text-align-center\">A\u00f1adimos nuevas formaciones de forma peri\u00f3dica. Vis\u00edtanos<\/h6>\n\n\n<div data-block-name=\"woocommerce\/product-categories\" class=\"wp-block-woocommerce-product-categories wc-block-product-categories is-list \" style=\"\"><ul class=\"wc-block-product-categories-list wc-block-product-categories-list--depth-0\">\t\t\t\t<li class=\"wc-block-product-categories-list-item\">\t\t\t\t\t<a style=\"\" href=\"https:\/\/www.centro-cee.com\/fitness\/categoria-producto\/musculacion\/\"><span class=\"wc-block-product-categories-list-item__name\">Musculaci\u00f3n<\/span><\/a><span class=\"wc-block-product-categories-list-item-count\"><span aria-hidden=\"true\">4<\/span><span class=\"screen-reader-text\">4 productos<\/span><\/span>\t\t\t\t<\/li>\t\t\t\t\t\t\t<li class=\"wc-block-product-categories-list-item\">\t\t\t\t\t<a style=\"\" href=\"https:\/\/www.centro-cee.com\/fitness\/categoria-producto\/bienestar\/\"><span class=\"wc-block-product-categories-list-item__name\">Bienestar<\/span><\/a><span class=\"wc-block-product-categories-list-item-count\"><span aria-hidden=\"true\">7<\/span><span class=\"screen-reader-text\">7 productos<\/span><\/span>\t\t\t\t<\/li>\t\t\t\t\t\t\t<li class=\"wc-block-product-categories-list-item\">\t\t\t\t\t<a style=\"\" href=\"https:\/\/www.centro-cee.com\/fitness\/categoria-producto\/training\/\"><span class=\"wc-block-product-categories-list-item__name\">Training<\/span><\/a><span class=\"wc-block-product-categories-list-item-count\"><span aria-hidden=\"true\">10<\/span><span class=\"screen-reader-text\">10 productos<\/span><\/span>\t\t\t\t<\/li>\t\t\t<\/ul><\/div>\n\n<form role=\"search\" method=\"get\" action=\"https:\/\/www.centro-cee.com\/fitness\/\" class=\"wp-block-search__button-inside wp-block-search__icon-button wp-block-search\"    ><label class=\"wp-block-search__label\" for=\"wp-block-search__input-1\" >Buscar<\/label><div class=\"wp-block-search__inside-wrapper\" ><input class=\"wp-block-search__input\" id=\"wp-block-search__input-1\" placeholder=\"Buscar productos...\" value=\"\" type=\"search\" name=\"s\" required \/><input type=\"hidden\" name=\"post_type\" value=\"product\" \/><button aria-label=\"Buscar\" class=\"wp-block-search__button has-icon wp-element-button\" type=\"submit\" ><svg class=\"search-icon\" viewBox=\"0 0 24 24\" width=\"24\" height=\"24\">\n\t\t\t\t\t<path d=\"M13 5c-3.3 0-6 2.7-6 6 0 1.4.5 2.7 1.3 3.7l-3.8 3.8 1.1 1.1 3.8-3.8c1 .8 2.3 1.3 3.7 1.3 3.3 0 6-2.7 6-6S16.3 5 13 5zm0 10.5c-2.5 0-4.5-2-4.5-4.5s2-4.5 4.5-4.5 4.5 2 4.5 4.5-2 4.5-4.5 4.5z\"><\/path>\n\t\t\t\t<\/svg><\/button><\/div><\/form>\n\n\n<div style=\"height:26px\" aria-hidden=\"true\" class=\"wp-block-spacer\"><\/div>\n","protected":false},"excerpt":{"rendered":"<p>\u00a1Bienvenido a nuestra tienda virtual! Est\u00e1s en el lugar indicado para descubrir las diversas formaciones disponibles en nuestro campus online.&nbsp; Desde formaciones federadas en diversas disciplinas deportivas hasta programas de capacitaci\u00f3n en entrenamiento personal y musculaci\u00f3n, nuestro cat\u00e1logo te ofrece oportunidades para desarrollar tus habilidades y alcanzar tus objetivos profesionales. Explora nuestras opciones, elige la [&hellip;]<\/p>\n","protected":false},"author":1,"featured_media":0,"parent":0,"menu_order":0,"comment_status":"closed","ping_status":"closed","template":"","meta":{"footnotes":""},"class_list":["post-8","page","type-page","status-publish","hentry"],"yoast_head":"<!-- This site is optimized with the Yoast SEO plugin v27.3 - https:\/\/yoast.com\/product\/yoast-seo-wordpress\/ -->\n<title>Tienda - Fitness CEE<\/title>\n<meta name=\"robots\" content=\"index, follow, max-snippet:-1, max-image-preview:large, max-video-preview:-1\" \/>\n<link rel=\"canonical\" href=\"https:\/\/www.centro-cee.com\/fitness\/tienda\/\" \/>\n<meta property=\"og:locale\" content=\"es_ES\" \/>\n<meta property=\"og:type\" content=\"article\" \/>\n<meta property=\"og:title\" content=\"Tienda - Fitness CEE\" \/>\n<meta property=\"og:description\" content=\"\u00a1Bienvenido a nuestra tienda virtual! Est\u00e1s en el lugar indicado para descubrir las diversas formaciones disponibles en nuestro campus online.&nbsp; Desde formaciones federadas en diversas disciplinas deportivas hasta programas de capacitaci\u00f3n en entrenamiento personal y musculaci\u00f3n, nuestro cat\u00e1logo te ofrece oportunidades para desarrollar tus habilidades y alcanzar tus objetivos profesionales. Explora nuestras opciones, elige la [&hellip;]\" \/>\n<meta property=\"og:url\" content=\"https:\/\/www.centro-cee.com\/fitness\/tienda\/\" \/>\n<meta property=\"og:site_name\" content=\"Fitness CEE\" \/>\n<meta property=\"article:modified_time\" content=\"2024-03-29T17:09:49+00:00\" \/>\n<meta name=\"twitter:card\" content=\"summary_large_image\" \/>\n<meta name=\"twitter:label1\" content=\"Tiempo de lectura\" \/>\n\t<meta name=\"twitter:data1\" content=\"1 minuto\" \/>\n<script type=\"application\/ld+json\" class=\"yoast-schema-graph\">{\"@context\":\"https:\\\/\\\/schema.org\",\"@graph\":[{\"@type\":\"WebPage\",\"@id\":\"https:\\\/\\\/www.centro-cee.com\\\/fitness\\\/tienda\\\/\",\"url\":\"https:\\\/\\\/www.centro-cee.com\\\/fitness\\\/tienda\\\/\",\"name\":\"Tienda - Fitness CEE\",\"isPartOf\":{\"@id\":\"https:\\\/\\\/www.centro-cee.com\\\/fitness\\\/#website\"},\"datePublished\":\"2024-03-22T13:30:35+00:00\",\"dateModified\":\"2024-03-29T17:09:49+00:00\",\"breadcrumb\":{\"@id\":\"https:\\\/\\\/www.centro-cee.com\\\/fitness\\\/tienda\\\/#breadcrumb\"},\"inLanguage\":\"es\",\"potentialAction\":[{\"@type\":\"ReadAction\",\"target\":[\"https:\\\/\\\/www.centro-cee.com\\\/fitness\\\/tienda\\\/\"]}]},{\"@type\":\"BreadcrumbList\",\"@id\":\"https:\\\/\\\/www.centro-cee.com\\\/fitness\\\/tienda\\\/#breadcrumb\",\"itemListElement\":[{\"@type\":\"ListItem\",\"position\":1,\"name\":\"Portada\",\"item\":\"https:\\\/\\\/www.centro-cee.com\\\/fitness\\\/\"},{\"@type\":\"ListItem\",\"position\":2,\"name\":\"Tienda\"}]},{\"@type\":\"WebSite\",\"@id\":\"https:\\\/\\\/www.centro-cee.com\\\/fitness\\\/#website\",\"url\":\"https:\\\/\\\/www.centro-cee.com\\\/fitness\\\/\",\"name\":\"Fitness CEE\",\"description\":\"\",\"publisher\":{\"@id\":\"https:\\\/\\\/www.centro-cee.com\\\/fitness\\\/#organization\"},\"potentialAction\":[{\"@type\":\"SearchAction\",\"target\":{\"@type\":\"EntryPoint\",\"urlTemplate\":\"https:\\\/\\\/www.centro-cee.com\\\/fitness\\\/?s={search_term_string}\"},\"query-input\":{\"@type\":\"PropertyValueSpecification\",\"valueRequired\":true,\"valueName\":\"search_term_string\"}}],\"inLanguage\":\"es\"},{\"@type\":\"Organization\",\"@id\":\"https:\\\/\\\/www.centro-cee.com\\\/fitness\\\/#organization\",\"name\":\"Fitness CEE\",\"url\":\"https:\\\/\\\/www.centro-cee.com\\\/fitness\\\/\",\"logo\":{\"@type\":\"ImageObject\",\"inLanguage\":\"es\",\"@id\":\"https:\\\/\\\/www.centro-cee.com\\\/fitness\\\/#\\\/schema\\\/logo\\\/image\\\/\",\"url\":\"https:\\\/\\\/www.centro-cee.com\\\/fitness\\\/wp-content\\\/uploads\\\/2024\\\/03\\\/l1.png\",\"contentUrl\":\"https:\\\/\\\/www.centro-cee.com\\\/fitness\\\/wp-content\\\/uploads\\\/2024\\\/03\\\/l1.png\",\"width\":786,\"height\":614,\"caption\":\"Fitness CEE\"},\"image\":{\"@id\":\"https:\\\/\\\/www.centro-cee.com\\\/fitness\\\/#\\\/schema\\\/logo\\\/image\\\/\"}}]}<\/script>\n<!-- \/ Yoast SEO plugin. -->","yoast_head_json":{"title":"Tienda - Fitness CEE","robots":{"index":"index","follow":"follow","max-snippet":"max-snippet:-1","max-image-preview":"max-image-preview:large","max-video-preview":"max-video-preview:-1"},"canonical":"https:\/\/www.centro-cee.com\/fitness\/tienda\/","og_locale":"es_ES","og_type":"article","og_title":"Tienda - Fitness CEE","og_description":"\u00a1Bienvenido a nuestra tienda virtual! Est\u00e1s en el lugar indicado para descubrir las diversas formaciones disponibles en nuestro campus online.&nbsp; Desde formaciones federadas en diversas disciplinas deportivas hasta programas de capacitaci\u00f3n en entrenamiento personal y musculaci\u00f3n, nuestro cat\u00e1logo te ofrece oportunidades para desarrollar tus habilidades y alcanzar tus objetivos profesionales. Explora nuestras opciones, elige la [&hellip;]","og_url":"https:\/\/www.centro-cee.com\/fitness\/tienda\/","og_site_name":"Fitness CEE","article_modified_time":"2024-03-29T17:09:49+00:00","twitter_card":"summary_large_image","twitter_misc":{"Tiempo de lectura":"1 minuto"},"schema":{"@context":"https:\/\/schema.org","@graph":[{"@type":"WebPage","@id":"https:\/\/www.centro-cee.com\/fitness\/tienda\/","url":"https:\/\/www.centro-cee.com\/fitness\/tienda\/","name":"Tienda - Fitness CEE","isPartOf":{"@id":"https:\/\/www.centro-cee.com\/fitness\/#website"},"datePublished":"2024-03-22T13:30:35+00:00","dateModified":"2024-03-29T17:09:49+00:00","breadcrumb":{"@id":"https:\/\/www.centro-cee.com\/fitness\/tienda\/#breadcrumb"},"inLanguage":"es","potentialAction":[{"@type":"ReadAction","target":["https:\/\/www.centro-cee.com\/fitness\/tienda\/"]}]},{"@type":"BreadcrumbList","@id":"https:\/\/www.centro-cee.com\/fitness\/tienda\/#breadcrumb","itemListElement":[{"@type":"ListItem","position":1,"name":"Portada","item":"https:\/\/www.centro-cee.com\/fitness\/"},{"@type":"ListItem","position":2,"name":"Tienda"}]},{"@type":"WebSite","@id":"https:\/\/www.centro-cee.com\/fitness\/#website","url":"https:\/\/www.centro-cee.com\/fitness\/","name":"Fitness CEE","description":"","publisher":{"@id":"https:\/\/www.centro-cee.com\/fitness\/#organization"},"potentialAction":[{"@type":"SearchAction","target":{"@type":"EntryPoint","urlTemplate":"https:\/\/www.centro-cee.com\/fitness\/?s={search_term_string}"},"query-input":{"@type":"PropertyValueSpecification","valueRequired":true,"valueName":"search_term_string"}}],"inLanguage":"es"},{"@type":"Organization","@id":"https:\/\/www.centro-cee.com\/fitness\/#organization","name":"Fitness CEE","url":"https:\/\/www.centro-cee.com\/fitness\/","logo":{"@type":"ImageObject","inLanguage":"es","@id":"https:\/\/www.centro-cee.com\/fitness\/#\/schema\/logo\/image\/","url":"https:\/\/www.centro-cee.com\/fitness\/wp-content\/uploads\/2024\/03\/l1.png","contentUrl":"https:\/\/www.centro-cee.com\/fitness\/wp-content\/uploads\/2024\/03\/l1.png","width":786,"height":614,"caption":"Fitness CEE"},"image":{"@id":"https:\/\/www.centro-cee.com\/fitness\/#\/schema\/logo\/image\/"}}]}},"jetpack_sharing_enabled":true,"_links":{"self":[{"href":"https:\/\/www.centro-cee.com\/fitness\/wp-json\/wp\/v2\/pages\/8","targetHints":{"allow":["GET"]}}],"collection":[{"href":"https:\/\/www.centro-cee.com\/fitness\/wp-json\/wp\/v2\/pages"}],"about":[{"href":"https:\/\/www.centro-cee.com\/fitness\/wp-json\/wp\/v2\/types\/page"}],"author":[{"embeddable":true,"href":"https:\/\/www.centro-cee.com\/fitness\/wp-json\/wp\/v2\/users\/1"}],"replies":[{"embeddable":true,"href":"https:\/\/www.centro-cee.com\/fitness\/wp-json\/wp\/v2\/comments?post=8"}],"version-history":[{"count":28,"href":"https:\/\/www.centro-cee.com\/fitness\/wp-json\/wp\/v2\/pages\/8\/revisions"}],"predecessor-version":[{"id":457,"href":"https:\/\/www.centro-cee.com\/fitness\/wp-json\/wp\/v2\/pages\/8\/revisions\/457"}],"wp:attachment":[{"href":"https:\/\/www.centro-cee.com\/fitness\/wp-json\/wp\/v2\/media?parent=8"}],"curies":[{"name":"wp","href":"https:\/\/api.w.org\/{rel}","templated":true}]}}