{"id":2,"date":"2024-03-22T14:26:10","date_gmt":"2024-03-22T13:26:10","guid":{"rendered":"http:\/\/www.centro-cee.com\/fitness\/?page_id=2"},"modified":"2024-03-30T21:25:12","modified_gmt":"2024-03-30T20:25:12","slug":"pagina-ejemplo","status":"publish","type":"page","link":"https:\/\/www.centro-cee.com\/fitness\/","title":{"rendered":""},"content":{"rendered":"\n<p class=\"has-text-align-center has-large-font-size\">Bienvenid@s a<\/p>\n\n\n<p class=\"has-text-align-center has-large-font-size\"><strong>FITNESS CEE<\/strong><\/p>\n\n\n<h3 class=\"wp-block-heading has-text-align-center\">\u00a1Desarrolla tu pasi\u00f3n, conquista tu meta! <br>Formaciones federadas especializadas en deporte y entrenamiento: <br>tu camino hacia el \u00e9xito est\u00e1 aqu\u00ed.<\/h3>\n\n\n\n<div style=\"height:44px\" aria-hidden=\"true\" class=\"wp-block-spacer\"><\/div>\n\n\n\n<div class=\"wp-block-cover is-light\" style=\"min-height:121px;aspect-ratio:unset;\"><span aria-hidden=\"true\" class=\"wp-block-cover__background has-luminous-vivid-amber-background-color has-background-dim-100 has-background-dim\"><\/span><div class=\"wp-block-cover__inner-container is-layout-constrained wp-block-cover-is-layout-constrained\">\n<h3 class=\"wp-block-heading has-text-align-center has-large-font-size\">Nuestras Especialidades<\/h3>\n<\/div><\/div>\n\n\n\n<div style=\"height:21px\" aria-hidden=\"true\" class=\"wp-block-spacer\"><\/div>\n\n\n\n<p class=\"has-text-align-center\"><strong><em>Todas las formaciones disponen de certificaci\u00f3n con reconocimento de horas de estudio y calificaci\u00f3n.<\/em><\/strong><\/p>\n\n\n\n<p class=\"has-text-align-center\"><strong><em>Formaciones certificadas por la Federaci\u00f3n Espa\u00f1ola de Fitness con carn\u00e9 de federado\/a. Consultanos<\/em><\/strong><\/p>\n\n\n\n<figure class=\"wp-block-gallery has-nested-images columns-default is-cropped is-style-rectangular wp-block-gallery-1 is-layout-flex wp-block-gallery-is-layout-flex\">\n<figure class=\"wp-block-image size-large is-style-default\"><a href=\"http:\/\/www.centro-cee.com\/fitness\/personal-trainer\/\" rel=\"personal trainer\"><img fetchpriority=\"high\" decoding=\"async\" width=\"432\" height=\"450\" data-id=\"53\" src=\"http:\/\/www.centro-cee.com\/fitness\/wp-content\/uploads\/2024\/03\/home-programs-img4-432x450-1.jpg\" alt=\"\" class=\"wp-image-53\" srcset=\"https:\/\/www.centro-cee.com\/fitness\/wp-content\/uploads\/2024\/03\/home-programs-img4-432x450-1.jpg 432w, https:\/\/www.centro-cee.com\/fitness\/wp-content\/uploads\/2024\/03\/home-programs-img4-432x450-1-288x300.jpg 288w\" sizes=\"(max-width: 432px) 100vw, 432px\" \/><\/a><figcaption class=\"wp-element-caption\">PERSONAL TRAINER<\/figcaption><\/figure>\n\n\n\n<figure class=\"wp-block-image size-full\"><a href=\"http:\/\/www.centro-cee.com\/fitness\/yoga\/\"><img decoding=\"async\" width=\"431\" height=\"450\" data-id=\"57\" src=\"http:\/\/www.centro-cee.com\/fitness\/wp-content\/uploads\/2024\/03\/home-programs-img3-431x450-1.jpg\" alt=\"\" class=\"wp-image-57\" srcset=\"https:\/\/www.centro-cee.com\/fitness\/wp-content\/uploads\/2024\/03\/home-programs-img3-431x450-1.jpg 431w, https:\/\/www.centro-cee.com\/fitness\/wp-content\/uploads\/2024\/03\/home-programs-img3-431x450-1-287x300.jpg 287w\" sizes=\"(max-width: 431px) 100vw, 431px\" \/><\/a><figcaption class=\"wp-element-caption\">BIENESTAR F\u00cdSICO\/MENTAL<\/figcaption><\/figure>\n\n\n\n<figure class=\"wp-block-image size-large\"><a href=\"http:\/\/www.centro-cee.com\/fitness\/musculacion\/\"><img decoding=\"async\" width=\"432\" height=\"450\" data-id=\"55\" src=\"http:\/\/www.centro-cee.com\/fitness\/wp-content\/uploads\/2024\/03\/home-programs-img2-432x450-1.jpg\" alt=\"\" class=\"wp-image-55\" srcset=\"https:\/\/www.centro-cee.com\/fitness\/wp-content\/uploads\/2024\/03\/home-programs-img2-432x450-1.jpg 432w, https:\/\/www.centro-cee.com\/fitness\/wp-content\/uploads\/2024\/03\/home-programs-img2-432x450-1-288x300.jpg 288w\" sizes=\"(max-width: 432px) 100vw, 432px\" \/><\/a><figcaption class=\"wp-element-caption\">MUSCULACI\u00d3N<\/figcaption><\/figure>\n<\/figure>\n\n\n\n<div style=\"height:138px\" aria-hidden=\"true\" class=\"wp-block-spacer\"><\/div>\n\n\n\n<p class=\"has-text-align-center has-large-font-size\">Accede a nuestra tienda y busca tu formaci\u00f3n<\/p>\n\n\n\n<div class=\"wp-block-buttons is-content-justification-center is-layout-flex wp-container-core-buttons-is-layout-16018d1d wp-block-buttons-is-layout-flex\">\n<div class=\"wp-block-button is-style-fill\"><a class=\"wp-block-button__link wp-element-button\" href=\"http:\/\/www.centro-cee.com\/fitness\/tienda\/\">TIENDA DE ACCIONES FORMATIVAS<\/a><\/div>\n<\/div>\n\n\n\n<div style=\"height:100px\" aria-hidden=\"true\" class=\"wp-block-spacer\"><\/div>\n\n\n<h4 style=\"text-align: center;\">\u00a1\u00danete a nosotros y da el primer paso hacia una carrera exitosa y gratificante!<\/h4>\n<h4>\u00a0<\/h4>\n<h4><strong>Apoyo<\/strong> <strong>Personalizado<\/strong>: En la Escuela Fitness CEE, nos preocupamos por el \u00e9xito de cada estudiante. Nuestro equipo docente est\u00e1 comprometido a brindar un apoyo personalizado a lo largo de todo el proceso de aprendizaje. Desde el primer d\u00eda hasta la graduaci\u00f3n, nuestros estudiantes reciben orientaci\u00f3n individualizada, asesoramiento profesional y recursos adicionales para ayudarles a alcanzar sus metas.<\/h4>\n<h4><strong>Oportunidades Profesionales<\/strong>: La demanda de entrenadores personales cualificados est\u00e1 en aumento, y nuestra especialidad est\u00e1 dise\u00f1ada para preparar a los estudiantes para tener \u00e9xito en este sector en crecimiento. Ya sea trabajando de forma independiente, en gimnasios, centros de salud o incluso en el \u00e1mbito deportivo profesional, nuestros graduados est\u00e1n preparados para destacar en una variedad de entornos laborales.<\/h4>\n<h4><strong>Certificaci\u00f3n<\/strong>: En nuestra escuela, nos enorgullece ofrecerte formaciones de la m\u00e1s alta calidad, respaldadas por la prestigiosa Federaci\u00f3n Espa\u00f1ola de Fitness. Al completar tus estudios con nosotros, no solo obtendr\u00e1s conocimientos de vanguardia en \u00e1reas como entrenador personal, coaching deportivo, nutrici\u00f3n deportiva, fisioterapia y rehabilitaci\u00f3n deportiva, sino que tambi\u00e9n recibir\u00e1s una certificaci\u00f3n directamente emitida por la FEF. Adem\u00e1s, como parte de este reconocimiento, te otorgara el carnet de federado\/a, que te abrir\u00e1 las puertas a nuevas oportunidades en el apasionante mundo del fitness y el deporte.<\/h4>\n\n\n<div style=\"height:26px\" aria-hidden=\"true\" class=\"wp-block-spacer\"><\/div>\n\n\n\n<div class=\"alignnormal\"><div id=\"metaslider-id-349\" style=\"max-width: 800px; margin: 0 auto;\" class=\"ml-slider-3-107-0 metaslider metaslider-flex metaslider-349 ml-slider has-dots-nav ms-theme-default\" role=\"region\" aria-label=\"Nueva presentaci\u00f3n de diapositivas\" data-height=\"400\" data-width=\"800\">\n    <div id=\"metaslider_container_349\">\n        <div id=\"metaslider_349\">\n            <ul class='slides'>\n                <li style=\"display: block; width: 100%;\" class=\"slide-357 ms-image \" aria-roledescription=\"slide\" data-date=\"2024-03-27 15:13:11\" data-filename=\"s1-e1711547010440.jpeg\" data-slide-type=\"image\"><img loading=\"lazy\" decoding=\"async\" src=\"https:\/\/www.centro-cee.com\/fitness\/wp-content\/uploads\/slider3\/s1-e1711547010440.jpeg\" height=\"400\" width=\"800\" alt=\"\" class=\"slider-349 slide-357 msDefaultImage\" title=\"Fitness CEE\" \/><\/li>\n                <li style=\"display: none; width: 100%;\" class=\"slide-351 ms-image \" aria-roledescription=\"slide\" data-date=\"2024-03-27 15:13:10\" data-filename=\"s4-e1711546680883.jpeg\" data-slide-type=\"image\"><img loading=\"lazy\" decoding=\"async\" src=\"https:\/\/www.centro-cee.com\/fitness\/wp-content\/uploads\/slider3\/s4-e1711546680883.jpeg\" height=\"400\" width=\"800\" alt=\"\" class=\"slider-349 slide-351 msDefaultImage\" title=\"Fitness CEE\" \/><\/li>\n                <li style=\"display: none; width: 100%;\" class=\"slide-352 ms-image \" aria-roledescription=\"slide\" data-date=\"2024-03-27 15:13:10\" data-filename=\"s3-e1711546704817.jpeg\" data-slide-type=\"image\"><img loading=\"lazy\" decoding=\"async\" src=\"https:\/\/www.centro-cee.com\/fitness\/wp-content\/uploads\/slider3\/s3-e1711546704817.jpeg\" height=\"400\" width=\"800\" alt=\"\" class=\"slider-349 slide-352 msDefaultImage\" title=\"Fitness CEE\" \/><\/li>\n                <li style=\"display: none; width: 100%;\" class=\"slide-350 ms-image \" aria-roledescription=\"slide\" data-date=\"2024-03-27 15:13:09\" data-filename=\"feflogo-668x334.jpg\" data-slide-type=\"image\"><img loading=\"lazy\" decoding=\"async\" src=\"https:\/\/www.centro-cee.com\/fitness\/wp-content\/uploads\/2024\/03\/feflogo-668x334.jpg\" height=\"400\" width=\"800\" alt=\"\" class=\"slider-349 slide-350 msDefaultImage\" title=\"Fitness CEE\" \/><\/li>\n                <li style=\"display: none; width: 100%;\" class=\"slide-353 ms-image \" aria-roledescription=\"slide\" data-date=\"2024-03-27 15:13:10\" data-filename=\"s6-e1711546956751.jpeg\" data-slide-type=\"image\"><img loading=\"lazy\" decoding=\"async\" src=\"https:\/\/www.centro-cee.com\/fitness\/wp-content\/uploads\/slider3\/s6-e1711546956751.jpeg\" height=\"400\" width=\"800\" alt=\"\" class=\"slider-349 slide-353 msDefaultImage\" title=\"Fitness CEE\" \/><\/li>\n                <li style=\"display: none; width: 100%;\" class=\"slide-354 ms-image \" aria-roledescription=\"slide\" data-date=\"2024-03-27 15:13:10\" data-filename=\"s2-e1711546971717.jpeg\" data-slide-type=\"image\"><img loading=\"lazy\" decoding=\"async\" src=\"https:\/\/www.centro-cee.com\/fitness\/wp-content\/uploads\/slider3\/s2-e1711546971717.jpeg\" height=\"400\" width=\"800\" alt=\"\" class=\"slider-349 slide-354 msDefaultImage\" title=\"Fitness CEE\" \/><\/li>\n                <li style=\"display: none; width: 100%;\" class=\"slide-355 ms-image \" aria-roledescription=\"slide\" data-date=\"2024-03-27 15:13:10\" data-filename=\"s5-e1711546984347.jpeg\" data-slide-type=\"image\"><img loading=\"lazy\" decoding=\"async\" src=\"https:\/\/www.centro-cee.com\/fitness\/wp-content\/uploads\/slider3\/s5-e1711546984347.jpeg\" height=\"400\" width=\"800\" alt=\"\" class=\"slider-349 slide-355 msDefaultImage\" title=\"Fitness CEE\" \/><\/li>\n                <li style=\"display: none; width: 100%;\" class=\"slide-356 ms-image \" aria-roledescription=\"slide\" data-date=\"2024-03-27 15:13:11\" data-filename=\"s7-e1711546997542.jpeg\" data-slide-type=\"image\"><img loading=\"lazy\" decoding=\"async\" src=\"https:\/\/www.centro-cee.com\/fitness\/wp-content\/uploads\/slider3\/s7-e1711546997542.jpeg\" height=\"400\" width=\"800\" alt=\"\" class=\"slider-349 slide-356 msDefaultImage\" title=\"Fitness CEE\" \/><\/li>\n            <\/ul>\n        <\/div>\n        \n    <\/div>\n<\/div><\/div>\n\n\n\n<div class=\"wp-block-group alignfull has-contrast-color has-text-color is-vertical is-content-justification-center is-layout-flex wp-container-core-group-is-layout-d5252c54 wp-block-group-is-layout-flex\" style=\"min-height:40vh;margin-top:0;margin-bottom:0;padding-top:var(--wp--preset--spacing--60);padding-right:var(--wp--preset--spacing--50);padding-bottom:var(--wp--preset--spacing--60);padding-left:var(--wp--preset--spacing--50)\"><div style=\"margin-bottom:6px;\" class=\"is-default-size aligncenter wp-block-site-logo\"><a href=\"https:\/\/www.centro-cee.com\/fitness\/\" class=\"custom-logo-link\" rel=\"home\"><img loading=\"lazy\" decoding=\"async\" width=\"786\" height=\"614\" src=\"https:\/\/www.centro-cee.com\/fitness\/wp-content\/uploads\/2024\/03\/l1.png\" class=\"custom-logo\" alt=\"Fitness CEE\" srcset=\"https:\/\/www.centro-cee.com\/fitness\/wp-content\/uploads\/2024\/03\/l1.png 786w, https:\/\/www.centro-cee.com\/fitness\/wp-content\/uploads\/2024\/03\/l1-300x234.png 300w, https:\/\/www.centro-cee.com\/fitness\/wp-content\/uploads\/2024\/03\/l1-768x600.png 768w, https:\/\/www.centro-cee.com\/fitness\/wp-content\/uploads\/2024\/03\/l1-600x469.png 600w\" sizes=\"(max-width: 786px) 100vw, 786px\" \/><\/a><\/div>\n\n\n<h6 class=\"wp-block-heading\">\u00a9 2024 \u2013 Fitness CEE<\/h6>\n\n\n\n<h6 class=\"wp-block-heading\"><a data-type=\"page\" data-id=\"269\" href=\"http:\/\/www.centro-cee.com\/fitness\/mensajes\/\">Contacto<\/a> &#8211; <a href=\"http:\/\/www.centro-cee.com\/fitness\/reembolso_devoluciones\/\">Condiciones<\/a><\/h6>\n<\/div>\n","protected":false},"excerpt":{"rendered":"<p>Bienvenid@s a FITNESS CEE \u00a1Desarrolla tu pasi\u00f3n, conquista tu meta! Formaciones federadas especializadas en deporte y entrenamiento: tu camino hacia el \u00e9xito est\u00e1 aqu\u00ed. Todas las formaciones disponen de certificaci\u00f3n con reconocimento de horas de estudio y calificaci\u00f3n. Formaciones certificadas por la Federaci\u00f3n Espa\u00f1ola de Fitness con carn\u00e9 de federado\/a. Consultanos Accede a nuestra tienda [&hellip;]<\/p>\n","protected":false},"author":1,"featured_media":0,"parent":0,"menu_order":0,"comment_status":"closed","ping_status":"closed","template":"","meta":{"footnotes":""},"class_list":["post-2","page","type-page","status-publish","hentry"],"yoast_head":"<!-- This site is optimized with the Yoast SEO plugin v27.3 - https:\/\/yoast.com\/product\/yoast-seo-wordpress\/ -->\n<title>- Fitness CEE<\/title>\n<meta name=\"robots\" content=\"index, follow, max-snippet:-1, max-image-preview:large, max-video-preview:-1\" \/>\n<link rel=\"canonical\" href=\"https:\/\/www.centro-cee.com\/fitness\/\" \/>\n<meta property=\"og:locale\" content=\"es_ES\" \/>\n<meta property=\"og:type\" content=\"article\" \/>\n<meta property=\"og:title\" content=\"- Fitness CEE\" \/>\n<meta property=\"og:description\" content=\"Bienvenid@s a FITNESS CEE \u00a1Desarrolla tu pasi\u00f3n, conquista tu meta! Formaciones federadas especializadas en deporte y entrenamiento: tu camino hacia el \u00e9xito est\u00e1 aqu\u00ed. Todas las formaciones disponen de certificaci\u00f3n con reconocimento de horas de estudio y calificaci\u00f3n. Formaciones certificadas por la Federaci\u00f3n Espa\u00f1ola de Fitness con carn\u00e9 de federado\/a. Consultanos Accede a nuestra tienda [&hellip;]\" \/>\n<meta property=\"og:url\" content=\"https:\/\/www.centro-cee.com\/fitness\/\" \/>\n<meta property=\"og:site_name\" content=\"Fitness CEE\" \/>\n<meta property=\"article:modified_time\" content=\"2024-03-30T20:25:12+00:00\" \/>\n<meta property=\"og:image\" content=\"http:\/\/www.centro-cee.com\/fitness\/wp-content\/uploads\/2024\/03\/home-programs-img4-432x450-1.jpg\" \/>\n<meta name=\"twitter:card\" content=\"summary_large_image\" \/>\n<meta name=\"twitter:label1\" content=\"Tiempo de lectura\" \/>\n\t<meta name=\"twitter:data1\" content=\"2 minutos\" \/>\n<script type=\"application\/ld+json\" class=\"yoast-schema-graph\">{\"@context\":\"https:\\\/\\\/schema.org\",\"@graph\":[{\"@type\":\"WebPage\",\"@id\":\"https:\\\/\\\/www.centro-cee.com\\\/fitness\\\/\",\"url\":\"https:\\\/\\\/www.centro-cee.com\\\/fitness\\\/\",\"name\":\"- Fitness CEE\",\"isPartOf\":{\"@id\":\"https:\\\/\\\/www.centro-cee.com\\\/fitness\\\/#website\"},\"primaryImageOfPage\":{\"@id\":\"https:\\\/\\\/www.centro-cee.com\\\/fitness\\\/#primaryimage\"},\"image\":{\"@id\":\"https:\\\/\\\/www.centro-cee.com\\\/fitness\\\/#primaryimage\"},\"thumbnailUrl\":\"http:\\\/\\\/www.centro-cee.com\\\/fitness\\\/wp-content\\\/uploads\\\/2024\\\/03\\\/home-programs-img4-432x450-1.jpg\",\"datePublished\":\"2024-03-22T13:26:10+00:00\",\"dateModified\":\"2024-03-30T20:25:12+00:00\",\"inLanguage\":\"es\",\"potentialAction\":[{\"@type\":\"ReadAction\",\"target\":[\"https:\\\/\\\/www.centro-cee.com\\\/fitness\\\/\"]}]},{\"@type\":\"ImageObject\",\"inLanguage\":\"es\",\"@id\":\"https:\\\/\\\/www.centro-cee.com\\\/fitness\\\/#primaryimage\",\"url\":\"https:\\\/\\\/www.centro-cee.com\\\/fitness\\\/wp-content\\\/uploads\\\/2024\\\/03\\\/home-programs-img4-432x450-1.jpg\",\"contentUrl\":\"https:\\\/\\\/www.centro-cee.com\\\/fitness\\\/wp-content\\\/uploads\\\/2024\\\/03\\\/home-programs-img4-432x450-1.jpg\",\"width\":432,\"height\":450},{\"@type\":\"WebSite\",\"@id\":\"https:\\\/\\\/www.centro-cee.com\\\/fitness\\\/#website\",\"url\":\"https:\\\/\\\/www.centro-cee.com\\\/fitness\\\/\",\"name\":\"Fitness CEE\",\"description\":\"\",\"publisher\":{\"@id\":\"https:\\\/\\\/www.centro-cee.com\\\/fitness\\\/#organization\"},\"potentialAction\":[{\"@type\":\"SearchAction\",\"target\":{\"@type\":\"EntryPoint\",\"urlTemplate\":\"https:\\\/\\\/www.centro-cee.com\\\/fitness\\\/?s={search_term_string}\"},\"query-input\":{\"@type\":\"PropertyValueSpecification\",\"valueRequired\":true,\"valueName\":\"search_term_string\"}}],\"inLanguage\":\"es\"},{\"@type\":\"Organization\",\"@id\":\"https:\\\/\\\/www.centro-cee.com\\\/fitness\\\/#organization\",\"name\":\"Fitness CEE\",\"url\":\"https:\\\/\\\/www.centro-cee.com\\\/fitness\\\/\",\"logo\":{\"@type\":\"ImageObject\",\"inLanguage\":\"es\",\"@id\":\"https:\\\/\\\/www.centro-cee.com\\\/fitness\\\/#\\\/schema\\\/logo\\\/image\\\/\",\"url\":\"https:\\\/\\\/www.centro-cee.com\\\/fitness\\\/wp-content\\\/uploads\\\/2024\\\/03\\\/l1.png\",\"contentUrl\":\"https:\\\/\\\/www.centro-cee.com\\\/fitness\\\/wp-content\\\/uploads\\\/2024\\\/03\\\/l1.png\",\"width\":786,\"height\":614,\"caption\":\"Fitness CEE\"},\"image\":{\"@id\":\"https:\\\/\\\/www.centro-cee.com\\\/fitness\\\/#\\\/schema\\\/logo\\\/image\\\/\"}}]}<\/script>\n<!-- \/ Yoast SEO plugin. -->","yoast_head_json":{"title":"- Fitness CEE","robots":{"index":"index","follow":"follow","max-snippet":"max-snippet:-1","max-image-preview":"max-image-preview:large","max-video-preview":"max-video-preview:-1"},"canonical":"https:\/\/www.centro-cee.com\/fitness\/","og_locale":"es_ES","og_type":"article","og_title":"- Fitness CEE","og_description":"Bienvenid@s a FITNESS CEE \u00a1Desarrolla tu pasi\u00f3n, conquista tu meta! Formaciones federadas especializadas en deporte y entrenamiento: tu camino hacia el \u00e9xito est\u00e1 aqu\u00ed. Todas las formaciones disponen de certificaci\u00f3n con reconocimento de horas de estudio y calificaci\u00f3n. Formaciones certificadas por la Federaci\u00f3n Espa\u00f1ola de Fitness con carn\u00e9 de federado\/a. Consultanos Accede a nuestra tienda [&hellip;]","og_url":"https:\/\/www.centro-cee.com\/fitness\/","og_site_name":"Fitness CEE","article_modified_time":"2024-03-30T20:25:12+00:00","og_image":[{"url":"http:\/\/www.centro-cee.com\/fitness\/wp-content\/uploads\/2024\/03\/home-programs-img4-432x450-1.jpg","type":"","width":"","height":""}],"twitter_card":"summary_large_image","twitter_misc":{"Tiempo de lectura":"2 minutos"},"schema":{"@context":"https:\/\/schema.org","@graph":[{"@type":"WebPage","@id":"https:\/\/www.centro-cee.com\/fitness\/","url":"https:\/\/www.centro-cee.com\/fitness\/","name":"- Fitness CEE","isPartOf":{"@id":"https:\/\/www.centro-cee.com\/fitness\/#website"},"primaryImageOfPage":{"@id":"https:\/\/www.centro-cee.com\/fitness\/#primaryimage"},"image":{"@id":"https:\/\/www.centro-cee.com\/fitness\/#primaryimage"},"thumbnailUrl":"http:\/\/www.centro-cee.com\/fitness\/wp-content\/uploads\/2024\/03\/home-programs-img4-432x450-1.jpg","datePublished":"2024-03-22T13:26:10+00:00","dateModified":"2024-03-30T20:25:12+00:00","inLanguage":"es","potentialAction":[{"@type":"ReadAction","target":["https:\/\/www.centro-cee.com\/fitness\/"]}]},{"@type":"ImageObject","inLanguage":"es","@id":"https:\/\/www.centro-cee.com\/fitness\/#primaryimage","url":"https:\/\/www.centro-cee.com\/fitness\/wp-content\/uploads\/2024\/03\/home-programs-img4-432x450-1.jpg","contentUrl":"https:\/\/www.centro-cee.com\/fitness\/wp-content\/uploads\/2024\/03\/home-programs-img4-432x450-1.jpg","width":432,"height":450},{"@type":"WebSite","@id":"https:\/\/www.centro-cee.com\/fitness\/#website","url":"https:\/\/www.centro-cee.com\/fitness\/","name":"Fitness CEE","description":"","publisher":{"@id":"https:\/\/www.centro-cee.com\/fitness\/#organization"},"potentialAction":[{"@type":"SearchAction","target":{"@type":"EntryPoint","urlTemplate":"https:\/\/www.centro-cee.com\/fitness\/?s={search_term_string}"},"query-input":{"@type":"PropertyValueSpecification","valueRequired":true,"valueName":"search_term_string"}}],"inLanguage":"es"},{"@type":"Organization","@id":"https:\/\/www.centro-cee.com\/fitness\/#organization","name":"Fitness CEE","url":"https:\/\/www.centro-cee.com\/fitness\/","logo":{"@type":"ImageObject","inLanguage":"es","@id":"https:\/\/www.centro-cee.com\/fitness\/#\/schema\/logo\/image\/","url":"https:\/\/www.centro-cee.com\/fitness\/wp-content\/uploads\/2024\/03\/l1.png","contentUrl":"https:\/\/www.centro-cee.com\/fitness\/wp-content\/uploads\/2024\/03\/l1.png","width":786,"height":614,"caption":"Fitness CEE"},"image":{"@id":"https:\/\/www.centro-cee.com\/fitness\/#\/schema\/logo\/image\/"}}]}},"jetpack_sharing_enabled":true,"_links":{"self":[{"href":"https:\/\/www.centro-cee.com\/fitness\/wp-json\/wp\/v2\/pages\/2","targetHints":{"allow":["GET"]}}],"collection":[{"href":"https:\/\/www.centro-cee.com\/fitness\/wp-json\/wp\/v2\/pages"}],"about":[{"href":"https:\/\/www.centro-cee.com\/fitness\/wp-json\/wp\/v2\/types\/page"}],"author":[{"embeddable":true,"href":"https:\/\/www.centro-cee.com\/fitness\/wp-json\/wp\/v2\/users\/1"}],"replies":[{"embeddable":true,"href":"https:\/\/www.centro-cee.com\/fitness\/wp-json\/wp\/v2\/comments?post=2"}],"version-history":[{"count":108,"href":"https:\/\/www.centro-cee.com\/fitness\/wp-json\/wp\/v2\/pages\/2\/revisions"}],"predecessor-version":[{"id":461,"href":"https:\/\/www.centro-cee.com\/fitness\/wp-json\/wp\/v2\/pages\/2\/revisions\/461"}],"wp:attachment":[{"href":"https:\/\/www.centro-cee.com\/fitness\/wp-json\/wp\/v2\/media?parent=2"}],"curies":[{"name":"wp","href":"https:\/\/api.w.org\/{rel}","templated":true}]}}