{"id":445,"date":"2024-03-29T17:00:30","date_gmt":"2024-03-29T16:00:30","guid":{"rendered":"http:\/\/www.centro-cee.com\/fitness\/?post_type=product&#038;p=445"},"modified":"2024-05-29T15:58:50","modified_gmt":"2024-05-29T13:58:50","slug":"monitor-a-de-talleres-de-risoterapia","status":"publish","type":"product","link":"http:\/\/www.centro-cee.com\/fitness\/producto\/monitor-a-de-talleres-de-risoterapia\/","title":{"rendered":"Monitor\/a de Talleres de Risoterapia"},"content":{"rendered":"<hr \/>\n<h4 class=\"tituloTema\">1. INTRODUCCI\u00d3N A LA RISOTERAPIA<\/h4>\n<ol>\n<li>Introducci\u00f3n<\/li>\n<li>Concepto de risoterapia<\/li>\n<li>Finalidad de la risoterapia<\/li>\n<li>Beneficios de la risoterapia<\/li>\n<\/ol>\n<h4 class=\"tituloTema\">2. LA RISA Y EL SER HUMANO<\/h4>\n<ol>\n<li>Introducci\u00f3n<\/li>\n<li>Concepto de risa<\/li>\n<li>Efectos de la risa<\/li>\n<li>Tipos de risa<\/li>\n<li>Beneficios de la risa<\/li>\n<\/ol>\n<h4 class=\"tituloTema\">3. LAS EMOCIONES<\/h4>\n<ol>\n<li>La emoci\u00f3n<\/li>\n<li>Funciones de las emociones<\/li>\n<li>Emociones b\u00e1sicas<\/li>\n<li>Teor\u00edas sobre la emoci\u00f3n<\/li>\n<li>El cerebro, asiento de las emociones<\/li>\n<li>El sistema l\u00edmbico<\/li>\n<li>Relaci\u00f3n entre emoci\u00f3n y salud<\/li>\n<\/ol>\n<h4 class=\"tituloTema\">4. RISOTERAPIA Y ESTR\u00c9S<\/h4>\n<ol>\n<li>Introducci\u00f3n<\/li>\n<li>Concepto de estr\u00e9s<\/li>\n<li>Desencadenantes y causas del estr\u00e9s<\/li>\n<li>Tipos de estr\u00e9s<\/li>\n<li>S\u00edntomas del estr\u00e9s<\/li>\n<li>Consecuencias del estr\u00e9s<\/li>\n<\/ol>\n<h4 class=\"tituloTema\">5. EL PROCESO DE COMUNICACI\u00d3N EN LAS ACTIVIDADES DE ANIMACI\u00d3N<\/h4>\n<ol>\n<li>Necesidades personales y sociales en el \u00e1mbito de la animaci\u00f3n y recreaci\u00f3n<\/li>\n<li>Elementos de la comunicaci\u00f3n: emisor, mensaje, receptor, canal utilizado<\/li>\n<li>Dificultades comunicativas m\u00e1s habituales en actividades de animaci\u00f3n y recreaci\u00f3n<\/li>\n<li>Estrategias y t\u00e9cnicas para fomentar y facilitar la comunicaci\u00f3n en animaci\u00f3n<\/li>\n<li>Procesos de comunicaci\u00f3n en situaciones de reclamaci\u00f3n del usuario<\/li>\n<li>Estrategias del animador para motivar y animar en la interacci\u00f3n grupal<\/li>\n<\/ol>\n<h4 class=\"tituloTema\">6. LA PARTICIPACI\u00d3N ACTIVA EN LOS JUEGOS Y ACTIVIDADES DE ANIMACI\u00d3N<\/h4>\n<ol>\n<li>Desarrollo evolutivo<\/li>\n<li>Sociolog\u00eda del ocio y la actividad f\u00edsico-deportiva y recreativa<\/li>\n<li>Estrategias y pautas para favorecer la participaci\u00f3n e implicaci\u00f3n de los usuarios en actividades de animaci\u00f3n<\/li>\n<li>Caracter\u00edsticas psicoafectivas de personas pertenecientes a colectivos especiales<\/li>\n<li>Imagen y talante del animador<\/li>\n<li>Habilidades psicol\u00f3gicas susceptibles de desarrollo en el \u00e1mbito de la animaci\u00f3n<\/li>\n<\/ol>\n<h4 class=\"tituloTema\">7. DIRECCI\u00d3N Y DINAMIZACI\u00d3N DE SESIONES DE JUEGOS Y ACTIVIDADES DE ANIMACI\u00d3N<\/h4>\n<ol>\n<li>Componentes del servicio de atenci\u00f3n al cliente: Cortes\u00eda, credibilidad, comunicaci\u00f3n, accesibilidad, comprensi\u00f3n, profesionalismo, capacidad de respuesta, fiabilidad<\/li>\n<li>Estrategias metodol\u00f3gicas espec\u00edficas y adaptadas de direcci\u00f3n y dinamizaci\u00f3n de sesiones de juegos y actividades de animaci\u00f3n f\u00edsico-deportiva y recreativa<\/li>\n<li>Estrategias del animador para motivar y animar en la interacci\u00f3n grupal<\/li>\n<li>Dinamizaci\u00f3n de eventos y actividades de animaci\u00f3n f\u00edsico-deportiva y recreativa<\/li>\n<li>Din\u00e1mica de grupos en animaci\u00f3n f\u00edsico-deportiva y recreativa<\/li>\n<\/ol>\n<h4 class=\"tituloTema\">8. LA SESI\u00d3N DE RISOTERAPIA<\/h4>\n<ol>\n<li>Introducci\u00f3n<\/li>\n<li>La sesi\u00f3n de risoterapia<\/li>\n<li>Duraci\u00f3n de la sesi\u00f3n<\/li>\n<li>Fases de la sesi\u00f3n de risoterapia<\/li>\n<li>Objetivos de una sesi\u00f3n de risoterapia<\/li>\n<li>Taller de risoterapia<\/li>\n<\/ol>\n<h4 class=\"tituloTema\">9. T\u00c9CNICAS DE AUTOCONTROL EMOCIONAL<\/h4>\n<ol>\n<li>Introducci\u00f3n<\/li>\n<li>Imaginaci\u00f3n\/Visualizaci\u00f3n<\/li>\n<li>Entrenamiento asertivo<\/li>\n<li>T\u00e9cnica de control de la respiraci\u00f3n<\/li>\n<li>La relajaci\u00f3n<\/li>\n<\/ol>\n<h4 class=\"tituloTema\">10. ESQUEMA Y EXPRESI\u00d3N CORPORAL EN RISOTERAPIA<\/h4>\n<ol>\n<li>Introducci\u00f3n<\/li>\n<li>El esquema corporal<\/li>\n<li>La expresi\u00f3n corporal<\/li>\n<li>Manifestaciones expresivas<\/li>\n<\/ol>\n<h4 class=\"tituloTema\">11. JUEGOS DE RISOTERAPIA<\/h4>\n<ol>\n<li>Introducci\u00f3n<\/li>\n<li>Din\u00e1mica de grupos<\/li>\n<li>El juego en risoterapia<\/li>\n<\/ol>\n","protected":false},"excerpt":{"rendered":"<p>Se exploran diferentes enfoques y metodolog\u00edas de trabajo en sesiones de risoterapia, as\u00ed como estrategias para adaptarlas a diferentes grupos y contextos.<\/p>\n<p>Adem\u00e1s, se estudia el papel del facilitador de risoterapia, incluyendo habilidades de comunicaci\u00f3n, empat\u00eda y escucha activa para crear un ambiente de confianza y apertura. Se abordan tambi\u00e9n aspectos \u00e9ticos y de seguridad en la pr\u00e1ctica de risoterapia, as\u00ed como la integraci\u00f3n de esta t\u00e9cnica en otros campos terap\u00e9uticos.<\/p>\n","protected":false},"featured_media":447,"comment_status":"closed","ping_status":"closed","template":"","meta":[],"product_brand":[],"product_cat":[18],"product_tag":[],"class_list":{"0":"post-445","1":"product","2":"type-product","3":"status-publish","4":"has-post-thumbnail","6":"product_cat-bienestar","8":"first","9":"instock","10":"sale","11":"virtual","12":"purchasable","13":"product-type-simple"},"yoast_head":"<!-- This site is optimized with the Yoast SEO plugin v27.3 - https:\/\/yoast.com\/product\/yoast-seo-wordpress\/ -->\n<title>Monitor\/a de Talleres de Risoterapia - Fitness CEE<\/title>\n<meta name=\"description\" content=\"Descubre el poder transformador de la risa y aprende a guiar talleres de risoterapia. \u00a1Fomenta el bienestar y la alegr\u00eda!\" \/>\n<meta name=\"robots\" content=\"index, follow, max-snippet:-1, max-image-preview:large, max-video-preview:-1\" \/>\n<link rel=\"canonical\" href=\"http:\/\/www.centro-cee.com\/fitness\/producto\/monitor-a-de-talleres-de-risoterapia\/\" \/>\n<meta property=\"og:locale\" content=\"es_ES\" \/>\n<meta property=\"og:type\" content=\"article\" \/>\n<meta property=\"og:title\" content=\"Monitor\/a de Talleres de Risoterapia - Fitness CEE\" \/>\n<meta property=\"og:description\" content=\"Descubre el poder transformador de la risa y aprende a guiar talleres de risoterapia. \u00a1Fomenta el bienestar y la alegr\u00eda!\" \/>\n<meta property=\"og:url\" content=\"http:\/\/www.centro-cee.com\/fitness\/producto\/monitor-a-de-talleres-de-risoterapia\/\" \/>\n<meta property=\"og:site_name\" content=\"Fitness CEE\" \/>\n<meta property=\"article:modified_time\" content=\"2024-05-29T13:58:50+00:00\" \/>\n<meta property=\"og:image\" content=\"http:\/\/www.centro-cee.com\/fitness\/wp-content\/uploads\/2024\/03\/risoterapia.jpeg\" \/>\n\t<meta property=\"og:image:width\" content=\"680\" \/>\n\t<meta property=\"og:image:height\" content=\"382\" \/>\n\t<meta property=\"og:image:type\" content=\"image\/jpeg\" \/>\n<meta name=\"twitter:card\" content=\"summary_large_image\" \/>\n<meta name=\"twitter:label1\" content=\"Tiempo de lectura\" \/>\n\t<meta name=\"twitter:data1\" content=\"2 minutos\" \/>\n<script type=\"application\/ld+json\" class=\"yoast-schema-graph\">{\"@context\":\"https:\\\/\\\/schema.org\",\"@graph\":[{\"@type\":\"WebPage\",\"@id\":\"http:\\\/\\\/www.centro-cee.com\\\/fitness\\\/producto\\\/monitor-a-de-talleres-de-risoterapia\\\/\",\"url\":\"http:\\\/\\\/www.centro-cee.com\\\/fitness\\\/producto\\\/monitor-a-de-talleres-de-risoterapia\\\/\",\"name\":\"Monitor\\\/a de Talleres de Risoterapia - Fitness CEE\",\"isPartOf\":{\"@id\":\"https:\\\/\\\/www.centro-cee.com\\\/fitness\\\/#website\"},\"primaryImageOfPage\":{\"@id\":\"http:\\\/\\\/www.centro-cee.com\\\/fitness\\\/producto\\\/monitor-a-de-talleres-de-risoterapia\\\/#primaryimage\"},\"image\":{\"@id\":\"http:\\\/\\\/www.centro-cee.com\\\/fitness\\\/producto\\\/monitor-a-de-talleres-de-risoterapia\\\/#primaryimage\"},\"thumbnailUrl\":\"http:\\\/\\\/www.centro-cee.com\\\/fitness\\\/wp-content\\\/uploads\\\/2024\\\/03\\\/risoterapia.jpeg\",\"datePublished\":\"2024-03-29T16:00:30+00:00\",\"dateModified\":\"2024-05-29T13:58:50+00:00\",\"description\":\"Descubre el poder transformador de la risa y aprende a guiar talleres de risoterapia. \u00a1Fomenta el bienestar y la alegr\u00eda!\",\"breadcrumb\":{\"@id\":\"http:\\\/\\\/www.centro-cee.com\\\/fitness\\\/producto\\\/monitor-a-de-talleres-de-risoterapia\\\/#breadcrumb\"},\"inLanguage\":\"es\",\"potentialAction\":[{\"@type\":\"ReadAction\",\"target\":[\"http:\\\/\\\/www.centro-cee.com\\\/fitness\\\/producto\\\/monitor-a-de-talleres-de-risoterapia\\\/\"]}]},{\"@type\":\"ImageObject\",\"inLanguage\":\"es\",\"@id\":\"http:\\\/\\\/www.centro-cee.com\\\/fitness\\\/producto\\\/monitor-a-de-talleres-de-risoterapia\\\/#primaryimage\",\"url\":\"http:\\\/\\\/www.centro-cee.com\\\/fitness\\\/wp-content\\\/uploads\\\/2024\\\/03\\\/risoterapia.jpeg\",\"contentUrl\":\"http:\\\/\\\/www.centro-cee.com\\\/fitness\\\/wp-content\\\/uploads\\\/2024\\\/03\\\/risoterapia.jpeg\",\"width\":680,\"height\":382},{\"@type\":\"BreadcrumbList\",\"@id\":\"http:\\\/\\\/www.centro-cee.com\\\/fitness\\\/producto\\\/monitor-a-de-talleres-de-risoterapia\\\/#breadcrumb\",\"itemListElement\":[{\"@type\":\"ListItem\",\"position\":1,\"name\":\"Portada\",\"item\":\"https:\\\/\\\/www.centro-cee.com\\\/fitness\\\/\"},{\"@type\":\"ListItem\",\"position\":2,\"name\":\"Monitor\\\/a de Talleres de Risoterapia\"}]},{\"@type\":\"WebSite\",\"@id\":\"https:\\\/\\\/www.centro-cee.com\\\/fitness\\\/#website\",\"url\":\"https:\\\/\\\/www.centro-cee.com\\\/fitness\\\/\",\"name\":\"Fitness CEE\",\"description\":\"\",\"publisher\":{\"@id\":\"https:\\\/\\\/www.centro-cee.com\\\/fitness\\\/#organization\"},\"potentialAction\":[{\"@type\":\"SearchAction\",\"target\":{\"@type\":\"EntryPoint\",\"urlTemplate\":\"https:\\\/\\\/www.centro-cee.com\\\/fitness\\\/?s={search_term_string}\"},\"query-input\":{\"@type\":\"PropertyValueSpecification\",\"valueRequired\":true,\"valueName\":\"search_term_string\"}}],\"inLanguage\":\"es\"},{\"@type\":\"Organization\",\"@id\":\"https:\\\/\\\/www.centro-cee.com\\\/fitness\\\/#organization\",\"name\":\"Fitness CEE\",\"url\":\"https:\\\/\\\/www.centro-cee.com\\\/fitness\\\/\",\"logo\":{\"@type\":\"ImageObject\",\"inLanguage\":\"es\",\"@id\":\"https:\\\/\\\/www.centro-cee.com\\\/fitness\\\/#\\\/schema\\\/logo\\\/image\\\/\",\"url\":\"http:\\\/\\\/www.centro-cee.com\\\/fitness\\\/wp-content\\\/uploads\\\/2024\\\/03\\\/l1.png\",\"contentUrl\":\"http:\\\/\\\/www.centro-cee.com\\\/fitness\\\/wp-content\\\/uploads\\\/2024\\\/03\\\/l1.png\",\"width\":786,\"height\":614,\"caption\":\"Fitness CEE\"},\"image\":{\"@id\":\"https:\\\/\\\/www.centro-cee.com\\\/fitness\\\/#\\\/schema\\\/logo\\\/image\\\/\"}}]}<\/script>\n<!-- \/ Yoast SEO plugin. -->","yoast_head_json":{"title":"Monitor\/a de Talleres de Risoterapia - Fitness CEE","description":"Descubre el poder transformador de la risa y aprende a guiar talleres de risoterapia. \u00a1Fomenta el bienestar y la alegr\u00eda!","robots":{"index":"index","follow":"follow","max-snippet":"max-snippet:-1","max-image-preview":"max-image-preview:large","max-video-preview":"max-video-preview:-1"},"canonical":"http:\/\/www.centro-cee.com\/fitness\/producto\/monitor-a-de-talleres-de-risoterapia\/","og_locale":"es_ES","og_type":"article","og_title":"Monitor\/a de Talleres de Risoterapia - Fitness CEE","og_description":"Descubre el poder transformador de la risa y aprende a guiar talleres de risoterapia. \u00a1Fomenta el bienestar y la alegr\u00eda!","og_url":"http:\/\/www.centro-cee.com\/fitness\/producto\/monitor-a-de-talleres-de-risoterapia\/","og_site_name":"Fitness CEE","article_modified_time":"2024-05-29T13:58:50+00:00","og_image":[{"width":680,"height":382,"url":"http:\/\/www.centro-cee.com\/fitness\/wp-content\/uploads\/2024\/03\/risoterapia.jpeg","type":"image\/jpeg"}],"twitter_card":"summary_large_image","twitter_misc":{"Tiempo de lectura":"2 minutos"},"schema":{"@context":"https:\/\/schema.org","@graph":[{"@type":"WebPage","@id":"http:\/\/www.centro-cee.com\/fitness\/producto\/monitor-a-de-talleres-de-risoterapia\/","url":"http:\/\/www.centro-cee.com\/fitness\/producto\/monitor-a-de-talleres-de-risoterapia\/","name":"Monitor\/a de Talleres de Risoterapia - Fitness CEE","isPartOf":{"@id":"https:\/\/www.centro-cee.com\/fitness\/#website"},"primaryImageOfPage":{"@id":"http:\/\/www.centro-cee.com\/fitness\/producto\/monitor-a-de-talleres-de-risoterapia\/#primaryimage"},"image":{"@id":"http:\/\/www.centro-cee.com\/fitness\/producto\/monitor-a-de-talleres-de-risoterapia\/#primaryimage"},"thumbnailUrl":"http:\/\/www.centro-cee.com\/fitness\/wp-content\/uploads\/2024\/03\/risoterapia.jpeg","datePublished":"2024-03-29T16:00:30+00:00","dateModified":"2024-05-29T13:58:50+00:00","description":"Descubre el poder transformador de la risa y aprende a guiar talleres de risoterapia. \u00a1Fomenta el bienestar y la alegr\u00eda!","breadcrumb":{"@id":"http:\/\/www.centro-cee.com\/fitness\/producto\/monitor-a-de-talleres-de-risoterapia\/#breadcrumb"},"inLanguage":"es","potentialAction":[{"@type":"ReadAction","target":["http:\/\/www.centro-cee.com\/fitness\/producto\/monitor-a-de-talleres-de-risoterapia\/"]}]},{"@type":"ImageObject","inLanguage":"es","@id":"http:\/\/www.centro-cee.com\/fitness\/producto\/monitor-a-de-talleres-de-risoterapia\/#primaryimage","url":"http:\/\/www.centro-cee.com\/fitness\/wp-content\/uploads\/2024\/03\/risoterapia.jpeg","contentUrl":"http:\/\/www.centro-cee.com\/fitness\/wp-content\/uploads\/2024\/03\/risoterapia.jpeg","width":680,"height":382},{"@type":"BreadcrumbList","@id":"http:\/\/www.centro-cee.com\/fitness\/producto\/monitor-a-de-talleres-de-risoterapia\/#breadcrumb","itemListElement":[{"@type":"ListItem","position":1,"name":"Portada","item":"https:\/\/www.centro-cee.com\/fitness\/"},{"@type":"ListItem","position":2,"name":"Monitor\/a de Talleres de Risoterapia"}]},{"@type":"WebSite","@id":"https:\/\/www.centro-cee.com\/fitness\/#website","url":"https:\/\/www.centro-cee.com\/fitness\/","name":"Fitness CEE","description":"","publisher":{"@id":"https:\/\/www.centro-cee.com\/fitness\/#organization"},"potentialAction":[{"@type":"SearchAction","target":{"@type":"EntryPoint","urlTemplate":"https:\/\/www.centro-cee.com\/fitness\/?s={search_term_string}"},"query-input":{"@type":"PropertyValueSpecification","valueRequired":true,"valueName":"search_term_string"}}],"inLanguage":"es"},{"@type":"Organization","@id":"https:\/\/www.centro-cee.com\/fitness\/#organization","name":"Fitness CEE","url":"https:\/\/www.centro-cee.com\/fitness\/","logo":{"@type":"ImageObject","inLanguage":"es","@id":"https:\/\/www.centro-cee.com\/fitness\/#\/schema\/logo\/image\/","url":"http:\/\/www.centro-cee.com\/fitness\/wp-content\/uploads\/2024\/03\/l1.png","contentUrl":"http:\/\/www.centro-cee.com\/fitness\/wp-content\/uploads\/2024\/03\/l1.png","width":786,"height":614,"caption":"Fitness CEE"},"image":{"@id":"https:\/\/www.centro-cee.com\/fitness\/#\/schema\/logo\/image\/"}}]}},"jetpack_sharing_enabled":true,"_links":{"self":[{"href":"http:\/\/www.centro-cee.com\/fitness\/wp-json\/wp\/v2\/product\/445","targetHints":{"allow":["GET"]}}],"collection":[{"href":"http:\/\/www.centro-cee.com\/fitness\/wp-json\/wp\/v2\/product"}],"about":[{"href":"http:\/\/www.centro-cee.com\/fitness\/wp-json\/wp\/v2\/types\/product"}],"replies":[{"embeddable":true,"href":"http:\/\/www.centro-cee.com\/fitness\/wp-json\/wp\/v2\/comments?post=445"}],"wp:featuredmedia":[{"embeddable":true,"href":"http:\/\/www.centro-cee.com\/fitness\/wp-json\/wp\/v2\/media\/447"}],"wp:attachment":[{"href":"http:\/\/www.centro-cee.com\/fitness\/wp-json\/wp\/v2\/media?parent=445"}],"wp:term":[{"taxonomy":"product_brand","embeddable":true,"href":"http:\/\/www.centro-cee.com\/fitness\/wp-json\/wp\/v2\/product_brand?post=445"},{"taxonomy":"product_cat","embeddable":true,"href":"http:\/\/www.centro-cee.com\/fitness\/wp-json\/wp\/v2\/product_cat?post=445"},{"taxonomy":"product_tag","embeddable":true,"href":"http:\/\/www.centro-cee.com\/fitness\/wp-json\/wp\/v2\/product_tag?post=445"}],"curies":[{"name":"wp","href":"https:\/\/api.w.org\/{rel}","templated":true}]}}