{"id":422,"date":"2024-03-28T19:06:45","date_gmt":"2024-03-28T18:06:45","guid":{"rendered":"http:\/\/www.centro-cee.com\/fitness\/?post_type=product&#038;p=422"},"modified":"2024-05-29T15:58:10","modified_gmt":"2024-05-29T13:58:10","slug":"rehabilitacion-deportiva","status":"publish","type":"product","link":"http:\/\/www.centro-cee.com\/fitness\/producto\/rehabilitacion-deportiva\/","title":{"rendered":"Rehabilitaci\u00f3n Deportiva"},"content":{"rendered":"<hr \/>\n<p><strong>TEMA 1. EXPLORACI\u00d3N Y T\u00c9CNICAS B\u00c1SICAS<\/strong><\/p>\n<ol>\n<li>La exploraci\u00f3n<\/li>\n<li>T\u00e9cnicas b\u00e1sicas en masaje deportivo<\/li>\n<li>Otras t\u00e9cnicas<\/li>\n<\/ol>\n<p><strong>TEMA 2. TERAPIA MASAJ\u00cdSTICA Y DE ZONAS REFLEJAS<\/strong><\/p>\n<ol>\n<li>Fundamentos de la terapia masaj\u00edstica<\/li>\n<li>Tipos de masaje<\/li>\n<\/ol>\n<p><strong>TEMA 3. HIDROTERAPIA, TERMOTERAPIA Y CRIOTERAPIA<\/strong><\/p>\n<ol>\n<li>Hidroterapia<\/li>\n<li>Termoterapia<\/li>\n<li>Crioterapia<\/li>\n<\/ol>\n<p><strong>TEMA 4. MOVILIZACIONES<\/strong><\/p>\n<ol>\n<li>Movimiento<\/li>\n<li>La parada<\/li>\n<li>Movimiento y parada<\/li>\n<\/ol>\n<p><strong>TEMA 5. TECNOLOG\u00cdA SANITARIA<\/strong><\/p>\n<ol>\n<li>Laserterapia<\/li>\n<li>Electroterapia<\/li>\n<li>Ultrasonido<\/li>\n<li>Magnetoterapia<\/li>\n<li>M\u00d3DULO 2. T\u00c9CNICAS DE MASAJE DEPORTIVO: APLICACI\u00d3N PR\u00c1CTICA<\/li>\n<\/ol>\n<p><strong>TEMA 6. MANIOBRAS B\u00c1SICAS DEL MASAJE DEPORTIVO<\/strong><\/p>\n<ol>\n<li>Par\u00e1metros generales<\/li>\n<li>Pases sedantes<\/li>\n<li>Amasamientos<\/li>\n<li>Percusiones<\/li>\n<li>Pellizqueos<\/li>\n<li>Vibraciones<\/li>\n<li>Otras maniobras<\/li>\n<\/ol>\n<p><strong>TEMA 7. PR\u00c1CTICA DEL MASAJE DEPORTIVO: ESPALDA<\/strong><\/p>\n<ol>\n<li>Osteolog\u00eda de la espalda<\/li>\n<li>Musculatura de la espalda<\/li>\n<li>Aplicaci\u00f3n pr\u00e1ctica del masaje deportivo<\/li>\n<\/ol>\n<p><strong>TEMA 8. PR\u00c1CTICA DEL MASAJE DEPORTIVO: MIEMBROS INFERIORES<\/strong><\/p>\n<ol>\n<li>Osteolog\u00eda del miembro inferior<\/li>\n<li>Musculatura del miembro inferior<\/li>\n<li>Aplicaci\u00f3n pr\u00e1ctica del masaje deportivo<\/li>\n<\/ol>\n<p><strong>TEMA 9. PR\u00c1CTICA DEL MASAJE DEPORTIVO: MIEMBROS SUPERIORES<\/strong><\/p>\n<ol>\n<li>Osteolog\u00eda del miembro superior<\/li>\n<li>Musculatura del miembro superior<\/li>\n<li>Aplicaci\u00f3n pr\u00e1ctica del masaje deportivo<\/li>\n<\/ol>\n<p><strong>TEMA 10. PR\u00c1CTICA DEL MASAJE DEPORTIVO: EL PIE<\/strong><\/p>\n<ol>\n<li>Osteolog\u00eda del pie<\/li>\n<li>Musculatura del pie<\/li>\n<li>Reflexolog\u00eda podal<\/li>\n<li>Aplicaci\u00f3n pr\u00e1ctica del masaje deportivo<\/li>\n<\/ol>\n<p><strong>TEMA 11. PR\u00c1CTICA DEL MASAJE DEPORTIVO: ABDOMEN<\/strong><\/p>\n<ol>\n<li>Osteolog\u00eda del abdomen<\/li>\n<li>Aplicaci\u00f3n pr\u00e1ctica del masaje deportivo<\/li>\n<\/ol>\n<p><strong>TEMA 12. PR\u00c1CTICA DEL MASAJE DEPORTIVO: T\u00d3RAX<\/strong><\/p>\n<ol>\n<li>Osteolog\u00eda del t\u00f3rax<\/li>\n<li>Musculatura del t\u00f3rax<\/li>\n<li>Aplicaci\u00f3n pr\u00e1ctica del masaje deportivo<\/li>\n<\/ol>\n<p><strong>TEMA 13. RECEPCI\u00d3N, COMUNICACI\u00d3N Y ATENCI\u00d3N AL CLIENTE<\/strong><\/p>\n<ol>\n<li>Atenci\u00f3n al cliente<\/li>\n<li>Tipos de clientes<\/li>\n<li>Tipos de visitas que puede hacer el cliente al centro<\/li>\n<li>Necesidades del cliente<\/li>\n<li>M\u00d3DULO 3. T\u00c9CNICAS DE REHABILITACI\u00d3N DEPORTIVA<\/li>\n<\/ol>\n<p><strong>TEMA 14. FUNDAMENTOS DE LA REHABILITACI\u00d3N<\/strong><\/p>\n<ol>\n<li>La rehabilitaci\u00f3n como especialidad m\u00e9dica<\/li>\n<li>La discapacidad<\/li>\n<li>Epidemiolog\u00eda de la discapacidad<\/li>\n<\/ol>\n<p><strong>TEMA 15. T\u00c9CNICAS DE REHABILITACI\u00d3N I<\/strong><\/p>\n<ol>\n<li>Infiltraciones intraarticulares y musculares<\/li>\n<li>Terapia ocupacional<\/li>\n<li>Ayudas t\u00e9cnicas<\/li>\n<\/ol>\n<p><strong>TEMA 16. T\u00c9CNICAS DE REHABILITACI\u00d3N II<\/strong><\/p>\n<ol>\n<li>Medios auxiliares<\/li>\n<li>Ortesis<\/li>\n<li>Pr\u00f3tesis<\/li>\n<li>Cuidado mediante silla de ruedas<\/li>\n<li>Iniciaci\u00f3n a la autonom\u00eda<\/li>\n<li>Vendajes<\/li>\n<\/ol>\n<p><strong>TEMA 17. PRINCIPALES PATOLOG\u00cdAS SUSCEPTIBLES DE REHABILITACI\u00d3N (I)<\/strong><\/p>\n<ol>\n<li>Artritis<\/li>\n<li>Mano reum\u00e1tica<\/li>\n<li>Conservaci\u00f3n de la artrosis<\/li>\n<li>Osteoporosis<\/li>\n<li>Fracturas<\/li>\n<\/ol>\n<p><strong>TEMA 18. PRINCIPALES PATOLOG\u00cdAS SUSCEPTIBLES DE REHABILITACI\u00d3N (II)<\/strong><\/p>\n<ol>\n<li>Fibromialgia<\/li>\n<li>Dolor cervical<\/li>\n<li>Dolor lumbar<\/li>\n<li>Dolores en hombros, codos, mu\u00f1ecas, manos, rodillas, tobillos y pies<\/li>\n<\/ol>\n<p><strong>TEMA 19. REHABILITACI\u00d3N DE LESIONES MUSCULARES Y ARTICULARES<\/strong><\/p>\n<ol>\n<li>Lesiones de ligamentos<\/li>\n<li>Tratamientos para lesiones de ligamentos<\/li>\n<li>Lesiones tendinosas<\/li>\n<li>Lesiones musculares<\/li>\n<li>Tratamientos para lesiones musculares<\/li>\n<li>Lesiones \u00f3seas<\/li>\n<li>Tratamiento de lesiones \u00f3seas<\/li>\n<\/ol>\n","protected":false},"excerpt":{"rendered":"<p>TEMA 1. EXPLORACI\u00d3N Y T\u00c9CNICAS B\u00c1SICAS La exploraci\u00f3n T\u00e9cnicas b\u00e1sicas en masaje deportivo Otras t\u00e9cnicas TEMA 2. TERAPIA MASAJ\u00cdSTICA Y DE ZONAS REFLEJAS Fundamentos de la terapia masaj\u00edstica Tipos de masaje TEMA 3. HIDROTERAPIA, TERMOTERAPIA Y CRIOTERAPIA Hidroterapia Termoterapia Crioterapia TEMA 4. MOVILIZACIONES Movimiento La parada Movimiento y parada TEMA 5. TECNOLOG\u00cdA SANITARIA Laserterapia Electroterapia [&hellip;]<\/p>\n","protected":false},"featured_media":423,"comment_status":"closed","ping_status":"closed","template":"","meta":[],"product_brand":[],"product_cat":[19],"product_tag":[],"class_list":{"0":"post-422","1":"product","2":"type-product","3":"status-publish","4":"has-post-thumbnail","6":"product_cat-training","8":"first","9":"instock","10":"sale","11":"virtual","12":"purchasable","13":"product-type-simple"},"yoast_head":"<!-- This site is optimized with the Yoast SEO plugin v27.3 - https:\/\/yoast.com\/product\/yoast-seo-wordpress\/ -->\n<title>Rehabilitaci\u00f3n Deportiva - Fitness CEE<\/title>\n<meta name=\"description\" content=\"Sum\u00e9rgete en la rehabilitaci\u00f3n deportiva. Aprende t\u00e9cnicas y estrategias para recuperar lesiones y mejorar el rendimiento. \u00a1Inscr\u00edbete ya!\" \/>\n<meta name=\"robots\" content=\"index, follow, max-snippet:-1, max-image-preview:large, max-video-preview:-1\" \/>\n<link rel=\"canonical\" href=\"http:\/\/www.centro-cee.com\/fitness\/producto\/rehabilitacion-deportiva\/\" \/>\n<meta property=\"og:locale\" content=\"es_ES\" \/>\n<meta property=\"og:type\" content=\"article\" \/>\n<meta property=\"og:title\" content=\"Rehabilitaci\u00f3n Deportiva - Fitness CEE\" \/>\n<meta property=\"og:description\" content=\"Sum\u00e9rgete en la rehabilitaci\u00f3n deportiva. Aprende t\u00e9cnicas y estrategias para recuperar lesiones y mejorar el rendimiento. \u00a1Inscr\u00edbete ya!\" \/>\n<meta property=\"og:url\" content=\"http:\/\/www.centro-cee.com\/fitness\/producto\/rehabilitacion-deportiva\/\" \/>\n<meta property=\"og:site_name\" content=\"Fitness CEE\" \/>\n<meta property=\"article:modified_time\" content=\"2024-05-29T13:58:10+00:00\" \/>\n<meta property=\"og:image\" content=\"http:\/\/www.centro-cee.com\/fitness\/wp-content\/uploads\/2024\/03\/reha.jpg\" \/>\n\t<meta property=\"og:image:width\" content=\"497\" \/>\n\t<meta property=\"og:image:height\" content=\"280\" \/>\n\t<meta property=\"og:image:type\" content=\"image\/jpeg\" \/>\n<meta name=\"twitter:card\" content=\"summary_large_image\" \/>\n<meta name=\"twitter:label1\" content=\"Tiempo de lectura\" \/>\n\t<meta name=\"twitter:data1\" content=\"2 minutos\" \/>\n<script type=\"application\/ld+json\" class=\"yoast-schema-graph\">{\"@context\":\"https:\\\/\\\/schema.org\",\"@graph\":[{\"@type\":\"WebPage\",\"@id\":\"http:\\\/\\\/www.centro-cee.com\\\/fitness\\\/producto\\\/rehabilitacion-deportiva\\\/\",\"url\":\"http:\\\/\\\/www.centro-cee.com\\\/fitness\\\/producto\\\/rehabilitacion-deportiva\\\/\",\"name\":\"Rehabilitaci\u00f3n Deportiva - Fitness CEE\",\"isPartOf\":{\"@id\":\"https:\\\/\\\/www.centro-cee.com\\\/fitness\\\/#website\"},\"primaryImageOfPage\":{\"@id\":\"http:\\\/\\\/www.centro-cee.com\\\/fitness\\\/producto\\\/rehabilitacion-deportiva\\\/#primaryimage\"},\"image\":{\"@id\":\"http:\\\/\\\/www.centro-cee.com\\\/fitness\\\/producto\\\/rehabilitacion-deportiva\\\/#primaryimage\"},\"thumbnailUrl\":\"http:\\\/\\\/www.centro-cee.com\\\/fitness\\\/wp-content\\\/uploads\\\/2024\\\/03\\\/reha.jpg\",\"datePublished\":\"2024-03-28T18:06:45+00:00\",\"dateModified\":\"2024-05-29T13:58:10+00:00\",\"description\":\"Sum\u00e9rgete en la rehabilitaci\u00f3n deportiva. Aprende t\u00e9cnicas y estrategias para recuperar lesiones y mejorar el rendimiento. \u00a1Inscr\u00edbete ya!\",\"breadcrumb\":{\"@id\":\"http:\\\/\\\/www.centro-cee.com\\\/fitness\\\/producto\\\/rehabilitacion-deportiva\\\/#breadcrumb\"},\"inLanguage\":\"es\",\"potentialAction\":[{\"@type\":\"ReadAction\",\"target\":[\"http:\\\/\\\/www.centro-cee.com\\\/fitness\\\/producto\\\/rehabilitacion-deportiva\\\/\"]}]},{\"@type\":\"ImageObject\",\"inLanguage\":\"es\",\"@id\":\"http:\\\/\\\/www.centro-cee.com\\\/fitness\\\/producto\\\/rehabilitacion-deportiva\\\/#primaryimage\",\"url\":\"http:\\\/\\\/www.centro-cee.com\\\/fitness\\\/wp-content\\\/uploads\\\/2024\\\/03\\\/reha.jpg\",\"contentUrl\":\"http:\\\/\\\/www.centro-cee.com\\\/fitness\\\/wp-content\\\/uploads\\\/2024\\\/03\\\/reha.jpg\",\"width\":497,\"height\":280},{\"@type\":\"BreadcrumbList\",\"@id\":\"http:\\\/\\\/www.centro-cee.com\\\/fitness\\\/producto\\\/rehabilitacion-deportiva\\\/#breadcrumb\",\"itemListElement\":[{\"@type\":\"ListItem\",\"position\":1,\"name\":\"Portada\",\"item\":\"https:\\\/\\\/www.centro-cee.com\\\/fitness\\\/\"},{\"@type\":\"ListItem\",\"position\":2,\"name\":\"Rehabilitaci\u00f3n Deportiva\"}]},{\"@type\":\"WebSite\",\"@id\":\"https:\\\/\\\/www.centro-cee.com\\\/fitness\\\/#website\",\"url\":\"https:\\\/\\\/www.centro-cee.com\\\/fitness\\\/\",\"name\":\"Fitness CEE\",\"description\":\"\",\"publisher\":{\"@id\":\"https:\\\/\\\/www.centro-cee.com\\\/fitness\\\/#organization\"},\"potentialAction\":[{\"@type\":\"SearchAction\",\"target\":{\"@type\":\"EntryPoint\",\"urlTemplate\":\"https:\\\/\\\/www.centro-cee.com\\\/fitness\\\/?s={search_term_string}\"},\"query-input\":{\"@type\":\"PropertyValueSpecification\",\"valueRequired\":true,\"valueName\":\"search_term_string\"}}],\"inLanguage\":\"es\"},{\"@type\":\"Organization\",\"@id\":\"https:\\\/\\\/www.centro-cee.com\\\/fitness\\\/#organization\",\"name\":\"Fitness CEE\",\"url\":\"https:\\\/\\\/www.centro-cee.com\\\/fitness\\\/\",\"logo\":{\"@type\":\"ImageObject\",\"inLanguage\":\"es\",\"@id\":\"https:\\\/\\\/www.centro-cee.com\\\/fitness\\\/#\\\/schema\\\/logo\\\/image\\\/\",\"url\":\"http:\\\/\\\/www.centro-cee.com\\\/fitness\\\/wp-content\\\/uploads\\\/2024\\\/03\\\/l1.png\",\"contentUrl\":\"http:\\\/\\\/www.centro-cee.com\\\/fitness\\\/wp-content\\\/uploads\\\/2024\\\/03\\\/l1.png\",\"width\":786,\"height\":614,\"caption\":\"Fitness CEE\"},\"image\":{\"@id\":\"https:\\\/\\\/www.centro-cee.com\\\/fitness\\\/#\\\/schema\\\/logo\\\/image\\\/\"}}]}<\/script>\n<!-- \/ Yoast SEO plugin. -->","yoast_head_json":{"title":"Rehabilitaci\u00f3n Deportiva - Fitness CEE","description":"Sum\u00e9rgete en la rehabilitaci\u00f3n deportiva. Aprende t\u00e9cnicas y estrategias para recuperar lesiones y mejorar el rendimiento. \u00a1Inscr\u00edbete ya!","robots":{"index":"index","follow":"follow","max-snippet":"max-snippet:-1","max-image-preview":"max-image-preview:large","max-video-preview":"max-video-preview:-1"},"canonical":"http:\/\/www.centro-cee.com\/fitness\/producto\/rehabilitacion-deportiva\/","og_locale":"es_ES","og_type":"article","og_title":"Rehabilitaci\u00f3n Deportiva - Fitness CEE","og_description":"Sum\u00e9rgete en la rehabilitaci\u00f3n deportiva. Aprende t\u00e9cnicas y estrategias para recuperar lesiones y mejorar el rendimiento. \u00a1Inscr\u00edbete ya!","og_url":"http:\/\/www.centro-cee.com\/fitness\/producto\/rehabilitacion-deportiva\/","og_site_name":"Fitness CEE","article_modified_time":"2024-05-29T13:58:10+00:00","og_image":[{"width":497,"height":280,"url":"http:\/\/www.centro-cee.com\/fitness\/wp-content\/uploads\/2024\/03\/reha.jpg","type":"image\/jpeg"}],"twitter_card":"summary_large_image","twitter_misc":{"Tiempo de lectura":"2 minutos"},"schema":{"@context":"https:\/\/schema.org","@graph":[{"@type":"WebPage","@id":"http:\/\/www.centro-cee.com\/fitness\/producto\/rehabilitacion-deportiva\/","url":"http:\/\/www.centro-cee.com\/fitness\/producto\/rehabilitacion-deportiva\/","name":"Rehabilitaci\u00f3n Deportiva - Fitness CEE","isPartOf":{"@id":"https:\/\/www.centro-cee.com\/fitness\/#website"},"primaryImageOfPage":{"@id":"http:\/\/www.centro-cee.com\/fitness\/producto\/rehabilitacion-deportiva\/#primaryimage"},"image":{"@id":"http:\/\/www.centro-cee.com\/fitness\/producto\/rehabilitacion-deportiva\/#primaryimage"},"thumbnailUrl":"http:\/\/www.centro-cee.com\/fitness\/wp-content\/uploads\/2024\/03\/reha.jpg","datePublished":"2024-03-28T18:06:45+00:00","dateModified":"2024-05-29T13:58:10+00:00","description":"Sum\u00e9rgete en la rehabilitaci\u00f3n deportiva. Aprende t\u00e9cnicas y estrategias para recuperar lesiones y mejorar el rendimiento. \u00a1Inscr\u00edbete ya!","breadcrumb":{"@id":"http:\/\/www.centro-cee.com\/fitness\/producto\/rehabilitacion-deportiva\/#breadcrumb"},"inLanguage":"es","potentialAction":[{"@type":"ReadAction","target":["http:\/\/www.centro-cee.com\/fitness\/producto\/rehabilitacion-deportiva\/"]}]},{"@type":"ImageObject","inLanguage":"es","@id":"http:\/\/www.centro-cee.com\/fitness\/producto\/rehabilitacion-deportiva\/#primaryimage","url":"http:\/\/www.centro-cee.com\/fitness\/wp-content\/uploads\/2024\/03\/reha.jpg","contentUrl":"http:\/\/www.centro-cee.com\/fitness\/wp-content\/uploads\/2024\/03\/reha.jpg","width":497,"height":280},{"@type":"BreadcrumbList","@id":"http:\/\/www.centro-cee.com\/fitness\/producto\/rehabilitacion-deportiva\/#breadcrumb","itemListElement":[{"@type":"ListItem","position":1,"name":"Portada","item":"https:\/\/www.centro-cee.com\/fitness\/"},{"@type":"ListItem","position":2,"name":"Rehabilitaci\u00f3n Deportiva"}]},{"@type":"WebSite","@id":"https:\/\/www.centro-cee.com\/fitness\/#website","url":"https:\/\/www.centro-cee.com\/fitness\/","name":"Fitness CEE","description":"","publisher":{"@id":"https:\/\/www.centro-cee.com\/fitness\/#organization"},"potentialAction":[{"@type":"SearchAction","target":{"@type":"EntryPoint","urlTemplate":"https:\/\/www.centro-cee.com\/fitness\/?s={search_term_string}"},"query-input":{"@type":"PropertyValueSpecification","valueRequired":true,"valueName":"search_term_string"}}],"inLanguage":"es"},{"@type":"Organization","@id":"https:\/\/www.centro-cee.com\/fitness\/#organization","name":"Fitness CEE","url":"https:\/\/www.centro-cee.com\/fitness\/","logo":{"@type":"ImageObject","inLanguage":"es","@id":"https:\/\/www.centro-cee.com\/fitness\/#\/schema\/logo\/image\/","url":"http:\/\/www.centro-cee.com\/fitness\/wp-content\/uploads\/2024\/03\/l1.png","contentUrl":"http:\/\/www.centro-cee.com\/fitness\/wp-content\/uploads\/2024\/03\/l1.png","width":786,"height":614,"caption":"Fitness CEE"},"image":{"@id":"https:\/\/www.centro-cee.com\/fitness\/#\/schema\/logo\/image\/"}}]}},"jetpack_sharing_enabled":true,"_links":{"self":[{"href":"http:\/\/www.centro-cee.com\/fitness\/wp-json\/wp\/v2\/product\/422","targetHints":{"allow":["GET"]}}],"collection":[{"href":"http:\/\/www.centro-cee.com\/fitness\/wp-json\/wp\/v2\/product"}],"about":[{"href":"http:\/\/www.centro-cee.com\/fitness\/wp-json\/wp\/v2\/types\/product"}],"replies":[{"embeddable":true,"href":"http:\/\/www.centro-cee.com\/fitness\/wp-json\/wp\/v2\/comments?post=422"}],"wp:featuredmedia":[{"embeddable":true,"href":"http:\/\/www.centro-cee.com\/fitness\/wp-json\/wp\/v2\/media\/423"}],"wp:attachment":[{"href":"http:\/\/www.centro-cee.com\/fitness\/wp-json\/wp\/v2\/media?parent=422"}],"wp:term":[{"taxonomy":"product_brand","embeddable":true,"href":"http:\/\/www.centro-cee.com\/fitness\/wp-json\/wp\/v2\/product_brand?post=422"},{"taxonomy":"product_cat","embeddable":true,"href":"http:\/\/www.centro-cee.com\/fitness\/wp-json\/wp\/v2\/product_cat?post=422"},{"taxonomy":"product_tag","embeddable":true,"href":"http:\/\/www.centro-cee.com\/fitness\/wp-json\/wp\/v2\/product_tag?post=422"}],"curies":[{"name":"wp","href":"https:\/\/api.w.org\/{rel}","templated":true}]}}