{"id":315,"date":"2024-03-26T21:17:37","date_gmt":"2024-03-26T20:17:37","guid":{"rendered":"http:\/\/www.centro-cee.com\/fitness\/?post_type=product&#038;p=315"},"modified":"2024-04-01T19:55:13","modified_gmt":"2024-04-01T17:55:13","slug":"especialista-en-naturopatia-y-fitoterapia","status":"publish","type":"product","link":"http:\/\/www.centro-cee.com\/fitness\/producto\/especialista-en-naturopatia-y-fitoterapia\/","title":{"rendered":"Especialista en Naturopat\u00eda y Fitoterapia"},"content":{"rendered":"<hr \/>\n<p class=\"Default\"><b>UNIDAD DID\u00c1CTICA 1. EL SISTEMA \u00d3SEO <\/b><\/p>\n<p class=\"Default\">1. Morfolog\u00eda y fisiolog\u00eda \u00f3sea<\/p>\n<p class=\"Default\">2. Desarrollo \u00f3seo<\/p>\n<p class=\"Default\">3. Cabeza<\/p>\n<p class=\"Default\">4. Columna vertebral<\/p>\n<p class=\"Default\">5. Tronco<\/p>\n<p class=\"Default\">6. \u2026<\/p>\n<p class=\"Default\"><b>UNIDAD DID\u00c1CTICA 2. EL SISTEMA MUSCULAR <\/b><\/p>\n<p class=\"Default\">1. Fisiolog\u00eda muscular<\/p>\n<p class=\"Default\">2. Ligamentos<\/p>\n<p class=\"Default\">3. Musculatura dorsal<\/p>\n<p class=\"Default\"><b>UNIDAD DID\u00c1CTICA 3. ANATOM\u00cdA REGIONAL (I) <\/b><\/p>\n<p class=\"Default\">1. Extremidades superiores<\/p>\n<p class=\"Default\">2. Extremidades inferiores<\/p>\n<p class=\"Default\"><b>UNIDAD DID\u00c1CTICA 4. ANATOM\u00cdA REGIONAL (II) <\/b><\/p>\n<p class=\"Default\">1. El abdomen<\/p>\n<p class=\"Default\">2. T\u00f3rax<\/p>\n<p class=\"Default\">3. Cabeza y cuello<\/p>\n<p class=\"Default\"><b>UNIDAD DID\u00c1CTICA 5. EL SISTEMA NERVIOSO <\/b><\/p>\n<p class=\"Default\">1. El sistema nervioso<\/p>\n<p class=\"Default\">2. Sistema nervioso central<\/p>\n<p class=\"Default\">3. Sistema nervioso perif\u00e9rico<\/p>\n<p class=\"Default\">4. \u2026<\/p>\n<p class=\"Default\"><b>UNIDAD DID\u00c1CTICA 6. EL SISTEMA RESPIRATORIO <\/b><\/p>\n<p class=\"Default\">1. Introducci\u00f3n<\/p>\n<p class=\"Default\">2. El aparato respiratorio<\/p>\n<p class=\"Default\">3. El proceso respiratorio<\/p>\n<p class=\"Default\"><b>UNIDAD DID\u00c1CTICA 7. EL SISTEMA DIGESTIVO <\/b><\/p>\n<p class=\"Default\">1. Introducci\u00f3n al sistema digestivo<\/p>\n<p class=\"Default\">2. La boca<\/p>\n<p class=\"Default\">3. La degluci\u00f3n<\/p>\n<p class=\"Default\">4. El est\u00f3mago<\/p>\n<p class=\"Default\">5. \u2026<\/p>\n<p class=\"Default\"><b>UNIDAD DID\u00c1CTICA 8. EL SISTEMA CIRCULATORIO <\/b><\/p>\n<p class=\"Default\">1. El aparato cardiovascular<\/p>\n<p class=\"Default\">2. Vasos sangu\u00edneos<\/p>\n<p class=\"Default\">3. M\u00d3DULO 2. INTRODUCCI\u00d3N A LA HOMEOPAT\u00cdA Y LA FITOTERAPIA<\/p>\n<p class=\"Default\"><b>UNIDAD DID\u00c1CTICA 1. FARMACIA ALTERNATIVA: HOMEOPAT\u00cdA Y FITOTERAPIA <\/b><\/p>\n<p class=\"Default\">1. \u00bfQu\u00e9 es la Homeopat\u00eda?<\/p>\n<p class=\"Default\">2. Principios b\u00e1sicos de la homeopat\u00eda<\/p>\n<p class=\"Default\">3. Origen de los medicamentos homeop\u00e1ticos<\/p>\n<p class=\"Default\">4. Preparaci\u00f3n de las diluciones<\/p>\n<p class=\"Default\">5. Receta homeop\u00e1tica<\/p>\n<p class=\"Default\">6. Algunos tratamientos en homeopat\u00eda<\/p>\n<p class=\"Default\">7. \u2026<\/p>\n<p class=\"Default\"><b>UNIDAD DID\u00c1CTICA 1. INTRODUCCI\u00d3N A LA FITOTERAPIA <\/b><\/p>\n<p class=\"Default\">1. Definici\u00f3n de conceptos<\/p>\n<p class=\"Default\">2. Evoluci\u00f3n hist\u00f3rica de la Fitoterapia<\/p>\n<p class=\"Default\">3. \u2026<\/p>\n<p class=\"Default\"><b>UNIDAD DID\u00c1CTICA 2. CONSTITUYENTES DE LAS PLANTAS MEDICINALES <\/b><\/p>\n<p class=\"Default\">1. Principios activos<\/p>\n<p class=\"Default\">2. Partes de las plantas medicinales que se pueden utilizar<\/p>\n<p class=\"Default\">3. \u2026<\/p>\n<p class=\"Default\"><b>UNIDAD DID\u00c1CTICA 3. ADMINISTRACI\u00d3N DE LAS PLANTAS MEDICINALES <\/b><\/p>\n<p class=\"Default\">1. Cultivo, recolecci\u00f3n y conservaci\u00f3n de las plantas medicinales<\/p>\n<p class=\"Default\">2. T\u00e9cnicas de preparaci\u00f3n de las plantas medicinales<\/p>\n<p class=\"Default\">3. Dosificaci\u00f3n de las plantas medicinales<\/p>\n<p class=\"Default\">4. \u2026<\/p>\n<p class=\"Default\"><b>UNIDAD DID\u00c1CTICA 4. PLANTAS MEDICINALES M\u00c1S UTILIZADAS (I) <\/b><\/p>\n<p class=\"Default\">1. Introducci\u00f3n<\/p>\n<p class=\"Default\">2. Plantas medicinales de la letra A a la letra F<\/p>\n<p class=\"Default\"><b>UNIDAD DID\u00c1CTICA 5. PLANTAS MEDICINALES M\u00c1S UTILIZADAS (II) <\/b><\/p>\n<p class=\"Default\">1. Introducci\u00f3n<\/p>\n<p class=\"Default\">2. Plantas medicinales de la letra G a la letra Z<\/p>\n<p class=\"Default\">3. M\u00d3DULO 4. EXPERTO EN DIET\u00c9TICA Y NUTRICI\u00d3N: DIETOTERAPIA<\/p>\n<p class=\"Default\"><b>UNIDAD DID\u00c1CTICA 1. LA DIETA <\/b><\/p>\n<p class=\"Default\">1. Introducci\u00f3n<\/p>\n<p class=\"Default\">2. Dieta equilibrada<\/p>\n<p class=\"Default\">3. Principales relaciones entre energ\u00eda y nutrientes<\/p>\n<p class=\"Default\">4. Aportes diet\u00e9ticos recomendados<\/p>\n<p class=\"Default\">5. \u2026<\/p>\n<p class=\"Default\"><b>UNIDAD DID\u00c1CTICA 2. TABLA DE COMPOSICI\u00d3N DE ALIMENTOS I <\/b><\/p>\n<p class=\"Default\">1. Qu\u00e9 son las tablas de composici\u00f3n de alimentos<\/p>\n<p class=\"Default\">2. Tablas de composici\u00f3n de alimentos<\/p>\n<p class=\"Default\">3. &#8211; Tablas de composici\u00f3n de alimentos. Cereales<\/p>\n<p class=\"Default\">4. &#8211; Tablas de composici\u00f3n de alimentos. Leguminosas<\/p>\n<p class=\"Default\">5. &#8211; \u2026<\/p>\n<p class=\"Default\"><b>UNIDAD DID\u00c1CTICA 3. TABLA DE COMPOSICI\u00d3N DE ALIMENTOS II <\/b><\/p>\n<p class=\"Default\">1. Tablas de composici\u00f3n de alimentos<\/p>\n<p class=\"Default\">2. &#8211; Tablas de composici\u00f3n de alimentos. Az\u00facares y dulces varios<\/p>\n<p class=\"Default\">3. &#8211; \u2026<\/p>\n<p class=\"Default\"><b>UNIDAD DID\u00c1CTICA 4. VALORACI\u00d3N DEL ESTADO NUTRICIONAL <\/b><\/p>\n<p class=\"Default\">1. Entrevista con el paciente<\/p>\n<p class=\"Default\">2. Evaluaci\u00f3n diet\u00e9tica<\/p>\n<p class=\"Default\">3. Evaluaci\u00f3n cl\u00ednica<\/p>\n<p class=\"Default\">4. \u2026<\/p>\n<p class=\"Default\"><b>UNIDAD DID\u00c1CTICA 5. DIETAS EN ESTADOS FISIOL\u00d3GICOS <\/b><\/p>\n<p class=\"Default\">1. La mujer embarazada<\/p>\n<p class=\"Default\">2. La mujer en el momento de lactancia<\/p>\n<p class=\"Default\">3. La infancia<\/p>\n<p class=\"Default\">4. &#8211; Necesidades nutricionales en el primer a\u00f1o de vida<\/p>\n<p class=\"Default\">5. &#8211; Ni\u00f1o preescolar de 1- 3 a\u00f1os de edad<\/p>\n<p class=\"Default\">\u2026<\/p>\n<p><b>UNIDAD DID\u00c1CTICA 6. DIETAS EN DIFERENTES ESTADOS PATOL\u00d3GICOS <\/b><\/p>\n<p class=\"Default\">1. Dieta hipos\u00f3dica<\/p>\n<p class=\"Default\">2. Dieta hipocal\u00f3rica<\/p>\n<p class=\"Default\">3. Dieta hipercal\u00f3rica<\/p>\n<p class=\"Default\">4. Dieta y anemia<\/p>\n<p class=\"Default\">5. Dieta baja en az\u00facar<\/p>\n<p class=\"Default\">6. Dieta para la osteoporosis<\/p>\n<p class=\"Default\">7. Dieta astringente<\/p>\n<p class=\"Default\">8. \u2026<\/p>\n","protected":false},"excerpt":{"rendered":"<p>Los estudiantes son introducidos a los principios fundamentales de la naturopat\u00eda, incluyendo su enfoque hol\u00edstico para la salud y el bienestar, as\u00ed como a conceptos b\u00e1sicos de anatom\u00eda y fisiolog\u00eda del cuerpo humano. Se profundiza en el estudio de plantas medicinales y sus aplicaciones terap\u00e9uticas, as\u00ed como en la importancia de la nutrici\u00f3n en la salud.<\/p>\n<p>Adem\u00e1s, se exploran diversas terapias naturales, como la aromaterapia y la hidroterapia, y se ense\u00f1an m\u00e9todos de evaluaci\u00f3n de la salud naturales. Los aspectos \u00e9ticos, legales y de seguridad en la pr\u00e1ctica de la naturopat\u00eda y la fitoterapia tambi\u00e9n son cubiertos.<\/p>\n<p>Los estudiantes aprenden a llevar a cabo una evaluaci\u00f3n integral de la salud de un paciente y a desarrollar planes de tratamiento personalizados basados en estos principios.<\/p>\n","protected":false},"featured_media":316,"comment_status":"closed","ping_status":"closed","template":"","meta":[],"product_brand":[],"product_cat":[18],"product_tag":[],"class_list":{"0":"post-315","1":"product","2":"type-product","3":"status-publish","4":"has-post-thumbnail","6":"product_cat-bienestar","8":"first","9":"instock","10":"sale","11":"virtual","12":"purchasable","13":"product-type-simple"},"yoast_head":"<!-- This site is optimized with the Yoast SEO plugin v27.3 - https:\/\/yoast.com\/product\/yoast-seo-wordpress\/ -->\n<title>Especialista en Naturopat\u00eda y Fitoterapia - Fitness CEE<\/title>\n<meta name=\"description\" content=\"Explora la Naturopat\u00eda y Fitoterapia. Aprende a utilizar remedios naturales para promover la salud y el bienestar. \u00a1Inscr\u00edbete hoy mismo!\" \/>\n<meta name=\"robots\" content=\"index, follow, max-snippet:-1, max-image-preview:large, max-video-preview:-1\" \/>\n<link rel=\"canonical\" href=\"http:\/\/www.centro-cee.com\/fitness\/producto\/especialista-en-naturopatia-y-fitoterapia\/\" \/>\n<meta property=\"og:locale\" content=\"es_ES\" \/>\n<meta property=\"og:type\" content=\"article\" \/>\n<meta property=\"og:title\" content=\"Especialista en Naturopat\u00eda y Fitoterapia - Fitness CEE\" \/>\n<meta property=\"og:description\" content=\"Explora la Naturopat\u00eda y Fitoterapia. Aprende a utilizar remedios naturales para promover la salud y el bienestar. \u00a1Inscr\u00edbete hoy mismo!\" \/>\n<meta property=\"og:url\" content=\"http:\/\/www.centro-cee.com\/fitness\/producto\/especialista-en-naturopatia-y-fitoterapia\/\" \/>\n<meta property=\"og:site_name\" content=\"Fitness CEE\" \/>\n<meta property=\"article:modified_time\" content=\"2024-04-01T17:55:13+00:00\" \/>\n<meta property=\"og:image\" content=\"http:\/\/www.centro-cee.com\/fitness\/wp-content\/uploads\/2024\/03\/NATUROPATIA-e1711565591446.jpg\" \/>\n\t<meta property=\"og:image:width\" content=\"800\" \/>\n\t<meta property=\"og:image:height\" content=\"533\" \/>\n\t<meta property=\"og:image:type\" content=\"image\/jpeg\" \/>\n<meta name=\"twitter:card\" content=\"summary_large_image\" \/>\n<meta name=\"twitter:label1\" content=\"Tiempo de lectura\" \/>\n\t<meta name=\"twitter:data1\" content=\"3 minutos\" \/>\n<script type=\"application\/ld+json\" class=\"yoast-schema-graph\">{\"@context\":\"https:\\\/\\\/schema.org\",\"@graph\":[{\"@type\":\"WebPage\",\"@id\":\"http:\\\/\\\/www.centro-cee.com\\\/fitness\\\/producto\\\/especialista-en-naturopatia-y-fitoterapia\\\/\",\"url\":\"http:\\\/\\\/www.centro-cee.com\\\/fitness\\\/producto\\\/especialista-en-naturopatia-y-fitoterapia\\\/\",\"name\":\"Especialista en Naturopat\u00eda y Fitoterapia - Fitness CEE\",\"isPartOf\":{\"@id\":\"https:\\\/\\\/www.centro-cee.com\\\/fitness\\\/#website\"},\"primaryImageOfPage\":{\"@id\":\"http:\\\/\\\/www.centro-cee.com\\\/fitness\\\/producto\\\/especialista-en-naturopatia-y-fitoterapia\\\/#primaryimage\"},\"image\":{\"@id\":\"http:\\\/\\\/www.centro-cee.com\\\/fitness\\\/producto\\\/especialista-en-naturopatia-y-fitoterapia\\\/#primaryimage\"},\"thumbnailUrl\":\"http:\\\/\\\/www.centro-cee.com\\\/fitness\\\/wp-content\\\/uploads\\\/2024\\\/03\\\/NATUROPATIA-e1711565591446.jpg\",\"datePublished\":\"2024-03-26T20:17:37+00:00\",\"dateModified\":\"2024-04-01T17:55:13+00:00\",\"description\":\"Explora la Naturopat\u00eda y Fitoterapia. Aprende a utilizar remedios naturales para promover la salud y el bienestar. \u00a1Inscr\u00edbete hoy mismo!\",\"breadcrumb\":{\"@id\":\"http:\\\/\\\/www.centro-cee.com\\\/fitness\\\/producto\\\/especialista-en-naturopatia-y-fitoterapia\\\/#breadcrumb\"},\"inLanguage\":\"es\",\"potentialAction\":[{\"@type\":\"ReadAction\",\"target\":[\"http:\\\/\\\/www.centro-cee.com\\\/fitness\\\/producto\\\/especialista-en-naturopatia-y-fitoterapia\\\/\"]}]},{\"@type\":\"ImageObject\",\"inLanguage\":\"es\",\"@id\":\"http:\\\/\\\/www.centro-cee.com\\\/fitness\\\/producto\\\/especialista-en-naturopatia-y-fitoterapia\\\/#primaryimage\",\"url\":\"http:\\\/\\\/www.centro-cee.com\\\/fitness\\\/wp-content\\\/uploads\\\/2024\\\/03\\\/NATUROPATIA-e1711565591446.jpg\",\"contentUrl\":\"http:\\\/\\\/www.centro-cee.com\\\/fitness\\\/wp-content\\\/uploads\\\/2024\\\/03\\\/NATUROPATIA-e1711565591446.jpg\",\"width\":800,\"height\":533},{\"@type\":\"BreadcrumbList\",\"@id\":\"http:\\\/\\\/www.centro-cee.com\\\/fitness\\\/producto\\\/especialista-en-naturopatia-y-fitoterapia\\\/#breadcrumb\",\"itemListElement\":[{\"@type\":\"ListItem\",\"position\":1,\"name\":\"Portada\",\"item\":\"https:\\\/\\\/www.centro-cee.com\\\/fitness\\\/\"},{\"@type\":\"ListItem\",\"position\":2,\"name\":\"Especialista en Naturopat\u00eda y Fitoterapia\"}]},{\"@type\":\"WebSite\",\"@id\":\"https:\\\/\\\/www.centro-cee.com\\\/fitness\\\/#website\",\"url\":\"https:\\\/\\\/www.centro-cee.com\\\/fitness\\\/\",\"name\":\"Fitness CEE\",\"description\":\"\",\"publisher\":{\"@id\":\"https:\\\/\\\/www.centro-cee.com\\\/fitness\\\/#organization\"},\"potentialAction\":[{\"@type\":\"SearchAction\",\"target\":{\"@type\":\"EntryPoint\",\"urlTemplate\":\"https:\\\/\\\/www.centro-cee.com\\\/fitness\\\/?s={search_term_string}\"},\"query-input\":{\"@type\":\"PropertyValueSpecification\",\"valueRequired\":true,\"valueName\":\"search_term_string\"}}],\"inLanguage\":\"es\"},{\"@type\":\"Organization\",\"@id\":\"https:\\\/\\\/www.centro-cee.com\\\/fitness\\\/#organization\",\"name\":\"Fitness CEE\",\"url\":\"https:\\\/\\\/www.centro-cee.com\\\/fitness\\\/\",\"logo\":{\"@type\":\"ImageObject\",\"inLanguage\":\"es\",\"@id\":\"https:\\\/\\\/www.centro-cee.com\\\/fitness\\\/#\\\/schema\\\/logo\\\/image\\\/\",\"url\":\"http:\\\/\\\/www.centro-cee.com\\\/fitness\\\/wp-content\\\/uploads\\\/2024\\\/03\\\/l1.png\",\"contentUrl\":\"http:\\\/\\\/www.centro-cee.com\\\/fitness\\\/wp-content\\\/uploads\\\/2024\\\/03\\\/l1.png\",\"width\":786,\"height\":614,\"caption\":\"Fitness CEE\"},\"image\":{\"@id\":\"https:\\\/\\\/www.centro-cee.com\\\/fitness\\\/#\\\/schema\\\/logo\\\/image\\\/\"}}]}<\/script>\n<!-- \/ Yoast SEO plugin. -->","yoast_head_json":{"title":"Especialista en Naturopat\u00eda y Fitoterapia - Fitness CEE","description":"Explora la Naturopat\u00eda y Fitoterapia. Aprende a utilizar remedios naturales para promover la salud y el bienestar. \u00a1Inscr\u00edbete hoy mismo!","robots":{"index":"index","follow":"follow","max-snippet":"max-snippet:-1","max-image-preview":"max-image-preview:large","max-video-preview":"max-video-preview:-1"},"canonical":"http:\/\/www.centro-cee.com\/fitness\/producto\/especialista-en-naturopatia-y-fitoterapia\/","og_locale":"es_ES","og_type":"article","og_title":"Especialista en Naturopat\u00eda y Fitoterapia - Fitness CEE","og_description":"Explora la Naturopat\u00eda y Fitoterapia. Aprende a utilizar remedios naturales para promover la salud y el bienestar. \u00a1Inscr\u00edbete hoy mismo!","og_url":"http:\/\/www.centro-cee.com\/fitness\/producto\/especialista-en-naturopatia-y-fitoterapia\/","og_site_name":"Fitness CEE","article_modified_time":"2024-04-01T17:55:13+00:00","og_image":[{"width":800,"height":533,"url":"http:\/\/www.centro-cee.com\/fitness\/wp-content\/uploads\/2024\/03\/NATUROPATIA-e1711565591446.jpg","type":"image\/jpeg"}],"twitter_card":"summary_large_image","twitter_misc":{"Tiempo de lectura":"3 minutos"},"schema":{"@context":"https:\/\/schema.org","@graph":[{"@type":"WebPage","@id":"http:\/\/www.centro-cee.com\/fitness\/producto\/especialista-en-naturopatia-y-fitoterapia\/","url":"http:\/\/www.centro-cee.com\/fitness\/producto\/especialista-en-naturopatia-y-fitoterapia\/","name":"Especialista en Naturopat\u00eda y Fitoterapia - Fitness CEE","isPartOf":{"@id":"https:\/\/www.centro-cee.com\/fitness\/#website"},"primaryImageOfPage":{"@id":"http:\/\/www.centro-cee.com\/fitness\/producto\/especialista-en-naturopatia-y-fitoterapia\/#primaryimage"},"image":{"@id":"http:\/\/www.centro-cee.com\/fitness\/producto\/especialista-en-naturopatia-y-fitoterapia\/#primaryimage"},"thumbnailUrl":"http:\/\/www.centro-cee.com\/fitness\/wp-content\/uploads\/2024\/03\/NATUROPATIA-e1711565591446.jpg","datePublished":"2024-03-26T20:17:37+00:00","dateModified":"2024-04-01T17:55:13+00:00","description":"Explora la Naturopat\u00eda y Fitoterapia. Aprende a utilizar remedios naturales para promover la salud y el bienestar. \u00a1Inscr\u00edbete hoy mismo!","breadcrumb":{"@id":"http:\/\/www.centro-cee.com\/fitness\/producto\/especialista-en-naturopatia-y-fitoterapia\/#breadcrumb"},"inLanguage":"es","potentialAction":[{"@type":"ReadAction","target":["http:\/\/www.centro-cee.com\/fitness\/producto\/especialista-en-naturopatia-y-fitoterapia\/"]}]},{"@type":"ImageObject","inLanguage":"es","@id":"http:\/\/www.centro-cee.com\/fitness\/producto\/especialista-en-naturopatia-y-fitoterapia\/#primaryimage","url":"http:\/\/www.centro-cee.com\/fitness\/wp-content\/uploads\/2024\/03\/NATUROPATIA-e1711565591446.jpg","contentUrl":"http:\/\/www.centro-cee.com\/fitness\/wp-content\/uploads\/2024\/03\/NATUROPATIA-e1711565591446.jpg","width":800,"height":533},{"@type":"BreadcrumbList","@id":"http:\/\/www.centro-cee.com\/fitness\/producto\/especialista-en-naturopatia-y-fitoterapia\/#breadcrumb","itemListElement":[{"@type":"ListItem","position":1,"name":"Portada","item":"https:\/\/www.centro-cee.com\/fitness\/"},{"@type":"ListItem","position":2,"name":"Especialista en Naturopat\u00eda y Fitoterapia"}]},{"@type":"WebSite","@id":"https:\/\/www.centro-cee.com\/fitness\/#website","url":"https:\/\/www.centro-cee.com\/fitness\/","name":"Fitness CEE","description":"","publisher":{"@id":"https:\/\/www.centro-cee.com\/fitness\/#organization"},"potentialAction":[{"@type":"SearchAction","target":{"@type":"EntryPoint","urlTemplate":"https:\/\/www.centro-cee.com\/fitness\/?s={search_term_string}"},"query-input":{"@type":"PropertyValueSpecification","valueRequired":true,"valueName":"search_term_string"}}],"inLanguage":"es"},{"@type":"Organization","@id":"https:\/\/www.centro-cee.com\/fitness\/#organization","name":"Fitness CEE","url":"https:\/\/www.centro-cee.com\/fitness\/","logo":{"@type":"ImageObject","inLanguage":"es","@id":"https:\/\/www.centro-cee.com\/fitness\/#\/schema\/logo\/image\/","url":"http:\/\/www.centro-cee.com\/fitness\/wp-content\/uploads\/2024\/03\/l1.png","contentUrl":"http:\/\/www.centro-cee.com\/fitness\/wp-content\/uploads\/2024\/03\/l1.png","width":786,"height":614,"caption":"Fitness CEE"},"image":{"@id":"https:\/\/www.centro-cee.com\/fitness\/#\/schema\/logo\/image\/"}}]}},"jetpack_sharing_enabled":true,"_links":{"self":[{"href":"http:\/\/www.centro-cee.com\/fitness\/wp-json\/wp\/v2\/product\/315","targetHints":{"allow":["GET"]}}],"collection":[{"href":"http:\/\/www.centro-cee.com\/fitness\/wp-json\/wp\/v2\/product"}],"about":[{"href":"http:\/\/www.centro-cee.com\/fitness\/wp-json\/wp\/v2\/types\/product"}],"replies":[{"embeddable":true,"href":"http:\/\/www.centro-cee.com\/fitness\/wp-json\/wp\/v2\/comments?post=315"}],"wp:featuredmedia":[{"embeddable":true,"href":"http:\/\/www.centro-cee.com\/fitness\/wp-json\/wp\/v2\/media\/316"}],"wp:attachment":[{"href":"http:\/\/www.centro-cee.com\/fitness\/wp-json\/wp\/v2\/media?parent=315"}],"wp:term":[{"taxonomy":"product_brand","embeddable":true,"href":"http:\/\/www.centro-cee.com\/fitness\/wp-json\/wp\/v2\/product_brand?post=315"},{"taxonomy":"product_cat","embeddable":true,"href":"http:\/\/www.centro-cee.com\/fitness\/wp-json\/wp\/v2\/product_cat?post=315"},{"taxonomy":"product_tag","embeddable":true,"href":"http:\/\/www.centro-cee.com\/fitness\/wp-json\/wp\/v2\/product_tag?post=315"}],"curies":[{"name":"wp","href":"https:\/\/api.w.org\/{rel}","templated":true}]}}