{"id":309,"date":"2024-03-26T20:54:28","date_gmt":"2024-03-26T19:54:28","guid":{"rendered":"http:\/\/www.centro-cee.com\/fitness\/?post_type=product&#038;p=309"},"modified":"2024-10-18T13:51:39","modified_gmt":"2024-10-18T11:51:39","slug":"master-en-psicologia-holistica-coaching-y-pnl","status":"publish","type":"product","link":"http:\/\/www.centro-cee.com\/fitness\/producto\/master-en-psicologia-holistica-coaching-y-pnl\/","title":{"rendered":"M\u00e1ster en Psicolog\u00eda Hol\u00edstica, Coaching y PNL"},"content":{"rendered":"<p><strong><em>Psicolog\u00eda Hol\u00edstica Coaching y PNL<\/em><\/strong><\/p>\n<hr \/>\n<p>&nbsp;<\/p>\n<ol>\n<li><strong> INTRODUCCI\u00d3N A LA PSICOLOG\u00cdA<\/strong><\/li>\n<li>Concepto de psicolog\u00eda<\/li>\n<li>&#8211; Or\u00edgenes de la psicolog\u00eda actual<\/li>\n<li>&#8211; Perspectivas te\u00f3ricas del s. XIX y s. XX<\/li>\n<li>Nociones b\u00e1sicas de psicolog\u00eda<\/li>\n<li>\u2026<\/li>\n<\/ol>\n<p><strong> PSICOLOG\u00cdA GESTALT<\/strong><\/p>\n<ol>\n<li>Psicolog\u00eda cognitiva y conexionismo<\/li>\n<li>Organizaci\u00f3n perceptual<\/li>\n<li>&#8211; Importancia de la pregnancia en la percepci\u00f3n<\/li>\n<li>Percepci\u00f3n. Concepto perceptual<\/li>\n<li>Introducci\u00f3n a la terapia gest\u00e1ltica<\/li>\n<li>\u2026.<\/li>\n<\/ol>\n<p><strong> COUNSELING<\/strong><\/p>\n<ol>\n<li>Introducci\u00f3n al Counseling<\/li>\n<li>Teor\u00edas del counseling<\/li>\n<li>El papel del counselor<\/li>\n<li>&#8230;<\/li>\n<\/ol>\n<p><strong> COACHING<\/strong><\/p>\n<ol>\n<li>Concepto de coaching. Influencias y corrientes actuales<\/li>\n<li>&#8211; Influencias del coaching<\/li>\n<li>&#8211; Diferencias con otras metodolog\u00edas<\/li>\n<li>Importancia del coaching<\/li>\n<li>\u2026.<\/li>\n<\/ol>\n<p><strong> MINDFULNESS<\/strong><\/p>\n<ol>\n<li>Concepto de mindfulness. Or\u00edgenes del mindfulness<\/li>\n<li>Importancia de las emociones en mindfulness<\/li>\n<li>Aptitudes esenciales<\/li>\n<li>&#8211; Asertividad<\/li>\n<li>\u2026<\/li>\n<\/ol>\n<p><strong> PROGRAMACI\u00d3N NEUROLING\u00dc\u00cdSTICA<\/strong><\/p>\n<ol>\n<li>Introducci\u00f3n. Concepto y objetivos<\/li>\n<li>&#8211; Principios de funcionamiento<\/li>\n<li>Elementos b\u00e1sicos de PNL<\/li>\n<li>Sistemas representacionales<\/li>\n<li>Metamodelos y metaprogramas<\/li>\n<li>\u2026<\/li>\n<\/ol>\n<p><strong> HIPNOSIS<\/strong><\/p>\n<ol>\n<li>Concepto de hipnosis<\/li>\n<li>Teor\u00edas de la hipnosis y el estado hipn\u00f3tico<\/li>\n<li>Pr\u00e1ctica de la hipnosis<\/li>\n<li>\u2026.<\/li>\n<\/ol>\n<p><strong> PSICOLOG\u00cdA SIST\u00c9MICA. CONSTELACIONES FAMILIARES<\/strong><\/p>\n<ol>\n<li>Introducci\u00f3n a la teor\u00eda de sistemas y al pensamiento sist\u00e9mico<\/li>\n<li>Enfoque de las constelaciones familiares<\/li>\n<li>Sentimientos y necesidades b\u00e1sicas<\/li>\n<li>\u2026<\/li>\n<\/ol>\n<p><strong> NARRATIVA TERAP\u00c9UTICA<\/strong><\/p>\n<ol>\n<li>El poder de las palabras<\/li>\n<li>Organizaci\u00f3n de la narrativa terap\u00e9utica<\/li>\n<li>Herramientas de la narrativa terap\u00e9utica: foco, lupa y microscopio<\/li>\n<li>&#8211; Met\u00e1foras<\/li>\n<li>\u2026<\/li>\n<\/ol>\n<p><strong> PSICOLOG\u00cdA TRANSPERSONAL<\/strong><\/p>\n<ol>\n<li>Introducci\u00f3n a la psicolog\u00eda transpersonal. Influencias te\u00f3ricas<\/li>\n<li>La psicoterapia transpersonal-integral<\/li>\n<li>Descripci\u00f3n de los estados internos<\/li>\n<li>\u2026.<\/li>\n<\/ol>\n<p><strong> OTRAS APROXIMACIONES<\/strong><\/p>\n<ol>\n<li>Influencia del Reiki<\/li>\n<li>&#8211; Estructura del Reiki Ho<\/li>\n<li>Medicina tradicional china<\/li>\n<li>&#8211; Teor\u00eda del Ying-Yang<\/li>\n<li>&#8211; Teor\u00eda de los cinco movimientos o elementos<\/li>\n<li>&#8211; Teor\u00eda de los \u00f3rganos Zang-Fu<\/li>\n<li>\u2026<\/li>\n<\/ol>\n<p><strong>\u00a0<\/strong><\/p>\n<p><strong>COACHING <\/strong><\/p>\n<ol>\n<li>M\u00d3DULO I. INTRODUCCI\u00d3N AL COACHING<\/li>\n<\/ol>\n<p><strong>TEMA 1. \u00bfQU\u00c9 ES EL COACHING?<\/strong><\/p>\n<ol>\n<li>El cambio, la crisis y la construcci\u00f3n de la identidad<\/li>\n<li>Concepto de coaching<\/li>\n<li>Etimolog\u00eda del coaching<\/li>\n<li>\u2026<\/li>\n<\/ol>\n<p><strong>TEMA 2. IMPORTANCIA DEL COACHING<\/strong><\/p>\n<ol>\n<li>\u00bfPor qu\u00e9 es importante el coaching?<\/li>\n<li>Principios y valores<\/li>\n<li>\u2026<\/li>\n<\/ol>\n<p><strong>TEMA 3. ASPECTOS FUNDAMENTALES DEL COACHING I<\/strong><\/p>\n<ol>\n<li>Introducci\u00f3n: los elementos claves para el \u00e9xito<\/li>\n<li>Motivaci\u00f3n<\/li>\n<li>\u2026<\/li>\n<\/ol>\n<p><strong>TEMA 4. ASPECTOS FUNDAMENTALES DEL COACHING II<\/strong><\/p>\n<ol>\n<li>Responsabilidad y compromiso<\/li>\n<li>Acci\u00f3n<\/li>\n<li>Creatividad<\/li>\n<li>\u2026<\/li>\n<\/ol>\n<p><strong>TEMA 5. \u00c9TICA Y COACHING<\/strong><\/p>\n<ol>\n<li>Liderazgo, poder y \u00e9tica<\/li>\n<li>Confidencialidad del Proceso<\/li>\n<li>\u2026<\/li>\n<\/ol>\n<p><strong>TEMA 6. COACHING, CAMBIO Y APRENDIZAJE<\/strong><\/p>\n<ol>\n<li>La superaci\u00f3n de los bloqueos<\/li>\n<li>El deseo de avanzar<\/li>\n<li>\u2026<\/li>\n<\/ol>\n<p><strong>TEMA 7. EL PROCESO DE COACHING: ASPECTOS GENERALES<\/strong><\/p>\n<ol>\n<li>Coaching \u00bfherramienta o proceso?<\/li>\n<li>\u2026<\/li>\n<\/ol>\n<p><strong>TEMA 8. HABILIDADES RELACIONADAS CON EL PROCESO<\/strong><\/p>\n<ol>\n<li>Introducci\u00f3n<\/li>\n<li>Escucha<\/li>\n<li>Empat\u00eda<\/li>\n<li>\u2026<\/li>\n<\/ol>\n<p><strong>TEMA 9. FASES EN EL PROCESO DE COACHING<\/strong><\/p>\n<ol>\n<li>Primera fase: establecer la relaci\u00f3n de coaching<\/li>\n<li>Segunda fase: planificaci\u00f3n de la acci\u00f3n<\/li>\n<li>\u2026<\/li>\n<\/ol>\n<p><strong>TEMA 10. EVALUACI\u00d3N I<\/strong><\/p>\n<ol>\n<li>\u00bfPor qu\u00e9 es necesaria la evaluaci\u00f3n?<\/li>\n<li>Beneficios de los programas de evaluaci\u00f3n de coaching<\/li>\n<li>\u2026<\/li>\n<\/ol>\n<p><strong>TEMA 11. EVALUACI\u00d3N II<\/strong><\/p>\n<ol>\n<li>El final de la evaluaci\u00f3n<\/li>\n<li>Evaluaci\u00f3n externa<\/li>\n<li>Sesiones de evaluaci\u00f3n continua<\/li>\n<li>\u2026<\/li>\n<\/ol>\n<p><strong>TEMA 12. EL COACH<\/strong><\/p>\n<ol>\n<li>La figura del coach<\/li>\n<li>Tipos de coach<\/li>\n<li>Papel del coach en el proceso de coaching ejecutivo<\/li>\n<\/ol>\n<p><strong>TEMA 13. COMPETENCIAS DEL COACH<\/strong><\/p>\n<ol>\n<li>Competencias clave y actuaci\u00f3n del coach<\/li>\n<li>Las caracter\u00edsticas del coach efectivo para el desarrollo de competencias<\/li>\n<li>\u2026<\/li>\n<\/ol>\n<p><strong>TEMA 14. LA PREPARACI\u00d3N DE UN BUEN COACH<\/strong><\/p>\n<ol>\n<li>Preparaci\u00f3n t\u00e9cnica: formaci\u00f3n y experiencia empresarial<\/li>\n<li>Errores m\u00e1s comunes del coach<\/li>\n<li>\u2026<\/li>\n<\/ol>\n<p><strong>TEMA 15. LA FIGURA DEL COACHEE<\/strong><\/p>\n<ol>\n<li>La figura del coachee<\/li>\n<li>Caracter\u00edsticas del destinatario del coaching<\/li>\n<li>\u2026<\/li>\n<\/ol>\n<p><strong>TEMA 16. MODELOS ORGANIZATIVOS EMPRESARIALES<\/strong><\/p>\n<ol>\n<li>Coaching y empresa<\/li>\n<li>La importancia de las organizaciones<\/li>\n<li>\u2026.<\/li>\n<\/ol>\n<p><strong>TEMA 17. LA HUMANIZACI\u00d3N DE LA ORGANIZACI\u00d3N<\/strong><\/p>\n<ol>\n<li>Cambio y desarrollo en la organizaci\u00f3n<\/li>\n<li>Resistencia al cambio organizacional<\/li>\n<li>\u2026.<\/li>\n<\/ol>\n<p><strong>TEMA 18. INTRODUCCI\u00d3N AL COACHING EJECUTIVO<\/strong><\/p>\n<ol>\n<li>Principios de coaching ejecutivo<\/li>\n<li>La empresa y el coach<\/li>\n<li>\u2026<\/li>\n<\/ol>\n<p><strong>TEMA 19. COACHING Y COMPETENCIAS PROFESIONALES<\/strong><\/p>\n<ol>\n<li>Aspectos fundamentales de las competencias<\/li>\n<li>Adquisici\u00f3n y desarrollo de competencias<\/li>\n<li>Competencias profesionales<\/li>\n<li>\u2026<\/li>\n<\/ol>\n<p><strong>TEMA 20. COACHING Y GESTI\u00d3N DEL TALENTO<\/strong><\/p>\n<ol>\n<li>El talento<\/li>\n<li>Gesti\u00f3n del talento<\/li>\n<li>\u2026<\/li>\n<\/ol>\n<p><strong>TEMA 21. LIDERAZGO EMPRESARIAL<\/strong><\/p>\n<ol>\n<li>Liderazgo<\/li>\n<li>Enfoques centrados en el l\u00edder<\/li>\n<li>Teor\u00edas situacionales o de contingencia<\/li>\n<li>\u2026<\/li>\n<\/ol>\n<p><strong>TEMA 22. COACHING Y LIDERAZGO EN LA EMPRESA<\/strong><\/p>\n<ol>\n<li>El coaching como ayuda a la formaci\u00f3n del liderazgo<\/li>\n<li>El coaching como estilo de liderazgo<\/li>\n<li>\u2026.<\/li>\n<\/ol>\n<p><strong>TEMA 23. GESTI\u00d3N DE RECURSOS HUMANOS<\/strong><\/p>\n<ol>\n<li>Coaching de relaciones<\/li>\n<li>Grupo vs. Equipo<\/li>\n<li>\u2026.<\/li>\n<\/ol>\n<p><strong>TEMA 24. GESTI\u00d3N DE RELACIONES<\/strong><\/p>\n<ol>\n<li>Team Building<\/li>\n<li>T\u00e9cnicas para mejorar el funcionamiento de un equipo<\/li>\n<\/ol>\n<p><strong>TEMA 25. DE DIRECTIVO A DIRECTIVO COACH<\/strong><\/p>\n<ol>\n<li>El coaching directivo: c\u00f3mo conseguir el desarrollo profesional<\/li>\n<li>Establecer l\u00edmites: presi\u00f3n-rendimiento<\/li>\n<li>\u2026.<\/li>\n<\/ol>\n<p><strong>TEMA 26. RESOLUCI\u00d3N DE CONFLICTOS<\/strong><\/p>\n<ol>\n<li>El conflicto como fuente del problema<\/li>\n<li>Tipos de conflicto<\/li>\n<li>\u2026<\/li>\n<\/ol>\n<p><strong>TEMA 27. INTRODUCCI\u00d3N A LAS T\u00c9CNICAS DE COACHING<\/strong><\/p>\n<ol>\n<li>T\u00e9cnicas en coaching: transformar lo negativo en positivo<\/li>\n<li>Las din\u00e1micas: definici\u00f3n<\/li>\n<li>\u00bfPara qu\u00e9 se utilizan las t\u00e9cnicas grupales y para qu\u00e9 no?<\/li>\n<li>\u2026<\/li>\n<\/ol>\n<p><strong>TEMA 28. HERRAMIENTAS APLICADAS AL \u00c1MBITO EMPRESARIAL<\/strong><\/p>\n<ol>\n<li>Introducci\u00f3n a las herramientas<\/li>\n<li>Feedback 360\u00ba TM<\/li>\n<li>\u2026.<\/li>\n<\/ol>\n<p><strong>TEMA 29. T\u00c9CNICAS ESTRUCTURALES<\/strong><\/p>\n<ol>\n<li>Definici\u00f3n<\/li>\n<li>M\u00e9todo GROW TM<\/li>\n<li>M\u00e9todo ACHIEVE TM<\/li>\n<li>\u2026<\/li>\n<\/ol>\n<p><strong>TEMA 30. T\u00c9CNICAS EXPLORATORIAS<\/strong><\/p>\n<ol>\n<li>Definici\u00f3n<\/li>\n<li>Rueda de la vida<\/li>\n<li>\u2026<\/li>\n<\/ol>\n<p><strong>TEMA 31. T\u00c9CNICAS Y DIN\u00c1MICAS DE GRUPO<\/strong><\/p>\n<ol>\n<li>Definici\u00f3n y clasificaci\u00f3n<\/li>\n<li>T\u00e9cnicas de grupo grande<\/li>\n<li>Grupo mediano<\/li>\n<li>\u2026<\/li>\n<\/ol>\n<p>&nbsp;<\/p>\n<p><strong><em>Psicolog\u00eda Hol\u00edstica Coaching y PNL<\/em><\/strong><\/p>\n","protected":false},"excerpt":{"rendered":"<p>En el curso de Psicolog\u00eda Hol\u00edstica, Coaching y PNL, los estudiantes aprenden a integrar principios de psicolog\u00eda hol\u00edstica con t\u00e9cnicas de coaching y Programaci\u00f3n Neuroling\u00fc\u00edstica (PNL).<\/p>\n<p>Se exploran enfoques que consideran la totalidad del individuo, incluyendo aspectos f\u00edsicos, mentales, emocionales y espirituales.<\/p>\n<p>Los participantes adquieren habilidades para facilitar el cambio personal y el crecimiento mediante la identificaci\u00f3n y el cambio de patrones de pensamiento y comportamiento limitantes. Se enfatiza el desarrollo de la empat\u00eda, la comunicaci\u00f3n efectiva y la creaci\u00f3n de metas claras y alcanzables.<\/p>\n<p>En resumen, el curso capacita a los estudiantes para trabajar con individuos de manera integral, ayud\u00e1ndolos a alcanzar su m\u00e1ximo potencial en todas las \u00e1reas de sus vidas.<\/p>\n","protected":false},"featured_media":310,"comment_status":"closed","ping_status":"closed","template":"","meta":[],"product_brand":[],"product_cat":[18],"product_tag":[],"class_list":{"0":"post-309","1":"product","2":"type-product","3":"status-publish","4":"has-post-thumbnail","6":"product_cat-bienestar","8":"first","9":"instock","10":"sale","11":"virtual","12":"purchasable","13":"product-type-simple"},"yoast_head":"<!-- This site is optimized with the Yoast SEO plugin v27.3 - https:\/\/yoast.com\/product\/yoast-seo-wordpress\/ -->\n<title>M\u00e1ster en Psicolog\u00eda Hol\u00edstica, Coaching y PNL - Fitness CEE<\/title>\n<meta name=\"description\" content=\"Amplia tus habilidades con nuestro M\u00e1ster en Psicolog\u00eda Hol\u00edstica, Coaching y PNL. Aprende a integrar t\u00e9cnicas de PNL para ayudar a tus clientes.\" \/>\n<meta name=\"robots\" content=\"index, follow, max-snippet:-1, max-image-preview:large, max-video-preview:-1\" \/>\n<link rel=\"canonical\" href=\"http:\/\/www.centro-cee.com\/fitness\/producto\/master-en-psicologia-holistica-coaching-y-pnl\/\" \/>\n<meta property=\"og:locale\" content=\"es_ES\" \/>\n<meta property=\"og:type\" content=\"article\" \/>\n<meta property=\"og:title\" content=\"M\u00e1ster en Psicolog\u00eda Hol\u00edstica, Coaching y PNL - Fitness CEE\" \/>\n<meta property=\"og:description\" content=\"Amplia tus habilidades con nuestro M\u00e1ster en Psicolog\u00eda Hol\u00edstica, Coaching y PNL. Aprende a integrar t\u00e9cnicas de PNL para ayudar a tus clientes.\" \/>\n<meta property=\"og:url\" content=\"http:\/\/www.centro-cee.com\/fitness\/producto\/master-en-psicologia-holistica-coaching-y-pnl\/\" \/>\n<meta property=\"og:site_name\" content=\"Fitness CEE\" \/>\n<meta property=\"article:modified_time\" content=\"2024-10-18T11:51:39+00:00\" \/>\n<meta property=\"og:image\" content=\"http:\/\/www.centro-cee.com\/fitness\/wp-content\/uploads\/2024\/03\/autoesti-e1711566839763.jpg\" \/>\n\t<meta property=\"og:image:width\" content=\"800\" \/>\n\t<meta property=\"og:image:height\" content=\"450\" \/>\n\t<meta property=\"og:image:type\" content=\"image\/jpeg\" \/>\n<meta name=\"twitter:card\" content=\"summary_large_image\" \/>\n<meta name=\"twitter:label1\" content=\"Tiempo de lectura\" \/>\n\t<meta name=\"twitter:data1\" content=\"4 minutos\" \/>\n<script type=\"application\/ld+json\" class=\"yoast-schema-graph\">{\"@context\":\"https:\\\/\\\/schema.org\",\"@graph\":[{\"@type\":\"WebPage\",\"@id\":\"http:\\\/\\\/www.centro-cee.com\\\/fitness\\\/producto\\\/master-en-psicologia-holistica-coaching-y-pnl\\\/\",\"url\":\"http:\\\/\\\/www.centro-cee.com\\\/fitness\\\/producto\\\/master-en-psicologia-holistica-coaching-y-pnl\\\/\",\"name\":\"M\u00e1ster en Psicolog\u00eda Hol\u00edstica, Coaching y PNL - Fitness CEE\",\"isPartOf\":{\"@id\":\"https:\\\/\\\/www.centro-cee.com\\\/fitness\\\/#website\"},\"primaryImageOfPage\":{\"@id\":\"http:\\\/\\\/www.centro-cee.com\\\/fitness\\\/producto\\\/master-en-psicologia-holistica-coaching-y-pnl\\\/#primaryimage\"},\"image\":{\"@id\":\"http:\\\/\\\/www.centro-cee.com\\\/fitness\\\/producto\\\/master-en-psicologia-holistica-coaching-y-pnl\\\/#primaryimage\"},\"thumbnailUrl\":\"http:\\\/\\\/www.centro-cee.com\\\/fitness\\\/wp-content\\\/uploads\\\/2024\\\/03\\\/autoesti-e1711566839763.jpg\",\"datePublished\":\"2024-03-26T19:54:28+00:00\",\"dateModified\":\"2024-10-18T11:51:39+00:00\",\"description\":\"Amplia tus habilidades con nuestro M\u00e1ster en Psicolog\u00eda Hol\u00edstica, Coaching y PNL. Aprende a integrar t\u00e9cnicas de PNL para ayudar a tus clientes.\",\"breadcrumb\":{\"@id\":\"http:\\\/\\\/www.centro-cee.com\\\/fitness\\\/producto\\\/master-en-psicologia-holistica-coaching-y-pnl\\\/#breadcrumb\"},\"inLanguage\":\"es\",\"potentialAction\":[{\"@type\":\"ReadAction\",\"target\":[\"http:\\\/\\\/www.centro-cee.com\\\/fitness\\\/producto\\\/master-en-psicologia-holistica-coaching-y-pnl\\\/\"]}]},{\"@type\":\"ImageObject\",\"inLanguage\":\"es\",\"@id\":\"http:\\\/\\\/www.centro-cee.com\\\/fitness\\\/producto\\\/master-en-psicologia-holistica-coaching-y-pnl\\\/#primaryimage\",\"url\":\"http:\\\/\\\/www.centro-cee.com\\\/fitness\\\/wp-content\\\/uploads\\\/2024\\\/03\\\/autoesti-e1711566839763.jpg\",\"contentUrl\":\"http:\\\/\\\/www.centro-cee.com\\\/fitness\\\/wp-content\\\/uploads\\\/2024\\\/03\\\/autoesti-e1711566839763.jpg\",\"width\":800,\"height\":450},{\"@type\":\"BreadcrumbList\",\"@id\":\"http:\\\/\\\/www.centro-cee.com\\\/fitness\\\/producto\\\/master-en-psicologia-holistica-coaching-y-pnl\\\/#breadcrumb\",\"itemListElement\":[{\"@type\":\"ListItem\",\"position\":1,\"name\":\"Portada\",\"item\":\"https:\\\/\\\/www.centro-cee.com\\\/fitness\\\/\"},{\"@type\":\"ListItem\",\"position\":2,\"name\":\"M\u00e1ster en Psicolog\u00eda Hol\u00edstica, Coaching y PNL\"}]},{\"@type\":\"WebSite\",\"@id\":\"https:\\\/\\\/www.centro-cee.com\\\/fitness\\\/#website\",\"url\":\"https:\\\/\\\/www.centro-cee.com\\\/fitness\\\/\",\"name\":\"Fitness CEE\",\"description\":\"\",\"publisher\":{\"@id\":\"https:\\\/\\\/www.centro-cee.com\\\/fitness\\\/#organization\"},\"potentialAction\":[{\"@type\":\"SearchAction\",\"target\":{\"@type\":\"EntryPoint\",\"urlTemplate\":\"https:\\\/\\\/www.centro-cee.com\\\/fitness\\\/?s={search_term_string}\"},\"query-input\":{\"@type\":\"PropertyValueSpecification\",\"valueRequired\":true,\"valueName\":\"search_term_string\"}}],\"inLanguage\":\"es\"},{\"@type\":\"Organization\",\"@id\":\"https:\\\/\\\/www.centro-cee.com\\\/fitness\\\/#organization\",\"name\":\"Fitness CEE\",\"url\":\"https:\\\/\\\/www.centro-cee.com\\\/fitness\\\/\",\"logo\":{\"@type\":\"ImageObject\",\"inLanguage\":\"es\",\"@id\":\"https:\\\/\\\/www.centro-cee.com\\\/fitness\\\/#\\\/schema\\\/logo\\\/image\\\/\",\"url\":\"http:\\\/\\\/www.centro-cee.com\\\/fitness\\\/wp-content\\\/uploads\\\/2024\\\/03\\\/l1.png\",\"contentUrl\":\"http:\\\/\\\/www.centro-cee.com\\\/fitness\\\/wp-content\\\/uploads\\\/2024\\\/03\\\/l1.png\",\"width\":786,\"height\":614,\"caption\":\"Fitness CEE\"},\"image\":{\"@id\":\"https:\\\/\\\/www.centro-cee.com\\\/fitness\\\/#\\\/schema\\\/logo\\\/image\\\/\"}}]}<\/script>\n<!-- \/ Yoast SEO plugin. -->","yoast_head_json":{"title":"M\u00e1ster en Psicolog\u00eda Hol\u00edstica, Coaching y PNL - Fitness CEE","description":"Amplia tus habilidades con nuestro M\u00e1ster en Psicolog\u00eda Hol\u00edstica, Coaching y PNL. Aprende a integrar t\u00e9cnicas de PNL para ayudar a tus clientes.","robots":{"index":"index","follow":"follow","max-snippet":"max-snippet:-1","max-image-preview":"max-image-preview:large","max-video-preview":"max-video-preview:-1"},"canonical":"http:\/\/www.centro-cee.com\/fitness\/producto\/master-en-psicologia-holistica-coaching-y-pnl\/","og_locale":"es_ES","og_type":"article","og_title":"M\u00e1ster en Psicolog\u00eda Hol\u00edstica, Coaching y PNL - Fitness CEE","og_description":"Amplia tus habilidades con nuestro M\u00e1ster en Psicolog\u00eda Hol\u00edstica, Coaching y PNL. Aprende a integrar t\u00e9cnicas de PNL para ayudar a tus clientes.","og_url":"http:\/\/www.centro-cee.com\/fitness\/producto\/master-en-psicologia-holistica-coaching-y-pnl\/","og_site_name":"Fitness CEE","article_modified_time":"2024-10-18T11:51:39+00:00","og_image":[{"width":800,"height":450,"url":"http:\/\/www.centro-cee.com\/fitness\/wp-content\/uploads\/2024\/03\/autoesti-e1711566839763.jpg","type":"image\/jpeg"}],"twitter_card":"summary_large_image","twitter_misc":{"Tiempo de lectura":"4 minutos"},"schema":{"@context":"https:\/\/schema.org","@graph":[{"@type":"WebPage","@id":"http:\/\/www.centro-cee.com\/fitness\/producto\/master-en-psicologia-holistica-coaching-y-pnl\/","url":"http:\/\/www.centro-cee.com\/fitness\/producto\/master-en-psicologia-holistica-coaching-y-pnl\/","name":"M\u00e1ster en Psicolog\u00eda Hol\u00edstica, Coaching y PNL - Fitness CEE","isPartOf":{"@id":"https:\/\/www.centro-cee.com\/fitness\/#website"},"primaryImageOfPage":{"@id":"http:\/\/www.centro-cee.com\/fitness\/producto\/master-en-psicologia-holistica-coaching-y-pnl\/#primaryimage"},"image":{"@id":"http:\/\/www.centro-cee.com\/fitness\/producto\/master-en-psicologia-holistica-coaching-y-pnl\/#primaryimage"},"thumbnailUrl":"http:\/\/www.centro-cee.com\/fitness\/wp-content\/uploads\/2024\/03\/autoesti-e1711566839763.jpg","datePublished":"2024-03-26T19:54:28+00:00","dateModified":"2024-10-18T11:51:39+00:00","description":"Amplia tus habilidades con nuestro M\u00e1ster en Psicolog\u00eda Hol\u00edstica, Coaching y PNL. Aprende a integrar t\u00e9cnicas de PNL para ayudar a tus clientes.","breadcrumb":{"@id":"http:\/\/www.centro-cee.com\/fitness\/producto\/master-en-psicologia-holistica-coaching-y-pnl\/#breadcrumb"},"inLanguage":"es","potentialAction":[{"@type":"ReadAction","target":["http:\/\/www.centro-cee.com\/fitness\/producto\/master-en-psicologia-holistica-coaching-y-pnl\/"]}]},{"@type":"ImageObject","inLanguage":"es","@id":"http:\/\/www.centro-cee.com\/fitness\/producto\/master-en-psicologia-holistica-coaching-y-pnl\/#primaryimage","url":"http:\/\/www.centro-cee.com\/fitness\/wp-content\/uploads\/2024\/03\/autoesti-e1711566839763.jpg","contentUrl":"http:\/\/www.centro-cee.com\/fitness\/wp-content\/uploads\/2024\/03\/autoesti-e1711566839763.jpg","width":800,"height":450},{"@type":"BreadcrumbList","@id":"http:\/\/www.centro-cee.com\/fitness\/producto\/master-en-psicologia-holistica-coaching-y-pnl\/#breadcrumb","itemListElement":[{"@type":"ListItem","position":1,"name":"Portada","item":"https:\/\/www.centro-cee.com\/fitness\/"},{"@type":"ListItem","position":2,"name":"M\u00e1ster en Psicolog\u00eda Hol\u00edstica, Coaching y PNL"}]},{"@type":"WebSite","@id":"https:\/\/www.centro-cee.com\/fitness\/#website","url":"https:\/\/www.centro-cee.com\/fitness\/","name":"Fitness CEE","description":"","publisher":{"@id":"https:\/\/www.centro-cee.com\/fitness\/#organization"},"potentialAction":[{"@type":"SearchAction","target":{"@type":"EntryPoint","urlTemplate":"https:\/\/www.centro-cee.com\/fitness\/?s={search_term_string}"},"query-input":{"@type":"PropertyValueSpecification","valueRequired":true,"valueName":"search_term_string"}}],"inLanguage":"es"},{"@type":"Organization","@id":"https:\/\/www.centro-cee.com\/fitness\/#organization","name":"Fitness CEE","url":"https:\/\/www.centro-cee.com\/fitness\/","logo":{"@type":"ImageObject","inLanguage":"es","@id":"https:\/\/www.centro-cee.com\/fitness\/#\/schema\/logo\/image\/","url":"http:\/\/www.centro-cee.com\/fitness\/wp-content\/uploads\/2024\/03\/l1.png","contentUrl":"http:\/\/www.centro-cee.com\/fitness\/wp-content\/uploads\/2024\/03\/l1.png","width":786,"height":614,"caption":"Fitness CEE"},"image":{"@id":"https:\/\/www.centro-cee.com\/fitness\/#\/schema\/logo\/image\/"}}]}},"jetpack_sharing_enabled":true,"_links":{"self":[{"href":"http:\/\/www.centro-cee.com\/fitness\/wp-json\/wp\/v2\/product\/309","targetHints":{"allow":["GET"]}}],"collection":[{"href":"http:\/\/www.centro-cee.com\/fitness\/wp-json\/wp\/v2\/product"}],"about":[{"href":"http:\/\/www.centro-cee.com\/fitness\/wp-json\/wp\/v2\/types\/product"}],"replies":[{"embeddable":true,"href":"http:\/\/www.centro-cee.com\/fitness\/wp-json\/wp\/v2\/comments?post=309"}],"wp:featuredmedia":[{"embeddable":true,"href":"http:\/\/www.centro-cee.com\/fitness\/wp-json\/wp\/v2\/media\/310"}],"wp:attachment":[{"href":"http:\/\/www.centro-cee.com\/fitness\/wp-json\/wp\/v2\/media?parent=309"}],"wp:term":[{"taxonomy":"product_brand","embeddable":true,"href":"http:\/\/www.centro-cee.com\/fitness\/wp-json\/wp\/v2\/product_brand?post=309"},{"taxonomy":"product_cat","embeddable":true,"href":"http:\/\/www.centro-cee.com\/fitness\/wp-json\/wp\/v2\/product_cat?post=309"},{"taxonomy":"product_tag","embeddable":true,"href":"http:\/\/www.centro-cee.com\/fitness\/wp-json\/wp\/v2\/product_tag?post=309"}],"curies":[{"name":"wp","href":"https:\/\/api.w.org\/{rel}","templated":true}]}}