{"id":305,"date":"2024-03-26T20:42:04","date_gmt":"2024-03-26T19:42:04","guid":{"rendered":"http:\/\/www.centro-cee.com\/fitness\/?post_type=product&#038;p=305"},"modified":"2024-05-09T17:05:59","modified_gmt":"2024-05-09T15:05:59","slug":"nutricion-y-dietetica-deportiva","status":"publish","type":"product","link":"http:\/\/www.centro-cee.com\/fitness\/producto\/nutricion-y-dietetica-deportiva\/","title":{"rendered":"Nutrici\u00f3n y Diet\u00e9tica Deportiva"},"content":{"rendered":"<hr \/>\n<p>1. CONCEPTOS Y DEFINICIONES<br \/>\n1. Concepto de bromatolog\u00eda<br \/>\n2. Concepto de alimentaci\u00f3n<br \/>\n3. Concepto de nutrici\u00f3n<br \/>\n4. &#8230;<\/p>\n<p>2. CLASIFICACI\u00d3N DE ALIMENTOS Y NUTRIENTES. GU\u00cdAS ALIMENTARIAS<br \/>\n1. Clasificaci\u00f3n de los alimentos<br \/>\n2. Clasificaci\u00f3n de nutrientes<br \/>\n3. Necesidades de nutrientes: pir\u00e1mide nutricional<\/p>\n<p>3. EL SISTEMA DIGESTIVO<br \/>\n1. Conceptos b\u00e1sicos<br \/>\n2. Anatom\u00eda y fisiolog\u00eda del aparato digestivo<br \/>\n3. Proceso de la digesti\u00f3n<\/p>\n<p>4. NECESIDADES NUTRICIONALES<br \/>\n1. Transformaciones energ\u00e9ticas celulares<br \/>\n2. Unidades de medida de la energ\u00eda<br \/>\n3. &#8230;<\/p>\n<p>5. HIDRATOS DE CARBONO<br \/>\n1. Definici\u00f3n y generalidades<br \/>\n2. Clasificaci\u00f3n<br \/>\n3. Funciones<br \/>\n4. &#8230;<\/p>\n<p>6. L\u00cdPIDOS<br \/>\n1. Definici\u00f3n y generalidades<br \/>\n2. Funciones<br \/>\n3. Distribuci\u00f3n<br \/>\n4. &#8230;<\/p>\n<p>7. PROTE\u00cdNAS<br \/>\n1. Definici\u00f3n y generalidades<br \/>\n2. Amino\u00e1cidos<br \/>\n3. Prote\u00ednas<br \/>\n4. Metabolismo de las prote\u00ednas<br \/>\n5. &#8230;<\/p>\n<p>8. VITAMINAS<br \/>\n1. Introducci\u00f3n<br \/>\n2. Funciones<br \/>\n3. &#8230;<\/p>\n<p>9. MINERALES<br \/>\n1. Introducci\u00f3n<br \/>\n2. Clasificaci\u00f3n<br \/>\n3. Caracter\u00edsticas generales de los minerales<br \/>\n4. &#8230;<\/p>\n<p>10. IMPORTANCIA NUTRICIONAL DEL AGUA<br \/>\n1. Introducci\u00f3n y caracter\u00edsticas del agua<br \/>\n2. El agua en el cuerpo humano<br \/>\n3. &#8230;<\/p>\n","protected":false},"excerpt":{"rendered":"<div class=\"flex flex-grow flex-col max-w-full\">\n<div class=\"min-h-[20px] text-message flex flex-col items-start gap-3 whitespace-pre-wrap break-words [.text-message+&amp;]:mt-5 overflow-x-auto\" data-message-author-role=\"assistant\" data-message-id=\"3c94ad16-541f-4748-955c-3f519e0cbb35\">\n<div class=\"markdown prose w-full break-words dark:prose-invert light\">\n<p>Los estudiantes aprenden a dise\u00f1ar planes de alimentaci\u00f3n espec\u00edficos para deportistas, considerando sus necesidades energ\u00e9ticas, objetivos de rendimiento y tipo de actividad f\u00edsica. Se ense\u00f1an los fundamentos de la nutrici\u00f3n deportiva, incluyendo la importancia de los macronutrientes (prote\u00ednas, carbohidratos y grasas) y micronutrientes (vitaminas y minerales) en el rendimiento atl\u00e9tico.<\/p>\n<p>Los participantes tambi\u00e9n exploran estrategias para la hidrataci\u00f3n \u00f3ptima antes, durante y despu\u00e9s del ejercicio, as\u00ed como el papel de la suplementaci\u00f3n nutricional en la mejora del rendimiento y la recuperaci\u00f3n muscular.<\/p>\n<p>Los estudiantes aprenden a evaluar la ingesta diet\u00e9tica de los deportistas y a ajustar los planes nutricionales seg\u00fan sea necesario. Adem\u00e1s, se discuten consideraciones \u00e9ticas y legales relacionadas con la nutrici\u00f3n deportiva, as\u00ed como la interpretaci\u00f3n de datos para mejorar los resultados.<\/p>\n<\/div>\n<\/div>\n<\/div>\n","protected":false},"featured_media":306,"comment_status":"closed","ping_status":"closed","template":"","meta":[],"product_brand":[],"product_cat":[18],"product_tag":[],"class_list":{"0":"post-305","1":"product","2":"type-product","3":"status-publish","4":"has-post-thumbnail","6":"product_cat-bienestar","8":"first","9":"instock","10":"sale","11":"virtual","12":"purchasable","13":"product-type-simple"},"yoast_head":"<!-- This site is optimized with the Yoast SEO plugin v27.3 - https:\/\/yoast.com\/product\/yoast-seo-wordpress\/ -->\n<title>Nutrici\u00f3n y Diet\u00e9tica Deportiva - Fitness CEE<\/title>\n<meta name=\"description\" content=\"Convi\u00e9rtete en un experto en alimentaci\u00f3n para el rendimiento deportivo. Descubre c\u00f3mo optimizar tu nutrici\u00f3n y potenciar tu rendimiento.\" \/>\n<meta name=\"robots\" content=\"index, follow, max-snippet:-1, max-image-preview:large, max-video-preview:-1\" \/>\n<link rel=\"canonical\" href=\"http:\/\/www.centro-cee.com\/fitness\/producto\/nutricion-y-dietetica-deportiva\/\" \/>\n<meta property=\"og:locale\" content=\"es_ES\" \/>\n<meta property=\"og:type\" content=\"article\" \/>\n<meta property=\"og:title\" content=\"Nutrici\u00f3n y Diet\u00e9tica Deportiva - Fitness CEE\" \/>\n<meta property=\"og:description\" content=\"Convi\u00e9rtete en un experto en alimentaci\u00f3n para el rendimiento deportivo. Descubre c\u00f3mo optimizar tu nutrici\u00f3n y potenciar tu rendimiento.\" \/>\n<meta property=\"og:url\" content=\"http:\/\/www.centro-cee.com\/fitness\/producto\/nutricion-y-dietetica-deportiva\/\" \/>\n<meta property=\"og:site_name\" content=\"Fitness CEE\" \/>\n<meta property=\"article:modified_time\" content=\"2024-05-09T15:05:59+00:00\" \/>\n<meta property=\"og:image\" content=\"http:\/\/www.centro-cee.com\/fitness\/wp-content\/uploads\/2024\/03\/nutric.jpg\" \/>\n\t<meta property=\"og:image:width\" content=\"800\" \/>\n\t<meta property=\"og:image:height\" content=\"450\" \/>\n\t<meta property=\"og:image:type\" content=\"image\/jpeg\" \/>\n<meta name=\"twitter:card\" content=\"summary_large_image\" \/>\n<meta name=\"twitter:label1\" content=\"Tiempo de lectura\" \/>\n\t<meta name=\"twitter:data1\" content=\"1 minuto\" \/>\n<script type=\"application\/ld+json\" class=\"yoast-schema-graph\">{\"@context\":\"https:\\\/\\\/schema.org\",\"@graph\":[{\"@type\":\"WebPage\",\"@id\":\"http:\\\/\\\/www.centro-cee.com\\\/fitness\\\/producto\\\/nutricion-y-dietetica-deportiva\\\/\",\"url\":\"http:\\\/\\\/www.centro-cee.com\\\/fitness\\\/producto\\\/nutricion-y-dietetica-deportiva\\\/\",\"name\":\"Nutrici\u00f3n y Diet\u00e9tica Deportiva - Fitness CEE\",\"isPartOf\":{\"@id\":\"https:\\\/\\\/www.centro-cee.com\\\/fitness\\\/#website\"},\"primaryImageOfPage\":{\"@id\":\"http:\\\/\\\/www.centro-cee.com\\\/fitness\\\/producto\\\/nutricion-y-dietetica-deportiva\\\/#primaryimage\"},\"image\":{\"@id\":\"http:\\\/\\\/www.centro-cee.com\\\/fitness\\\/producto\\\/nutricion-y-dietetica-deportiva\\\/#primaryimage\"},\"thumbnailUrl\":\"http:\\\/\\\/www.centro-cee.com\\\/fitness\\\/wp-content\\\/uploads\\\/2024\\\/03\\\/nutric.jpg\",\"datePublished\":\"2024-03-26T19:42:04+00:00\",\"dateModified\":\"2024-05-09T15:05:59+00:00\",\"description\":\"Convi\u00e9rtete en un experto en alimentaci\u00f3n para el rendimiento deportivo. Descubre c\u00f3mo optimizar tu nutrici\u00f3n y potenciar tu rendimiento.\",\"breadcrumb\":{\"@id\":\"http:\\\/\\\/www.centro-cee.com\\\/fitness\\\/producto\\\/nutricion-y-dietetica-deportiva\\\/#breadcrumb\"},\"inLanguage\":\"es\",\"potentialAction\":[{\"@type\":\"ReadAction\",\"target\":[\"http:\\\/\\\/www.centro-cee.com\\\/fitness\\\/producto\\\/nutricion-y-dietetica-deportiva\\\/\"]}]},{\"@type\":\"ImageObject\",\"inLanguage\":\"es\",\"@id\":\"http:\\\/\\\/www.centro-cee.com\\\/fitness\\\/producto\\\/nutricion-y-dietetica-deportiva\\\/#primaryimage\",\"url\":\"http:\\\/\\\/www.centro-cee.com\\\/fitness\\\/wp-content\\\/uploads\\\/2024\\\/03\\\/nutric.jpg\",\"contentUrl\":\"http:\\\/\\\/www.centro-cee.com\\\/fitness\\\/wp-content\\\/uploads\\\/2024\\\/03\\\/nutric.jpg\",\"width\":800,\"height\":450},{\"@type\":\"BreadcrumbList\",\"@id\":\"http:\\\/\\\/www.centro-cee.com\\\/fitness\\\/producto\\\/nutricion-y-dietetica-deportiva\\\/#breadcrumb\",\"itemListElement\":[{\"@type\":\"ListItem\",\"position\":1,\"name\":\"Portada\",\"item\":\"https:\\\/\\\/www.centro-cee.com\\\/fitness\\\/\"},{\"@type\":\"ListItem\",\"position\":2,\"name\":\"Nutrici\u00f3n y Diet\u00e9tica Deportiva\"}]},{\"@type\":\"WebSite\",\"@id\":\"https:\\\/\\\/www.centro-cee.com\\\/fitness\\\/#website\",\"url\":\"https:\\\/\\\/www.centro-cee.com\\\/fitness\\\/\",\"name\":\"Fitness CEE\",\"description\":\"\",\"publisher\":{\"@id\":\"https:\\\/\\\/www.centro-cee.com\\\/fitness\\\/#organization\"},\"potentialAction\":[{\"@type\":\"SearchAction\",\"target\":{\"@type\":\"EntryPoint\",\"urlTemplate\":\"https:\\\/\\\/www.centro-cee.com\\\/fitness\\\/?s={search_term_string}\"},\"query-input\":{\"@type\":\"PropertyValueSpecification\",\"valueRequired\":true,\"valueName\":\"search_term_string\"}}],\"inLanguage\":\"es\"},{\"@type\":\"Organization\",\"@id\":\"https:\\\/\\\/www.centro-cee.com\\\/fitness\\\/#organization\",\"name\":\"Fitness CEE\",\"url\":\"https:\\\/\\\/www.centro-cee.com\\\/fitness\\\/\",\"logo\":{\"@type\":\"ImageObject\",\"inLanguage\":\"es\",\"@id\":\"https:\\\/\\\/www.centro-cee.com\\\/fitness\\\/#\\\/schema\\\/logo\\\/image\\\/\",\"url\":\"http:\\\/\\\/www.centro-cee.com\\\/fitness\\\/wp-content\\\/uploads\\\/2024\\\/03\\\/l1.png\",\"contentUrl\":\"http:\\\/\\\/www.centro-cee.com\\\/fitness\\\/wp-content\\\/uploads\\\/2024\\\/03\\\/l1.png\",\"width\":786,\"height\":614,\"caption\":\"Fitness CEE\"},\"image\":{\"@id\":\"https:\\\/\\\/www.centro-cee.com\\\/fitness\\\/#\\\/schema\\\/logo\\\/image\\\/\"}}]}<\/script>\n<!-- \/ Yoast SEO plugin. -->","yoast_head_json":{"title":"Nutrici\u00f3n y Diet\u00e9tica Deportiva - Fitness CEE","description":"Convi\u00e9rtete en un experto en alimentaci\u00f3n para el rendimiento deportivo. Descubre c\u00f3mo optimizar tu nutrici\u00f3n y potenciar tu rendimiento.","robots":{"index":"index","follow":"follow","max-snippet":"max-snippet:-1","max-image-preview":"max-image-preview:large","max-video-preview":"max-video-preview:-1"},"canonical":"http:\/\/www.centro-cee.com\/fitness\/producto\/nutricion-y-dietetica-deportiva\/","og_locale":"es_ES","og_type":"article","og_title":"Nutrici\u00f3n y Diet\u00e9tica Deportiva - Fitness CEE","og_description":"Convi\u00e9rtete en un experto en alimentaci\u00f3n para el rendimiento deportivo. Descubre c\u00f3mo optimizar tu nutrici\u00f3n y potenciar tu rendimiento.","og_url":"http:\/\/www.centro-cee.com\/fitness\/producto\/nutricion-y-dietetica-deportiva\/","og_site_name":"Fitness CEE","article_modified_time":"2024-05-09T15:05:59+00:00","og_image":[{"width":800,"height":450,"url":"http:\/\/www.centro-cee.com\/fitness\/wp-content\/uploads\/2024\/03\/nutric.jpg","type":"image\/jpeg"}],"twitter_card":"summary_large_image","twitter_misc":{"Tiempo de lectura":"1 minuto"},"schema":{"@context":"https:\/\/schema.org","@graph":[{"@type":"WebPage","@id":"http:\/\/www.centro-cee.com\/fitness\/producto\/nutricion-y-dietetica-deportiva\/","url":"http:\/\/www.centro-cee.com\/fitness\/producto\/nutricion-y-dietetica-deportiva\/","name":"Nutrici\u00f3n y Diet\u00e9tica Deportiva - Fitness CEE","isPartOf":{"@id":"https:\/\/www.centro-cee.com\/fitness\/#website"},"primaryImageOfPage":{"@id":"http:\/\/www.centro-cee.com\/fitness\/producto\/nutricion-y-dietetica-deportiva\/#primaryimage"},"image":{"@id":"http:\/\/www.centro-cee.com\/fitness\/producto\/nutricion-y-dietetica-deportiva\/#primaryimage"},"thumbnailUrl":"http:\/\/www.centro-cee.com\/fitness\/wp-content\/uploads\/2024\/03\/nutric.jpg","datePublished":"2024-03-26T19:42:04+00:00","dateModified":"2024-05-09T15:05:59+00:00","description":"Convi\u00e9rtete en un experto en alimentaci\u00f3n para el rendimiento deportivo. Descubre c\u00f3mo optimizar tu nutrici\u00f3n y potenciar tu rendimiento.","breadcrumb":{"@id":"http:\/\/www.centro-cee.com\/fitness\/producto\/nutricion-y-dietetica-deportiva\/#breadcrumb"},"inLanguage":"es","potentialAction":[{"@type":"ReadAction","target":["http:\/\/www.centro-cee.com\/fitness\/producto\/nutricion-y-dietetica-deportiva\/"]}]},{"@type":"ImageObject","inLanguage":"es","@id":"http:\/\/www.centro-cee.com\/fitness\/producto\/nutricion-y-dietetica-deportiva\/#primaryimage","url":"http:\/\/www.centro-cee.com\/fitness\/wp-content\/uploads\/2024\/03\/nutric.jpg","contentUrl":"http:\/\/www.centro-cee.com\/fitness\/wp-content\/uploads\/2024\/03\/nutric.jpg","width":800,"height":450},{"@type":"BreadcrumbList","@id":"http:\/\/www.centro-cee.com\/fitness\/producto\/nutricion-y-dietetica-deportiva\/#breadcrumb","itemListElement":[{"@type":"ListItem","position":1,"name":"Portada","item":"https:\/\/www.centro-cee.com\/fitness\/"},{"@type":"ListItem","position":2,"name":"Nutrici\u00f3n y Diet\u00e9tica Deportiva"}]},{"@type":"WebSite","@id":"https:\/\/www.centro-cee.com\/fitness\/#website","url":"https:\/\/www.centro-cee.com\/fitness\/","name":"Fitness CEE","description":"","publisher":{"@id":"https:\/\/www.centro-cee.com\/fitness\/#organization"},"potentialAction":[{"@type":"SearchAction","target":{"@type":"EntryPoint","urlTemplate":"https:\/\/www.centro-cee.com\/fitness\/?s={search_term_string}"},"query-input":{"@type":"PropertyValueSpecification","valueRequired":true,"valueName":"search_term_string"}}],"inLanguage":"es"},{"@type":"Organization","@id":"https:\/\/www.centro-cee.com\/fitness\/#organization","name":"Fitness CEE","url":"https:\/\/www.centro-cee.com\/fitness\/","logo":{"@type":"ImageObject","inLanguage":"es","@id":"https:\/\/www.centro-cee.com\/fitness\/#\/schema\/logo\/image\/","url":"http:\/\/www.centro-cee.com\/fitness\/wp-content\/uploads\/2024\/03\/l1.png","contentUrl":"http:\/\/www.centro-cee.com\/fitness\/wp-content\/uploads\/2024\/03\/l1.png","width":786,"height":614,"caption":"Fitness CEE"},"image":{"@id":"https:\/\/www.centro-cee.com\/fitness\/#\/schema\/logo\/image\/"}}]}},"jetpack_sharing_enabled":true,"_links":{"self":[{"href":"http:\/\/www.centro-cee.com\/fitness\/wp-json\/wp\/v2\/product\/305","targetHints":{"allow":["GET"]}}],"collection":[{"href":"http:\/\/www.centro-cee.com\/fitness\/wp-json\/wp\/v2\/product"}],"about":[{"href":"http:\/\/www.centro-cee.com\/fitness\/wp-json\/wp\/v2\/types\/product"}],"replies":[{"embeddable":true,"href":"http:\/\/www.centro-cee.com\/fitness\/wp-json\/wp\/v2\/comments?post=305"}],"wp:featuredmedia":[{"embeddable":true,"href":"http:\/\/www.centro-cee.com\/fitness\/wp-json\/wp\/v2\/media\/306"}],"wp:attachment":[{"href":"http:\/\/www.centro-cee.com\/fitness\/wp-json\/wp\/v2\/media?parent=305"}],"wp:term":[{"taxonomy":"product_brand","embeddable":true,"href":"http:\/\/www.centro-cee.com\/fitness\/wp-json\/wp\/v2\/product_brand?post=305"},{"taxonomy":"product_cat","embeddable":true,"href":"http:\/\/www.centro-cee.com\/fitness\/wp-json\/wp\/v2\/product_cat?post=305"},{"taxonomy":"product_tag","embeddable":true,"href":"http:\/\/www.centro-cee.com\/fitness\/wp-json\/wp\/v2\/product_tag?post=305"}],"curies":[{"name":"wp","href":"https:\/\/api.w.org\/{rel}","templated":true}]}}