{"id":303,"date":"2024-03-26T20:39:17","date_gmt":"2024-03-26T19:39:17","guid":{"rendered":"http:\/\/www.centro-cee.com\/fitness\/?post_type=product&#038;p=303"},"modified":"2024-04-01T20:17:26","modified_gmt":"2024-04-01T18:17:26","slug":"experto-a-mtc-en-acupuntura","status":"publish","type":"product","link":"http:\/\/www.centro-cee.com\/fitness\/producto\/experto-a-mtc-en-acupuntura\/","title":{"rendered":"Experto\/a MTC en acupuntura"},"content":{"rendered":"<hr \/>\n<p><strong>UNIDAD DID\u00c1CTICA 1. APLICACI\u00d3N DE LOS FUNDAMENTOS DE ANATOM\u00cdA, FISIOLOG\u00cdA Y PATOLOG\u00cdA<\/strong><\/p>\n<ol>\n<li>Los Tejidos<\/li>\n<li>Anatom\u00eda, fisiolog\u00eda y patolog\u00eda de los principales \u00f3rganos, aparatos y sistemas del cuerpo humano relacionados con t\u00e9cnicas de acupuntura<\/li>\n<li>El \u00f3rgano cut\u00e1neo: estructura y funciones<\/li>\n<li>Anatom\u00eda, fisiolog\u00eda y patolog\u00eda de los principales \u00f3rganos, aparatos y sistemas del cuerpo humano relacionados con la MTC<\/li>\n<li>&#8211; Locomotor<\/li>\n<li>&#8211; Circulatorio<\/li>\n<li>&#8211; Digestivo<\/li>\n<li>&#8211; Reproductor<\/li>\n<li>&#8211; Urinario<\/li>\n<li>&#8211; Endocrino<\/li>\n<li>&#8211; Nervioso<\/li>\n<li>Alteraciones que puedan suponer una contraindicaci\u00f3n relativa o absoluta para la aplicaci\u00f3n de t\u00e9cnicas de acupuntura<\/li>\n<li>Utilizaci\u00f3n en diagn\u00f3stico y tratamiento<\/li>\n<li>Principios b\u00e1sicos en el diagn\u00f3stico de la MC<\/li>\n<li>&#8211; Cuatro m\u00e9todos diagn\u00f3sticos<\/li>\n<\/ol>\n<p><strong>UNIDAD DID\u00c1CTICA 2. INTRODUCCI\u00d3N A LA ACUPUNTURA<\/strong><\/p>\n<ol>\n<li>Concepto y origen de la acupuntura<\/li>\n<li>La acupuntura: bases de la disciplina terap\u00e9utica<\/li>\n<li>Directrices de la organizaci\u00f3n mundial de la salud (OMS)<\/li>\n<li>Los movimientos filos\u00f3ficos orientales<\/li>\n<li>&#8211; Confucionismo<\/li>\n<li>&#8211; Tao\u00edsmo<\/li>\n<li>&#8211; Budismo<\/li>\n<\/ol>\n<p>&nbsp;<\/p>\n<p><strong>UNIDAD DID\u00c1CTICA 3. PRINCIPIOS FUNDAMENTALES DE LA MEDICINA CHINA TRADICIONAL<\/strong><\/p>\n<ol>\n<li>Teor\u00eda del Ying Yang<\/li>\n<li>&#8211; Visi\u00f3n m\u00e9dica de la teor\u00eda<\/li>\n<li>Teor\u00eda de los cinco movimientos o elementos<\/li>\n<li>&#8211; Significado de los elementos y correspondencia con los \u00f3rganos corporales<\/li>\n<li>&#8211; Leyes y relaciones que rigen los cinco movimientos<\/li>\n<li>Teor\u00eda de los \u00f3rganos Zang (\u00f3rganos)-Fu (entra\u00f1as)<\/li>\n<li>&#8211; Relaciones de generaci\u00f3n entre los \u00f3rganos Zang y los 5 elementos<\/li>\n<\/ol>\n<p><strong>UNIDAD DID\u00c1CTICA 4. T\u00c9CNICAS DE ACUPUNTURA Y APLICACI\u00d3N<\/strong><\/p>\n<ol>\n<li>T\u00e9cnicas de acupuntura<\/li>\n<li>Meridianos y puntos de acupuntura, concepto y localizaci\u00f3n<\/li>\n<li>Combinaciones usuales de puntos<\/li>\n<li>M\u00e9todos complementarios en acupuntura<\/li>\n<li>Matriz Et\u00e9rea<\/li>\n<li>Estructura de Canales: Meridianos, Srotas, nadis, marmas<\/li>\n<li>Principales energ\u00edas del cuerpo humano<\/li>\n<li>Meridianos de la Medicina Tradicional China<\/li>\n<li>Teor\u00edas de funcionamiento<\/li>\n<li>&#8211; Teor\u00eda de los meridianos<\/li>\n<li>&#8211; Teor\u00eda del reflejo homuncular<\/li>\n<li>&#8211; Teor\u00eda del reflejo delta<\/li>\n<\/ol>\n<p>&nbsp;<\/p>\n<p><strong>UNIDAD DID\u00c1CTICA 5. LOS MEDIOS, EL PROFESIONAL Y EL CLIENTE EN ACUPUNTURA<\/strong><\/p>\n<ol>\n<li>Medidas de higiene y desinfecci\u00f3n relacionadas con la pr\u00e1ctica de la acupuntura<\/li>\n<li>Preparaci\u00f3n de profesional<\/li>\n<li>Ergonom\u00eda<\/li>\n<li>An\u00e1lisis de las demandas y necesidades del cliente<\/li>\n<li>Efectos generales del masaje<\/li>\n<li>El masaje tuina<\/li>\n<li>&#8211; Beneficios de Tui Na<\/li>\n<li>&#8211; Sesi\u00f3n del masaje tuina<\/li>\n<\/ol>\n<p><strong>UNIDAD DID\u00c1CTICA 6. CALIDAD DEL SERVICIO OFRECIDO<\/strong><\/p>\n<ol>\n<li>Par\u00e1metros que definen la calidad del servicio<\/li>\n<li>T\u00e9cnicas para evaluar el servicio y el grado de satisfacci\u00f3n del cliente en los servicios terapias corporales<\/li>\n<li>T\u00e9cnicas de atenci\u00f3n al cliente<\/li>\n<li>T\u00e9cnicas para detectar la desviaci\u00f3n en la prestaci\u00f3n de los servicios de acupuntura y dise\u00f1o de protocolos de tratamientos<\/li>\n<li>T\u00e9cnicas para la resoluci\u00f3n de quejas<\/li>\n<li>Etimolog\u00eda de deontolog\u00eda<\/li>\n<li>Objetivos de la deontolog\u00eda profesional<\/li>\n<li>\u00c9tica y moral<\/li>\n<li>Definici\u00f3n y funciones de los c\u00f3digos deontol\u00f3gicos<\/li>\n<li>Regulaci\u00f3n de la medicina china en Espa\u00f1a<\/li>\n<\/ol>\n<p>&nbsp;<\/p>\n","protected":false},"excerpt":{"rendered":"<div class=\"flex flex-grow flex-col max-w-full\">\n<div class=\"min-h-[20px] text-message flex flex-col items-start gap-3 whitespace-pre-wrap break-words [.text-message+&amp;]:mt-5 overflow-x-auto\" data-message-author-role=\"assistant\" data-message-id=\"735462b4-1131-40ab-92d7-dc9d080fd498\">\n<div class=\"markdown prose w-full break-words dark:prose-invert light\">\n<p>En el curso de acupuntura, los estudiantes aprenden los principios fundamentales de la medicina tradicional china y c\u00f3mo aplicarlos a trav\u00e9s de la t\u00e9cnica de la acupuntura.<\/p>\n<p>Se ense\u00f1an las bases te\u00f3ricas de la acupuntura, incluyendo la teor\u00eda de los meridianos y los puntos de acupuntura, as\u00ed como los conceptos de equilibrio y flujo de energ\u00eda vital (Qi) en el cuerpo.<\/p>\n<p>Los participantes tambi\u00e9n aprenden t\u00e9cnicas de inserci\u00f3n de agujas, as\u00ed como m\u00e9todos alternativos como la moxibusti\u00f3n y la acupresi\u00f3n.<\/p>\n<p>A lo largo del curso, se enfatiza la importancia de la evaluaci\u00f3n individualizada y la selecci\u00f3n de puntos de acupuntura seg\u00fan las necesidades espec\u00edficas del paciente.<\/p>\n<p>En resumen, el curso de acupuntura proporciona a los estudiantes las habilidades y el conocimiento necesarios para practicar esta antigua forma de medicina complementaria con fines terap\u00e9uticos.<\/p>\n<\/div>\n<\/div>\n<\/div>\n<div class=\"mt-1 flex justify-start gap-3 empty:hidden\">\n<div class=\"text-gray-400 flex self-end lg:self-center items-center justify-center lg:justify-start mt-0 -ml-1 h-7 gap-[2px] visible\"><\/div>\n<\/div>\n<div class=\"flex\"><\/div>\n","protected":false},"featured_media":304,"comment_status":"closed","ping_status":"closed","template":"","meta":[],"product_brand":[],"product_cat":[18],"product_tag":[],"class_list":{"0":"post-303","1":"product","2":"type-product","3":"status-publish","4":"has-post-thumbnail","6":"product_cat-bienestar","8":"first","9":"instock","10":"sale","11":"virtual","12":"purchasable","13":"product-type-simple"},"yoast_head":"<!-- This site is optimized with the Yoast SEO plugin v27.3 - https:\/\/yoast.com\/product\/yoast-seo-wordpress\/ -->\n<title>Experto\/a MTC en acupuntura - Fitness CEE<\/title>\n<meta name=\"description\" content=\"Domina la acupuntura y la medicina tradicional china con nuestra formaci\u00f3n de Experto\/a MTC en acupuntura. \u00a1Optimiza tu salud y bienestar!\" \/>\n<meta name=\"robots\" content=\"index, follow, max-snippet:-1, max-image-preview:large, max-video-preview:-1\" \/>\n<link rel=\"canonical\" href=\"http:\/\/www.centro-cee.com\/fitness\/producto\/experto-a-mtc-en-acupuntura\/\" \/>\n<meta property=\"og:locale\" content=\"es_ES\" \/>\n<meta property=\"og:type\" content=\"article\" \/>\n<meta property=\"og:title\" content=\"Experto\/a MTC en acupuntura - Fitness CEE\" \/>\n<meta property=\"og:description\" content=\"Domina la acupuntura y la medicina tradicional china con nuestra formaci\u00f3n de Experto\/a MTC en acupuntura. \u00a1Optimiza tu salud y bienestar!\" \/>\n<meta property=\"og:url\" content=\"http:\/\/www.centro-cee.com\/fitness\/producto\/experto-a-mtc-en-acupuntura\/\" \/>\n<meta property=\"og:site_name\" content=\"Fitness CEE\" \/>\n<meta property=\"article:modified_time\" content=\"2024-04-01T18:17:26+00:00\" \/>\n<meta property=\"og:image\" content=\"http:\/\/www.centro-cee.com\/fitness\/wp-content\/uploads\/2024\/03\/acu2.jpg\" \/>\n\t<meta property=\"og:image:width\" content=\"468\" \/>\n\t<meta property=\"og:image:height\" content=\"336\" \/>\n\t<meta property=\"og:image:type\" content=\"image\/jpeg\" \/>\n<meta name=\"twitter:card\" content=\"summary_large_image\" \/>\n<meta name=\"twitter:label1\" content=\"Tiempo de lectura\" \/>\n\t<meta name=\"twitter:data1\" content=\"3 minutos\" \/>\n<script type=\"application\/ld+json\" class=\"yoast-schema-graph\">{\"@context\":\"https:\\\/\\\/schema.org\",\"@graph\":[{\"@type\":\"WebPage\",\"@id\":\"http:\\\/\\\/www.centro-cee.com\\\/fitness\\\/producto\\\/experto-a-mtc-en-acupuntura\\\/\",\"url\":\"http:\\\/\\\/www.centro-cee.com\\\/fitness\\\/producto\\\/experto-a-mtc-en-acupuntura\\\/\",\"name\":\"Experto\\\/a MTC en acupuntura - Fitness CEE\",\"isPartOf\":{\"@id\":\"https:\\\/\\\/www.centro-cee.com\\\/fitness\\\/#website\"},\"primaryImageOfPage\":{\"@id\":\"http:\\\/\\\/www.centro-cee.com\\\/fitness\\\/producto\\\/experto-a-mtc-en-acupuntura\\\/#primaryimage\"},\"image\":{\"@id\":\"http:\\\/\\\/www.centro-cee.com\\\/fitness\\\/producto\\\/experto-a-mtc-en-acupuntura\\\/#primaryimage\"},\"thumbnailUrl\":\"http:\\\/\\\/www.centro-cee.com\\\/fitness\\\/wp-content\\\/uploads\\\/2024\\\/03\\\/acu2.jpg\",\"datePublished\":\"2024-03-26T19:39:17+00:00\",\"dateModified\":\"2024-04-01T18:17:26+00:00\",\"description\":\"Domina la acupuntura y la medicina tradicional china con nuestra formaci\u00f3n de Experto\\\/a MTC en acupuntura. \u00a1Optimiza tu salud y bienestar!\",\"breadcrumb\":{\"@id\":\"http:\\\/\\\/www.centro-cee.com\\\/fitness\\\/producto\\\/experto-a-mtc-en-acupuntura\\\/#breadcrumb\"},\"inLanguage\":\"es\",\"potentialAction\":[{\"@type\":\"ReadAction\",\"target\":[\"http:\\\/\\\/www.centro-cee.com\\\/fitness\\\/producto\\\/experto-a-mtc-en-acupuntura\\\/\"]}]},{\"@type\":\"ImageObject\",\"inLanguage\":\"es\",\"@id\":\"http:\\\/\\\/www.centro-cee.com\\\/fitness\\\/producto\\\/experto-a-mtc-en-acupuntura\\\/#primaryimage\",\"url\":\"http:\\\/\\\/www.centro-cee.com\\\/fitness\\\/wp-content\\\/uploads\\\/2024\\\/03\\\/acu2.jpg\",\"contentUrl\":\"http:\\\/\\\/www.centro-cee.com\\\/fitness\\\/wp-content\\\/uploads\\\/2024\\\/03\\\/acu2.jpg\",\"width\":468,\"height\":336},{\"@type\":\"BreadcrumbList\",\"@id\":\"http:\\\/\\\/www.centro-cee.com\\\/fitness\\\/producto\\\/experto-a-mtc-en-acupuntura\\\/#breadcrumb\",\"itemListElement\":[{\"@type\":\"ListItem\",\"position\":1,\"name\":\"Portada\",\"item\":\"https:\\\/\\\/www.centro-cee.com\\\/fitness\\\/\"},{\"@type\":\"ListItem\",\"position\":2,\"name\":\"Experto\\\/a MTC en acupuntura\"}]},{\"@type\":\"WebSite\",\"@id\":\"https:\\\/\\\/www.centro-cee.com\\\/fitness\\\/#website\",\"url\":\"https:\\\/\\\/www.centro-cee.com\\\/fitness\\\/\",\"name\":\"Fitness CEE\",\"description\":\"\",\"publisher\":{\"@id\":\"https:\\\/\\\/www.centro-cee.com\\\/fitness\\\/#organization\"},\"potentialAction\":[{\"@type\":\"SearchAction\",\"target\":{\"@type\":\"EntryPoint\",\"urlTemplate\":\"https:\\\/\\\/www.centro-cee.com\\\/fitness\\\/?s={search_term_string}\"},\"query-input\":{\"@type\":\"PropertyValueSpecification\",\"valueRequired\":true,\"valueName\":\"search_term_string\"}}],\"inLanguage\":\"es\"},{\"@type\":\"Organization\",\"@id\":\"https:\\\/\\\/www.centro-cee.com\\\/fitness\\\/#organization\",\"name\":\"Fitness CEE\",\"url\":\"https:\\\/\\\/www.centro-cee.com\\\/fitness\\\/\",\"logo\":{\"@type\":\"ImageObject\",\"inLanguage\":\"es\",\"@id\":\"https:\\\/\\\/www.centro-cee.com\\\/fitness\\\/#\\\/schema\\\/logo\\\/image\\\/\",\"url\":\"http:\\\/\\\/www.centro-cee.com\\\/fitness\\\/wp-content\\\/uploads\\\/2024\\\/03\\\/l1.png\",\"contentUrl\":\"http:\\\/\\\/www.centro-cee.com\\\/fitness\\\/wp-content\\\/uploads\\\/2024\\\/03\\\/l1.png\",\"width\":786,\"height\":614,\"caption\":\"Fitness CEE\"},\"image\":{\"@id\":\"https:\\\/\\\/www.centro-cee.com\\\/fitness\\\/#\\\/schema\\\/logo\\\/image\\\/\"}}]}<\/script>\n<!-- \/ Yoast SEO plugin. -->","yoast_head_json":{"title":"Experto\/a MTC en acupuntura - Fitness CEE","description":"Domina la acupuntura y la medicina tradicional china con nuestra formaci\u00f3n de Experto\/a MTC en acupuntura. \u00a1Optimiza tu salud y bienestar!","robots":{"index":"index","follow":"follow","max-snippet":"max-snippet:-1","max-image-preview":"max-image-preview:large","max-video-preview":"max-video-preview:-1"},"canonical":"http:\/\/www.centro-cee.com\/fitness\/producto\/experto-a-mtc-en-acupuntura\/","og_locale":"es_ES","og_type":"article","og_title":"Experto\/a MTC en acupuntura - Fitness CEE","og_description":"Domina la acupuntura y la medicina tradicional china con nuestra formaci\u00f3n de Experto\/a MTC en acupuntura. \u00a1Optimiza tu salud y bienestar!","og_url":"http:\/\/www.centro-cee.com\/fitness\/producto\/experto-a-mtc-en-acupuntura\/","og_site_name":"Fitness CEE","article_modified_time":"2024-04-01T18:17:26+00:00","og_image":[{"width":468,"height":336,"url":"http:\/\/www.centro-cee.com\/fitness\/wp-content\/uploads\/2024\/03\/acu2.jpg","type":"image\/jpeg"}],"twitter_card":"summary_large_image","twitter_misc":{"Tiempo de lectura":"3 minutos"},"schema":{"@context":"https:\/\/schema.org","@graph":[{"@type":"WebPage","@id":"http:\/\/www.centro-cee.com\/fitness\/producto\/experto-a-mtc-en-acupuntura\/","url":"http:\/\/www.centro-cee.com\/fitness\/producto\/experto-a-mtc-en-acupuntura\/","name":"Experto\/a MTC en acupuntura - Fitness CEE","isPartOf":{"@id":"https:\/\/www.centro-cee.com\/fitness\/#website"},"primaryImageOfPage":{"@id":"http:\/\/www.centro-cee.com\/fitness\/producto\/experto-a-mtc-en-acupuntura\/#primaryimage"},"image":{"@id":"http:\/\/www.centro-cee.com\/fitness\/producto\/experto-a-mtc-en-acupuntura\/#primaryimage"},"thumbnailUrl":"http:\/\/www.centro-cee.com\/fitness\/wp-content\/uploads\/2024\/03\/acu2.jpg","datePublished":"2024-03-26T19:39:17+00:00","dateModified":"2024-04-01T18:17:26+00:00","description":"Domina la acupuntura y la medicina tradicional china con nuestra formaci\u00f3n de Experto\/a MTC en acupuntura. \u00a1Optimiza tu salud y bienestar!","breadcrumb":{"@id":"http:\/\/www.centro-cee.com\/fitness\/producto\/experto-a-mtc-en-acupuntura\/#breadcrumb"},"inLanguage":"es","potentialAction":[{"@type":"ReadAction","target":["http:\/\/www.centro-cee.com\/fitness\/producto\/experto-a-mtc-en-acupuntura\/"]}]},{"@type":"ImageObject","inLanguage":"es","@id":"http:\/\/www.centro-cee.com\/fitness\/producto\/experto-a-mtc-en-acupuntura\/#primaryimage","url":"http:\/\/www.centro-cee.com\/fitness\/wp-content\/uploads\/2024\/03\/acu2.jpg","contentUrl":"http:\/\/www.centro-cee.com\/fitness\/wp-content\/uploads\/2024\/03\/acu2.jpg","width":468,"height":336},{"@type":"BreadcrumbList","@id":"http:\/\/www.centro-cee.com\/fitness\/producto\/experto-a-mtc-en-acupuntura\/#breadcrumb","itemListElement":[{"@type":"ListItem","position":1,"name":"Portada","item":"https:\/\/www.centro-cee.com\/fitness\/"},{"@type":"ListItem","position":2,"name":"Experto\/a MTC en acupuntura"}]},{"@type":"WebSite","@id":"https:\/\/www.centro-cee.com\/fitness\/#website","url":"https:\/\/www.centro-cee.com\/fitness\/","name":"Fitness CEE","description":"","publisher":{"@id":"https:\/\/www.centro-cee.com\/fitness\/#organization"},"potentialAction":[{"@type":"SearchAction","target":{"@type":"EntryPoint","urlTemplate":"https:\/\/www.centro-cee.com\/fitness\/?s={search_term_string}"},"query-input":{"@type":"PropertyValueSpecification","valueRequired":true,"valueName":"search_term_string"}}],"inLanguage":"es"},{"@type":"Organization","@id":"https:\/\/www.centro-cee.com\/fitness\/#organization","name":"Fitness CEE","url":"https:\/\/www.centro-cee.com\/fitness\/","logo":{"@type":"ImageObject","inLanguage":"es","@id":"https:\/\/www.centro-cee.com\/fitness\/#\/schema\/logo\/image\/","url":"http:\/\/www.centro-cee.com\/fitness\/wp-content\/uploads\/2024\/03\/l1.png","contentUrl":"http:\/\/www.centro-cee.com\/fitness\/wp-content\/uploads\/2024\/03\/l1.png","width":786,"height":614,"caption":"Fitness CEE"},"image":{"@id":"https:\/\/www.centro-cee.com\/fitness\/#\/schema\/logo\/image\/"}}]}},"jetpack_sharing_enabled":true,"_links":{"self":[{"href":"http:\/\/www.centro-cee.com\/fitness\/wp-json\/wp\/v2\/product\/303","targetHints":{"allow":["GET"]}}],"collection":[{"href":"http:\/\/www.centro-cee.com\/fitness\/wp-json\/wp\/v2\/product"}],"about":[{"href":"http:\/\/www.centro-cee.com\/fitness\/wp-json\/wp\/v2\/types\/product"}],"replies":[{"embeddable":true,"href":"http:\/\/www.centro-cee.com\/fitness\/wp-json\/wp\/v2\/comments?post=303"}],"wp:featuredmedia":[{"embeddable":true,"href":"http:\/\/www.centro-cee.com\/fitness\/wp-json\/wp\/v2\/media\/304"}],"wp:attachment":[{"href":"http:\/\/www.centro-cee.com\/fitness\/wp-json\/wp\/v2\/media?parent=303"}],"wp:term":[{"taxonomy":"product_brand","embeddable":true,"href":"http:\/\/www.centro-cee.com\/fitness\/wp-json\/wp\/v2\/product_brand?post=303"},{"taxonomy":"product_cat","embeddable":true,"href":"http:\/\/www.centro-cee.com\/fitness\/wp-json\/wp\/v2\/product_cat?post=303"},{"taxonomy":"product_tag","embeddable":true,"href":"http:\/\/www.centro-cee.com\/fitness\/wp-json\/wp\/v2\/product_tag?post=303"}],"curies":[{"name":"wp","href":"https:\/\/api.w.org\/{rel}","templated":true}]}}