{"id":296,"date":"2024-03-26T20:22:16","date_gmt":"2024-03-26T19:22:16","guid":{"rendered":"http:\/\/www.centro-cee.com\/fitness\/?post_type=product&#038;p=296"},"modified":"2024-03-27T20:33:55","modified_gmt":"2024-03-27T19:33:55","slug":"monitor-a-de-yoga","status":"publish","type":"product","link":"http:\/\/www.centro-cee.com\/fitness\/producto\/monitor-a-de-yoga\/","title":{"rendered":"Monitor\/a de Yoga"},"content":{"rendered":"<hr \/>\n<p>MONITOR DE YOGA<br \/>\nTEMA 1. LA CONCIENCIA CORPORAL<br \/>\n1. Definici\u00f3n de Yoga<br \/>\n2. Or\u00edgenes e historia del Yoga<br \/>\n3. Evoluci\u00f3n<br \/>\n4. \u2026<br \/>\nTEMA 2. FISIOLOG\u00cdA ENERG\u00c9TICA: KOSHAS, CHAKRAS, NADIS<br \/>\n1. Las cinco envolturas<br \/>\n2. Los chakras<br \/>\n3. Los nadis<br \/>\nTEMA 3. LA RESPIRACI\u00d3N<br \/>\n1. Pranayama (t\u00e9cnicas respiratorias)<br \/>\n2. Naturaleza de la respiraci\u00f3n<br \/>\n3. Respiraci\u00f3n oce\u00e1nica (Ujjai Pranayama)<br \/>\n4. \u2026.<br \/>\nTEMA 4. LA RELAJACI\u00d3N<br \/>\n1. Introducci\u00f3n<br \/>\n2. Entrenamiento<br \/>\n3. Pr\u00e1cticas de relajaci\u00f3n<br \/>\n4. Proximidad entre meditaci\u00f3n y relajaci\u00f3n<br \/>\n5. La imaginaci\u00f3n en relajaci\u00f3n<br \/>\n6. \u2026.<br \/>\nTEMA 5. LA VISUALIZACI\u00d3N CREATIVA<br \/>\n1. Introducci\u00f3n<br \/>\n2. Entrenamiento y pr\u00e1ctica<br \/>\n3. El Yoga Nidra<br \/>\nTEMA 6. LA MEDITACI\u00d3N<br \/>\n1. Introducci\u00f3n<br \/>\n2. La historia de la meditaci\u00f3n<br \/>\n3. T\u00e9cnicas para meditar<br \/>\n4. \u2026<br \/>\nTEMA 7. EL KRIYA YOGA Y EL GESTO<br \/>\n1. Introducci\u00f3n<br \/>\n2. Las t\u00e9cnicas m\u00e1s importantes del Kriya Yoga<br \/>\n3. Los mudras<br \/>\n4. \u2026<br \/>\nTEMA 8. ANATOM\u00cdA Y FISIOLOG\u00cdA HUMANA. BIOMEC\u00c1NICA DEL MOVIMIENTO<br \/>\n1. Sistema M\u00fasculo Esquel\u00e9tico<br \/>\n2. Introducci\u00f3n a la biomec\u00e1nica del movimiento<br \/>\nTEMA 9. GESTI\u00d3N DE ESPACIOS Y RECURSOS MATERIALES EN ACTIVIDADES DE INSTRUCCI\u00d3N EN YOGA<br \/>\n1. Introducci\u00f3n<br \/>\n2. Gesti\u00f3n de espacios y tiempo en las actividades de yoga<br \/>\n3. Beneficios del yoga para el cuerpo<br \/>\n4. \u2026<br \/>\nTEMA 10. PROGRAMACI\u00d3N Y METODOLOG\u00cdA EN LAS SESIONES DE YOGA<br \/>\n1. Introducci\u00f3n<br \/>\n2. La estructura de la sesi\u00f3n de yoga<br \/>\n3. La figura del monitor en una clase de yoga<br \/>\n4. Adaptaci\u00f3n de las sesiones a las necesidades y tipolog\u00eda de los practicantes<br \/>\nTEMA 11. APLICACI\u00d3N DE T\u00c9CNICAS ASANAS DE PIE<br \/>\n1. Introducci\u00f3n<br \/>\n2. Tadasana<br \/>\n3. Vrksasana<br \/>\n4. Utthita Trikonasana<br \/>\n5. Utthita Parsvakonasana<br \/>\n6. Virabhadrasana I<br \/>\n7. Virabhadrasana II<br \/>\n8. \u2026.<br \/>\nTEMA 12. APLICACI\u00d3N DE T\u00c9CNICAS ASANAS SENTADAS<br \/>\n1. Introducci\u00f3n<br \/>\n2. Dandasana<br \/>\n3. Virasana<br \/>\n4. Supta Virasana<br \/>\n5. Badha Konasana<br \/>\n6. Supta Baddha Konasana (con soportes)<br \/>\nTEMA 13. APLICACI\u00d3N DE T\u00c9CNICAS ASANAS DE EXTENSI\u00d3N<br \/>\n1. Introducci\u00f3n<br \/>\n2. Salabhasana<br \/>\n3. Makarasana<br \/>\n4. Bhujangasana I<br \/>\n5. Urdhva Mukha Svanasana<br \/>\n6. \u2026<br \/>\nTEMA 14. APLICACI\u00d3N DE T\u00c9CNICAS ASANAS DE FLEXI\u00d3N<br \/>\n1. Introducci\u00f3n<br \/>\n2. Janu Sirsasana<br \/>\n3. Trianga Mukhaikapada Paschimottanasana<br \/>\n4. Paschimottanasana<br \/>\nTEMA 15. APLICACI\u00d3N DE T\u00c9CNICAS ASANAS INVERTIDAS<br \/>\n1. Introducci\u00f3n<br \/>\n2. Salamba Sirsasana<br \/>\n3. Salamba Sirsasana II<br \/>\n4. Salamba Sirsasana III<br \/>\n5. Salamba Sarvangasana<br \/>\n6. Salamba Sarvangasana II<br \/>\n7. \u2026.<br \/>\nTEMA 16. APLICACI\u00d3N DE T\u00c9CNICAS ASANAS DE TORSI\u00d3N<br \/>\n1. Introducci\u00f3n<br \/>\n2. Ardha Matsyendrasana<br \/>\n3. Vakrasana<br \/>\n4. Bharadvajasana<br \/>\nTEMA 17. APLICACI\u00d3N DE T\u00c9CNICAS ASANAS DE EQUILIBRIO<br \/>\n1. Introducci\u00f3n<br \/>\n2. Asanas de equilibrio sobre los pies<br \/>\n3. Asanas de equilibrio sobre las manos<br \/>\nTEMA 18. APLICACI\u00d3N DE T\u00c9CNICAS ASANAS RECONSTITUYENTES<br \/>\n1. Introducci\u00f3n<br \/>\n2. Savasana<br \/>\n3. Balasana<br \/>\n4. \u2026<br \/>\nINICIACI\u00d3N AL YOGA<br \/>\nTEMA 1. INICIACI\u00d3N AL YOGA.<br \/>\n1. Iniciaci\u00f3n al Yoga<br \/>\n2. Consejos importantes<br \/>\n3. La Respiraci\u00f3n<br \/>\nTEMA 2. CALENTAMIENTO. MOVILIDAD GENERAL<br \/>\nTEMA 3. POSTURAS (ASANAS)<br \/>\n1. Respiraci\u00f3n Completa<br \/>\n2. Masaje Abdominal<br \/>\n3. \u2026<br \/>\nTEMA 4. UTILIZACI\u00d3N DE ACCESORIOS<br \/>\n1. Postura de Media Pinza &#8211; Pinza Completa<br \/>\n2. Postura Cara de Vaca<br \/>\n3. \u2026<br \/>\nTEMA 5. POSTURAS DE PIE<br \/>\n1. Postura del \u00c1rbol<br \/>\n2. Postura de la Monta\u00f1a<br \/>\nTEMA 6. POSTURAS SOBRE LA COLCHONETA<br \/>\nTEMA 7. RELAJACI\u00d3N Y RECUPERACI\u00d3N<\/p>\n","protected":false},"excerpt":{"rendered":"<div class=\"flex flex-grow flex-col max-w-full\">\n<div class=\"min-h-[20px] text-message flex flex-col items-start gap-3 whitespace-pre-wrap break-words [.text-message+&amp;]:mt-5 overflow-x-auto\" data-message-author-role=\"assistant\" data-message-id=\"5dc2f2f6-0374-488d-8a82-66feb8754415\">\n<div class=\"markdown prose w-full break-words dark:prose-invert light\">\n<p>En un curso de yoga, los participantes exploran una variedad de posturas (asanas), t\u00e9cnicas de respiraci\u00f3n (pranayama) y m\u00e9todos de meditaci\u00f3n y relajaci\u00f3n. Se instruye en c\u00f3mo alinear el cuerpo de manera apropiada en cada postura para prevenir lesiones y maximizar los beneficios f\u00edsicos y mentales.<\/p>\n<p>Los estudiantes tambi\u00e9n investigan la interrelaci\u00f3n entre la mente, el cuerpo y el esp\u00edritu, fomentando una mayor conciencia y presencia en el momento presente.<\/p>\n<p>Adicionalmente, se analizan aspectos filos\u00f3ficos y espirituales del yoga, incluyendo los principios del yoga sutra de Patanjali y la filosof\u00eda hind\u00fa. A lo largo del curso, se promueve el autocuidado y la autocompasi\u00f3n, as\u00ed como el desarrollo de la fuerza, la flexibilidad y el equilibrio f\u00edsico.<\/p>\n<p>En resumen, el curso de yoga proporciona a los estudiantes las herramientas y el conocimiento necesarios para nutrir un estado de bienestar integral mediante la pr\u00e1ctica constante del yoga.<\/p>\n<\/div>\n<\/div>\n<\/div>\n<div class=\"flex\"><\/div>\n","protected":false},"featured_media":297,"comment_status":"closed","ping_status":"closed","template":"","meta":[],"product_brand":[],"product_cat":[18],"product_tag":[],"class_list":{"0":"post-296","1":"product","2":"type-product","3":"status-publish","4":"has-post-thumbnail","6":"product_cat-bienestar","8":"first","9":"instock","10":"sale","11":"virtual","12":"purchasable","13":"product-type-simple"},"yoast_head":"<!-- This site is optimized with the Yoast SEO plugin v27.3 - https:\/\/yoast.com\/product\/yoast-seo-wordpress\/ -->\n<title>Monitor\/a de Yoga - Fitness CEE<\/title>\n<meta name=\"robots\" content=\"index, follow, max-snippet:-1, max-image-preview:large, max-video-preview:-1\" \/>\n<link rel=\"canonical\" href=\"http:\/\/www.centro-cee.com\/fitness\/producto\/monitor-a-de-yoga\/\" \/>\n<meta property=\"og:locale\" content=\"es_ES\" \/>\n<meta property=\"og:type\" content=\"article\" \/>\n<meta property=\"og:title\" content=\"Monitor\/a de Yoga - Fitness CEE\" \/>\n<meta property=\"og:description\" content=\"En un curso de yoga, los participantes exploran una variedad de posturas (asanas), t\u00e9cnicas de respiraci\u00f3n (pranayama) y m\u00e9todos de meditaci\u00f3n y relajaci\u00f3n. Se instruye en c\u00f3mo alinear el cuerpo de manera apropiada en cada postura para prevenir lesiones y maximizar los beneficios f\u00edsicos y mentales.  Los estudiantes tambi\u00e9n investigan la interrelaci\u00f3n entre la mente, el cuerpo y el esp\u00edritu, fomentando una mayor conciencia y presencia en el momento presente.  Adicionalmente, se analizan aspectos filos\u00f3ficos y espirituales del yoga, incluyendo los principios del yoga sutra de Patanjali y la filosof\u00eda hind\u00fa. A lo largo del curso, se promueve el autocuidado y la autocompasi\u00f3n, as\u00ed como el desarrollo de la fuerza, la flexibilidad y el equilibrio f\u00edsico.  En resumen, el curso de yoga proporciona a los estudiantes las herramientas y el conocimiento necesarios para nutrir un estado de bienestar integral mediante la pr\u00e1ctica constante del yoga.\" \/>\n<meta property=\"og:url\" content=\"http:\/\/www.centro-cee.com\/fitness\/producto\/monitor-a-de-yoga\/\" \/>\n<meta property=\"og:site_name\" content=\"Fitness CEE\" \/>\n<meta property=\"article:modified_time\" content=\"2024-03-27T19:33:55+00:00\" \/>\n<meta property=\"og:image\" content=\"http:\/\/www.centro-cee.com\/fitness\/wp-content\/uploads\/2024\/03\/yoga-gb420fc190_1280.jpg\" \/>\n\t<meta property=\"og:image:width\" content=\"640\" \/>\n\t<meta property=\"og:image:height\" content=\"403\" \/>\n\t<meta property=\"og:image:type\" content=\"image\/jpeg\" \/>\n<meta name=\"twitter:card\" content=\"summary_large_image\" \/>\n<meta name=\"twitter:label1\" content=\"Tiempo de lectura\" \/>\n\t<meta name=\"twitter:data1\" content=\"2 minutos\" \/>\n<script type=\"application\/ld+json\" class=\"yoast-schema-graph\">{\"@context\":\"https:\\\/\\\/schema.org\",\"@graph\":[{\"@type\":\"WebPage\",\"@id\":\"http:\\\/\\\/www.centro-cee.com\\\/fitness\\\/producto\\\/monitor-a-de-yoga\\\/\",\"url\":\"http:\\\/\\\/www.centro-cee.com\\\/fitness\\\/producto\\\/monitor-a-de-yoga\\\/\",\"name\":\"Monitor\\\/a de Yoga - Fitness CEE\",\"isPartOf\":{\"@id\":\"https:\\\/\\\/www.centro-cee.com\\\/fitness\\\/#website\"},\"primaryImageOfPage\":{\"@id\":\"http:\\\/\\\/www.centro-cee.com\\\/fitness\\\/producto\\\/monitor-a-de-yoga\\\/#primaryimage\"},\"image\":{\"@id\":\"http:\\\/\\\/www.centro-cee.com\\\/fitness\\\/producto\\\/monitor-a-de-yoga\\\/#primaryimage\"},\"thumbnailUrl\":\"http:\\\/\\\/www.centro-cee.com\\\/fitness\\\/wp-content\\\/uploads\\\/2024\\\/03\\\/yoga-gb420fc190_1280.jpg\",\"datePublished\":\"2024-03-26T19:22:16+00:00\",\"dateModified\":\"2024-03-27T19:33:55+00:00\",\"breadcrumb\":{\"@id\":\"http:\\\/\\\/www.centro-cee.com\\\/fitness\\\/producto\\\/monitor-a-de-yoga\\\/#breadcrumb\"},\"inLanguage\":\"es\",\"potentialAction\":[{\"@type\":\"ReadAction\",\"target\":[\"http:\\\/\\\/www.centro-cee.com\\\/fitness\\\/producto\\\/monitor-a-de-yoga\\\/\"]}]},{\"@type\":\"ImageObject\",\"inLanguage\":\"es\",\"@id\":\"http:\\\/\\\/www.centro-cee.com\\\/fitness\\\/producto\\\/monitor-a-de-yoga\\\/#primaryimage\",\"url\":\"http:\\\/\\\/www.centro-cee.com\\\/fitness\\\/wp-content\\\/uploads\\\/2024\\\/03\\\/yoga-gb420fc190_1280.jpg\",\"contentUrl\":\"http:\\\/\\\/www.centro-cee.com\\\/fitness\\\/wp-content\\\/uploads\\\/2024\\\/03\\\/yoga-gb420fc190_1280.jpg\",\"width\":640,\"height\":403},{\"@type\":\"BreadcrumbList\",\"@id\":\"http:\\\/\\\/www.centro-cee.com\\\/fitness\\\/producto\\\/monitor-a-de-yoga\\\/#breadcrumb\",\"itemListElement\":[{\"@type\":\"ListItem\",\"position\":1,\"name\":\"Portada\",\"item\":\"https:\\\/\\\/www.centro-cee.com\\\/fitness\\\/\"},{\"@type\":\"ListItem\",\"position\":2,\"name\":\"Monitor\\\/a de Yoga\"}]},{\"@type\":\"WebSite\",\"@id\":\"https:\\\/\\\/www.centro-cee.com\\\/fitness\\\/#website\",\"url\":\"https:\\\/\\\/www.centro-cee.com\\\/fitness\\\/\",\"name\":\"Fitness CEE\",\"description\":\"\",\"publisher\":{\"@id\":\"https:\\\/\\\/www.centro-cee.com\\\/fitness\\\/#organization\"},\"potentialAction\":[{\"@type\":\"SearchAction\",\"target\":{\"@type\":\"EntryPoint\",\"urlTemplate\":\"https:\\\/\\\/www.centro-cee.com\\\/fitness\\\/?s={search_term_string}\"},\"query-input\":{\"@type\":\"PropertyValueSpecification\",\"valueRequired\":true,\"valueName\":\"search_term_string\"}}],\"inLanguage\":\"es\"},{\"@type\":\"Organization\",\"@id\":\"https:\\\/\\\/www.centro-cee.com\\\/fitness\\\/#organization\",\"name\":\"Fitness CEE\",\"url\":\"https:\\\/\\\/www.centro-cee.com\\\/fitness\\\/\",\"logo\":{\"@type\":\"ImageObject\",\"inLanguage\":\"es\",\"@id\":\"https:\\\/\\\/www.centro-cee.com\\\/fitness\\\/#\\\/schema\\\/logo\\\/image\\\/\",\"url\":\"http:\\\/\\\/www.centro-cee.com\\\/fitness\\\/wp-content\\\/uploads\\\/2024\\\/03\\\/l1.png\",\"contentUrl\":\"http:\\\/\\\/www.centro-cee.com\\\/fitness\\\/wp-content\\\/uploads\\\/2024\\\/03\\\/l1.png\",\"width\":786,\"height\":614,\"caption\":\"Fitness CEE\"},\"image\":{\"@id\":\"https:\\\/\\\/www.centro-cee.com\\\/fitness\\\/#\\\/schema\\\/logo\\\/image\\\/\"}}]}<\/script>\n<!-- \/ Yoast SEO plugin. -->","yoast_head_json":{"title":"Monitor\/a de Yoga - Fitness CEE","robots":{"index":"index","follow":"follow","max-snippet":"max-snippet:-1","max-image-preview":"max-image-preview:large","max-video-preview":"max-video-preview:-1"},"canonical":"http:\/\/www.centro-cee.com\/fitness\/producto\/monitor-a-de-yoga\/","og_locale":"es_ES","og_type":"article","og_title":"Monitor\/a de Yoga - Fitness CEE","og_description":"En un curso de yoga, los participantes exploran una variedad de posturas (asanas), t\u00e9cnicas de respiraci\u00f3n (pranayama) y m\u00e9todos de meditaci\u00f3n y relajaci\u00f3n. Se instruye en c\u00f3mo alinear el cuerpo de manera apropiada en cada postura para prevenir lesiones y maximizar los beneficios f\u00edsicos y mentales.  Los estudiantes tambi\u00e9n investigan la interrelaci\u00f3n entre la mente, el cuerpo y el esp\u00edritu, fomentando una mayor conciencia y presencia en el momento presente.  Adicionalmente, se analizan aspectos filos\u00f3ficos y espirituales del yoga, incluyendo los principios del yoga sutra de Patanjali y la filosof\u00eda hind\u00fa. A lo largo del curso, se promueve el autocuidado y la autocompasi\u00f3n, as\u00ed como el desarrollo de la fuerza, la flexibilidad y el equilibrio f\u00edsico.  En resumen, el curso de yoga proporciona a los estudiantes las herramientas y el conocimiento necesarios para nutrir un estado de bienestar integral mediante la pr\u00e1ctica constante del yoga.","og_url":"http:\/\/www.centro-cee.com\/fitness\/producto\/monitor-a-de-yoga\/","og_site_name":"Fitness CEE","article_modified_time":"2024-03-27T19:33:55+00:00","og_image":[{"width":640,"height":403,"url":"http:\/\/www.centro-cee.com\/fitness\/wp-content\/uploads\/2024\/03\/yoga-gb420fc190_1280.jpg","type":"image\/jpeg"}],"twitter_card":"summary_large_image","twitter_misc":{"Tiempo de lectura":"2 minutos"},"schema":{"@context":"https:\/\/schema.org","@graph":[{"@type":"WebPage","@id":"http:\/\/www.centro-cee.com\/fitness\/producto\/monitor-a-de-yoga\/","url":"http:\/\/www.centro-cee.com\/fitness\/producto\/monitor-a-de-yoga\/","name":"Monitor\/a de Yoga - Fitness CEE","isPartOf":{"@id":"https:\/\/www.centro-cee.com\/fitness\/#website"},"primaryImageOfPage":{"@id":"http:\/\/www.centro-cee.com\/fitness\/producto\/monitor-a-de-yoga\/#primaryimage"},"image":{"@id":"http:\/\/www.centro-cee.com\/fitness\/producto\/monitor-a-de-yoga\/#primaryimage"},"thumbnailUrl":"http:\/\/www.centro-cee.com\/fitness\/wp-content\/uploads\/2024\/03\/yoga-gb420fc190_1280.jpg","datePublished":"2024-03-26T19:22:16+00:00","dateModified":"2024-03-27T19:33:55+00:00","breadcrumb":{"@id":"http:\/\/www.centro-cee.com\/fitness\/producto\/monitor-a-de-yoga\/#breadcrumb"},"inLanguage":"es","potentialAction":[{"@type":"ReadAction","target":["http:\/\/www.centro-cee.com\/fitness\/producto\/monitor-a-de-yoga\/"]}]},{"@type":"ImageObject","inLanguage":"es","@id":"http:\/\/www.centro-cee.com\/fitness\/producto\/monitor-a-de-yoga\/#primaryimage","url":"http:\/\/www.centro-cee.com\/fitness\/wp-content\/uploads\/2024\/03\/yoga-gb420fc190_1280.jpg","contentUrl":"http:\/\/www.centro-cee.com\/fitness\/wp-content\/uploads\/2024\/03\/yoga-gb420fc190_1280.jpg","width":640,"height":403},{"@type":"BreadcrumbList","@id":"http:\/\/www.centro-cee.com\/fitness\/producto\/monitor-a-de-yoga\/#breadcrumb","itemListElement":[{"@type":"ListItem","position":1,"name":"Portada","item":"https:\/\/www.centro-cee.com\/fitness\/"},{"@type":"ListItem","position":2,"name":"Monitor\/a de Yoga"}]},{"@type":"WebSite","@id":"https:\/\/www.centro-cee.com\/fitness\/#website","url":"https:\/\/www.centro-cee.com\/fitness\/","name":"Fitness CEE","description":"","publisher":{"@id":"https:\/\/www.centro-cee.com\/fitness\/#organization"},"potentialAction":[{"@type":"SearchAction","target":{"@type":"EntryPoint","urlTemplate":"https:\/\/www.centro-cee.com\/fitness\/?s={search_term_string}"},"query-input":{"@type":"PropertyValueSpecification","valueRequired":true,"valueName":"search_term_string"}}],"inLanguage":"es"},{"@type":"Organization","@id":"https:\/\/www.centro-cee.com\/fitness\/#organization","name":"Fitness CEE","url":"https:\/\/www.centro-cee.com\/fitness\/","logo":{"@type":"ImageObject","inLanguage":"es","@id":"https:\/\/www.centro-cee.com\/fitness\/#\/schema\/logo\/image\/","url":"http:\/\/www.centro-cee.com\/fitness\/wp-content\/uploads\/2024\/03\/l1.png","contentUrl":"http:\/\/www.centro-cee.com\/fitness\/wp-content\/uploads\/2024\/03\/l1.png","width":786,"height":614,"caption":"Fitness CEE"},"image":{"@id":"https:\/\/www.centro-cee.com\/fitness\/#\/schema\/logo\/image\/"}}]}},"jetpack_sharing_enabled":true,"_links":{"self":[{"href":"http:\/\/www.centro-cee.com\/fitness\/wp-json\/wp\/v2\/product\/296","targetHints":{"allow":["GET"]}}],"collection":[{"href":"http:\/\/www.centro-cee.com\/fitness\/wp-json\/wp\/v2\/product"}],"about":[{"href":"http:\/\/www.centro-cee.com\/fitness\/wp-json\/wp\/v2\/types\/product"}],"replies":[{"embeddable":true,"href":"http:\/\/www.centro-cee.com\/fitness\/wp-json\/wp\/v2\/comments?post=296"}],"wp:featuredmedia":[{"embeddable":true,"href":"http:\/\/www.centro-cee.com\/fitness\/wp-json\/wp\/v2\/media\/297"}],"wp:attachment":[{"href":"http:\/\/www.centro-cee.com\/fitness\/wp-json\/wp\/v2\/media?parent=296"}],"wp:term":[{"taxonomy":"product_brand","embeddable":true,"href":"http:\/\/www.centro-cee.com\/fitness\/wp-json\/wp\/v2\/product_brand?post=296"},{"taxonomy":"product_cat","embeddable":true,"href":"http:\/\/www.centro-cee.com\/fitness\/wp-json\/wp\/v2\/product_cat?post=296"},{"taxonomy":"product_tag","embeddable":true,"href":"http:\/\/www.centro-cee.com\/fitness\/wp-json\/wp\/v2\/product_tag?post=296"}],"curies":[{"name":"wp","href":"https:\/\/api.w.org\/{rel}","templated":true}]}}