{"id":88,"date":"2024-03-25T16:33:00","date_gmt":"2024-03-25T15:33:00","guid":{"rendered":"http:\/\/www.centro-cee.com\/fitness\/?page_id=88"},"modified":"2024-03-26T21:44:00","modified_gmt":"2024-03-26T20:44:00","slug":"personal-trainer","status":"publish","type":"page","link":"http:\/\/www.centro-cee.com\/fitness\/personal-trainer\/","title":{"rendered":"PERSONAL TRAINER"},"content":{"rendered":"<h3 style=\"text-align: center;\">\u00bfEst\u00e1s listo para convertir tu pasi\u00f3n por el fitness en una carrera emocionante y lucrativa?<\/h3>\n<h3 style=\"text-align: center;\">\u00a1Entonces est\u00e1s en el lugar correcto!<\/h3>\n<h4>\u00a1Destaca tu carrera profesional con nuestra especialidad en entrenamiento personal en la Escuela Fitness CEE!<\/h4>\n<h4>En un mundo cada vez m\u00e1s consciente de la importancia del bienestar y la actividad f\u00edsica, convertirse en un entrenador personal es una elecci\u00f3n de carrera emocionante y gratificante. En nuestra escuela, nos enorgullece ofrecer una formaci\u00f3n de alta calidad que prepara a nuestros estudiantes para sobresalir en esta apasionante profesi\u00f3n.<\/h4>\n\n\n<div class=\"wp-block-columns are-vertically-aligned-center is-layout-flex wp-container-core-columns-is-layout-9d6595d7 wp-block-columns-is-layout-flex\">\n<div class=\"wp-block-column is-vertically-aligned-center is-layout-flow wp-block-column-is-layout-flow\" style=\"flex-basis:25%\"><\/div>\n\n\n\n<div class=\"wp-block-column is-vertically-aligned-center is-layout-flow wp-block-column-is-layout-flow\" style=\"flex-basis:50%\">\n<h4><strong>Curr\u00edculo Integral<\/strong>: Nuestro programa de especialidad en entrenamiento personal est\u00e1 dise\u00f1ado para proporcionar a los estudiantes una base s\u00f3lida en ANATOM\u00cdA, FISIOLOG\u00cdA, NUTRICI\u00d3N, PSICOLOG\u00cdA DEL DEPORTE y METODOLOG\u00cdAS DE ENTRENAMIENTO. Desde los fundamentos hasta las t\u00e9cnicas avanzadas, nuestros cursos est\u00e1n dise\u00f1ados para equipar a los estudiantes con el conocimiento y las habilidades necesarias para destacar en su carrera como entrenador personal.<\/h4>\n<\/div>\n\n\n\n<div class=\"wp-block-column is-vertically-aligned-center is-layout-flow wp-block-column-is-layout-flow\" style=\"flex-basis:25%\"><\/div>\n<\/div>\n\n\n\n<div class=\"wp-block-buttons is-content-justification-center is-layout-flex wp-container-core-buttons-is-layout-16018d1d wp-block-buttons-is-layout-flex\">\n<div class=\"wp-block-button is-style-fill\"><a class=\"wp-block-button__link has-text-align-center wp-element-button\" href=\"https:\/\/www.centro-cee.com\/fitness\/categoria-producto\/training\/\">ACCESO A LA TIENDA<\/a><\/div>\n<\/div>\n","protected":false},"excerpt":{"rendered":"<p>\u00bfEst\u00e1s listo para convertir tu pasi\u00f3n por el fitness en una carrera emocionante y lucrativa? \u00a1Entonces est\u00e1s en el lugar correcto! \u00a1Destaca tu carrera profesional con nuestra especialidad en entrenamiento personal en la Escuela Fitness CEE! En un mundo cada vez m\u00e1s consciente de la importancia del bienestar y la actividad f\u00edsica, convertirse en un [&hellip;]<\/p>\n","protected":false},"author":1,"featured_media":0,"parent":0,"menu_order":0,"comment_status":"closed","ping_status":"closed","template":"","meta":{"footnotes":""},"class_list":["post-88","page","type-page","status-publish","hentry"],"yoast_head":"<!-- This site is optimized with the Yoast SEO plugin v27.3 - https:\/\/yoast.com\/product\/yoast-seo-wordpress\/ -->\n<title>PERSONAL TRAINER - Fitness CEE<\/title>\n<meta name=\"robots\" content=\"index, follow, max-snippet:-1, max-image-preview:large, max-video-preview:-1\" \/>\n<link rel=\"canonical\" href=\"http:\/\/www.centro-cee.com\/fitness\/personal-trainer\/\" \/>\n<meta property=\"og:locale\" content=\"es_ES\" \/>\n<meta property=\"og:type\" content=\"article\" \/>\n<meta property=\"og:title\" content=\"PERSONAL TRAINER - Fitness CEE\" \/>\n<meta property=\"og:description\" content=\"\u00bfEst\u00e1s listo para convertir tu pasi\u00f3n por el fitness en una carrera emocionante y lucrativa? \u00a1Entonces est\u00e1s en el lugar correcto! \u00a1Destaca tu carrera profesional con nuestra especialidad en entrenamiento personal en la Escuela Fitness CEE! En un mundo cada vez m\u00e1s consciente de la importancia del bienestar y la actividad f\u00edsica, convertirse en un [&hellip;]\" \/>\n<meta property=\"og:url\" content=\"http:\/\/www.centro-cee.com\/fitness\/personal-trainer\/\" \/>\n<meta property=\"og:site_name\" content=\"Fitness CEE\" \/>\n<meta property=\"article:modified_time\" content=\"2024-03-26T20:44:00+00:00\" \/>\n<meta name=\"twitter:card\" content=\"summary_large_image\" \/>\n<meta name=\"twitter:label1\" content=\"Tiempo de lectura\" \/>\n\t<meta name=\"twitter:data1\" content=\"1 minuto\" \/>\n<script type=\"application\/ld+json\" class=\"yoast-schema-graph\">{\"@context\":\"https:\\\/\\\/schema.org\",\"@graph\":[{\"@type\":\"WebPage\",\"@id\":\"http:\\\/\\\/www.centro-cee.com\\\/fitness\\\/personal-trainer\\\/\",\"url\":\"http:\\\/\\\/www.centro-cee.com\\\/fitness\\\/personal-trainer\\\/\",\"name\":\"PERSONAL TRAINER - Fitness CEE\",\"isPartOf\":{\"@id\":\"https:\\\/\\\/www.centro-cee.com\\\/fitness\\\/#website\"},\"datePublished\":\"2024-03-25T15:33:00+00:00\",\"dateModified\":\"2024-03-26T20:44:00+00:00\",\"breadcrumb\":{\"@id\":\"http:\\\/\\\/www.centro-cee.com\\\/fitness\\\/personal-trainer\\\/#breadcrumb\"},\"inLanguage\":\"es\",\"potentialAction\":[{\"@type\":\"ReadAction\",\"target\":[\"http:\\\/\\\/www.centro-cee.com\\\/fitness\\\/personal-trainer\\\/\"]}]},{\"@type\":\"BreadcrumbList\",\"@id\":\"http:\\\/\\\/www.centro-cee.com\\\/fitness\\\/personal-trainer\\\/#breadcrumb\",\"itemListElement\":[{\"@type\":\"ListItem\",\"position\":1,\"name\":\"Portada\",\"item\":\"https:\\\/\\\/www.centro-cee.com\\\/fitness\\\/\"},{\"@type\":\"ListItem\",\"position\":2,\"name\":\"PERSONAL TRAINER\"}]},{\"@type\":\"WebSite\",\"@id\":\"https:\\\/\\\/www.centro-cee.com\\\/fitness\\\/#website\",\"url\":\"https:\\\/\\\/www.centro-cee.com\\\/fitness\\\/\",\"name\":\"Fitness CEE\",\"description\":\"\",\"publisher\":{\"@id\":\"https:\\\/\\\/www.centro-cee.com\\\/fitness\\\/#organization\"},\"potentialAction\":[{\"@type\":\"SearchAction\",\"target\":{\"@type\":\"EntryPoint\",\"urlTemplate\":\"https:\\\/\\\/www.centro-cee.com\\\/fitness\\\/?s={search_term_string}\"},\"query-input\":{\"@type\":\"PropertyValueSpecification\",\"valueRequired\":true,\"valueName\":\"search_term_string\"}}],\"inLanguage\":\"es\"},{\"@type\":\"Organization\",\"@id\":\"https:\\\/\\\/www.centro-cee.com\\\/fitness\\\/#organization\",\"name\":\"Fitness CEE\",\"url\":\"https:\\\/\\\/www.centro-cee.com\\\/fitness\\\/\",\"logo\":{\"@type\":\"ImageObject\",\"inLanguage\":\"es\",\"@id\":\"https:\\\/\\\/www.centro-cee.com\\\/fitness\\\/#\\\/schema\\\/logo\\\/image\\\/\",\"url\":\"http:\\\/\\\/www.centro-cee.com\\\/fitness\\\/wp-content\\\/uploads\\\/2024\\\/03\\\/l1.png\",\"contentUrl\":\"http:\\\/\\\/www.centro-cee.com\\\/fitness\\\/wp-content\\\/uploads\\\/2024\\\/03\\\/l1.png\",\"width\":786,\"height\":614,\"caption\":\"Fitness CEE\"},\"image\":{\"@id\":\"https:\\\/\\\/www.centro-cee.com\\\/fitness\\\/#\\\/schema\\\/logo\\\/image\\\/\"}}]}<\/script>\n<!-- \/ Yoast SEO plugin. -->","yoast_head_json":{"title":"PERSONAL TRAINER - Fitness CEE","robots":{"index":"index","follow":"follow","max-snippet":"max-snippet:-1","max-image-preview":"max-image-preview:large","max-video-preview":"max-video-preview:-1"},"canonical":"http:\/\/www.centro-cee.com\/fitness\/personal-trainer\/","og_locale":"es_ES","og_type":"article","og_title":"PERSONAL TRAINER - Fitness CEE","og_description":"\u00bfEst\u00e1s listo para convertir tu pasi\u00f3n por el fitness en una carrera emocionante y lucrativa? \u00a1Entonces est\u00e1s en el lugar correcto! \u00a1Destaca tu carrera profesional con nuestra especialidad en entrenamiento personal en la Escuela Fitness CEE! En un mundo cada vez m\u00e1s consciente de la importancia del bienestar y la actividad f\u00edsica, convertirse en un [&hellip;]","og_url":"http:\/\/www.centro-cee.com\/fitness\/personal-trainer\/","og_site_name":"Fitness CEE","article_modified_time":"2024-03-26T20:44:00+00:00","twitter_card":"summary_large_image","twitter_misc":{"Tiempo de lectura":"1 minuto"},"schema":{"@context":"https:\/\/schema.org","@graph":[{"@type":"WebPage","@id":"http:\/\/www.centro-cee.com\/fitness\/personal-trainer\/","url":"http:\/\/www.centro-cee.com\/fitness\/personal-trainer\/","name":"PERSONAL TRAINER - Fitness CEE","isPartOf":{"@id":"https:\/\/www.centro-cee.com\/fitness\/#website"},"datePublished":"2024-03-25T15:33:00+00:00","dateModified":"2024-03-26T20:44:00+00:00","breadcrumb":{"@id":"http:\/\/www.centro-cee.com\/fitness\/personal-trainer\/#breadcrumb"},"inLanguage":"es","potentialAction":[{"@type":"ReadAction","target":["http:\/\/www.centro-cee.com\/fitness\/personal-trainer\/"]}]},{"@type":"BreadcrumbList","@id":"http:\/\/www.centro-cee.com\/fitness\/personal-trainer\/#breadcrumb","itemListElement":[{"@type":"ListItem","position":1,"name":"Portada","item":"https:\/\/www.centro-cee.com\/fitness\/"},{"@type":"ListItem","position":2,"name":"PERSONAL TRAINER"}]},{"@type":"WebSite","@id":"https:\/\/www.centro-cee.com\/fitness\/#website","url":"https:\/\/www.centro-cee.com\/fitness\/","name":"Fitness CEE","description":"","publisher":{"@id":"https:\/\/www.centro-cee.com\/fitness\/#organization"},"potentialAction":[{"@type":"SearchAction","target":{"@type":"EntryPoint","urlTemplate":"https:\/\/www.centro-cee.com\/fitness\/?s={search_term_string}"},"query-input":{"@type":"PropertyValueSpecification","valueRequired":true,"valueName":"search_term_string"}}],"inLanguage":"es"},{"@type":"Organization","@id":"https:\/\/www.centro-cee.com\/fitness\/#organization","name":"Fitness CEE","url":"https:\/\/www.centro-cee.com\/fitness\/","logo":{"@type":"ImageObject","inLanguage":"es","@id":"https:\/\/www.centro-cee.com\/fitness\/#\/schema\/logo\/image\/","url":"http:\/\/www.centro-cee.com\/fitness\/wp-content\/uploads\/2024\/03\/l1.png","contentUrl":"http:\/\/www.centro-cee.com\/fitness\/wp-content\/uploads\/2024\/03\/l1.png","width":786,"height":614,"caption":"Fitness CEE"},"image":{"@id":"https:\/\/www.centro-cee.com\/fitness\/#\/schema\/logo\/image\/"}}]}},"jetpack_sharing_enabled":true,"_links":{"self":[{"href":"http:\/\/www.centro-cee.com\/fitness\/wp-json\/wp\/v2\/pages\/88","targetHints":{"allow":["GET"]}}],"collection":[{"href":"http:\/\/www.centro-cee.com\/fitness\/wp-json\/wp\/v2\/pages"}],"about":[{"href":"http:\/\/www.centro-cee.com\/fitness\/wp-json\/wp\/v2\/types\/page"}],"author":[{"embeddable":true,"href":"http:\/\/www.centro-cee.com\/fitness\/wp-json\/wp\/v2\/users\/1"}],"replies":[{"embeddable":true,"href":"http:\/\/www.centro-cee.com\/fitness\/wp-json\/wp\/v2\/comments?post=88"}],"version-history":[{"count":29,"href":"http:\/\/www.centro-cee.com\/fitness\/wp-json\/wp\/v2\/pages\/88\/revisions"}],"predecessor-version":[{"id":325,"href":"http:\/\/www.centro-cee.com\/fitness\/wp-json\/wp\/v2\/pages\/88\/revisions\/325"}],"wp:attachment":[{"href":"http:\/\/www.centro-cee.com\/fitness\/wp-json\/wp\/v2\/media?parent=88"}],"curies":[{"name":"wp","href":"https:\/\/api.w.org\/{rel}","templated":true}]}}