{"id":226,"date":"2024-03-26T13:30:13","date_gmt":"2024-03-26T12:30:13","guid":{"rendered":"http:\/\/www.centro-cee.com\/fitness\/?page_id=226"},"modified":"2024-03-26T21:42:04","modified_gmt":"2024-03-26T20:42:04","slug":"musculacion","status":"publish","type":"page","link":"http:\/\/www.centro-cee.com\/fitness\/musculacion\/","title":{"rendered":"MUSCULACI\u00d3N"},"content":{"rendered":"\n<h4 class=\"wp-block-heading has-text-align-center\"><strong>\u00bfListo para dar el primer paso hacia un cuerpo m\u00e1s fuerte, definido y poderoso? \u00a1\u00danete a nosotros en la Escuela Fitness CEE y comienza tu viaje hacia la excelencia en la musculaci\u00f3n hoy mismo!<\/strong><\/h4>\n\n\n<h4>\u00a1Bienvenido al emocionante mundo de las formaciones relacionadas con la musculaci\u00f3n!<\/h4>\n<h4>Si quieres llevar tus entrenamientos al siguiente nivel y convertirte en un experto en el arte del <strong>fisicoculturismo<\/strong> y la musculaci\u00f3n, \u00a1has llegado al lugar adecuado!<\/h4>\n<h4>Te ofrecemos una amplia gama de cursos dise\u00f1ados para fortalecer y esculpir tu cuerpo de la manera m\u00e1s eficiente y efectiva posible. Desde el desafiante <strong>TRX<\/strong> hasta el explosivo <strong>Fit-Box<\/strong>, pasando por el intenso <strong>Body Training<\/strong>, Aerobic y el emocionante <strong>Ciclo Indoor<\/strong>, tenemos todo lo que necesitas para alcanzar tus metas de fitness y musculaci\u00f3n.<\/h4>\n\n\n<div class=\"wp-block-columns is-layout-flex wp-container-core-columns-is-layout-9d6595d7 wp-block-columns-is-layout-flex\">\n<div class=\"wp-block-column is-layout-flow wp-block-column-is-layout-flow\" style=\"flex-basis:25%\"><\/div>\n\n\n\n<div class=\"wp-block-column is-layout-flow wp-block-column-is-layout-flow\" style=\"flex-basis:50%\">\n<h4>Adem\u00e1s de adquirir conocimientos y habilidades, nuestras formaciones te brindar\u00e1n la oportunidad de desarrollarte personalmente, cultivando disciplina, determinaci\u00f3n y autoconfianza, cualidades esenciales tanto en el gimnasio como en la vida cotidiana.<\/h4>\n<\/div>\n\n\n\n<div class=\"wp-block-column is-layout-flow wp-block-column-is-layout-flow\" style=\"flex-basis:25%\"><\/div>\n<\/div>\n\n\n\n<div class=\"wp-block-buttons is-content-justification-center is-layout-flex wp-container-core-buttons-is-layout-16018d1d wp-block-buttons-is-layout-flex\">\n<div class=\"wp-block-button\"><a class=\"wp-block-button__link wp-element-button\" href=\"https:\/\/www.centro-cee.com\/fitness\/categoria-producto\/musculacion\/\">ACCESO A LA TIENDA<\/a><\/div>\n<\/div>\n","protected":false},"excerpt":{"rendered":"<p>\u00bfListo para dar el primer paso hacia un cuerpo m\u00e1s fuerte, definido y poderoso? \u00a1\u00danete a nosotros en la Escuela Fitness CEE y comienza tu viaje hacia la excelencia en la musculaci\u00f3n hoy mismo! \u00a1Bienvenido al emocionante mundo de las formaciones relacionadas con la musculaci\u00f3n! Si quieres llevar tus entrenamientos al siguiente nivel y convertirte [&hellip;]<\/p>\n","protected":false},"author":1,"featured_media":0,"parent":0,"menu_order":0,"comment_status":"closed","ping_status":"closed","template":"","meta":{"footnotes":""},"class_list":["post-226","page","type-page","status-publish","hentry"],"yoast_head":"<!-- This site is optimized with the Yoast SEO plugin v27.3 - https:\/\/yoast.com\/product\/yoast-seo-wordpress\/ -->\n<title>MUSCULACI\u00d3N - Fitness CEE<\/title>\n<meta name=\"robots\" content=\"index, follow, max-snippet:-1, max-image-preview:large, max-video-preview:-1\" \/>\n<link rel=\"canonical\" href=\"http:\/\/www.centro-cee.com\/fitness\/musculacion\/\" \/>\n<meta property=\"og:locale\" content=\"es_ES\" \/>\n<meta property=\"og:type\" content=\"article\" \/>\n<meta property=\"og:title\" content=\"MUSCULACI\u00d3N - Fitness CEE\" \/>\n<meta property=\"og:description\" content=\"\u00bfListo para dar el primer paso hacia un cuerpo m\u00e1s fuerte, definido y poderoso? \u00a1\u00danete a nosotros en la Escuela Fitness CEE y comienza tu viaje hacia la excelencia en la musculaci\u00f3n hoy mismo! \u00a1Bienvenido al emocionante mundo de las formaciones relacionadas con la musculaci\u00f3n! Si quieres llevar tus entrenamientos al siguiente nivel y convertirte [&hellip;]\" \/>\n<meta property=\"og:url\" content=\"http:\/\/www.centro-cee.com\/fitness\/musculacion\/\" \/>\n<meta property=\"og:site_name\" content=\"Fitness CEE\" \/>\n<meta property=\"article:modified_time\" content=\"2024-03-26T20:42:04+00:00\" \/>\n<meta name=\"twitter:card\" content=\"summary_large_image\" \/>\n<meta name=\"twitter:label1\" content=\"Tiempo de lectura\" \/>\n\t<meta name=\"twitter:data1\" content=\"1 minuto\" \/>\n<script type=\"application\/ld+json\" class=\"yoast-schema-graph\">{\"@context\":\"https:\\\/\\\/schema.org\",\"@graph\":[{\"@type\":\"WebPage\",\"@id\":\"http:\\\/\\\/www.centro-cee.com\\\/fitness\\\/musculacion\\\/\",\"url\":\"http:\\\/\\\/www.centro-cee.com\\\/fitness\\\/musculacion\\\/\",\"name\":\"MUSCULACI\u00d3N - Fitness CEE\",\"isPartOf\":{\"@id\":\"https:\\\/\\\/www.centro-cee.com\\\/fitness\\\/#website\"},\"datePublished\":\"2024-03-26T12:30:13+00:00\",\"dateModified\":\"2024-03-26T20:42:04+00:00\",\"breadcrumb\":{\"@id\":\"http:\\\/\\\/www.centro-cee.com\\\/fitness\\\/musculacion\\\/#breadcrumb\"},\"inLanguage\":\"es\",\"potentialAction\":[{\"@type\":\"ReadAction\",\"target\":[\"http:\\\/\\\/www.centro-cee.com\\\/fitness\\\/musculacion\\\/\"]}]},{\"@type\":\"BreadcrumbList\",\"@id\":\"http:\\\/\\\/www.centro-cee.com\\\/fitness\\\/musculacion\\\/#breadcrumb\",\"itemListElement\":[{\"@type\":\"ListItem\",\"position\":1,\"name\":\"Portada\",\"item\":\"https:\\\/\\\/www.centro-cee.com\\\/fitness\\\/\"},{\"@type\":\"ListItem\",\"position\":2,\"name\":\"MUSCULACI\u00d3N\"}]},{\"@type\":\"WebSite\",\"@id\":\"https:\\\/\\\/www.centro-cee.com\\\/fitness\\\/#website\",\"url\":\"https:\\\/\\\/www.centro-cee.com\\\/fitness\\\/\",\"name\":\"Fitness CEE\",\"description\":\"\",\"publisher\":{\"@id\":\"https:\\\/\\\/www.centro-cee.com\\\/fitness\\\/#organization\"},\"potentialAction\":[{\"@type\":\"SearchAction\",\"target\":{\"@type\":\"EntryPoint\",\"urlTemplate\":\"https:\\\/\\\/www.centro-cee.com\\\/fitness\\\/?s={search_term_string}\"},\"query-input\":{\"@type\":\"PropertyValueSpecification\",\"valueRequired\":true,\"valueName\":\"search_term_string\"}}],\"inLanguage\":\"es\"},{\"@type\":\"Organization\",\"@id\":\"https:\\\/\\\/www.centro-cee.com\\\/fitness\\\/#organization\",\"name\":\"Fitness CEE\",\"url\":\"https:\\\/\\\/www.centro-cee.com\\\/fitness\\\/\",\"logo\":{\"@type\":\"ImageObject\",\"inLanguage\":\"es\",\"@id\":\"https:\\\/\\\/www.centro-cee.com\\\/fitness\\\/#\\\/schema\\\/logo\\\/image\\\/\",\"url\":\"http:\\\/\\\/www.centro-cee.com\\\/fitness\\\/wp-content\\\/uploads\\\/2024\\\/03\\\/l1.png\",\"contentUrl\":\"http:\\\/\\\/www.centro-cee.com\\\/fitness\\\/wp-content\\\/uploads\\\/2024\\\/03\\\/l1.png\",\"width\":786,\"height\":614,\"caption\":\"Fitness CEE\"},\"image\":{\"@id\":\"https:\\\/\\\/www.centro-cee.com\\\/fitness\\\/#\\\/schema\\\/logo\\\/image\\\/\"}}]}<\/script>\n<!-- \/ Yoast SEO plugin. -->","yoast_head_json":{"title":"MUSCULACI\u00d3N - Fitness CEE","robots":{"index":"index","follow":"follow","max-snippet":"max-snippet:-1","max-image-preview":"max-image-preview:large","max-video-preview":"max-video-preview:-1"},"canonical":"http:\/\/www.centro-cee.com\/fitness\/musculacion\/","og_locale":"es_ES","og_type":"article","og_title":"MUSCULACI\u00d3N - Fitness CEE","og_description":"\u00bfListo para dar el primer paso hacia un cuerpo m\u00e1s fuerte, definido y poderoso? \u00a1\u00danete a nosotros en la Escuela Fitness CEE y comienza tu viaje hacia la excelencia en la musculaci\u00f3n hoy mismo! \u00a1Bienvenido al emocionante mundo de las formaciones relacionadas con la musculaci\u00f3n! Si quieres llevar tus entrenamientos al siguiente nivel y convertirte [&hellip;]","og_url":"http:\/\/www.centro-cee.com\/fitness\/musculacion\/","og_site_name":"Fitness CEE","article_modified_time":"2024-03-26T20:42:04+00:00","twitter_card":"summary_large_image","twitter_misc":{"Tiempo de lectura":"1 minuto"},"schema":{"@context":"https:\/\/schema.org","@graph":[{"@type":"WebPage","@id":"http:\/\/www.centro-cee.com\/fitness\/musculacion\/","url":"http:\/\/www.centro-cee.com\/fitness\/musculacion\/","name":"MUSCULACI\u00d3N - Fitness CEE","isPartOf":{"@id":"https:\/\/www.centro-cee.com\/fitness\/#website"},"datePublished":"2024-03-26T12:30:13+00:00","dateModified":"2024-03-26T20:42:04+00:00","breadcrumb":{"@id":"http:\/\/www.centro-cee.com\/fitness\/musculacion\/#breadcrumb"},"inLanguage":"es","potentialAction":[{"@type":"ReadAction","target":["http:\/\/www.centro-cee.com\/fitness\/musculacion\/"]}]},{"@type":"BreadcrumbList","@id":"http:\/\/www.centro-cee.com\/fitness\/musculacion\/#breadcrumb","itemListElement":[{"@type":"ListItem","position":1,"name":"Portada","item":"https:\/\/www.centro-cee.com\/fitness\/"},{"@type":"ListItem","position":2,"name":"MUSCULACI\u00d3N"}]},{"@type":"WebSite","@id":"https:\/\/www.centro-cee.com\/fitness\/#website","url":"https:\/\/www.centro-cee.com\/fitness\/","name":"Fitness CEE","description":"","publisher":{"@id":"https:\/\/www.centro-cee.com\/fitness\/#organization"},"potentialAction":[{"@type":"SearchAction","target":{"@type":"EntryPoint","urlTemplate":"https:\/\/www.centro-cee.com\/fitness\/?s={search_term_string}"},"query-input":{"@type":"PropertyValueSpecification","valueRequired":true,"valueName":"search_term_string"}}],"inLanguage":"es"},{"@type":"Organization","@id":"https:\/\/www.centro-cee.com\/fitness\/#organization","name":"Fitness CEE","url":"https:\/\/www.centro-cee.com\/fitness\/","logo":{"@type":"ImageObject","inLanguage":"es","@id":"https:\/\/www.centro-cee.com\/fitness\/#\/schema\/logo\/image\/","url":"http:\/\/www.centro-cee.com\/fitness\/wp-content\/uploads\/2024\/03\/l1.png","contentUrl":"http:\/\/www.centro-cee.com\/fitness\/wp-content\/uploads\/2024\/03\/l1.png","width":786,"height":614,"caption":"Fitness CEE"},"image":{"@id":"https:\/\/www.centro-cee.com\/fitness\/#\/schema\/logo\/image\/"}}]}},"jetpack_sharing_enabled":true,"_links":{"self":[{"href":"http:\/\/www.centro-cee.com\/fitness\/wp-json\/wp\/v2\/pages\/226","targetHints":{"allow":["GET"]}}],"collection":[{"href":"http:\/\/www.centro-cee.com\/fitness\/wp-json\/wp\/v2\/pages"}],"about":[{"href":"http:\/\/www.centro-cee.com\/fitness\/wp-json\/wp\/v2\/types\/page"}],"author":[{"embeddable":true,"href":"http:\/\/www.centro-cee.com\/fitness\/wp-json\/wp\/v2\/users\/1"}],"replies":[{"embeddable":true,"href":"http:\/\/www.centro-cee.com\/fitness\/wp-json\/wp\/v2\/comments?post=226"}],"version-history":[{"count":10,"href":"http:\/\/www.centro-cee.com\/fitness\/wp-json\/wp\/v2\/pages\/226\/revisions"}],"predecessor-version":[{"id":324,"href":"http:\/\/www.centro-cee.com\/fitness\/wp-json\/wp\/v2\/pages\/226\/revisions\/324"}],"wp:attachment":[{"href":"http:\/\/www.centro-cee.com\/fitness\/wp-json\/wp\/v2\/media?parent=226"}],"curies":[{"name":"wp","href":"https:\/\/api.w.org\/{rel}","templated":true}]}}