{"id":12,"date":"2024-03-30T21:23:38","date_gmt":"2024-03-30T20:23:38","guid":{"rendered":"http:\/\/www.centro-cee.com\/fitness\/?page_id=12"},"modified":"2024-03-30T21:23:40","modified_gmt":"2024-03-30T20:23:40","slug":"reembolso_devoluciones","status":"publish","type":"page","link":"http:\/\/www.centro-cee.com\/fitness\/reembolso_devoluciones\/","title":{"rendered":"Condiciones"},"content":{"rendered":"\n<p>Las presentes condiciones de compra, junto al formulario web de pedido que se env\u00eda al aceptarlas, suponen el contrato entre Centro Europeo E-learning y cualquier usuario que realice una compra o matriculaci\u00f3n en acciones formativas (en adelante, el Cliente) a trav\u00e9s de www.centro-cee.com\/fitness (en adelante, Web).<\/p>\n\n\n\n<p>1- Identificaci\u00f3n de las partes<\/p>\n\n\n\n<p>En cumplimiento del art\u00edculo 10 de la Ley 34\/2002, de 11 de julio, de Servicios de la Sociedad de la Informaci\u00f3n y Comercio Electr\u00f3nico, Centro Europeo E-learning es parte contratante como titular del Web.<\/p>\n\n\n\n<p>El Cliente queda identificado a trav\u00e9s de los datos facilitados en el formulario de pedido o matriculaci\u00f3n, siendo responsable de la veracidad, actualizaci\u00f3n y exactitud de los mismos. El Cliente manifiesta ser mayor de 18 a\u00f1os de edad, tener capacidad legal para celebrar contratos, y actuar en nombre propio como persona f\u00edsica o en representaci\u00f3n de una persona jur\u00eddica. En este segundo caso, el Cliente declara expresamente contar con poder suficiente para dicha representaci\u00f3n. Centro Europeo E-learning podr\u00e1 no atender las solicitudes de pedido o cancelar las cuentas de cliente cuando los datos proporcionados fueran inexactos, falsos o incompletos.<\/p>\n\n\n\n<ol class=\"wp-block-list\" start=\"2\">\n<li>Objeto<\/li>\n<\/ol>\n\n\n\n<p>El presente contrato regula los t\u00e9rminos y condiciones aplicables a la contrataci\u00f3n por parte del Cliente de los servicios formativos del Centro mediante su matriculaci\u00f3n en la acci\u00f3n formativa seleccionada por el Cliente de entre las ofertadas en el Sitio Web. Estas condiciones est\u00e1n formuladas de acuerdo al Real Decreto Legislativo 1\/2007, de 16 de noviembre, por el que se aprueba el texto refundido de la Ley General para la Defensa de los Consumidores y Usuarios, la Ley 7\/1996, de 15 de enero, de Ordenaci\u00f3n del Comercio Minorista, y Ley 34\/2002, de 11 de julio, de servicios de la sociedad de la informaci\u00f3n y de comercio electr\u00f3nico.<\/p>\n\n\n\n<ol class=\"wp-block-list\" start=\"3\">\n<li>Descripci\u00f3n de los productos y servicios<\/li>\n<\/ol>\n\n\n\n<p>El Web ofrece acciones formativas (cursos) en modalidad online. Los materiales did\u00e1cticos estar\u00e1n disponibles en formato digital a trav\u00e9s de una plataforma online a trav\u00e9s de la cual el Alumno podr\u00e1 realizar el estudio, avanzar en el curso y presentar las pruebas de evaluaci\u00f3n.<\/p>\n\n\n\n<p>El Alumno contar\u00e1 con un servicio de tutor\u00edas prestado por docentes y personal t\u00e9cnico de Centro Europeo E-learning para resolver dudas, orientar en el estudio, corregir ejercicios y pruebas, y proporcionar material de estudio complementario, durante el per\u00edodo de realizaci\u00f3n de la acci\u00f3n formativa. Las formas de comunicaci\u00f3n con profesores y tutores ser\u00e1n el tel\u00e9fono, correo electr\u00f3nico y los canales dise\u00f1ados al efecto en la plataforma online. Si una acci\u00f3n formativa no incluye el servicio de tutor\u00edas anteriormente descrito se indicar\u00e1 expresamente lo contrario en la ficha con la informaci\u00f3n de ese curso del Sitio Web.<\/p>\n\n\n\n<p>A la finalizaci\u00f3n de la acci\u00f3n formativa, y si se superan las pruebas de evaluaci\u00f3n establecidas, el Alumno obtendr\u00e1 un t\u00edtulo expedido por Centro Europeo E-learning.<\/p>\n\n\n\n<ol class=\"wp-block-list\" start=\"4\">\n<li>Proceso de compra<\/li>\n<\/ol>\n\n\n\n<p>La contrataci\u00f3n de una acci\u00f3n formativa se realiza mediante los siguientes pasos:<\/p>\n\n\n\n<p>1.Cualquier usuario puede acceder a la informaci\u00f3n y precios de cada acci\u00f3n formativa ofrecida en el Sitio Web sin necesidad de registro o facilitar sus datos. En todo caso ser\u00e1 aplicable lo dispuesto en el Aviso Legal del Sitio Web.<\/p>\n\n\n\n<ol class=\"wp-block-list\" start=\"2\">\n<li>Antes de realizar una compra o pedido, el usuario puede preguntar cualquier duda al respecto de manera gratuita el formulario de informaci\u00f3n, contactando por tel\u00e9fono o email indicados en la secci\u00f3n \u201cContacte con nosotros\u201d del Web, aceptando previamente nuestra Pol\u00edtica de Privacidad.<\/li>\n\n\n\n<li>El Cliente debe cumplimentar el formulario con los datos marcados como obligatorios. Se ha de seleccionar la forma de pago e introducir los datos para el mismo seg\u00fan la forma elegida. Para m\u00e1s informaci\u00f3n, consultar el apartado \u201cFormas de Pago\u201d de las presentes condiciones.<\/li>\n\n\n\n<li>Una vez matriculado el alumno y efectuado el pago en el plazo de 48 horas este recibir\u00e1 los c\u00f3digos de acceso a la plataforma de formaci\u00f3n.<\/li>\n<\/ol>\n\n\n\n<p>Durante todo el proceso de compra el Cliente podr\u00e1 resolver cualquier duda a trav\u00e9s de los datos de contacto que figuran en nuestra Web. El uso de estos canales para la tramitaci\u00f3n del pedido no supondr\u00e1 ning\u00fan coste adicional para el Cliente.<\/p>\n\n\n\n<p>5.Desistimiento<\/p>\n\n\n\n<p>De acuerdo al art\u00edculo 102 Real Decreto Legislativo 1\/2007, de 16 de noviembre, por el que se aprueba el texto refundido de la Ley General para la Defensa de los Consumidores y Usuarios, el Cliente podr\u00e1 ejercer su DERECHO DE DESISTIMIENTO en un plazo de 14 d\u00edas naturales desde la fecha de formalizaci\u00f3n de la matricula. El ejercicio del derecho de desistimiento no estar\u00e1 sujeto a formalidad alguna, siendo suficiente que el Cliente comunique al Centro su voluntad dentro del plazo se\u00f1alado anteriormente, pudiendo utilizar para ello el formulario de desistimiento disponible pinchando Aqu\u00ed , o bien procediendo a la devoluci\u00f3n de los materiales did\u00e1cticos recibidos indicando en el env\u00edo su declaraci\u00f3n inequ\u00edvoca de desistir e identificando n\u00famero de factura o datos personales utilizados en la matriculaci\u00f3n.<\/p>\n\n\n\n<p>Una vez ejercido el derecho de desistimiento por el Cliente, se proceder\u00e1 al reembolso de las cantidades pagadas por \u00e9ste en el plazo m\u00e1ximo de 14 d\u00edas naturales, cancel\u00e1ndose la matr\u00edcula y el acceso del Cliente al servicio de tutorizaci\u00f3n y de plataforma online de la acci\u00f3n formativa.<\/p>\n\n\n\n<p>Si el Cliente hubiera accedido al campus con sus claves o hubiera realizado de forma parcial o total la acci\u00f3n formativa,&nbsp; no ser\u00e1 aplicable tal derecho de conformidad al art. 103, a) del Real Decreto Legislativo 1\/2007, de 16 de noviembre, por el que se aprueba el texto refundido de la Ley General para la Defensa de los Consumidores y Usuarios.<\/p>\n\n\n\n<ol class=\"wp-block-list\" start=\"6\">\n<li>Formas de pago<\/li>\n<\/ol>\n\n\n\n<p>Tarjeta: Podr\u00e1 abonar el importe total de su compra pagando mediante su tarjeta Visa, 4B o MasterCard, utilizando la pasarela de pago.<\/p>\n\n\n\n<p>Paypal: Podr\u00e1 abonar el importe total de su compra pagando mediante su cuenta Paypal, utilizando la pasarela segura de pago de Paypal.<\/p>\n\n\n\n<p>Transferencia: Eligiendo esta opci\u00f3n de pago, el centro facilitara al cliente el n\u00famero de cuenta bancaria donde realizar el ingreso.<\/p>\n\n\n\n<p>Para otras formas de pago el Cliente deber\u00e1 ponerse en contacto con el Centro. El precio de cada acci\u00f3n formativa se muestra en la ficha individual accesible en el Sitio Web sin necesidad de facilitar datos, registro o matriculaci\u00f3n previa. Dicho precio incluye todos los impuestos aplicables, siendo la cantidad total a pagar por el Cliente. Cuando as\u00ed se ofrezca en cada acci\u00f3n formativa, el precio total podr\u00e1 ser objeto de fraccionamiento si el Cliente lo solicita al seleccionar el m\u00e9todo de pago, apareciendo una ventana con los plazos en los que se podr\u00eda fraccionar, dependiendo de la cantidad total y la forma de pago<\/p>\n\n\n\n<p>En caso de que el Cliente seleccione una forma de pago con fraccionamiento, no podr\u00e1 realizar las pruebas de evaluaci\u00f3n finales y\/o solicitar la correspondiente titulaci\u00f3n de la acci\u00f3n formativa hasta que no est\u00e9n satisfechas todos las plazos del precio total. Si el Cliente incumple alguno de los plazos de pago del fraccionamiento que hubiera seleccionado, y no lo subsana en un plazo m\u00e1ximo de 10 d\u00edas desde el vencimiento, el Centro podr\u00e1 bloquear su matr\u00edcula hasta que se produzcan los pagos pendientes, quedando el Cliente mientras tanto sin acceso al servicio de tutorizaci\u00f3n y evaluaciones.<\/p>\n","protected":false},"excerpt":{"rendered":"<p>Las presentes condiciones de compra, junto al formulario web de pedido que se env\u00eda al aceptarlas, suponen el contrato entre Centro Europeo E-learning y cualquier usuario que realice una compra o matriculaci\u00f3n en acciones formativas (en adelante, el Cliente) a trav\u00e9s de www.centro-cee.com\/fitness (en adelante, Web). 1- Identificaci\u00f3n de las partes En cumplimiento del art\u00edculo [&hellip;]<\/p>\n","protected":false},"author":1,"featured_media":0,"parent":0,"menu_order":0,"comment_status":"closed","ping_status":"closed","template":"","meta":{"footnotes":""},"class_list":["post-12","page","type-page","status-publish","hentry"],"yoast_head":"<!-- This site is optimized with the Yoast SEO plugin v27.3 - https:\/\/yoast.com\/product\/yoast-seo-wordpress\/ -->\n<title>Condiciones - Fitness CEE<\/title>\n<meta name=\"robots\" content=\"index, follow, max-snippet:-1, max-image-preview:large, max-video-preview:-1\" \/>\n<link rel=\"canonical\" href=\"http:\/\/www.centro-cee.com\/fitness\/reembolso_devoluciones\/\" \/>\n<meta property=\"og:locale\" content=\"es_ES\" \/>\n<meta property=\"og:type\" content=\"article\" \/>\n<meta property=\"og:title\" content=\"Condiciones - Fitness CEE\" \/>\n<meta property=\"og:description\" content=\"Las presentes condiciones de compra, junto al formulario web de pedido que se env\u00eda al aceptarlas, suponen el contrato entre Centro Europeo E-learning y cualquier usuario que realice una compra o matriculaci\u00f3n en acciones formativas (en adelante, el Cliente) a trav\u00e9s de www.centro-cee.com\/fitness (en adelante, Web). 1- Identificaci\u00f3n de las partes En cumplimiento del art\u00edculo [&hellip;]\" \/>\n<meta property=\"og:url\" content=\"http:\/\/www.centro-cee.com\/fitness\/reembolso_devoluciones\/\" \/>\n<meta property=\"og:site_name\" content=\"Fitness CEE\" \/>\n<meta property=\"article:modified_time\" content=\"2024-03-30T20:23:40+00:00\" \/>\n<meta name=\"twitter:card\" content=\"summary_large_image\" \/>\n<meta name=\"twitter:label1\" content=\"Tiempo de lectura\" \/>\n\t<meta name=\"twitter:data1\" content=\"6 minutos\" \/>\n<script type=\"application\/ld+json\" class=\"yoast-schema-graph\">{\"@context\":\"https:\\\/\\\/schema.org\",\"@graph\":[{\"@type\":\"WebPage\",\"@id\":\"http:\\\/\\\/www.centro-cee.com\\\/fitness\\\/reembolso_devoluciones\\\/\",\"url\":\"http:\\\/\\\/www.centro-cee.com\\\/fitness\\\/reembolso_devoluciones\\\/\",\"name\":\"Condiciones - Fitness CEE\",\"isPartOf\":{\"@id\":\"https:\\\/\\\/www.centro-cee.com\\\/fitness\\\/#website\"},\"datePublished\":\"2024-03-30T20:23:38+00:00\",\"dateModified\":\"2024-03-30T20:23:40+00:00\",\"breadcrumb\":{\"@id\":\"http:\\\/\\\/www.centro-cee.com\\\/fitness\\\/reembolso_devoluciones\\\/#breadcrumb\"},\"inLanguage\":\"es\",\"potentialAction\":[{\"@type\":\"ReadAction\",\"target\":[\"http:\\\/\\\/www.centro-cee.com\\\/fitness\\\/reembolso_devoluciones\\\/\"]}]},{\"@type\":\"BreadcrumbList\",\"@id\":\"http:\\\/\\\/www.centro-cee.com\\\/fitness\\\/reembolso_devoluciones\\\/#breadcrumb\",\"itemListElement\":[{\"@type\":\"ListItem\",\"position\":1,\"name\":\"Portada\",\"item\":\"https:\\\/\\\/www.centro-cee.com\\\/fitness\\\/\"},{\"@type\":\"ListItem\",\"position\":2,\"name\":\"Condiciones\"}]},{\"@type\":\"WebSite\",\"@id\":\"https:\\\/\\\/www.centro-cee.com\\\/fitness\\\/#website\",\"url\":\"https:\\\/\\\/www.centro-cee.com\\\/fitness\\\/\",\"name\":\"Fitness CEE\",\"description\":\"\",\"publisher\":{\"@id\":\"https:\\\/\\\/www.centro-cee.com\\\/fitness\\\/#organization\"},\"potentialAction\":[{\"@type\":\"SearchAction\",\"target\":{\"@type\":\"EntryPoint\",\"urlTemplate\":\"https:\\\/\\\/www.centro-cee.com\\\/fitness\\\/?s={search_term_string}\"},\"query-input\":{\"@type\":\"PropertyValueSpecification\",\"valueRequired\":true,\"valueName\":\"search_term_string\"}}],\"inLanguage\":\"es\"},{\"@type\":\"Organization\",\"@id\":\"https:\\\/\\\/www.centro-cee.com\\\/fitness\\\/#organization\",\"name\":\"Fitness CEE\",\"url\":\"https:\\\/\\\/www.centro-cee.com\\\/fitness\\\/\",\"logo\":{\"@type\":\"ImageObject\",\"inLanguage\":\"es\",\"@id\":\"https:\\\/\\\/www.centro-cee.com\\\/fitness\\\/#\\\/schema\\\/logo\\\/image\\\/\",\"url\":\"http:\\\/\\\/www.centro-cee.com\\\/fitness\\\/wp-content\\\/uploads\\\/2024\\\/03\\\/l1.png\",\"contentUrl\":\"http:\\\/\\\/www.centro-cee.com\\\/fitness\\\/wp-content\\\/uploads\\\/2024\\\/03\\\/l1.png\",\"width\":786,\"height\":614,\"caption\":\"Fitness CEE\"},\"image\":{\"@id\":\"https:\\\/\\\/www.centro-cee.com\\\/fitness\\\/#\\\/schema\\\/logo\\\/image\\\/\"}}]}<\/script>\n<!-- \/ Yoast SEO plugin. -->","yoast_head_json":{"title":"Condiciones - Fitness CEE","robots":{"index":"index","follow":"follow","max-snippet":"max-snippet:-1","max-image-preview":"max-image-preview:large","max-video-preview":"max-video-preview:-1"},"canonical":"http:\/\/www.centro-cee.com\/fitness\/reembolso_devoluciones\/","og_locale":"es_ES","og_type":"article","og_title":"Condiciones - Fitness CEE","og_description":"Las presentes condiciones de compra, junto al formulario web de pedido que se env\u00eda al aceptarlas, suponen el contrato entre Centro Europeo E-learning y cualquier usuario que realice una compra o matriculaci\u00f3n en acciones formativas (en adelante, el Cliente) a trav\u00e9s de www.centro-cee.com\/fitness (en adelante, Web). 1- Identificaci\u00f3n de las partes En cumplimiento del art\u00edculo [&hellip;]","og_url":"http:\/\/www.centro-cee.com\/fitness\/reembolso_devoluciones\/","og_site_name":"Fitness CEE","article_modified_time":"2024-03-30T20:23:40+00:00","twitter_card":"summary_large_image","twitter_misc":{"Tiempo de lectura":"6 minutos"},"schema":{"@context":"https:\/\/schema.org","@graph":[{"@type":"WebPage","@id":"http:\/\/www.centro-cee.com\/fitness\/reembolso_devoluciones\/","url":"http:\/\/www.centro-cee.com\/fitness\/reembolso_devoluciones\/","name":"Condiciones - Fitness CEE","isPartOf":{"@id":"https:\/\/www.centro-cee.com\/fitness\/#website"},"datePublished":"2024-03-30T20:23:38+00:00","dateModified":"2024-03-30T20:23:40+00:00","breadcrumb":{"@id":"http:\/\/www.centro-cee.com\/fitness\/reembolso_devoluciones\/#breadcrumb"},"inLanguage":"es","potentialAction":[{"@type":"ReadAction","target":["http:\/\/www.centro-cee.com\/fitness\/reembolso_devoluciones\/"]}]},{"@type":"BreadcrumbList","@id":"http:\/\/www.centro-cee.com\/fitness\/reembolso_devoluciones\/#breadcrumb","itemListElement":[{"@type":"ListItem","position":1,"name":"Portada","item":"https:\/\/www.centro-cee.com\/fitness\/"},{"@type":"ListItem","position":2,"name":"Condiciones"}]},{"@type":"WebSite","@id":"https:\/\/www.centro-cee.com\/fitness\/#website","url":"https:\/\/www.centro-cee.com\/fitness\/","name":"Fitness CEE","description":"","publisher":{"@id":"https:\/\/www.centro-cee.com\/fitness\/#organization"},"potentialAction":[{"@type":"SearchAction","target":{"@type":"EntryPoint","urlTemplate":"https:\/\/www.centro-cee.com\/fitness\/?s={search_term_string}"},"query-input":{"@type":"PropertyValueSpecification","valueRequired":true,"valueName":"search_term_string"}}],"inLanguage":"es"},{"@type":"Organization","@id":"https:\/\/www.centro-cee.com\/fitness\/#organization","name":"Fitness CEE","url":"https:\/\/www.centro-cee.com\/fitness\/","logo":{"@type":"ImageObject","inLanguage":"es","@id":"https:\/\/www.centro-cee.com\/fitness\/#\/schema\/logo\/image\/","url":"http:\/\/www.centro-cee.com\/fitness\/wp-content\/uploads\/2024\/03\/l1.png","contentUrl":"http:\/\/www.centro-cee.com\/fitness\/wp-content\/uploads\/2024\/03\/l1.png","width":786,"height":614,"caption":"Fitness CEE"},"image":{"@id":"https:\/\/www.centro-cee.com\/fitness\/#\/schema\/logo\/image\/"}}]}},"jetpack_sharing_enabled":true,"_links":{"self":[{"href":"http:\/\/www.centro-cee.com\/fitness\/wp-json\/wp\/v2\/pages\/12","targetHints":{"allow":["GET"]}}],"collection":[{"href":"http:\/\/www.centro-cee.com\/fitness\/wp-json\/wp\/v2\/pages"}],"about":[{"href":"http:\/\/www.centro-cee.com\/fitness\/wp-json\/wp\/v2\/types\/page"}],"author":[{"embeddable":true,"href":"http:\/\/www.centro-cee.com\/fitness\/wp-json\/wp\/v2\/users\/1"}],"replies":[{"embeddable":true,"href":"http:\/\/www.centro-cee.com\/fitness\/wp-json\/wp\/v2\/comments?post=12"}],"version-history":[{"count":1,"href":"http:\/\/www.centro-cee.com\/fitness\/wp-json\/wp\/v2\/pages\/12\/revisions"}],"predecessor-version":[{"id":460,"href":"http:\/\/www.centro-cee.com\/fitness\/wp-json\/wp\/v2\/pages\/12\/revisions\/460"}],"wp:attachment":[{"href":"http:\/\/www.centro-cee.com\/fitness\/wp-json\/wp\/v2\/media?parent=12"}],"curies":[{"name":"wp","href":"https:\/\/api.w.org\/{rel}","templated":true}]}}